{"id":1250,"date":"2017-06-20T17:41:23","date_gmt":"2017-06-20T15:41:23","guid":{"rendered":"http:\/\/acfija.com\/pernos-conectores\/"},"modified":"2017-08-08T17:43:13","modified_gmt":"2017-08-08T15:43:13","slug":"kopfbolzen","status":"publish","type":"page","link":"https:\/\/acfija.com\/de\/kopfbolzen\/","title":{"rendered":"Papierindustrie"},"content":{"rendered":"<p>[vc_row][vc_column width=&#8220;1\/6&#8243;][\/vc_column][vc_column width=&#8220;2\/3&#8243;][vc_column_text el_class=&#8220;tituloportada&#8220;]<\/p>\n<h2 style=\"text-align: center;\">Projekte f\u00fcr die Papierindustrie<\/h2>\n<p>[\/vc_column_text][\/vc_column][vc_column width=&#8220;1\/6&#8243;][\/vc_column][\/vc_row][vc_row][vc_column][vc_column_text]Um die Bed\u00fcrfnisse und Antr\u00e4ge aus dem Sektor der Papierindustrie sowie die Notwendigkeit kurzer Fristen f\u00fcr regelm\u00e4\u00dfige Wartungsarbeiten zu beachten, bieten wir folgende Produkte und Dienstleistungen:[\/vc_column_text]<div class=\"uavc-list-icon uavc-list-icon-wrapper ult-adjust-bottom-margin   \"><ul class=\"uavc-list\"><li><div class=\"uavc-list-content\" id=\"list-icon-wrap-6004\">\n<div class=\"uavc-list-icon  \" data-animation=\"\" data-animation-delay=\"03\" style=\"margin-right:10px;\"><div class=\"ult-just-icon-wrapper  \"><div class=\"align-icon\" style=\"text-align:center;\">\n<div class=\"aio-icon none \"  style=\"color:#463031;font-size:16px;display:inline-block;\">\n\t<i class=\"Defaults-stop\"><\/i>\n<\/div><\/div><\/div>\n<\/div><span  data-ultimate-target='#list-icon-wrap-6004 .uavc-list-desc'  data-responsive-json-new='{\"font-size\":\"\",\"line-height\":\"\"}'  class=\"uavc-list-desc ult-responsive\" style=\"\">Herstellung jeglichen Typs von Verankerung und\/oder Bolzen mit best\u00e4ndiger Qualit\u00e4t bei hohen Temperaturen.<\/span><\/div><\/li><li><div class=\"uavc-list-content\" id=\"list-icon-wrap-2635\">\n<div class=\"uavc-list-icon  \" data-animation=\"\" data-animation-delay=\"03\" style=\"margin-right:10px;\"><div class=\"ult-just-icon-wrapper  \"><div class=\"align-icon\" style=\"text-align:center;\">\n<div class=\"aio-icon none \"  style=\"color:#463031;font-size:16px;display:inline-block;\">\n\t<i class=\"Defaults-stop\"><\/i>\n<\/div><\/div><\/div>\n<\/div><span  data-ultimate-target='#list-icon-wrap-2635 .uavc-list-desc'  data-responsive-json-new='{\"font-size\":\"\",\"line-height\":\"\"}'  class=\"uavc-list-desc ult-responsive\" style=\"\"><span style=\"font-weight: 400;\">Schwei\u00dfarbeiten mit Kopfbolzen, Verankerungen und Bolzen f\u00fcr feuerfeste Auskleidung<\/span>.<\/span><\/div><\/li><li><div class=\"uavc-list-content\" id=\"list-icon-wrap-2596\">\n<div class=\"uavc-list-icon  \" data-animation=\"\" data-animation-delay=\"03\" style=\"margin-right:10px;\"><div class=\"ult-just-icon-wrapper  \"><div class=\"align-icon\" style=\"text-align:center;\">\n<div class=\"aio-icon none \"  style=\"color:#463031;font-size:16px;display:inline-block;\">\n\t<i class=\"Defaults-stop\"><\/i>\n<\/div><\/div><\/div>\n<\/div><span  data-ultimate-target='#list-icon-wrap-2596 .uavc-list-desc'  data-responsive-json-new='{\"font-size\":\"\",\"line-height\":\"\"}'  class=\"uavc-list-desc ult-responsive\" style=\"\"><span style=\"font-weight: 400;\">Schnitte und Schliffe von veralteten Verankerungen und Bolzen<\/span>.<\/span><\/div><\/li><li><div class=\"uavc-list-content\" id=\"list-icon-wrap-6758\">\n<div class=\"uavc-list-icon  \" data-animation=\"\" data-animation-delay=\"03\" style=\"margin-right:10px;\"><div class=\"ult-just-icon-wrapper  \"><div class=\"align-icon\" style=\"text-align:center;\">\n<div class=\"aio-icon none \"  style=\"color:#463031;font-size:16px;display:inline-block;\">\n\t<i class=\"Defaults-stop\"><\/i>\n<\/div><\/div><\/div>\n<\/div><span  data-ultimate-target='#list-icon-wrap-6758 .uavc-list-desc'  data-responsive-json-new='{\"font-size\":\"\",\"line-height\":\"\"}'  class=\"uavc-list-desc ult-responsive\" style=\"\">Reparatur durch WIG Schwei\u00dfverfahren von m\u00f6glichen Sch\u00e4den an W\u00e4nden von Wasserrohren durch Demolierung des feuerfesten Stoffes.<\/span><\/div><\/li><li><div class=\"uavc-list-content\" id=\"list-icon-wrap-4687\">\n<div class=\"uavc-list-icon  \" data-animation=\"\" data-animation-delay=\"03\" style=\"margin-right:10px;\"><div class=\"ult-just-icon-wrapper  \"><div class=\"align-icon\" style=\"text-align:center;\">\n<div class=\"aio-icon none \"  style=\"color:#463031;font-size:16px;display:inline-block;\">\n\t<i class=\"Defaults-stop\"><\/i>\n<\/div><\/div><\/div>\n<\/div><span  data-ultimate-target='#list-icon-wrap-4687 .uavc-list-desc'  data-responsive-json-new='{\"font-size\":\"\",\"line-height\":\"\"}'  class=\"uavc-list-desc ult-responsive\" style=\"\"><span style=\"font-weight: 400;\">Abstrahlen von Metallschrot zur Reinigung der schadhaften Metalloberfl\u00e4che<\/span>.<\/span><\/div><\/li><\/ul><\/div>[vc_column_text]In Bezug auf bereits abgeschlossene Arbeiten durch konventionelles Schwei\u00dfen, k\u00f6nnen wir Dank unserer Methoden und Teams die Ausf\u00fchrungsfrist um bis zu 50% der Zeit verk\u00fcrzen.<\/p>\n<p>Unser Unternehmen ist zertifiziert und kann ein Team vorweisen, das mit Hochdruck arbeitet um den Service durchzuf\u00fchren. Wir erm\u00f6glichen alle Schwei\u00dfarbeitsverfahren und verf\u00fcgen \u00fcber zertifizierte Schwei\u00dfarbeiter gem\u00e4\u00df den EN und ASME Normen im studwelding oder hand welding.[\/vc_column_text][\/vc_column][\/vc_row][vc_row][vc_column][rev_slider_vc alias=&#8220;industria-del-papel&#8220;][\/vc_column][\/vc_row]<\/p>\n","protected":false},"excerpt":{"rendered":"<p>[vc_row][vc_column width=&#8220;1\/6&#8243;][\/vc_column][vc_column width=&#8220;2\/3&#8243;][vc_column_text el_class=&#8220;tituloportada&#8220;] Projekte f\u00fcr die Papierindustrie [\/vc_column_text][\/vc_column][vc_column width=&#8220;1\/6&#8243;][\/vc_column][\/vc_row][vc_row][vc_column][vc_column_text]Um die Bed\u00fcrfnisse und Antr\u00e4ge aus dem Sektor der Papierindustrie sowie die Notwendigkeit kurzer Fristen f\u00fcr regelm\u00e4\u00dfige Wartungsarbeiten zu beachten, bieten wir folgende Produkte und Dienstleistungen:[\/vc_column_text][vc_column_text]In Bezug auf bereits abgeschlossene Arbeiten durch konventionelles Schwei\u00dfen, k\u00f6nnen wir Dank unserer Methoden und Teams die Ausf\u00fchrungsfrist um bis zu&hellip;<\/p>\n","protected":false},"author":1,"featured_media":0,"parent":0,"menu_order":0,"comment_status":"closed","ping_status":"closed","template":"","meta":[],"class_list":["post-1250","page","type-page","status-publish","hentry","description-off"],"yoast_head":"<!-- This site is optimized with the Yoast SEO plugin v27.3 - https:\/\/yoast.com\/product\/yoast-seo-wordpress\/ -->\n<title>Kopfbolzen f\u00fcr Auskleidungen in der Papierindustrie<\/title>\n<meta name=\"description\" content=\"Schwei\u00dfarbeiten von Befestigungselementen f\u00fcr feuerfeste Auskleidungen f\u00fcr die Papierindustrie.\" \/>\n<meta name=\"robots\" content=\"index, follow, max-snippet:-1, max-image-preview:large, max-video-preview:-1\" \/>\n<link rel=\"canonical\" href=\"https:\/\/acfija.com\/de\/kopfbolzen\/\" \/>\n<meta property=\"og:locale\" content=\"de_DE\" \/>\n<meta property=\"og:type\" content=\"article\" \/>\n<meta property=\"og:title\" content=\"Kopfbolzen f\u00fcr Auskleidungen in der Papierindustrie\" \/>\n<meta property=\"og:description\" content=\"Schwei\u00dfarbeiten von Befestigungselementen f\u00fcr feuerfeste Auskleidungen f\u00fcr die Papierindustrie.\" \/>\n<meta property=\"og:url\" content=\"https:\/\/acfija.com\/de\/kopfbolzen\/\" \/>\n<meta property=\"og:site_name\" content=\"ACFIJA\" \/>\n<meta property=\"article:modified_time\" content=\"2017-08-08T15:43:13+00:00\" \/>\n<meta name=\"twitter:card\" content=\"summary_large_image\" \/>\n<meta name=\"twitter:label1\" content=\"Gesch\u00e4tzte Lesezeit\" \/>\n\t<meta name=\"twitter:data1\" content=\"2\u00a0Minuten\" \/>\n<script type=\"application\/ld+json\" class=\"yoast-schema-graph\">{\"@context\":\"https:\\\/\\\/schema.org\",\"@graph\":[{\"@type\":\"WebPage\",\"@id\":\"https:\\\/\\\/acfija.com\\\/de\\\/kopfbolzen\\\/\",\"url\":\"https:\\\/\\\/acfija.com\\\/de\\\/kopfbolzen\\\/\",\"name\":\"Kopfbolzen f\u00fcr Auskleidungen in der Papierindustrie\",\"isPartOf\":{\"@id\":\"https:\\\/\\\/acfija.com\\\/#website\"},\"datePublished\":\"2017-06-20T15:41:23+00:00\",\"dateModified\":\"2017-08-08T15:43:13+00:00\",\"description\":\"Schwei\u00dfarbeiten von Befestigungselementen f\u00fcr feuerfeste Auskleidungen f\u00fcr die Papierindustrie.\",\"breadcrumb\":{\"@id\":\"https:\\\/\\\/acfija.com\\\/de\\\/kopfbolzen\\\/#breadcrumb\"},\"inLanguage\":\"de\",\"potentialAction\":[{\"@type\":\"ReadAction\",\"target\":[\"https:\\\/\\\/acfija.com\\\/de\\\/kopfbolzen\\\/\"]}]},{\"@type\":\"BreadcrumbList\",\"@id\":\"https:\\\/\\\/acfija.com\\\/de\\\/kopfbolzen\\\/#breadcrumb\",\"itemListElement\":[{\"@type\":\"ListItem\",\"position\":1,\"name\":\"Portada\",\"item\":\"https:\\\/\\\/acfija.com\\\/de\\\/\"},{\"@type\":\"ListItem\",\"position\":2,\"name\":\"Papierindustrie\"}]},{\"@type\":\"WebSite\",\"@id\":\"https:\\\/\\\/acfija.com\\\/#website\",\"url\":\"https:\\\/\\\/acfija.com\\\/\",\"name\":\"ACFIJA\",\"description\":\"Accesorios de fijaci\u00f3n\",\"potentialAction\":[{\"@type\":\"SearchAction\",\"target\":{\"@type\":\"EntryPoint\",\"urlTemplate\":\"https:\\\/\\\/acfija.com\\\/?s={search_term_string}\"},\"query-input\":{\"@type\":\"PropertyValueSpecification\",\"valueRequired\":true,\"valueName\":\"search_term_string\"}}],\"inLanguage\":\"de\"}]}<\/script>\n<!-- \/ Yoast SEO plugin. -->","yoast_head_json":{"title":"Kopfbolzen f\u00fcr Auskleidungen in der Papierindustrie","description":"Schwei\u00dfarbeiten von Befestigungselementen f\u00fcr feuerfeste Auskleidungen f\u00fcr die Papierindustrie.","robots":{"index":"index","follow":"follow","max-snippet":"max-snippet:-1","max-image-preview":"max-image-preview:large","max-video-preview":"max-video-preview:-1"},"canonical":"https:\/\/acfija.com\/de\/kopfbolzen\/","og_locale":"de_DE","og_type":"article","og_title":"Kopfbolzen f\u00fcr Auskleidungen in der Papierindustrie","og_description":"Schwei\u00dfarbeiten von Befestigungselementen f\u00fcr feuerfeste Auskleidungen f\u00fcr die Papierindustrie.","og_url":"https:\/\/acfija.com\/de\/kopfbolzen\/","og_site_name":"ACFIJA","article_modified_time":"2017-08-08T15:43:13+00:00","twitter_card":"summary_large_image","twitter_misc":{"Gesch\u00e4tzte Lesezeit":"2\u00a0Minuten"},"schema":{"@context":"https:\/\/schema.org","@graph":[{"@type":"WebPage","@id":"https:\/\/acfija.com\/de\/kopfbolzen\/","url":"https:\/\/acfija.com\/de\/kopfbolzen\/","name":"Kopfbolzen f\u00fcr Auskleidungen in der Papierindustrie","isPartOf":{"@id":"https:\/\/acfija.com\/#website"},"datePublished":"2017-06-20T15:41:23+00:00","dateModified":"2017-08-08T15:43:13+00:00","description":"Schwei\u00dfarbeiten von Befestigungselementen f\u00fcr feuerfeste Auskleidungen f\u00fcr die Papierindustrie.","breadcrumb":{"@id":"https:\/\/acfija.com\/de\/kopfbolzen\/#breadcrumb"},"inLanguage":"de","potentialAction":[{"@type":"ReadAction","target":["https:\/\/acfija.com\/de\/kopfbolzen\/"]}]},{"@type":"BreadcrumbList","@id":"https:\/\/acfija.com\/de\/kopfbolzen\/#breadcrumb","itemListElement":[{"@type":"ListItem","position":1,"name":"Portada","item":"https:\/\/acfija.com\/de\/"},{"@type":"ListItem","position":2,"name":"Papierindustrie"}]},{"@type":"WebSite","@id":"https:\/\/acfija.com\/#website","url":"https:\/\/acfija.com\/","name":"ACFIJA","description":"Accesorios de fijaci\u00f3n","potentialAction":[{"@type":"SearchAction","target":{"@type":"EntryPoint","urlTemplate":"https:\/\/acfija.com\/?s={search_term_string}"},"query-input":{"@type":"PropertyValueSpecification","valueRequired":true,"valueName":"search_term_string"}}],"inLanguage":"de"}]}},"_links":{"self":[{"href":"https:\/\/acfija.com\/de\/wp-json\/wp\/v2\/pages\/1250","targetHints":{"allow":["GET"]}}],"collection":[{"href":"https:\/\/acfija.com\/de\/wp-json\/wp\/v2\/pages"}],"about":[{"href":"https:\/\/acfija.com\/de\/wp-json\/wp\/v2\/types\/page"}],"author":[{"embeddable":true,"href":"https:\/\/acfija.com\/de\/wp-json\/wp\/v2\/users\/1"}],"replies":[{"embeddable":true,"href":"https:\/\/acfija.com\/de\/wp-json\/wp\/v2\/comments?post=1250"}],"version-history":[{"count":2,"href":"https:\/\/acfija.com\/de\/wp-json\/wp\/v2\/pages\/1250\/revisions"}],"predecessor-version":[{"id":1252,"href":"https:\/\/acfija.com\/de\/wp-json\/wp\/v2\/pages\/1250\/revisions\/1252"}],"wp:attachment":[{"href":"https:\/\/acfija.com\/de\/wp-json\/wp\/v2\/media?parent=1250"}],"curies":[{"name":"wp","href":"https:\/\/api.w.org\/{rel}","templated":true}]}}