{"id":1253,"date":"2017-06-20T17:02:55","date_gmt":"2017-06-20T15:02:55","guid":{"rendered":"http:\/\/acfija.com\/soldadura-conectores\/"},"modified":"2017-08-08T17:48:20","modified_gmt":"2017-08-08T15:48:20","slug":"schweissarbeit-verbindungselemente","status":"publish","type":"page","link":"https:\/\/acfija.com\/de\/schweissarbeit-verbindungselemente\/","title":{"rendered":"Stahlindustrie"},"content":{"rendered":"<p>[vc_row][vc_column width=&#8220;1\/6&#8243;][\/vc_column][vc_column width=&#8220;2\/3&#8243;][vc_column_text el_class=&#8220;tituloportada&#8220;]<\/p>\n<h2 style=\"text-align: center;\">Projekte f\u00fcr die Stahlindustrie<\/h2>\n<p>[\/vc_column_text][\/vc_column][vc_column width=&#8220;1\/6&#8243;][\/vc_column][\/vc_row][vc_row][vc_column][vc_column_text]Wir sind Experten auf dem Gebiet der Reparatur von beschichteten Brenn\u00f6fen und Neubauten. F\u00fcr die Unternehmen, die dem Sektor der Stahlindustrie zugeh\u00f6ren, k\u00f6nnen wir die folgenden Produkte und Dienstleistungen anbieten:[\/vc_column_text]<div class=\"uavc-list-icon uavc-list-icon-wrapper ult-adjust-bottom-margin   \"><ul class=\"uavc-list\"><li><div class=\"uavc-list-content\" id=\"list-icon-wrap-8881\">\n<div class=\"uavc-list-icon  \" data-animation=\"\" data-animation-delay=\"03\" style=\"margin-right:10px;\"><div class=\"ult-just-icon-wrapper  \"><div class=\"align-icon\" style=\"text-align:center;\">\n<div class=\"aio-icon none \"  style=\"color:#463031;font-size:16px;display:inline-block;\">\n\t<i class=\"Defaults-stop\"><\/i>\n<\/div><\/div><\/div>\n<\/div><span  data-ultimate-target='#list-icon-wrap-8881 .uavc-list-desc'  data-responsive-json-new='{\"font-size\":\"\",\"line-height\":\"\"}'  class=\"uavc-list-desc ult-responsive\" style=\"\"><span style=\"font-weight: 400;\">Herstellung jeglichen Typs von Verankerung und\/oder Bolzen mit best\u00e4ndiger Qualit\u00e4t bei hohen Temperaturen<\/span>.<\/span><\/div><\/li><li><div class=\"uavc-list-content\" id=\"list-icon-wrap-7040\">\n<div class=\"uavc-list-icon  \" data-animation=\"\" data-animation-delay=\"03\" style=\"margin-right:10px;\"><div class=\"ult-just-icon-wrapper  \"><div class=\"align-icon\" style=\"text-align:center;\">\n<div class=\"aio-icon none \"  style=\"color:#463031;font-size:16px;display:inline-block;\">\n\t<i class=\"Defaults-stop\"><\/i>\n<\/div><\/div><\/div>\n<\/div><span  data-ultimate-target='#list-icon-wrap-7040 .uavc-list-desc'  data-responsive-json-new='{\"font-size\":\"\",\"line-height\":\"\"}'  class=\"uavc-list-desc ult-responsive\" style=\"\">Verschwei\u00dfen von geformten Einzelteilen zum Schutz von Pf\u00e4hlen und Latten.<\/span><\/div><\/li><li><div class=\"uavc-list-content\" id=\"list-icon-wrap-6393\">\n<div class=\"uavc-list-icon  \" data-animation=\"\" data-animation-delay=\"03\" style=\"margin-right:10px;\"><div class=\"ult-just-icon-wrapper  \"><div class=\"align-icon\" style=\"text-align:center;\">\n<div class=\"aio-icon none \"  style=\"color:#463031;font-size:16px;display:inline-block;\">\n\t<i class=\"Defaults-stop\"><\/i>\n<\/div><\/div><\/div>\n<\/div><span  data-ultimate-target='#list-icon-wrap-6393 .uavc-list-desc'  data-responsive-json-new='{\"font-size\":\"\",\"line-height\":\"\"}'  class=\"uavc-list-desc ult-responsive\" style=\"\">Schwei\u00dfarbeitsverbindungselemente, Verankerungen und Bolzen f\u00fcr feuerfeste Verkleidung.<\/span><\/div><\/li><li><div class=\"uavc-list-content\" id=\"list-icon-wrap-7470\">\n<div class=\"uavc-list-icon  \" data-animation=\"\" data-animation-delay=\"03\" style=\"margin-right:10px;\"><div class=\"ult-just-icon-wrapper  \"><div class=\"align-icon\" style=\"text-align:center;\">\n<div class=\"aio-icon none \"  style=\"color:#463031;font-size:16px;display:inline-block;\">\n\t<i class=\"Defaults-stop\"><\/i>\n<\/div><\/div><\/div>\n<\/div><span  data-ultimate-target='#list-icon-wrap-7470 .uavc-list-desc'  data-responsive-json-new='{\"font-size\":\"\",\"line-height\":\"\"}'  class=\"uavc-list-desc ult-responsive\" style=\"\">Schnitte und Schliffe von veralteten Verankerungen und Bolzen.<\/span><\/div><\/li><li><div class=\"uavc-list-content\" id=\"list-icon-wrap-6656\">\n<div class=\"uavc-list-icon  \" data-animation=\"\" data-animation-delay=\"03\" style=\"margin-right:10px;\"><div class=\"ult-just-icon-wrapper  \"><div class=\"align-icon\" style=\"text-align:center;\">\n<div class=\"aio-icon none \"  style=\"color:#463031;font-size:16px;display:inline-block;\">\n\t<i class=\"Defaults-stop\"><\/i>\n<\/div><\/div><\/div>\n<\/div><span  data-ultimate-target='#list-icon-wrap-6656 .uavc-list-desc'  data-responsive-json-new='{\"font-size\":\"\",\"line-height\":\"\"}'  class=\"uavc-list-desc ult-responsive\" style=\"\">Reparatur durch WIG Schwei\u00dfverfahren von m\u00f6glichen Sch\u00e4den an Rohren durch Demolierung des feuerfesten Stoffes.<\/span><\/div><\/li><li><div class=\"uavc-list-content\" id=\"list-icon-wrap-4423\">\n<div class=\"uavc-list-icon  \" data-animation=\"\" data-animation-delay=\"03\" style=\"margin-right:10px;\"><div class=\"ult-just-icon-wrapper  \"><div class=\"align-icon\" style=\"text-align:center;\">\n<div class=\"aio-icon none \"  style=\"color:#463031;font-size:16px;display:inline-block;\">\n\t<i class=\"Defaults-stop\"><\/i>\n<\/div><\/div><\/div>\n<\/div><span  data-ultimate-target='#list-icon-wrap-4423 .uavc-list-desc'  data-responsive-json-new='{\"font-size\":\"\",\"line-height\":\"\"}'  class=\"uavc-list-desc ult-responsive\" style=\"\">Abstrahlen von Metallschrot zur Reinigung der schadhaften Metalloberfl\u00e4che.<\/span><\/div><\/li><\/ul><\/div>[vc_column_text]In Bezug auf bereits abgeschlossene Arbeiten durch konventionelles Schwei\u00dfen, k\u00f6nnen wir Dank unserer Methoden und Teams die Ausf\u00fchrungsfrist um bis zu 50% der Zeit verk\u00fcrzen.<\/p>\n<p>Beim Ausf\u00fchren dieser Dienstleistung k\u00f6nnen wir ein zertifiziertes Unternehmen mit einem Team vorweisen, das mit Hochdruck arbeitet.<\/p>\n<p>Wir erm\u00f6glichen alle Schwei\u00dfarbeitsverfahren und verf\u00fcgen \u00fcber zertifizierte Schwei\u00dfarbeiter gem\u00e4\u00df den EN und ASME Normen im studwelding oder hand welding.[\/vc_column_text][\/vc_column][\/vc_row][vc_row][vc_column][rev_slider_vc alias=&#8220;industria-acero&#8220;][\/vc_column][\/vc_row]<\/p>\n","protected":false},"excerpt":{"rendered":"<p>[vc_row][vc_column width=&#8220;1\/6&#8243;][\/vc_column][vc_column width=&#8220;2\/3&#8243;][vc_column_text el_class=&#8220;tituloportada&#8220;] Projekte f\u00fcr die Stahlindustrie [\/vc_column_text][\/vc_column][vc_column width=&#8220;1\/6&#8243;][\/vc_column][\/vc_row][vc_row][vc_column][vc_column_text]Wir sind Experten auf dem Gebiet der Reparatur von beschichteten Brenn\u00f6fen und Neubauten. F\u00fcr die Unternehmen, die dem Sektor der Stahlindustrie zugeh\u00f6ren, k\u00f6nnen wir die folgenden Produkte und Dienstleistungen anbieten:[\/vc_column_text][vc_column_text]In Bezug auf bereits abgeschlossene Arbeiten durch konventionelles Schwei\u00dfen, k\u00f6nnen wir Dank unserer Methoden und Teams die&hellip;<\/p>\n","protected":false},"author":1,"featured_media":0,"parent":0,"menu_order":0,"comment_status":"closed","ping_status":"closed","template":"","meta":[],"class_list":["post-1253","page","type-page","status-publish","hentry","description-off"],"yoast_head":"<!-- This site is optimized with the Yoast SEO plugin v27.3 - https:\/\/yoast.com\/product\/yoast-seo-wordpress\/ -->\n<title>Schwei\u00dfen von Verbindungselementen f\u00fcr feuerfeste Auskleidungen f\u00fcr die Stahlindustrie<\/title>\n<meta name=\"description\" content=\"Schwei\u00dfarbeiten an Befestigungselementen f\u00fcr feuerfeste Auskleidungen f\u00fcr die Stahlindustrie.\" \/>\n<meta name=\"robots\" content=\"index, follow, max-snippet:-1, max-image-preview:large, max-video-preview:-1\" \/>\n<link rel=\"canonical\" href=\"https:\/\/acfija.com\/de\/schweissarbeit-verbindungselemente\/\" \/>\n<meta property=\"og:locale\" content=\"de_DE\" \/>\n<meta property=\"og:type\" content=\"article\" \/>\n<meta property=\"og:title\" content=\"Schwei\u00dfen von Verbindungselementen f\u00fcr feuerfeste Auskleidungen f\u00fcr die Stahlindustrie\" \/>\n<meta property=\"og:description\" content=\"Schwei\u00dfarbeiten an Befestigungselementen f\u00fcr feuerfeste Auskleidungen f\u00fcr die Stahlindustrie.\" \/>\n<meta property=\"og:url\" content=\"https:\/\/acfija.com\/de\/schweissarbeit-verbindungselemente\/\" \/>\n<meta property=\"og:site_name\" content=\"ACFIJA\" \/>\n<meta property=\"article:modified_time\" content=\"2017-08-08T15:48:20+00:00\" \/>\n<meta name=\"twitter:card\" content=\"summary_large_image\" \/>\n<meta name=\"twitter:label1\" content=\"Gesch\u00e4tzte Lesezeit\" \/>\n\t<meta name=\"twitter:data1\" content=\"2\u00a0Minuten\" \/>\n<script type=\"application\/ld+json\" class=\"yoast-schema-graph\">{\"@context\":\"https:\\\/\\\/schema.org\",\"@graph\":[{\"@type\":\"WebPage\",\"@id\":\"https:\\\/\\\/acfija.com\\\/de\\\/schweissarbeit-verbindungselemente\\\/\",\"url\":\"https:\\\/\\\/acfija.com\\\/de\\\/schweissarbeit-verbindungselemente\\\/\",\"name\":\"Schwei\u00dfen von Verbindungselementen f\u00fcr feuerfeste Auskleidungen f\u00fcr die Stahlindustrie\",\"isPartOf\":{\"@id\":\"https:\\\/\\\/acfija.com\\\/#website\"},\"datePublished\":\"2017-06-20T15:02:55+00:00\",\"dateModified\":\"2017-08-08T15:48:20+00:00\",\"description\":\"Schwei\u00dfarbeiten an Befestigungselementen f\u00fcr feuerfeste Auskleidungen f\u00fcr die Stahlindustrie.\",\"breadcrumb\":{\"@id\":\"https:\\\/\\\/acfija.com\\\/de\\\/schweissarbeit-verbindungselemente\\\/#breadcrumb\"},\"inLanguage\":\"de\",\"potentialAction\":[{\"@type\":\"ReadAction\",\"target\":[\"https:\\\/\\\/acfija.com\\\/de\\\/schweissarbeit-verbindungselemente\\\/\"]}]},{\"@type\":\"BreadcrumbList\",\"@id\":\"https:\\\/\\\/acfija.com\\\/de\\\/schweissarbeit-verbindungselemente\\\/#breadcrumb\",\"itemListElement\":[{\"@type\":\"ListItem\",\"position\":1,\"name\":\"Portada\",\"item\":\"https:\\\/\\\/acfija.com\\\/de\\\/\"},{\"@type\":\"ListItem\",\"position\":2,\"name\":\"Stahlindustrie\"}]},{\"@type\":\"WebSite\",\"@id\":\"https:\\\/\\\/acfija.com\\\/#website\",\"url\":\"https:\\\/\\\/acfija.com\\\/\",\"name\":\"ACFIJA\",\"description\":\"Accesorios de fijaci\u00f3n\",\"potentialAction\":[{\"@type\":\"SearchAction\",\"target\":{\"@type\":\"EntryPoint\",\"urlTemplate\":\"https:\\\/\\\/acfija.com\\\/?s={search_term_string}\"},\"query-input\":{\"@type\":\"PropertyValueSpecification\",\"valueRequired\":true,\"valueName\":\"search_term_string\"}}],\"inLanguage\":\"de\"}]}<\/script>\n<!-- \/ Yoast SEO plugin. -->","yoast_head_json":{"title":"Schwei\u00dfen von Verbindungselementen f\u00fcr feuerfeste Auskleidungen f\u00fcr die Stahlindustrie","description":"Schwei\u00dfarbeiten an Befestigungselementen f\u00fcr feuerfeste Auskleidungen f\u00fcr die Stahlindustrie.","robots":{"index":"index","follow":"follow","max-snippet":"max-snippet:-1","max-image-preview":"max-image-preview:large","max-video-preview":"max-video-preview:-1"},"canonical":"https:\/\/acfija.com\/de\/schweissarbeit-verbindungselemente\/","og_locale":"de_DE","og_type":"article","og_title":"Schwei\u00dfen von Verbindungselementen f\u00fcr feuerfeste Auskleidungen f\u00fcr die Stahlindustrie","og_description":"Schwei\u00dfarbeiten an Befestigungselementen f\u00fcr feuerfeste Auskleidungen f\u00fcr die Stahlindustrie.","og_url":"https:\/\/acfija.com\/de\/schweissarbeit-verbindungselemente\/","og_site_name":"ACFIJA","article_modified_time":"2017-08-08T15:48:20+00:00","twitter_card":"summary_large_image","twitter_misc":{"Gesch\u00e4tzte Lesezeit":"2\u00a0Minuten"},"schema":{"@context":"https:\/\/schema.org","@graph":[{"@type":"WebPage","@id":"https:\/\/acfija.com\/de\/schweissarbeit-verbindungselemente\/","url":"https:\/\/acfija.com\/de\/schweissarbeit-verbindungselemente\/","name":"Schwei\u00dfen von Verbindungselementen f\u00fcr feuerfeste Auskleidungen f\u00fcr die Stahlindustrie","isPartOf":{"@id":"https:\/\/acfija.com\/#website"},"datePublished":"2017-06-20T15:02:55+00:00","dateModified":"2017-08-08T15:48:20+00:00","description":"Schwei\u00dfarbeiten an Befestigungselementen f\u00fcr feuerfeste Auskleidungen f\u00fcr die Stahlindustrie.","breadcrumb":{"@id":"https:\/\/acfija.com\/de\/schweissarbeit-verbindungselemente\/#breadcrumb"},"inLanguage":"de","potentialAction":[{"@type":"ReadAction","target":["https:\/\/acfija.com\/de\/schweissarbeit-verbindungselemente\/"]}]},{"@type":"BreadcrumbList","@id":"https:\/\/acfija.com\/de\/schweissarbeit-verbindungselemente\/#breadcrumb","itemListElement":[{"@type":"ListItem","position":1,"name":"Portada","item":"https:\/\/acfija.com\/de\/"},{"@type":"ListItem","position":2,"name":"Stahlindustrie"}]},{"@type":"WebSite","@id":"https:\/\/acfija.com\/#website","url":"https:\/\/acfija.com\/","name":"ACFIJA","description":"Accesorios de fijaci\u00f3n","potentialAction":[{"@type":"SearchAction","target":{"@type":"EntryPoint","urlTemplate":"https:\/\/acfija.com\/?s={search_term_string}"},"query-input":{"@type":"PropertyValueSpecification","valueRequired":true,"valueName":"search_term_string"}}],"inLanguage":"de"}]}},"_links":{"self":[{"href":"https:\/\/acfija.com\/de\/wp-json\/wp\/v2\/pages\/1253","targetHints":{"allow":["GET"]}}],"collection":[{"href":"https:\/\/acfija.com\/de\/wp-json\/wp\/v2\/pages"}],"about":[{"href":"https:\/\/acfija.com\/de\/wp-json\/wp\/v2\/types\/page"}],"author":[{"embeddable":true,"href":"https:\/\/acfija.com\/de\/wp-json\/wp\/v2\/users\/1"}],"replies":[{"embeddable":true,"href":"https:\/\/acfija.com\/de\/wp-json\/wp\/v2\/comments?post=1253"}],"version-history":[{"count":2,"href":"https:\/\/acfija.com\/de\/wp-json\/wp\/v2\/pages\/1253\/revisions"}],"predecessor-version":[{"id":1255,"href":"https:\/\/acfija.com\/de\/wp-json\/wp\/v2\/pages\/1253\/revisions\/1255"}],"wp:attachment":[{"href":"https:\/\/acfija.com\/de\/wp-json\/wp\/v2\/media?parent=1253"}],"curies":[{"name":"wp","href":"https:\/\/api.w.org\/{rel}","templated":true}]}}