{"id":1256,"date":"2017-06-20T16:18:38","date_gmt":"2017-06-20T14:18:38","guid":{"rendered":"http:\/\/acfija.com\/soldadura-pernos\/"},"modified":"2017-08-08T17:38:55","modified_gmt":"2017-08-08T15:38:55","slug":"bajonettstifte","status":"publish","type":"page","link":"https:\/\/acfija.com\/de\/bajonettstifte\/","title":{"rendered":"Bauingenieurwesen"},"content":{"rendered":"<p>[vc_row][vc_column width=&#8220;1\/6&#8243;][\/vc_column][vc_column width=&#8220;2\/3&#8243;][vc_column_text el_class=&#8220;tituloportada&#8220;]<\/p>\n<h2 style=\"text-align: center;\">Projekte f\u00fcr \u201eBauingenieurwesen\u201c<\/h2>\n<p>[\/vc_column_text][\/vc_column][vc_column width=&#8220;1\/6&#8243;][\/vc_column][\/vc_row][vc_row][vc_column][vc_column_text]Wir liefern und schwei\u00dfen \u2013 durch das Verfahren des Lichtbogenbolzenschwei\u00dfens \u2013 jegliche Art von Verbindungsbolzen f\u00fcr zusammengesetzte Strukturen (Stahl-Beton). Wir bieten Arbeiten auf allen Ebenen des Bauingenieurwesens an.<\/p>\n<p>Wir sind auf das Schwei\u00dfen von Verbindungen f\u00fcr Trapezbleche mit Verbundbeton spezialisiert zumal es uns gelingt zu schwei\u00dfen ohne in die Trapezbleche zu bohren. Au\u00dferdem haben wir viel Erfahrung auf dem Gebiet des Verschwei\u00dfens von Br\u00fcckenverbindungslemenenten, besonderen Geb\u00e4uden und Sportst\u00e4tten.<\/p>\n<p>Dank unserer Methode verk\u00fcrzen wir die Ausf\u00fchrungsfrist.[\/vc_column_text][\/vc_column][\/vc_row][vc_row][vc_column][rev_slider_vc alias=&#8220;obra-civil&#8220;][\/vc_column][\/vc_row]<\/p>\n","protected":false},"excerpt":{"rendered":"<p>[vc_row][vc_column width=&#8220;1\/6&#8243;][\/vc_column][vc_column width=&#8220;2\/3&#8243;][vc_column_text el_class=&#8220;tituloportada&#8220;] Projekte f\u00fcr \u201eBauingenieurwesen\u201c [\/vc_column_text][\/vc_column][vc_column width=&#8220;1\/6&#8243;][\/vc_column][\/vc_row][vc_row][vc_column][vc_column_text]Wir liefern und schwei\u00dfen \u2013 durch das Verfahren des Lichtbogenbolzenschwei\u00dfens \u2013 jegliche Art von Verbindungsbolzen f\u00fcr zusammengesetzte Strukturen (Stahl-Beton). Wir bieten Arbeiten auf allen Ebenen des Bauingenieurwesens an. Wir sind auf das Schwei\u00dfen von Verbindungen f\u00fcr Trapezbleche mit Verbundbeton spezialisiert zumal es uns gelingt zu schwei\u00dfen ohne&hellip;<\/p>\n","protected":false},"author":1,"featured_media":0,"parent":0,"menu_order":0,"comment_status":"closed","ping_status":"closed","template":"","meta":[],"class_list":["post-1256","page","type-page","status-publish","hentry","description-off"],"yoast_head":"<!-- This site is optimized with the Yoast SEO plugin v27.3 - https:\/\/yoast.com\/product\/yoast-seo-wordpress\/ -->\n<title>Bolzenschwei\u00dfen an Baukonstruktionen<\/title>\n<meta name=\"description\" content=\"Schwei\u00dfarbeiten an Befestigungselementen f\u00fcr feuerfeste Auskleidungen von Bauarbeiten.\" \/>\n<meta name=\"robots\" content=\"index, follow, max-snippet:-1, max-image-preview:large, max-video-preview:-1\" \/>\n<link rel=\"canonical\" href=\"https:\/\/acfija.com\/de\/bajonettstifte\/\" \/>\n<meta property=\"og:locale\" content=\"de_DE\" \/>\n<meta property=\"og:type\" content=\"article\" \/>\n<meta property=\"og:title\" content=\"Bolzenschwei\u00dfen an Baukonstruktionen\" \/>\n<meta property=\"og:description\" content=\"Schwei\u00dfarbeiten an Befestigungselementen f\u00fcr feuerfeste Auskleidungen von Bauarbeiten.\" \/>\n<meta property=\"og:url\" content=\"https:\/\/acfija.com\/de\/bajonettstifte\/\" \/>\n<meta property=\"og:site_name\" content=\"ACFIJA\" \/>\n<meta property=\"article:modified_time\" content=\"2017-08-08T15:38:55+00:00\" \/>\n<meta name=\"twitter:card\" content=\"summary_large_image\" \/>\n<meta name=\"twitter:label1\" content=\"Gesch\u00e4tzte Lesezeit\" \/>\n\t<meta name=\"twitter:data1\" content=\"1\u00a0Minute\" \/>\n<script type=\"application\/ld+json\" class=\"yoast-schema-graph\">{\"@context\":\"https:\\\/\\\/schema.org\",\"@graph\":[{\"@type\":\"WebPage\",\"@id\":\"https:\\\/\\\/acfija.com\\\/de\\\/bajonettstifte\\\/\",\"url\":\"https:\\\/\\\/acfija.com\\\/de\\\/bajonettstifte\\\/\",\"name\":\"Bolzenschwei\u00dfen an Baukonstruktionen\",\"isPartOf\":{\"@id\":\"https:\\\/\\\/acfija.com\\\/#website\"},\"datePublished\":\"2017-06-20T14:18:38+00:00\",\"dateModified\":\"2017-08-08T15:38:55+00:00\",\"description\":\"Schwei\u00dfarbeiten an Befestigungselementen f\u00fcr feuerfeste Auskleidungen von Bauarbeiten.\",\"breadcrumb\":{\"@id\":\"https:\\\/\\\/acfija.com\\\/de\\\/bajonettstifte\\\/#breadcrumb\"},\"inLanguage\":\"de\",\"potentialAction\":[{\"@type\":\"ReadAction\",\"target\":[\"https:\\\/\\\/acfija.com\\\/de\\\/bajonettstifte\\\/\"]}]},{\"@type\":\"BreadcrumbList\",\"@id\":\"https:\\\/\\\/acfija.com\\\/de\\\/bajonettstifte\\\/#breadcrumb\",\"itemListElement\":[{\"@type\":\"ListItem\",\"position\":1,\"name\":\"Portada\",\"item\":\"https:\\\/\\\/acfija.com\\\/de\\\/\"},{\"@type\":\"ListItem\",\"position\":2,\"name\":\"Bauingenieurwesen\"}]},{\"@type\":\"WebSite\",\"@id\":\"https:\\\/\\\/acfija.com\\\/#website\",\"url\":\"https:\\\/\\\/acfija.com\\\/\",\"name\":\"ACFIJA\",\"description\":\"Accesorios de fijaci\u00f3n\",\"potentialAction\":[{\"@type\":\"SearchAction\",\"target\":{\"@type\":\"EntryPoint\",\"urlTemplate\":\"https:\\\/\\\/acfija.com\\\/?s={search_term_string}\"},\"query-input\":{\"@type\":\"PropertyValueSpecification\",\"valueRequired\":true,\"valueName\":\"search_term_string\"}}],\"inLanguage\":\"de\"}]}<\/script>\n<!-- \/ Yoast SEO plugin. -->","yoast_head_json":{"title":"Bolzenschwei\u00dfen an Baukonstruktionen","description":"Schwei\u00dfarbeiten an Befestigungselementen f\u00fcr feuerfeste Auskleidungen von Bauarbeiten.","robots":{"index":"index","follow":"follow","max-snippet":"max-snippet:-1","max-image-preview":"max-image-preview:large","max-video-preview":"max-video-preview:-1"},"canonical":"https:\/\/acfija.com\/de\/bajonettstifte\/","og_locale":"de_DE","og_type":"article","og_title":"Bolzenschwei\u00dfen an Baukonstruktionen","og_description":"Schwei\u00dfarbeiten an Befestigungselementen f\u00fcr feuerfeste Auskleidungen von Bauarbeiten.","og_url":"https:\/\/acfija.com\/de\/bajonettstifte\/","og_site_name":"ACFIJA","article_modified_time":"2017-08-08T15:38:55+00:00","twitter_card":"summary_large_image","twitter_misc":{"Gesch\u00e4tzte Lesezeit":"1\u00a0Minute"},"schema":{"@context":"https:\/\/schema.org","@graph":[{"@type":"WebPage","@id":"https:\/\/acfija.com\/de\/bajonettstifte\/","url":"https:\/\/acfija.com\/de\/bajonettstifte\/","name":"Bolzenschwei\u00dfen an Baukonstruktionen","isPartOf":{"@id":"https:\/\/acfija.com\/#website"},"datePublished":"2017-06-20T14:18:38+00:00","dateModified":"2017-08-08T15:38:55+00:00","description":"Schwei\u00dfarbeiten an Befestigungselementen f\u00fcr feuerfeste Auskleidungen von Bauarbeiten.","breadcrumb":{"@id":"https:\/\/acfija.com\/de\/bajonettstifte\/#breadcrumb"},"inLanguage":"de","potentialAction":[{"@type":"ReadAction","target":["https:\/\/acfija.com\/de\/bajonettstifte\/"]}]},{"@type":"BreadcrumbList","@id":"https:\/\/acfija.com\/de\/bajonettstifte\/#breadcrumb","itemListElement":[{"@type":"ListItem","position":1,"name":"Portada","item":"https:\/\/acfija.com\/de\/"},{"@type":"ListItem","position":2,"name":"Bauingenieurwesen"}]},{"@type":"WebSite","@id":"https:\/\/acfija.com\/#website","url":"https:\/\/acfija.com\/","name":"ACFIJA","description":"Accesorios de fijaci\u00f3n","potentialAction":[{"@type":"SearchAction","target":{"@type":"EntryPoint","urlTemplate":"https:\/\/acfija.com\/?s={search_term_string}"},"query-input":{"@type":"PropertyValueSpecification","valueRequired":true,"valueName":"search_term_string"}}],"inLanguage":"de"}]}},"_links":{"self":[{"href":"https:\/\/acfija.com\/de\/wp-json\/wp\/v2\/pages\/1256","targetHints":{"allow":["GET"]}}],"collection":[{"href":"https:\/\/acfija.com\/de\/wp-json\/wp\/v2\/pages"}],"about":[{"href":"https:\/\/acfija.com\/de\/wp-json\/wp\/v2\/types\/page"}],"author":[{"embeddable":true,"href":"https:\/\/acfija.com\/de\/wp-json\/wp\/v2\/users\/1"}],"replies":[{"embeddable":true,"href":"https:\/\/acfija.com\/de\/wp-json\/wp\/v2\/comments?post=1256"}],"version-history":[{"count":2,"href":"https:\/\/acfija.com\/de\/wp-json\/wp\/v2\/pages\/1256\/revisions"}],"predecessor-version":[{"id":1258,"href":"https:\/\/acfija.com\/de\/wp-json\/wp\/v2\/pages\/1256\/revisions\/1258"}],"wp:attachment":[{"href":"https:\/\/acfija.com\/de\/wp-json\/wp\/v2\/media?parent=1256"}],"curies":[{"name":"wp","href":"https:\/\/api.w.org\/{rel}","templated":true}]}}