{"id":1259,"date":"2017-04-21T14:39:34","date_gmt":"2017-04-21T12:39:34","guid":{"rendered":"http:\/\/acfija.com\/info-cookies\/"},"modified":"2017-08-08T17:42:57","modified_gmt":"2017-08-08T15:42:57","slug":"info-cookies","status":"publish","type":"page","link":"https:\/\/acfija.com\/de\/info-cookies\/","title":{"rendered":"Information \u00fcber Cookies"},"content":{"rendered":"<p>[vc_row][vc_column][vc_column_text]<\/p>\n<p style=\"text-align: justify;\">Auf unserer Website verwenden wir eigene Cookies und Cookies von Dritten (Google Analytics) um Ihre Nutzererfahrung zu verbessern und statistische Daten \u00fcber die Nutzung unserer Website von Seiten der Nutzer zu gewinnen. Die Cookies verkn\u00fcpfen sich ausschlie\u00dflich mit dem Browser, sodass keine pers\u00f6nlichen Daten \u00fcber den Nutzer der unsere Website besucht gespeichert werden. Sie k\u00f6nnen ihren Browser so einstellen, dass er Sie benachrichtigt und\/oder dieInstallation von Cookies ablehnt, ohne dass dieser die M\u00f6glichkeiten des Nutzers beim Zugriff auf unterschiedliche Bereiche des Internets beeintr\u00e4chtigt, mit Ausnahme des Chat-Services des technischen Supports.<\/p>\n<p>Wenn du auf unserer Seite surfst, akzeptierst du die Nutzung von Cookies in den vorgeschriebenen Bedingungen dieser <strong>Cookie Politik<\/strong>. Diese Politik kann st\u00e4ndig aktualisiert werden, weshalb wir dich einladen, diese regelm\u00e4\u00dfig zu \u00fcberpr\u00fcfen.<\/p>\n<h3>Was sind Cookies?<\/h3>\n<p style=\"text-align: justify;\">Das sind kleine Textdateien, die der Internetserver an das Ger\u00e4t sendet, mit dem du auf unsere Website zugreifst und diese speichert. Sie verkn\u00fcpfen sich ausschlie\u00dflich mit deinem Browser und stellen nicht von selbst pers\u00f6nliche Daten zur Verf\u00fcgung. Cookies k\u00f6nnen dein elektronisches Ger\u00e4t nicht besch\u00e4digen und sind zus\u00e4tzlich sehr n\u00fctzlich, da sie uns helfen Fehler zu entdecken und zu korrigieren.<\/p>\n<p>Falls du mehr Information \u00fcber die Funktionsweise ben\u00f6tigst, empfehlen wir dir <a href=\"http:\/\/www.allaboutcookies.org\" target=\"_blank\" rel=\"noopener noreferrer\"><strong>www.allaboutcookies.org <\/strong><\/a>und <a href=\"http:\/\/www.youronlinechoices.eu\/es\/\" target=\"_blank\" rel=\"noopener noreferrer\"><strong>www.youronlinechoices.eu<\/strong><\/a> zu besuchen.<\/p>\n<h3><span style=\"font-size: 1.17em; text-align: justify; line-height: 1.5em;\">Cookies de redes sociales<\/span><\/h3>\n<p style=\"text-align: justify;\">En nuestra p\u00e1gina web se incluyen botones que los usuarios pueden utilizar, de forma sencilla e intuitiva, para enlazar y compartir ciertos contenidos en las redes sociales como Facebook, Twitter, Google+, LinkedIn o Pinterest. Esta funcionalidad conlleva el uso de cookies que enlazan con las p\u00e1ginas web de estas redes sociales, almacenando la informaci\u00f3n \u00fanicamente en ellas.<\/p>\n<h3 style=\"text-align: justify;\">Cookie Einstellungen<\/h3>\n<p style=\"text-align: justify;\">Um die Installation von Cookies zu deaktivieren kannst du die daf\u00fcr notwendigen Schritte in der Sektion \u201eHilfe\u201c deines Browsers einsehen: Microsoft Internet Explorer, Google Chrome, Safari, Mozilla Firefox und Opera.<\/p>\n<p><span style=\"line-height: 1.5em;\">Einige Browser erlauben es einen privaten Modus zu aktivieren, durch den die Cookies immer nach deinem Besuch im Internet gel\u00f6scht werden. Abh\u00e4ngig von jedem Browser hat dieser private Modus unterschiedliche Bezeichnungen. Im Folgenden Finden Sie eine Liste von den h\u00e4ufigsten Browsern und ihren unterschiedlichen Namen dieses \u201eprivaten Modus\u201c:<\/span><\/p>\n<ul>\n<li>Internet Explorer 8 und h\u00f6her &#8211; InPrivate<\/li>\n<li>Microsoft Edge<\/li>\n<li>Opera 10.5 und h\u00f6her &#8211; Privates Surfen<\/li>\n<li>Google Chrome 10 und h\u00f6her &#8211; Inkognito-Modus<\/li>\n<li>Safari 2 und h\u00f6her &#8211; Privates Surfen<\/li>\n<li>Firefox 3.5 und h\u00f6her &#8211; Privates Surfen<\/li>\n<\/ul>\n<p>Im Folgenden erl\u00e4utern wir euch die Cookies Verbindung, die von <a href=\"http:\/\/acfija.com\"><strong>acfija.com<\/strong><\/a> genutzt wird:<\/p>\n<table>\n<thead>\n<tr>\n<th>Cookie<\/th>\n<th>Art<\/th>\n<th>Dauer<\/th>\n<th>Beschreibung<\/th>\n<\/tr>\n<\/thead>\n<tbody>\n<tr>\n<td>_ga<\/td>\n<td>von Dritten<\/td>\n<td>2 Jahre<\/td>\n<td>von Google Analytics genutzt<\/td>\n<\/tr>\n<tr>\n<td>_icl_current_language<\/td>\n<td>von Dritten<\/td>\n<td>1 Tag<\/td>\n<td>Verwaltung der vom Web genutzten Sprachen<\/td>\n<\/tr>\n<tr>\n<td>devicePixelRatio<\/td>\n<td>mit der Website verbunden<\/td>\n<td>nach 7 Tagen<\/td>\n<td>Erlaube zwischen der unterschiedlichen Objektverfolgung die sich w\u00e4hrend der Sitzung erstellt, zu unterscheiden.<\/td>\n<\/tr>\n<tr>\n<td>wordpress_logged_in[hash]<\/td>\n<td>von Dritten<\/td>\n<td>Sitzung<\/td>\n<td>Zeige an ob der Nutzer verbunden ist und wer es ist<\/td>\n<\/tr>\n<tr>\n<td>wordpress_test_cookie<\/td>\n<td>von Dritten<\/td>\n<td>Sitzung<\/td>\n<td>Dieser Cookie wird verwendet, damit der Content Manager von WordPress \u00fcberpr\u00fcfen kann, ob der Browser die Cookies aktiviert hat<\/td>\n<\/tr>\n<tr>\n<td>wp-settings-1<\/td>\n<td>von Dritten<\/td>\n<td>Beim Schlie\u00dfen des Browsers<\/td>\n<td>enutzt um das Interface des Nutzers zu personalisieren<\/td>\n<\/tr>\n<tr>\n<td>wp-settings-time-1<\/td>\n<td>Eigen<\/td>\n<td>1 Jahre<\/td>\n<td>Interface personalisieren<\/td>\n<\/tr>\n<\/tbody>\n<\/table>\n<p>[\/vc_column_text][\/vc_column][\/vc_row]<\/p>\n","protected":false},"excerpt":{"rendered":"<p>[vc_row][vc_column][vc_column_text] Auf unserer Website verwenden wir eigene Cookies und Cookies von Dritten (Google Analytics) um Ihre Nutzererfahrung zu verbessern und statistische Daten \u00fcber die Nutzung unserer Website von Seiten der Nutzer zu gewinnen. Die Cookies verkn\u00fcpfen sich ausschlie\u00dflich mit dem Browser, sodass keine pers\u00f6nlichen Daten \u00fcber den Nutzer der unsere Website besucht gespeichert werden. Sie&hellip;<\/p>\n","protected":false},"author":1,"featured_media":0,"parent":0,"menu_order":0,"comment_status":"closed","ping_status":"closed","template":"","meta":[],"class_list":["post-1259","page","type-page","status-publish","hentry","description-off"],"yoast_head":"<!-- This site is optimized with the Yoast SEO plugin v27.4 - https:\/\/yoast.com\/product\/yoast-seo-wordpress\/ -->\n<title>Cookie-Hinweis ACFI Befestigungselemente, Verankerungen und Bolzen<\/title>\n<meta name=\"description\" content=\"Hersteller- und Schwei\u00dfunternehmen von Befestigungszubeh\u00f6r, Verankerungen und Bolzen. Informationen zur Verwendung von Cookies auf unserer Webseite.\" \/>\n<meta name=\"robots\" content=\"index, follow, max-snippet:-1, max-image-preview:large, max-video-preview:-1\" \/>\n<link rel=\"canonical\" href=\"https:\/\/acfija.com\/de\/info-cookies\/\" \/>\n<meta property=\"og:locale\" content=\"de_DE\" \/>\n<meta property=\"og:type\" content=\"article\" \/>\n<meta property=\"og:title\" content=\"Cookie-Hinweis ACFI Befestigungselemente, Verankerungen und Bolzen\" \/>\n<meta property=\"og:description\" content=\"Hersteller- und Schwei\u00dfunternehmen von Befestigungszubeh\u00f6r, Verankerungen und Bolzen. Informationen zur Verwendung von Cookies auf unserer Webseite.\" \/>\n<meta property=\"og:url\" content=\"https:\/\/acfija.com\/de\/info-cookies\/\" \/>\n<meta property=\"og:site_name\" content=\"ACFIJA\" \/>\n<meta property=\"article:modified_time\" content=\"2017-08-08T15:42:57+00:00\" \/>\n<meta name=\"twitter:card\" content=\"summary_large_image\" \/>\n<meta name=\"twitter:label1\" content=\"Gesch\u00e4tzte Lesezeit\" \/>\n\t<meta name=\"twitter:data1\" content=\"3\u00a0Minuten\" \/>\n<script type=\"application\/ld+json\" class=\"yoast-schema-graph\">{\"@context\":\"https:\\\/\\\/schema.org\",\"@graph\":[{\"@type\":\"WebPage\",\"@id\":\"https:\\\/\\\/acfija.com\\\/de\\\/info-cookies\\\/\",\"url\":\"https:\\\/\\\/acfija.com\\\/de\\\/info-cookies\\\/\",\"name\":\"Cookie-Hinweis ACFI Befestigungselemente, Verankerungen und Bolzen\",\"isPartOf\":{\"@id\":\"https:\\\/\\\/acfija.com\\\/#website\"},\"datePublished\":\"2017-04-21T12:39:34+00:00\",\"dateModified\":\"2017-08-08T15:42:57+00:00\",\"description\":\"Hersteller- und Schwei\u00dfunternehmen von Befestigungszubeh\u00f6r, Verankerungen und Bolzen. Informationen zur Verwendung von Cookies auf unserer Webseite.\",\"breadcrumb\":{\"@id\":\"https:\\\/\\\/acfija.com\\\/de\\\/info-cookies\\\/#breadcrumb\"},\"inLanguage\":\"de\",\"potentialAction\":[{\"@type\":\"ReadAction\",\"target\":[\"https:\\\/\\\/acfija.com\\\/de\\\/info-cookies\\\/\"]}]},{\"@type\":\"BreadcrumbList\",\"@id\":\"https:\\\/\\\/acfija.com\\\/de\\\/info-cookies\\\/#breadcrumb\",\"itemListElement\":[{\"@type\":\"ListItem\",\"position\":1,\"name\":\"Portada\",\"item\":\"https:\\\/\\\/acfija.com\\\/de\\\/\"},{\"@type\":\"ListItem\",\"position\":2,\"name\":\"Information \u00fcber Cookies\"}]},{\"@type\":\"WebSite\",\"@id\":\"https:\\\/\\\/acfija.com\\\/#website\",\"url\":\"https:\\\/\\\/acfija.com\\\/\",\"name\":\"ACFIJA\",\"description\":\"Accesorios de fijaci\u00f3n\",\"potentialAction\":[{\"@type\":\"SearchAction\",\"target\":{\"@type\":\"EntryPoint\",\"urlTemplate\":\"https:\\\/\\\/acfija.com\\\/?s={search_term_string}\"},\"query-input\":{\"@type\":\"PropertyValueSpecification\",\"valueRequired\":true,\"valueName\":\"search_term_string\"}}],\"inLanguage\":\"de\"}]}<\/script>\n<!-- \/ Yoast SEO plugin. -->","yoast_head_json":{"title":"Cookie-Hinweis ACFI Befestigungselemente, Verankerungen und Bolzen","description":"Hersteller- und Schwei\u00dfunternehmen von Befestigungszubeh\u00f6r, Verankerungen und Bolzen. Informationen zur Verwendung von Cookies auf unserer Webseite.","robots":{"index":"index","follow":"follow","max-snippet":"max-snippet:-1","max-image-preview":"max-image-preview:large","max-video-preview":"max-video-preview:-1"},"canonical":"https:\/\/acfija.com\/de\/info-cookies\/","og_locale":"de_DE","og_type":"article","og_title":"Cookie-Hinweis ACFI Befestigungselemente, Verankerungen und Bolzen","og_description":"Hersteller- und Schwei\u00dfunternehmen von Befestigungszubeh\u00f6r, Verankerungen und Bolzen. Informationen zur Verwendung von Cookies auf unserer Webseite.","og_url":"https:\/\/acfija.com\/de\/info-cookies\/","og_site_name":"ACFIJA","article_modified_time":"2017-08-08T15:42:57+00:00","twitter_card":"summary_large_image","twitter_misc":{"Gesch\u00e4tzte Lesezeit":"3\u00a0Minuten"},"schema":{"@context":"https:\/\/schema.org","@graph":[{"@type":"WebPage","@id":"https:\/\/acfija.com\/de\/info-cookies\/","url":"https:\/\/acfija.com\/de\/info-cookies\/","name":"Cookie-Hinweis ACFI Befestigungselemente, Verankerungen und Bolzen","isPartOf":{"@id":"https:\/\/acfija.com\/#website"},"datePublished":"2017-04-21T12:39:34+00:00","dateModified":"2017-08-08T15:42:57+00:00","description":"Hersteller- und Schwei\u00dfunternehmen von Befestigungszubeh\u00f6r, Verankerungen und Bolzen. Informationen zur Verwendung von Cookies auf unserer Webseite.","breadcrumb":{"@id":"https:\/\/acfija.com\/de\/info-cookies\/#breadcrumb"},"inLanguage":"de","potentialAction":[{"@type":"ReadAction","target":["https:\/\/acfija.com\/de\/info-cookies\/"]}]},{"@type":"BreadcrumbList","@id":"https:\/\/acfija.com\/de\/info-cookies\/#breadcrumb","itemListElement":[{"@type":"ListItem","position":1,"name":"Portada","item":"https:\/\/acfija.com\/de\/"},{"@type":"ListItem","position":2,"name":"Information \u00fcber Cookies"}]},{"@type":"WebSite","@id":"https:\/\/acfija.com\/#website","url":"https:\/\/acfija.com\/","name":"ACFIJA","description":"Accesorios de fijaci\u00f3n","potentialAction":[{"@type":"SearchAction","target":{"@type":"EntryPoint","urlTemplate":"https:\/\/acfija.com\/?s={search_term_string}"},"query-input":{"@type":"PropertyValueSpecification","valueRequired":true,"valueName":"search_term_string"}}],"inLanguage":"de"}]}},"_links":{"self":[{"href":"https:\/\/acfija.com\/de\/wp-json\/wp\/v2\/pages\/1259","targetHints":{"allow":["GET"]}}],"collection":[{"href":"https:\/\/acfija.com\/de\/wp-json\/wp\/v2\/pages"}],"about":[{"href":"https:\/\/acfija.com\/de\/wp-json\/wp\/v2\/types\/page"}],"author":[{"embeddable":true,"href":"https:\/\/acfija.com\/de\/wp-json\/wp\/v2\/users\/1"}],"replies":[{"embeddable":true,"href":"https:\/\/acfija.com\/de\/wp-json\/wp\/v2\/comments?post=1259"}],"version-history":[{"count":1,"href":"https:\/\/acfija.com\/de\/wp-json\/wp\/v2\/pages\/1259\/revisions"}],"predecessor-version":[{"id":1260,"href":"https:\/\/acfija.com\/de\/wp-json\/wp\/v2\/pages\/1259\/revisions\/1260"}],"wp:attachment":[{"href":"https:\/\/acfija.com\/de\/wp-json\/wp\/v2\/media?parent=1259"}],"curies":[{"name":"wp","href":"https:\/\/api.w.org\/{rel}","templated":true}]}}