{"id":1261,"date":"2017-04-21T14:31:50","date_gmt":"2017-04-21T12:31:50","guid":{"rendered":"http:\/\/acfija.com\/aviso-legal\/"},"modified":"2017-08-08T17:47:59","modified_gmt":"2017-08-08T15:47:59","slug":"rechtshinweis","status":"publish","type":"page","link":"https:\/\/acfija.com\/de\/rechtshinweis\/","title":{"rendered":"Rechtshinweis"},"content":{"rendered":"<p>[vc_row][vc_column][vc_column_text]<\/p>\n<p style=\"text-align: justify;\">Gem\u00e4\u00df dem Gesetz 34\/2002 \u00fcber Informationsdienste und elektronischen Handel in Spanien, machen wir Sie darauf aufmerksam, dass diese Website Eigentum von Accesorios de Fijaci\u00f3n, S.L., mit C.I.F. B61119764 ist und im Handelsregister von Barcelona eingetragen ist. Tomo 29.218, Folio 1, Hoja n\u00ba B-153167.<\/p>\n<p style=\"text-align: justify;\">Diese Website richtet sich ausschlie\u00dflich an die in Spanien g\u00fcltigen Richtlinien und man ist ihnen sowohl national als auch als Ausl\u00e4nder bei Benutzung der Homepage unterworfen.<\/p>\n<p style=\"text-align: justify;\">Der Zugang zu unserer Website ist unter NUTZER gratis und an die Bedingungen des vorherigen Hinweises sowie dem verkn\u00fcpften Einverst\u00e4ndnis gebunden, was ohne Einschr\u00e4nkungen in den aktuellen ALLGEMEINEN NUTZUNGSBEDINGUNGEN betont wird, welche zum Zeitpunkt des Zugriffs g\u00fcltig werden. Wir bitten Sie, diese ausf\u00fchrlich zu lesen. Zum Zeitpunkt der Nutzung unserer Website, ihrer Inhalte oder Dienste, akzeptiert und gestattet der NUTZER ausdr\u00fccklich die allgemeinen Nutzungsbedingungen. W\u00e4re der NUTZER nicht mit den vorliegenden Nutzungsbedingungen einverstanden, sollte er es unterlassen, diese Website zu nutzen und bedienen.<\/p>\n<p style=\"text-align: justify;\">Zu jedem Moment behalten wir es uns vor, die Darstellung und Konfiguration dieser Website zu ver\u00e4ndern, Dienstleistungen zu vergr\u00f6\u00dfern oder verringern und sie aus dem Internet zu l\u00f6schen ebenso wie die Dienstleistungen und Inhalte, einseitig und ohne Vorank\u00fcndigung gel\u00f6scht werden k\u00f6nnen.<\/p>\n<p><strong>A. URHEBERRECHT<\/strong><\/p>\n<p style=\"text-align: justify;\">Alle Inhalte, Texte, Bilder und Quellcodes sind Eigentum von Accesorios de Fijaci\u00f3n, S.L. oder von Dritten, die sich eigene Nutzungsrechte erworben haben und durch die Rechte des geistigen und gewerblichen Eigentums gesch\u00fctzt sind.<\/p>\n<p style=\"text-align: justify;\">Auf einen Privatgebrauch hat der NUTZER lediglich dann Recht, wenn keine Gewinnabsicht vorliegt und er ben\u00f6tigt eine ausdr\u00fcckliche Genehmigung von Accesorios de Fijaci\u00f3n, S.L. und\/oder er ist Inhaber der Rechte um diese zu modifizieren, reproduzieren, nutzen, verteilen oder jegliches zugeh\u00f6riges Recht, das ihm als Inhaber zusteht.<\/p>\n<p style=\"text-align: justify;\">Die Einrichtung von Links zu unserer Website verleiht kein Recht \u00fcber selbige und wird ausschlie\u00dflich f\u00fcr den Zugang zur Website genehmigt. Die volle oder teilweise Vervielf\u00e4ltigung von Bildern und\/oder Inhalten unserer Website auf anderen Seiten bleibt verboten. Au\u00dferdem verleiht die blo\u00dfe Tatsache einen Link zu unserer Website einzurichten kein Recht, sich zur Kategorie Partner oder Teilhaber von Accesorios de Fijaci\u00f3n, S.L. zu z\u00e4hlen.<\/p>\n<p style=\"text-align: justify;\">Eine totale oder teilweise Nachahmung unserer Website ist uneingeschr\u00e4nkt verboten.<\/p>\n<p><strong>B. ZUGANGSBEDINGUNGEN<\/strong><\/p>\n<p style=\"text-align: justify;\">Der Zugriff auf unsere Website ist gratis und ben\u00f6tigt weder vorheriges Abonnement noch eine Registrierung. Jedoch beh\u00e4lt sich Accesorios de Fijaci\u00f3n, S.L. das Recht vor, Dienste anzubieten, die eine vorzeitige Registrierung als NUTZER erfordern. Unter allen Umst\u00e4nden bleiben solche Dienste auf der Website ordnungsgem\u00e4\u00df zu kennzeichnen mit einfachen Hinweisen zur Registrierung.<\/p>\n<p style=\"text-align: justify;\">Der NUTZER darf auf unsere Website in einer Gutgl\u00e4ubigkeit zugreifen, gem\u00e4\u00df den Normen des \u00f6ffentlichen Rechts sowie den vorliegenden allgemeinen Nutzungsbedingungen. Der Zugang zu unserer Website bedingt eine eigene und ausschlie\u00dfliche Verantwortung des NUTZERS, der sich bereit erkl\u00e4rt in allen F\u00e4llen von auftretenden Sch\u00e4den und Vorurteilen, die Dritten sowie uns selbst Schaden zuf\u00fcgen k\u00f6nnten, zu reagieren.<\/p>\n<p style=\"text-align: justify;\">EDEM NUTZER ist die Nutzung und Aneignung von Diensten und angebotenen Inhalten der vorliegenden Website ausdr\u00fccklich untersagt, aufgrund von unterschiedlichen Verfahren hinsichtlich der vereinbarten aktuellen Nutzungsbedingungen und in seinem Fall bei den Sonderbedingungen, die den Erwerb der genannten Dienste regulieren.<\/p>\n<p style=\"text-align: justify;\">Hinsichtlich der Unm\u00f6glichkeit der \u00dcberwachung von Information, Inhalten und Diensten, die andere Websites beinhalten, auf die man via der Links, die unsere Website Ihnen zur Verf\u00fcgung stellt zugreifen kann, machen wir Sie darauf aufmerksam, dass sich Accesorios de Fijaci\u00f3n, S.L. von jeglicher Verantwortung durch Sch\u00e4den und Vorurteilen aller Art, die durch die Nutzung dieser fremden Seiten seitens des NUTZERS auf uns zur\u00fcckkommen, befreit. Accesorios de Fijaci\u00f3n, S.L. beh\u00e4lt sich das Recht vor, entsprechende rechtliche Schritte gegen solche NUTZER einzuleiten, die die vorliegenden allgemeinen Nutzungsbedingungen verletzen. Der NUTZER akzeptiert, dass das Nicht-Einleiten dieser rechtlichen Schritte keinen ausdr\u00fccklichen Verzicht von Accesorios de Fijaci\u00f3n, S.L. besagter rechtlicher Anspr\u00fcche bedeutet, da diese bis zu den Verj\u00e4hrungsfristen von Straftaten rechtskr\u00e4ftig bleiben.<\/p>\n<p><strong>C. SCHUTZ DER PERS\u00d6NLICHEN DATEN<\/strong><\/p>\n<p style=\"text-align: justify;\">Datenschutz, Schweigepflicht und Sicherheit sind grundlegende Werte von Accesorios de Fijaci\u00f3n, S.L., das die Garantie der Privatsph\u00e4re des NUTZERS zu jedem Zeitpunkt und bei allen Interaktionen \u00fcbernimmt. Accesorios de Fijaci\u00f3n, S.L. verpflichtet sich au\u00dferdem, keine unn\u00f6tigen Informationen \u00fcber den NUTZER zu sammeln. Ebenso verpflichten wir uns pers\u00f6nliche Informationen des NUTZERS, die das Nutzen der Website erleichtern, mit extremer Sorgfalt zu behandeln.<\/p>\n<p style=\"text-align: justify;\">In Absprache mit dem Organisationsgesetz 15\/1999 zum Schutz pers\u00f6nlicher Daten (LOPD), und dem k\u00f6niglichen Dekret 1720\/2007 zur Entwicklung der LOPD, machen wir Sie darauf aufmerksam, dass das Nutzen genannter Dienstleistungen auf unserer Website es erfordert, dass genannte pers\u00f6nliche Daten zur Vereinfachung bei Anmeldeformularen oder durch das Senden von E-Mails gebraucht werden, und dass diese Bearbeitungsgegenstand sind und in die Kartei von Accesorios de Fijaci\u00f3n, S.L. als Inhaber verantwortungsvoll aufgenommen werden. Der Versand von genannten pers\u00f6nlichen Daten stellt die ausdr\u00fcckliche Einwilligung zur Bearbeitung dieser dar, wenngleich mit Recht auf Widerruf und ohne r\u00fcckwirkende Auswirkungen.<\/p>\n<p style=\"text-align: justify;\">Ebenso informieren wir Sie, dass alle unsere Karteien legal im allgemeinen spanischen Datenschutzregister eingetragen sind. Um die Sicherheit ihrer pers\u00f6nlichen Daten zu gew\u00e4hrleisten werden au\u00dferdem die technischen und organisationsbezogenen Sicherheitsma\u00dfnahmen durch das k\u00f6nigliche Dekret 1720\/2007 angewendet, das die Verfahrensordnung der Sicherheitsma\u00dfnahmen von Dateien pers\u00f6nlicher Art regelt.<\/p>\n<p><strong>VERWENDUNG IHRER PERS\u00d6NLICHEN DATEN<\/strong><\/p>\n<p style=\"text-align: justify;\">Die Daten um die wir Sie bitten sind geeignet, relevant und unbedingt erforderlich f\u00fcr den von ihnen abh\u00e4ngigen Zweck und Sie sind zu keinem Zeitpunkt verpflichtet uns dies zu vereinfachen. Ebenso m\u00f6chten wir sicherstellen, dass alle Daten, die uns die Arbeit erleichtern, zutreffend wahrheitsgem\u00e4\u00df und relevant f\u00fcr den Zweck sind, f\u00fcr den wir Sie darum bitten. Unsere Website sammelt Ihre pers\u00f6nlichen Daten durch den Empfang diverser Formulare und durch elektronische Post, durch welche Sie jegliche Art von Information, Erkl\u00e4rung oder Zweifel zukommen lassen k\u00f6nnen sowie auch ihren Lebenslauf. Das Senden selbiger impliziert ihre Zustimmung, diese in unsere entsprechende Kundendatei aufzunehmen, wenn Accesorios de Fijaci\u00f3n, S.L. es als geeignet ansieht und diese durch die aktuellen Datenschutzrichtlinien reguliert werden. Ihre Daten werden in unserer Kartei der Datenverarbeitung aufgenommen.<\/p>\n<p style=\"text-align: justify;\">Accesorios de Fijaci\u00f3n, S.L. beh\u00e4lt es sich vor, ob Ihre pers\u00f6nlichen Daten in die Kartei aufgenommen werden oder nicht.<\/p>\n<p><strong>ZUGRIFFSRECHTE, KORREKTUR, L\u00d6SCHEN PERS\u00d6NLICHER DATEN<\/strong><\/p>\n<p style=\"text-align: justify;\">Zu jedem Zeitpunkt k\u00f6nnen Sie unserem Zusenden von Werbung widersprechen, sowie Ihre Zugriffsrechte anhand von Korrektur und L\u00f6schen von gesetzlich festgelegten Bedingungen aus\u00fcben, indem Sie sich an: Accesorios de Fijaci\u00f3n, S.L. wenden.<\/p>\n<p><strong>DATEN\u00dcBERTRAGUNG<\/strong><\/p>\n<p style=\"text-align: justify;\">Accesorios de Fijaci\u00f3n, S.L. informiert Sie dar\u00fcber, dass ihre Daten vertraulich behandelt werden und ausschlie\u00dflich f\u00fcr interne und angegebene Zwecke verwendet. Deshalb werden ihre Daten an Dritte weder \u00fcberlassen noch kommuniziert, ausgenommen in gesetzlich vorgesehenen F\u00e4llen oder wenn der NUTZER es uns ausdr\u00fccklich genehmigt.<\/p>\n<p><strong>SICHERHEIT IHRER DATEN<\/strong><\/p>\n<p style=\"text-align: justify;\">Mit dem Ziel ihre pers\u00f6nlichen Daten zu sch\u00fctzen informieren wir Sie, dass Accesorios de Fijaci\u00f3n, S.L. alle notwendigen Ma\u00dfnahmen technischer und organisatorischer Natur ergriffen hat, um die Sicherheit der bereitgestellten pers\u00f6nlichen Daten bei St\u00f6rungen, Verlust und Bearbeitung sowie unberechtigtem Zugriff gem\u00e4\u00df dem k\u00f6niglichen Dekret 1720\/2007, das die Verfahrensordnung der Sicherheitsma\u00dfnahmen von Dateien pers\u00f6nlicher Art regelt.<\/p>\n<p><strong>DATENAKTUALISIERUNG<\/strong><\/p>\n<p style=\"text-align: justify;\">Damit wir ihre pers\u00f6nlichen Daten aktualisiert halten k\u00f6nnen ist es wichtig, dass Sie uns stets informieren wenn es dies bez\u00fcglich zu einer Ab\u00e4nderungen kam. Andernfalls k\u00f6nnen wir uns nicht auf die Richtigkeit der Daten verlassen.<\/p>\n<p style=\"text-align: justify;\">Wir gehen davon aus, dass wenn Sie ihre pers\u00f6nlichen Daten nicht ausdr\u00fccklich aus unserer Kartei l\u00f6schen, Sie weiterhin interessiert sind, darin eingetragen zu sein bis Accesorios de Fijaci\u00f3n, S.L. es rechtzeitig ber\u00fccksichtigt und solange es angepasst ist, bis zum Ziel, f\u00fcr das wir die Daten erhalten haben sie weiternutzt. Accesorios de Fijaci\u00f3n, S.L. sieht sich hinsichtlich der Datenschutzrichtlinie in Bezug auf die pers\u00f6nlichen Daten, die es Dritten anhand von auf unserer Website verf\u00fcgbaren Links vereinfachen k\u00f6nnen, nicht verantwortlich.<\/p>\n<p style=\"text-align: justify;\">Accesorios de Fijaci\u00f3n, S.L. beh\u00e4lt es sich vor, die aktuellen Datenschutzrichtlinien zu ver\u00e4ndern um sie an die stetigen Aktualisierungen unserer Website anzupassen als auch Gesetzes\u00e4nderungen oder Ver\u00e4nderungen in der Rechtsprechung \u00fcber personenbezogene Daten, die auftreten k\u00f6nnen, weshalb es erforderlich ist diese immer zu lesen wenn Sie uns ihre Daten \u00fcber unsere Website zur Verf\u00fcgung stellen.<\/p>\n<p><strong>D. VERANTWORTUNGEN<\/strong><\/p>\n<p style=\"text-align: justify;\">Beim Bereitstellen unserer Website f\u00fcr den NUTZER m\u00f6chten wir Ihnen eine Reihe an Inhalten und qualitativen Dienstleistungen anbieten, was sich durch maximale Sorgfalt sowohl bei der Bereitstellung dieser Dienste zeigt als auch bei den verwendeten technologischen Mitteln. Nichts desto trotz, werden wir nicht auf die Anwesenheit von Viren und anderen Komponenten, die das Computersystem des NUTZERS besch\u00e4digen k\u00f6nnen, antworten.<\/p>\n<p style=\"text-align: justify;\">Dem NUTZER ist jegliche Handlung auf unserer Website untersagt, die eine \u00dcberlastung unseres Computersystems hervorruft, sowie auch das Einf\u00fchren eines Virus, die Installation von Robotern oder von Software, die den normalen Betrieb unserer Website st\u00f6rt oder letztlich Sch\u00e4den an unserem Computersystem verursacht.<\/p>\n<p style=\"text-align: justify;\">Der NUTZER \u00fcbernimmt die volle Haftung f\u00fcr die Nutzung unserer Website. Er ist der einzige Verantwortliche f\u00fcr direkte oder indirekte Auswirkungen, die sich durch die Nutzung der Website herleiten lassen, einschlie\u00dflich und ohne Einschr\u00e4nkung wirtschaftlicher, technischer und\/oder rechtlich widriger Ergebnisse, sowie auch die Unterschlagung besagter, auf unserem Onlineportal generierter Erwartungen, die den Nutzer dazu verpflichten, Accesorios de Fijacion, S.L. von jedweder direkter oder indirekter Reklamation, unangetastet zu lassen.<\/p>\n<p style=\"text-align: justify;\">Accesorios de Fijaci\u00f3n, S.L. bleibt frei von Verantwortung bez\u00fcglich jeglicher Reklamation, die das Recht des geistigen Eigentums von Artikeln und ver\u00f6ffentlichten Bilder in seinem Onlineportal betrifft als auch es die Genauigkeit, Richtigkeit und G\u00fcltigkeit der Inhalte dieser Website, seien sie eigene, von Dritten oder verbunden mit anderen Websites nicht garantiert und befreit sich vollst\u00e4ndig von jeglicher Verantwortung bei der Nutzung eben dieser.<\/p>\n<p style=\"text-align: justify;\">Accesorios de Fijaci\u00f3n, S.L. bleibt frei von aller Verantwortung bez\u00fcglich jeglicher Werbung, einschlie\u00dflich der Geb\u00fchrenzahlung an Anw\u00e4lte, die durch Klagen oder Reklamationen von Dritten hervorgebracht werden indem die Nichteinhaltung unserer Nutzungsbedingungen, Zugriff und Datenschutzbestimmungen oder jegliche andere Reklamation durch Nichteinhaltung der geltenden Rechtsvorschriften von Seiten des NUTZERS nicht eingehalten wurden.<\/p>\n<p style=\"text-align: justify;\">Der NUTZER erkennt an, dass er die vollst\u00e4ndige Information bez\u00fcglich der Nutzungsbedingungen unseres Onlineportals verstanden hat, und erkennt weiter an, dass sie ausreichend sind um Fehler innerhalb dieser auszuschlie\u00dfen und deshalb vollst\u00e4ndig und ausdr\u00fccklich akzeptiert.<\/p>\n<p style=\"text-align: justify;\">Der NUTZER ist sich vollst\u00e4ndig bewusst, dass das blo\u00dfe surfen auf der vorliegenden Website sowie die Verwendung ihrer Dienste, die Einwilligung zu den bestehenden Nutzungsbedingungen impliziert.<\/p>\n<p style=\"text-align: justify;\">Jeder Bezug zu unserer Website ist ausschlie\u00dflich durch die spanische Gesetzgebung geregelt. Falls es zum Auftreten von Unstimmigkeiten oder Differenzen zwischen den Parteien in Bezug auf Interpretation und Inhalt der vorliegenden Website kommt, haben sich alle Parteien mit ausdr\u00fccklicher Verzichtserkl\u00e4rung auf jeden anderen Gerichtsstand, dem Gerichtshof und der Justiz zu unterwerfen.<\/p>\n<p><strong>E. GOOGLE ANALYTICS<\/strong><\/p>\n<p style=\"text-align: justify;\">Diese Internetseite nutzt Google Analytics, ein Online-Analysedienst des Unternehmens Google Inc.., dessen offizieller Hauptsitz sich in 1600 Amphitheatre Parkway, Mountain View (California), CA 94043, Vereinigte Staaten von Amerika (\u201cGoogle\u201d) befindet.<\/p>\n<p style=\"text-align: justify;\">Google Analytics verwendet \u201eCookies\u201c. Dies sind Textdateien auf ihrem Computer, die der Website helfen, die Nutzung der Website seitens der Benutzer zu analysieren.<\/p>\n<p style=\"text-align: justify;\">Die Information, die ein Cookie w\u00e4hrend ihrer Nutzung der Website generiert (einschlie\u00dflich ihre IP-Adresse) werden direkt weitergeleitet und von Google auf den Servern in den USA archiviert.<\/p>\n<p style=\"text-align: justify;\">Durch unseren Auftrag wird Google diese Information mit dem Ziel verwenden, ihre Nutzung der Website zu verfolgen um dabei T\u00e4tigkeitsberichte der Website zu sammeln und andere Dienste anzubieten, die mit den T\u00e4tigkeiten auf der Website und der Internetnutzung zusammenh\u00e4ngen.<\/p>\n<p style=\"text-align: justify;\">Google kann genannte Information an Dritte weitergeben, falls es die Gesetzgebung vorschreibt oder falls die erw\u00e4hnten Dritten gegen die Information im Auftrag von Google klagen.<\/p>\n<p style=\"text-align: justify;\">Google verkn\u00fcpft Ihre IP-Adresse mit keinen anderen Daten, \u00fcber die Google verf\u00fcgt.<\/p>\n<p style=\"text-align: justify;\">Diese Website kann auf bestimmten Seiten von \u201etracking tags\u201c Gebrauch machen, zur Messung und Optimierung von Ergebnissen aus Marketingkampagnen, dabei aber auf keinen Fall pers\u00f6nliche Information des Nutzers abspeichert.<\/p>\n<p style=\"text-align: justify;\">Der NUTZER kann die Datenverarbeitung oder die Information ablehnen, in dem er die Nutzung von Cookies \u00fcber die Auswahl der entsprechenden Browsereinstellung ausstellt, jedoch sollte er dabei bedenken, dass es in diesem Falle zu einer eingeschr\u00e4nkten Funktionsf\u00e4higkeit der Website kommen kann. W\u00e4hrend der Nutzung dieser Website ist sich der Nutzer \u00fcber Informationen durch Google in dieser Form und der oben genannten Verwendungszwecke bewusst.<\/p>\n<p>[\/vc_column_text][\/vc_column][\/vc_row]<\/p>\n","protected":false},"excerpt":{"rendered":"<p>[vc_row][vc_column][vc_column_text] Gem\u00e4\u00df dem Gesetz 34\/2002 \u00fcber Informationsdienste und elektronischen Handel in Spanien, machen wir Sie darauf aufmerksam, dass diese Website Eigentum von Accesorios de Fijaci\u00f3n, S.L., mit C.I.F. B61119764 ist und im Handelsregister von Barcelona eingetragen ist. Tomo 29.218, Folio 1, Hoja n\u00ba B-153167. Diese Website richtet sich ausschlie\u00dflich an die in Spanien g\u00fcltigen Richtlinien&hellip;<\/p>\n","protected":false},"author":1,"featured_media":0,"parent":0,"menu_order":0,"comment_status":"closed","ping_status":"closed","template":"","meta":[],"class_list":["post-1261","page","type-page","status-publish","hentry","description-off"],"yoast_head":"<!-- This site is optimized with the Yoast SEO plugin v27.3 - https:\/\/yoast.com\/product\/yoast-seo-wordpress\/ -->\n<title>Rechtlicher Hinweis ACFI Befestigungselemente, Verankerungen und Bolzen<\/title>\n<meta name=\"description\" content=\"Hersteller- und Schwei\u00dfunternehmen f\u00fcr Befestigungszubeh\u00f6r, Verankerungen und Bolzen. Informationen zum LOPD, LSSICE und Cookie-Richtlinie.\" \/>\n<meta name=\"robots\" content=\"index, follow, max-snippet:-1, max-image-preview:large, max-video-preview:-1\" \/>\n<link rel=\"canonical\" href=\"https:\/\/acfija.com\/de\/rechtshinweis\/\" \/>\n<meta property=\"og:locale\" content=\"de_DE\" \/>\n<meta property=\"og:type\" content=\"article\" \/>\n<meta property=\"og:title\" content=\"Rechtlicher Hinweis ACFI Befestigungselemente, Verankerungen und Bolzen\" \/>\n<meta property=\"og:description\" content=\"Hersteller- und Schwei\u00dfunternehmen f\u00fcr Befestigungszubeh\u00f6r, Verankerungen und Bolzen. Informationen zum LOPD, LSSICE und Cookie-Richtlinie.\" \/>\n<meta property=\"og:url\" content=\"https:\/\/acfija.com\/de\/rechtshinweis\/\" \/>\n<meta property=\"og:site_name\" content=\"ACFIJA\" \/>\n<meta property=\"article:modified_time\" content=\"2017-08-08T15:47:59+00:00\" \/>\n<meta name=\"twitter:card\" content=\"summary_large_image\" \/>\n<meta name=\"twitter:label1\" content=\"Gesch\u00e4tzte Lesezeit\" \/>\n\t<meta name=\"twitter:data1\" content=\"11\u00a0Minuten\" \/>\n<script type=\"application\/ld+json\" class=\"yoast-schema-graph\">{\"@context\":\"https:\\\/\\\/schema.org\",\"@graph\":[{\"@type\":\"WebPage\",\"@id\":\"https:\\\/\\\/acfija.com\\\/de\\\/rechtshinweis\\\/\",\"url\":\"https:\\\/\\\/acfija.com\\\/de\\\/rechtshinweis\\\/\",\"name\":\"Rechtlicher Hinweis ACFI Befestigungselemente, Verankerungen und Bolzen\",\"isPartOf\":{\"@id\":\"https:\\\/\\\/acfija.com\\\/#website\"},\"datePublished\":\"2017-04-21T12:31:50+00:00\",\"dateModified\":\"2017-08-08T15:47:59+00:00\",\"description\":\"Hersteller- und Schwei\u00dfunternehmen f\u00fcr Befestigungszubeh\u00f6r, Verankerungen und Bolzen. Informationen zum LOPD, LSSICE und Cookie-Richtlinie.\",\"breadcrumb\":{\"@id\":\"https:\\\/\\\/acfija.com\\\/de\\\/rechtshinweis\\\/#breadcrumb\"},\"inLanguage\":\"de\",\"potentialAction\":[{\"@type\":\"ReadAction\",\"target\":[\"https:\\\/\\\/acfija.com\\\/de\\\/rechtshinweis\\\/\"]}]},{\"@type\":\"BreadcrumbList\",\"@id\":\"https:\\\/\\\/acfija.com\\\/de\\\/rechtshinweis\\\/#breadcrumb\",\"itemListElement\":[{\"@type\":\"ListItem\",\"position\":1,\"name\":\"Portada\",\"item\":\"https:\\\/\\\/acfija.com\\\/de\\\/\"},{\"@type\":\"ListItem\",\"position\":2,\"name\":\"Rechtshinweis\"}]},{\"@type\":\"WebSite\",\"@id\":\"https:\\\/\\\/acfija.com\\\/#website\",\"url\":\"https:\\\/\\\/acfija.com\\\/\",\"name\":\"ACFIJA\",\"description\":\"Accesorios de fijaci\u00f3n\",\"potentialAction\":[{\"@type\":\"SearchAction\",\"target\":{\"@type\":\"EntryPoint\",\"urlTemplate\":\"https:\\\/\\\/acfija.com\\\/?s={search_term_string}\"},\"query-input\":{\"@type\":\"PropertyValueSpecification\",\"valueRequired\":true,\"valueName\":\"search_term_string\"}}],\"inLanguage\":\"de\"}]}<\/script>\n<!-- \/ Yoast SEO plugin. -->","yoast_head_json":{"title":"Rechtlicher Hinweis ACFI Befestigungselemente, Verankerungen und Bolzen","description":"Hersteller- und Schwei\u00dfunternehmen f\u00fcr Befestigungszubeh\u00f6r, Verankerungen und Bolzen. Informationen zum LOPD, LSSICE und Cookie-Richtlinie.","robots":{"index":"index","follow":"follow","max-snippet":"max-snippet:-1","max-image-preview":"max-image-preview:large","max-video-preview":"max-video-preview:-1"},"canonical":"https:\/\/acfija.com\/de\/rechtshinweis\/","og_locale":"de_DE","og_type":"article","og_title":"Rechtlicher Hinweis ACFI Befestigungselemente, Verankerungen und Bolzen","og_description":"Hersteller- und Schwei\u00dfunternehmen f\u00fcr Befestigungszubeh\u00f6r, Verankerungen und Bolzen. Informationen zum LOPD, LSSICE und Cookie-Richtlinie.","og_url":"https:\/\/acfija.com\/de\/rechtshinweis\/","og_site_name":"ACFIJA","article_modified_time":"2017-08-08T15:47:59+00:00","twitter_card":"summary_large_image","twitter_misc":{"Gesch\u00e4tzte Lesezeit":"11\u00a0Minuten"},"schema":{"@context":"https:\/\/schema.org","@graph":[{"@type":"WebPage","@id":"https:\/\/acfija.com\/de\/rechtshinweis\/","url":"https:\/\/acfija.com\/de\/rechtshinweis\/","name":"Rechtlicher Hinweis ACFI Befestigungselemente, Verankerungen und Bolzen","isPartOf":{"@id":"https:\/\/acfija.com\/#website"},"datePublished":"2017-04-21T12:31:50+00:00","dateModified":"2017-08-08T15:47:59+00:00","description":"Hersteller- und Schwei\u00dfunternehmen f\u00fcr Befestigungszubeh\u00f6r, Verankerungen und Bolzen. Informationen zum LOPD, LSSICE und Cookie-Richtlinie.","breadcrumb":{"@id":"https:\/\/acfija.com\/de\/rechtshinweis\/#breadcrumb"},"inLanguage":"de","potentialAction":[{"@type":"ReadAction","target":["https:\/\/acfija.com\/de\/rechtshinweis\/"]}]},{"@type":"BreadcrumbList","@id":"https:\/\/acfija.com\/de\/rechtshinweis\/#breadcrumb","itemListElement":[{"@type":"ListItem","position":1,"name":"Portada","item":"https:\/\/acfija.com\/de\/"},{"@type":"ListItem","position":2,"name":"Rechtshinweis"}]},{"@type":"WebSite","@id":"https:\/\/acfija.com\/#website","url":"https:\/\/acfija.com\/","name":"ACFIJA","description":"Accesorios de fijaci\u00f3n","potentialAction":[{"@type":"SearchAction","target":{"@type":"EntryPoint","urlTemplate":"https:\/\/acfija.com\/?s={search_term_string}"},"query-input":{"@type":"PropertyValueSpecification","valueRequired":true,"valueName":"search_term_string"}}],"inLanguage":"de"}]}},"_links":{"self":[{"href":"https:\/\/acfija.com\/de\/wp-json\/wp\/v2\/pages\/1261","targetHints":{"allow":["GET"]}}],"collection":[{"href":"https:\/\/acfija.com\/de\/wp-json\/wp\/v2\/pages"}],"about":[{"href":"https:\/\/acfija.com\/de\/wp-json\/wp\/v2\/types\/page"}],"author":[{"embeddable":true,"href":"https:\/\/acfija.com\/de\/wp-json\/wp\/v2\/users\/1"}],"replies":[{"embeddable":true,"href":"https:\/\/acfija.com\/de\/wp-json\/wp\/v2\/comments?post=1261"}],"version-history":[{"count":2,"href":"https:\/\/acfija.com\/de\/wp-json\/wp\/v2\/pages\/1261\/revisions"}],"predecessor-version":[{"id":1263,"href":"https:\/\/acfija.com\/de\/wp-json\/wp\/v2\/pages\/1261\/revisions\/1263"}],"wp:attachment":[{"href":"https:\/\/acfija.com\/de\/wp-json\/wp\/v2\/media?parent=1261"}],"curies":[{"name":"wp","href":"https:\/\/api.w.org\/{rel}","templated":true}]}}