{"id":1278,"date":"2017-04-13T10:57:29","date_gmt":"2017-04-13T08:57:29","guid":{"rendered":"http:\/\/acfija.com\/chorreado-granallado\/"},"modified":"2021-10-06T16:12:45","modified_gmt":"2021-10-06T14:12:45","slug":"strahltechnik-strahlreinigung","status":"publish","type":"page","link":"https:\/\/acfija.com\/de\/strahltechnik-strahlreinigung\/","title":{"rendered":"Strahlverfahren"},"content":{"rendered":"<p>[vc_row][vc_column width=&#8220;1\/6&#8243;][\/vc_column][vc_column width=&#8220;2\/3&#8243;][vc_column_text el_class=&#8220;tituloportada&#8220;]<\/p>\n<h2 style=\"text-align: center;\">Strahltechnik und Strahlreinigung von Oberfl\u00e4chen<\/h2>\n<p>[\/vc_column_text][\/vc_column][vc_column width=&#8220;1\/6&#8243;][\/vc_column][\/vc_row][vc_row][vc_column width=&#8220;1\/2&#8243;][vc_column_text]In unserem Serviceumfang haben wir das Strahlen mit Aluminiumgranulat aufgenommen (Aluminiumsilikate) um jegliche Art von Metalloberfl\u00e4che zu reinigen, ein Service der bereits vor der Schwei\u00dfarbeit, Farbe, Dickenmessung, etc. auf den Metallst\u00fccken der Verankerungen f\u00fcr feuerfeste Verkleidung durchgef\u00fchrt wird.<\/p>\n<p>Aufgrund einiger Erfahrung ist es erforderlich, die Strahltechnik auf den Metallst\u00fccken bereits vor der Schwei\u00dfarbeit und dem Zuschnitt anzuwenden. Wir sind der \u00dcberzeugung, dass das Angebot dieses verwandten Services wichtig ist und einen gro\u00dfen Vorteil darstellt.<\/p>\n<p><strong>Niemand wei\u00df besser \u00fcber das Ma\u00df an erforderlicher Sauberkeit f\u00fcr eine erfolgreiche Schwei\u00dfarbeit als wir.<\/strong>[\/vc_column_text][vc_column_text]Der zu erzielende Grad mit unseren Fertigungsmethoden ist der Folgende:[\/vc_column_text]<div class=\"uavc-list-icon uavc-list-icon-wrapper ult-adjust-bottom-margin   \"><ul class=\"uavc-list\"><li><div class=\"uavc-list-content\" id=\"list-icon-wrap-5749\">\n<div class=\"uavc-list-icon  \" data-animation=\"\" data-animation-delay=\"03\" style=\"margin-right:10px;\"><div class=\"ult-just-icon-wrapper  \"><div class=\"align-icon\" style=\"text-align:center;\">\n<div class=\"aio-icon none \"  style=\"color:#463031;font-size:16px;display:inline-block;\">\n\t<i class=\"Defaults-stop\"><\/i>\n<\/div><\/div><\/div>\n<\/div><span  data-ultimate-target='#list-icon-wrap-5749 .uavc-list-desc'  data-responsive-json-new='{\"font-size\":\"desktop:14px;\",\"line-height\":\"desktop:26px;\"}'  class=\"uavc-list-desc ult-responsive\" style=\"\">Sa 2\u00bd: Strahltechnik mit Schleifmaterial oder Granulat so lange anwenden bis das Metall fast wei\u00df ist, Ziel ist es mindestens 95% jedes Oberfl\u00e4chenabschnitts von jeglichen sichtbaren R\u00fcckst\u00e4nden zu befreien.<\/span><\/div><\/li><li><div class=\"uavc-list-content\" id=\"list-icon-wrap-3332\">\n<div class=\"uavc-list-icon  \" data-animation=\"\" data-animation-delay=\"03\" style=\"margin-right:10px;\"><div class=\"ult-just-icon-wrapper  \"><div class=\"align-icon\" style=\"text-align:center;\">\n<div class=\"aio-icon none \"  style=\"color:#463031;font-size:16px;display:inline-block;\">\n\t<i class=\"Defaults-stop\"><\/i>\n<\/div><\/div><\/div>\n<\/div><span  data-ultimate-target='#list-icon-wrap-3332 .uavc-list-desc'  data-responsive-json-new='{\"font-size\":\"desktop:14px;\",\"line-height\":\"desktop:26px;\"}'  class=\"uavc-list-desc ult-responsive\" style=\"\">Seien Sie beim Strahlen sehr behutsam: Die Strahlungs\u00f6ffnung wird \u00fcber der Oberfl\u00e4che f\u00fcr die notwendige Zeit gehalten um sicher zu gehen, dass Walzzunder, Rost und Fremdk\u00f6rper auf eine solche Art und Weise verschwunden sind, dass jegliche \u00dcberbleibsel lediglich als leichte Schatten oder Flecken auf der Oberfl\u00e4che zu erkennen sind.<\/span><\/div><\/li><li><div class=\"uavc-list-content\" id=\"list-icon-wrap-4907\">\n<div class=\"uavc-list-icon  \" data-animation=\"\" data-animation-delay=\"03\" style=\"margin-right:10px;\"><div class=\"ult-just-icon-wrapper  \"><div class=\"align-icon\" style=\"text-align:center;\">\n<div class=\"aio-icon none \"  style=\"color:#463031;font-size:16px;display:inline-block;\">\n\t<i class=\"Defaults-stop\"><\/i>\n<\/div><\/div><\/div>\n<\/div><span  data-ultimate-target='#list-icon-wrap-4907 .uavc-list-desc'  data-responsive-json-new='{\"font-size\":\"desktop:14px;\",\"line-height\":\"desktop:26px;\"}'  class=\"uavc-list-desc ult-responsive\" style=\"\">Zum Schluss wird der Schleifstaub mit einem Staubsauger mit sauberer und trockener Druckluft aufgesaugt oder mit einer sauberen B\u00fcrste entfernt.<\/span><\/div><\/li><\/ul><\/div>[\/vc_column][vc_column width=&#8220;1\/2&#8243;]<div id=\"ult-carousel-96274659069f214cd35c91\" class=\"ult-carousel-wrapper   ult_horizontal\" data-gutter=\"15\" data-rtl=\"false\" ><div class=\"ult-carousel-139963470869f214cd35bcc \" >[vc_single_image image=&#8220;944&#8243; img_size=&#8220;full&#8220; alignment=&#8220;center&#8220;][vc_single_image image=&#8220;948&#8243; img_size=&#8220;full&#8220; alignment=&#8220;center&#8220;][vc_single_image image=&#8220;949&#8243; img_size=&#8220;full&#8220; alignment=&#8220;center&#8220;][vc_single_image image=&#8220;950&#8243; img_size=&#8220;full&#8220; alignment=&#8220;center&#8220;][vc_single_image image=&#8220;951&#8243; img_size=&#8220;full&#8220; alignment=&#8220;center&#8220;][vc_single_image image=&#8220;952&#8243; img_size=&#8220;full&#8220; alignment=&#8220;center&#8220;]<\/div><\/div>\t\t\t<script type=\"text\/javascript\">\n\t\t\t\tjQuery(document).ready(function ($) {\n\t\t\t\t\tif( typeof jQuery('.ult-carousel-139963470869f214cd35bcc').slick == \"function\"){\n\t\t\t\t\t\t$('.ult-carousel-139963470869f214cd35bcc').slick({dots: true,autoplay: true,autoplaySpeed: 5000,speed: 300,infinite: true,arrows: true,nextArrow: '<button type=\"button\" role=\"button\" aria-label=\"Next\" style=\"color:#333333; font-size:20px;\" class=\"slick-next default\"><i class=\"ultsl-arrow-right4\"><\/i><\/button>',prevArrow: '<button type=\"button\" role=\"button\" aria-label=\"Previous\" style=\"color:#333333; font-size:20px;\" class=\"slick-prev default\"><i class=\"ultsl-arrow-left4\"><\/i><\/button>',slidesToScroll:1,slidesToShow:1,swipe: true,draggable: true,touchMove: true,pauseOnHover: true,pauseOnFocus: false,responsive: [\n\t\t\t\t\t\t\t{\n\t\t\t\t\t\t\t  breakpoint: 1026,\n\t\t\t\t\t\t\t  settings: {\n\t\t\t\t\t\t\t\tslidesToShow: 1,\n\t\t\t\t\t\t\t\tslidesToScroll: 1,  \n\t\t\t\t\t\t\t  }\n\t\t\t\t\t\t\t},\n\t\t\t\t\t\t\t{\n\t\t\t\t\t\t\t  breakpoint: 1025,\n\t\t\t\t\t\t\t  settings: {\n\t\t\t\t\t\t\t\tslidesToShow: 1,\n\t\t\t\t\t\t\t\tslidesToScroll: 1\n\t\t\t\t\t\t\t  }\n\t\t\t\t\t\t\t},\n\t\t\t\t\t\t\t{\n\t\t\t\t\t\t\t  breakpoint: 760,\n\t\t\t\t\t\t\t  settings: {\n\t\t\t\t\t\t\t\tslidesToShow: 1,\n\t\t\t\t\t\t\t\tslidesToScroll: 1\n\t\t\t\t\t\t\t  }\n\t\t\t\t\t\t\t}\n\t\t\t\t\t\t],pauseOnDotsHover: true,customPaging: function(slider, i) {\n                   return '<i type=\"button\" style= \"color:#333333;\" class=\"ultsl-record\" data-role=\"none\"><\/i>';\n                },});\n\t\t\t\t\t}\n\t\t\t\t});\n\t\t\t<\/script>\n\t\t\t[\/vc_column][\/vc_row][vc_row][vc_column width=&#8220;1\/2&#8243;][vc_column_text]<div class=\"aiovg-player-container\" style=\"max-width: 100%;\"><div class=\"aiovg-player aiovg-player-iframe\" style=\"padding-bottom: 56.25%;\"><iframe loading=\"lazy\" src=\"https:\/\/acfija.com\/player-embed\/id\/2700\/\" title=\"Chorreado y granallado de superficies\" width=\"560\" height=\"315\" frameborder=\"0\" scrolling=\"no\" allow=\"accelerometer; autoplay; clipboard-write; encrypted-media; gyroscope; picture-in-picture; web-share\" allowfullscreen><\/iframe><\/div><\/div>[\/vc_column_text][\/vc_column][vc_column width=&#8220;1\/2&#8243;][vc_column_text el_class=&#8220;destacadonoticias&#8220;]<strong>Wir arbeiten mit extrem gut ausgebildeten Teams mit hoher Aufnahmekapazit\u00e4t, was es uns erm\u00f6glicht ein optimales Ergebnis innerhalb einer sehr kurzen Arbeitsdauer zu erzielen.<\/strong>[\/vc_column_text][vc_column_text]Wir haben Erfahrung mit Strahltechnikarbeiten an Wasserohrw\u00e4nden, Leitungen, \u00d6fen, Kesseln, Innenraum und Au\u00dfenbereich von Tanks, Balken, Silos, Rohrleitungen und generell an jeglichen Metallger\u00fcsten gesammelt. Zudem bieten wir diesen Service auch an Fassaden mit Industrieausr\u00fcstung.[\/vc_column_text][\/vc_column][\/vc_row]<\/p>\n","protected":false},"excerpt":{"rendered":"<p>[vc_row][vc_column width=&#8220;1\/6&#8243;][\/vc_column][vc_column width=&#8220;2\/3&#8243;][vc_column_text el_class=&#8220;tituloportada&#8220;] Strahltechnik und Strahlreinigung von Oberfl\u00e4chen [\/vc_column_text][\/vc_column][vc_column width=&#8220;1\/6&#8243;][\/vc_column][\/vc_row][vc_row][vc_column width=&#8220;1\/2&#8243;][vc_column_text]In unserem Serviceumfang haben wir das Strahlen mit Aluminiumgranulat aufgenommen (Aluminiumsilikate) um jegliche Art von Metalloberfl\u00e4che zu reinigen, ein Service der bereits vor der Schwei\u00dfarbeit, Farbe, Dickenmessung, etc. auf den Metallst\u00fccken der Verankerungen f\u00fcr feuerfeste Verkleidung durchgef\u00fchrt wird. Aufgrund einiger Erfahrung ist es erforderlich,&hellip;<\/p>\n","protected":false},"author":1,"featured_media":0,"parent":0,"menu_order":0,"comment_status":"closed","ping_status":"closed","template":"","meta":[],"class_list":["post-1278","page","type-page","status-publish","hentry","description-off"],"yoast_head":"<!-- This site is optimized with the Yoast SEO plugin v27.5 - https:\/\/yoast.com\/product\/yoast-seo-wordpress\/ -->\n<title>Strahlen und Kugelstrahlen von Oberfl\u00e4chen. Reinigung und Vorbereitung<\/title>\n<meta name=\"description\" content=\"Strahlen und Kugelstrahlen von Eisen (Verankerungen und Bolzen) zur Reinigung von besch\u00e4digten Metalloberfl\u00e4chen.\" \/>\n<meta name=\"robots\" content=\"index, follow, max-snippet:-1, max-image-preview:large, max-video-preview:-1\" \/>\n<link rel=\"canonical\" href=\"https:\/\/acfija.com\/de\/strahltechnik-strahlreinigung\/\" \/>\n<meta property=\"og:locale\" content=\"de_DE\" \/>\n<meta property=\"og:type\" content=\"article\" \/>\n<meta property=\"og:title\" content=\"Strahlen und Kugelstrahlen von Oberfl\u00e4chen. Reinigung und Vorbereitung\" \/>\n<meta property=\"og:description\" content=\"Strahlen und Kugelstrahlen von Eisen (Verankerungen und Bolzen) zur Reinigung von besch\u00e4digten Metalloberfl\u00e4chen.\" \/>\n<meta property=\"og:url\" content=\"https:\/\/acfija.com\/de\/strahltechnik-strahlreinigung\/\" \/>\n<meta property=\"og:site_name\" content=\"ACFIJA\" \/>\n<meta property=\"article:modified_time\" content=\"2021-10-06T14:12:45+00:00\" \/>\n<meta name=\"twitter:card\" content=\"summary_large_image\" \/>\n<meta name=\"twitter:label1\" content=\"Gesch\u00e4tzte Lesezeit\" \/>\n\t<meta name=\"twitter:data1\" content=\"3\u00a0Minuten\" \/>\n<script type=\"application\/ld+json\" class=\"yoast-schema-graph\">{\"@context\":\"https:\\\/\\\/schema.org\",\"@graph\":[{\"@type\":\"WebPage\",\"@id\":\"https:\\\/\\\/acfija.com\\\/de\\\/strahltechnik-strahlreinigung\\\/\",\"url\":\"https:\\\/\\\/acfija.com\\\/de\\\/strahltechnik-strahlreinigung\\\/\",\"name\":\"Strahlen und Kugelstrahlen von Oberfl\u00e4chen. Reinigung und Vorbereitung\",\"isPartOf\":{\"@id\":\"https:\\\/\\\/acfija.com\\\/#website\"},\"datePublished\":\"2017-04-13T08:57:29+00:00\",\"dateModified\":\"2021-10-06T14:12:45+00:00\",\"description\":\"Strahlen und Kugelstrahlen von Eisen (Verankerungen und Bolzen) zur Reinigung von besch\u00e4digten Metalloberfl\u00e4chen.\",\"breadcrumb\":{\"@id\":\"https:\\\/\\\/acfija.com\\\/de\\\/strahltechnik-strahlreinigung\\\/#breadcrumb\"},\"inLanguage\":\"de\",\"potentialAction\":[{\"@type\":\"ReadAction\",\"target\":[\"https:\\\/\\\/acfija.com\\\/de\\\/strahltechnik-strahlreinigung\\\/\"]}]},{\"@type\":\"BreadcrumbList\",\"@id\":\"https:\\\/\\\/acfija.com\\\/de\\\/strahltechnik-strahlreinigung\\\/#breadcrumb\",\"itemListElement\":[{\"@type\":\"ListItem\",\"position\":1,\"name\":\"Portada\",\"item\":\"https:\\\/\\\/acfija.com\\\/de\\\/\"},{\"@type\":\"ListItem\",\"position\":2,\"name\":\"Strahlverfahren\"}]},{\"@type\":\"WebSite\",\"@id\":\"https:\\\/\\\/acfija.com\\\/#website\",\"url\":\"https:\\\/\\\/acfija.com\\\/\",\"name\":\"ACFIJA\",\"description\":\"Accesorios de fijaci\u00f3n\",\"potentialAction\":[{\"@type\":\"SearchAction\",\"target\":{\"@type\":\"EntryPoint\",\"urlTemplate\":\"https:\\\/\\\/acfija.com\\\/?s={search_term_string}\"},\"query-input\":{\"@type\":\"PropertyValueSpecification\",\"valueRequired\":true,\"valueName\":\"search_term_string\"}}],\"inLanguage\":\"de\"}]}<\/script>\n<!-- \/ Yoast SEO plugin. -->","yoast_head_json":{"title":"Strahlen und Kugelstrahlen von Oberfl\u00e4chen. Reinigung und Vorbereitung","description":"Strahlen und Kugelstrahlen von Eisen (Verankerungen und Bolzen) zur Reinigung von besch\u00e4digten Metalloberfl\u00e4chen.","robots":{"index":"index","follow":"follow","max-snippet":"max-snippet:-1","max-image-preview":"max-image-preview:large","max-video-preview":"max-video-preview:-1"},"canonical":"https:\/\/acfija.com\/de\/strahltechnik-strahlreinigung\/","og_locale":"de_DE","og_type":"article","og_title":"Strahlen und Kugelstrahlen von Oberfl\u00e4chen. Reinigung und Vorbereitung","og_description":"Strahlen und Kugelstrahlen von Eisen (Verankerungen und Bolzen) zur Reinigung von besch\u00e4digten Metalloberfl\u00e4chen.","og_url":"https:\/\/acfija.com\/de\/strahltechnik-strahlreinigung\/","og_site_name":"ACFIJA","article_modified_time":"2021-10-06T14:12:45+00:00","twitter_card":"summary_large_image","twitter_misc":{"Gesch\u00e4tzte Lesezeit":"3\u00a0Minuten"},"schema":{"@context":"https:\/\/schema.org","@graph":[{"@type":"WebPage","@id":"https:\/\/acfija.com\/de\/strahltechnik-strahlreinigung\/","url":"https:\/\/acfija.com\/de\/strahltechnik-strahlreinigung\/","name":"Strahlen und Kugelstrahlen von Oberfl\u00e4chen. Reinigung und Vorbereitung","isPartOf":{"@id":"https:\/\/acfija.com\/#website"},"datePublished":"2017-04-13T08:57:29+00:00","dateModified":"2021-10-06T14:12:45+00:00","description":"Strahlen und Kugelstrahlen von Eisen (Verankerungen und Bolzen) zur Reinigung von besch\u00e4digten Metalloberfl\u00e4chen.","breadcrumb":{"@id":"https:\/\/acfija.com\/de\/strahltechnik-strahlreinigung\/#breadcrumb"},"inLanguage":"de","potentialAction":[{"@type":"ReadAction","target":["https:\/\/acfija.com\/de\/strahltechnik-strahlreinigung\/"]}]},{"@type":"BreadcrumbList","@id":"https:\/\/acfija.com\/de\/strahltechnik-strahlreinigung\/#breadcrumb","itemListElement":[{"@type":"ListItem","position":1,"name":"Portada","item":"https:\/\/acfija.com\/de\/"},{"@type":"ListItem","position":2,"name":"Strahlverfahren"}]},{"@type":"WebSite","@id":"https:\/\/acfija.com\/#website","url":"https:\/\/acfija.com\/","name":"ACFIJA","description":"Accesorios de fijaci\u00f3n","potentialAction":[{"@type":"SearchAction","target":{"@type":"EntryPoint","urlTemplate":"https:\/\/acfija.com\/?s={search_term_string}"},"query-input":{"@type":"PropertyValueSpecification","valueRequired":true,"valueName":"search_term_string"}}],"inLanguage":"de"}]}},"_links":{"self":[{"href":"https:\/\/acfija.com\/de\/wp-json\/wp\/v2\/pages\/1278","targetHints":{"allow":["GET"]}}],"collection":[{"href":"https:\/\/acfija.com\/de\/wp-json\/wp\/v2\/pages"}],"about":[{"href":"https:\/\/acfija.com\/de\/wp-json\/wp\/v2\/types\/page"}],"author":[{"embeddable":true,"href":"https:\/\/acfija.com\/de\/wp-json\/wp\/v2\/users\/1"}],"replies":[{"embeddable":true,"href":"https:\/\/acfija.com\/de\/wp-json\/wp\/v2\/comments?post=1278"}],"version-history":[{"count":3,"href":"https:\/\/acfija.com\/de\/wp-json\/wp\/v2\/pages\/1278\/revisions"}],"predecessor-version":[{"id":2705,"href":"https:\/\/acfija.com\/de\/wp-json\/wp\/v2\/pages\/1278\/revisions\/2705"}],"wp:attachment":[{"href":"https:\/\/acfija.com\/de\/wp-json\/wp\/v2\/media?parent=1278"}],"curies":[{"name":"wp","href":"https:\/\/api.w.org\/{rel}","templated":true}]}}