{"id":1281,"date":"2017-04-13T10:57:02","date_gmt":"2017-04-13T08:57:02","guid":{"rendered":"http:\/\/acfija.com\/soldadura-anclajes\/"},"modified":"2021-10-06T15:51:01","modified_gmt":"2021-10-06T13:51:01","slug":"schweissarbeiten-verankerungen","status":"publish","type":"page","link":"https:\/\/acfija.com\/de\/schweissarbeiten-verankerungen\/","title":{"rendered":"Schwei\u00dfarbeit"},"content":{"rendered":"<p>[vc_row][vc_column width=&#8220;1\/6&#8243;][\/vc_column][vc_column width=&#8220;2\/3&#8243;][vc_column_text el_class=&#8220;tituloportada&#8220;]<\/p>\n<h2 style=\"text-align: center;\">Lichtbogenschwei\u00dfen<\/h2>\n<p>[\/vc_column_text][\/vc_column][vc_column width=&#8220;1\/6&#8243;][\/vc_column][\/vc_row][vc_row][vc_column][vc_column_text]Das <strong>Lichtbogenschwei\u00df-Verfahren<\/strong> ist eine Technik die wir bei unseren Arbeiten sehr h\u00e4ufig verwenden. Diese Technik erm\u00f6glicht Schwei\u00dfarbeiten mit sehr resistenten Verankerungen innerhalb einer sehr kurzen Durchf\u00fchrungszeit. Deshalb ist sie besonders f\u00fcr Anwendungen geeignet bei denen hohe mechanische Belastungen \u00fcbertragen werden: Befestigung von feuerfester Auskleidung, Metallgestelle, Br\u00fcckenbau, Verbindungen f\u00fcr Trapezbleche mit Verbundbeton, etc.[\/vc_column_text][vc_column_text]Bei der Anwendung dieser Technik entsteht ein elektrischer Bogen zwischen der Verankerung und der Grundplatte, der die beiden Oberfl\u00e4chen verschmilzt. Am Ende des Bogens wird die Verankerung durch einen Mechanismus der Schwei\u00dfpistole in ein Schmelzbad gedr\u00fcckt und verbindet somit das Grundst\u00fcck mit der Verankerung. Die Dauer des elektrischen Bogens betr\u00e4gt 0,1 bis 1 Sekunde: Eine geringe Schwei\u00dfzeit, die eine hohe Leistungsf\u00e4higkeit beg\u00fcnstigt.<\/p>\n<p>In der kurzen Zeit, in der das Schmelzbad fl\u00fcssig bleibt, ist es vom Einfluss der Atmosph\u00e4re durch einen Keramikring oder einer Zufuhr von Schutzgas gesch\u00fctzt und erm\u00f6glicht eine saubere und gleichm\u00e4\u00dfige Schwei\u00dfnaht.<\/p>\n<p>Der \u00e4u\u00dferste Rand der zu verschwei\u00dfenden Verankerung wird so vorbereitet, dass der elektrische Bogen leicht und gleichm\u00e4\u00dfig aufgelegt werden kann. Dies wird erreicht, indem man mit einer Aluminiumkugel oder einem Aluminiumspray den Rand abdeckt, je nach Durchmesser des Ankers.<\/p>\n<p><strong>In den F\u00e4llen, bei denen diese schnelle Schwei\u00dftechnik nicht angewendet werden kann, bietet unser Unternehmen Elektrodenschwei\u00dfverfahren an, sowie MIG oder WIG, was es uns erm\u00f6glicht, eine L\u00f6sung f\u00fcr alle F\u00e4lle zu finden<\/strong>.[\/vc_column_text][\/vc_column][vc_column width=&#8220;1\/2&#8243;][\/vc_column][vc_column width=&#8220;1\/2&#8243;][\/vc_column][\/vc_row]<\/p>\n","protected":false},"excerpt":{"rendered":"<p>[vc_row][vc_column width=&#8220;1\/6&#8243;][\/vc_column][vc_column width=&#8220;2\/3&#8243;][vc_column_text el_class=&#8220;tituloportada&#8220;] Lichtbogenschwei\u00dfen [\/vc_column_text][\/vc_column][vc_column width=&#8220;1\/6&#8243;][\/vc_column][\/vc_row][vc_row][vc_column][vc_column_text]Das Lichtbogenschwei\u00df-Verfahren ist eine Technik die wir bei unseren Arbeiten sehr h\u00e4ufig verwenden. Diese Technik erm\u00f6glicht Schwei\u00dfarbeiten mit sehr resistenten Verankerungen innerhalb einer sehr kurzen Durchf\u00fchrungszeit. Deshalb ist sie besonders f\u00fcr Anwendungen geeignet bei denen hohe mechanische Belastungen \u00fcbertragen werden: Befestigung von feuerfester Auskleidung, Metallgestelle, Br\u00fcckenbau, Verbindungen f\u00fcr Trapezbleche&hellip;<\/p>\n","protected":false},"author":1,"featured_media":0,"parent":0,"menu_order":0,"comment_status":"closed","ping_status":"closed","template":"","meta":[],"class_list":["post-1281","page","type-page","status-publish","hentry","description-off"],"yoast_head":"<!-- This site is optimized with the Yoast SEO plugin v27.3 - https:\/\/yoast.com\/product\/yoast-seo-wordpress\/ -->\n<title>Schwei\u00dfen von Verankerungen und Bolzen f\u00fcr feuerfeste Auskleidungen<\/title>\n<meta name=\"description\" content=\"Schwei\u00dfdienstleistungen wie Bolzenschwei\u00dfen und Handschwei\u00dfen von Verankerungen und Bolzen f\u00fcr feuerfeste Auskleidungen. Lichtbogenschwei\u00dfen.\" \/>\n<meta name=\"robots\" content=\"index, follow, max-snippet:-1, max-image-preview:large, max-video-preview:-1\" \/>\n<link rel=\"canonical\" href=\"https:\/\/acfija.com\/de\/schweissarbeiten-verankerungen\/\" \/>\n<meta property=\"og:locale\" content=\"de_DE\" \/>\n<meta property=\"og:type\" content=\"article\" \/>\n<meta property=\"og:title\" content=\"Schwei\u00dfen von Verankerungen und Bolzen f\u00fcr feuerfeste Auskleidungen\" \/>\n<meta property=\"og:description\" content=\"Schwei\u00dfdienstleistungen wie Bolzenschwei\u00dfen und Handschwei\u00dfen von Verankerungen und Bolzen f\u00fcr feuerfeste Auskleidungen. Lichtbogenschwei\u00dfen.\" \/>\n<meta property=\"og:url\" content=\"https:\/\/acfija.com\/de\/schweissarbeiten-verankerungen\/\" \/>\n<meta property=\"og:site_name\" content=\"ACFIJA\" \/>\n<meta property=\"article:modified_time\" content=\"2021-10-06T13:51:01+00:00\" \/>\n<meta name=\"twitter:card\" content=\"summary_large_image\" \/>\n<meta name=\"twitter:label1\" content=\"Gesch\u00e4tzte Lesezeit\" \/>\n\t<meta name=\"twitter:data1\" content=\"2\u00a0Minuten\" \/>\n<script type=\"application\/ld+json\" class=\"yoast-schema-graph\">{\"@context\":\"https:\\\/\\\/schema.org\",\"@graph\":[{\"@type\":\"WebPage\",\"@id\":\"https:\\\/\\\/acfija.com\\\/de\\\/schweissarbeiten-verankerungen\\\/\",\"url\":\"https:\\\/\\\/acfija.com\\\/de\\\/schweissarbeiten-verankerungen\\\/\",\"name\":\"Schwei\u00dfen von Verankerungen und Bolzen f\u00fcr feuerfeste Auskleidungen\",\"isPartOf\":{\"@id\":\"https:\\\/\\\/acfija.com\\\/#website\"},\"datePublished\":\"2017-04-13T08:57:02+00:00\",\"dateModified\":\"2021-10-06T13:51:01+00:00\",\"description\":\"Schwei\u00dfdienstleistungen wie Bolzenschwei\u00dfen und Handschwei\u00dfen von Verankerungen und Bolzen f\u00fcr feuerfeste Auskleidungen. Lichtbogenschwei\u00dfen.\",\"breadcrumb\":{\"@id\":\"https:\\\/\\\/acfija.com\\\/de\\\/schweissarbeiten-verankerungen\\\/#breadcrumb\"},\"inLanguage\":\"de\",\"potentialAction\":[{\"@type\":\"ReadAction\",\"target\":[\"https:\\\/\\\/acfija.com\\\/de\\\/schweissarbeiten-verankerungen\\\/\"]}]},{\"@type\":\"BreadcrumbList\",\"@id\":\"https:\\\/\\\/acfija.com\\\/de\\\/schweissarbeiten-verankerungen\\\/#breadcrumb\",\"itemListElement\":[{\"@type\":\"ListItem\",\"position\":1,\"name\":\"Portada\",\"item\":\"https:\\\/\\\/acfija.com\\\/de\\\/\"},{\"@type\":\"ListItem\",\"position\":2,\"name\":\"Schwei\u00dfarbeit\"}]},{\"@type\":\"WebSite\",\"@id\":\"https:\\\/\\\/acfija.com\\\/#website\",\"url\":\"https:\\\/\\\/acfija.com\\\/\",\"name\":\"ACFIJA\",\"description\":\"Accesorios de fijaci\u00f3n\",\"potentialAction\":[{\"@type\":\"SearchAction\",\"target\":{\"@type\":\"EntryPoint\",\"urlTemplate\":\"https:\\\/\\\/acfija.com\\\/?s={search_term_string}\"},\"query-input\":{\"@type\":\"PropertyValueSpecification\",\"valueRequired\":true,\"valueName\":\"search_term_string\"}}],\"inLanguage\":\"de\"}]}<\/script>\n<!-- \/ Yoast SEO plugin. -->","yoast_head_json":{"title":"Schwei\u00dfen von Verankerungen und Bolzen f\u00fcr feuerfeste Auskleidungen","description":"Schwei\u00dfdienstleistungen wie Bolzenschwei\u00dfen und Handschwei\u00dfen von Verankerungen und Bolzen f\u00fcr feuerfeste Auskleidungen. Lichtbogenschwei\u00dfen.","robots":{"index":"index","follow":"follow","max-snippet":"max-snippet:-1","max-image-preview":"max-image-preview:large","max-video-preview":"max-video-preview:-1"},"canonical":"https:\/\/acfija.com\/de\/schweissarbeiten-verankerungen\/","og_locale":"de_DE","og_type":"article","og_title":"Schwei\u00dfen von Verankerungen und Bolzen f\u00fcr feuerfeste Auskleidungen","og_description":"Schwei\u00dfdienstleistungen wie Bolzenschwei\u00dfen und Handschwei\u00dfen von Verankerungen und Bolzen f\u00fcr feuerfeste Auskleidungen. Lichtbogenschwei\u00dfen.","og_url":"https:\/\/acfija.com\/de\/schweissarbeiten-verankerungen\/","og_site_name":"ACFIJA","article_modified_time":"2021-10-06T13:51:01+00:00","twitter_card":"summary_large_image","twitter_misc":{"Gesch\u00e4tzte Lesezeit":"2\u00a0Minuten"},"schema":{"@context":"https:\/\/schema.org","@graph":[{"@type":"WebPage","@id":"https:\/\/acfija.com\/de\/schweissarbeiten-verankerungen\/","url":"https:\/\/acfija.com\/de\/schweissarbeiten-verankerungen\/","name":"Schwei\u00dfen von Verankerungen und Bolzen f\u00fcr feuerfeste Auskleidungen","isPartOf":{"@id":"https:\/\/acfija.com\/#website"},"datePublished":"2017-04-13T08:57:02+00:00","dateModified":"2021-10-06T13:51:01+00:00","description":"Schwei\u00dfdienstleistungen wie Bolzenschwei\u00dfen und Handschwei\u00dfen von Verankerungen und Bolzen f\u00fcr feuerfeste Auskleidungen. Lichtbogenschwei\u00dfen.","breadcrumb":{"@id":"https:\/\/acfija.com\/de\/schweissarbeiten-verankerungen\/#breadcrumb"},"inLanguage":"de","potentialAction":[{"@type":"ReadAction","target":["https:\/\/acfija.com\/de\/schweissarbeiten-verankerungen\/"]}]},{"@type":"BreadcrumbList","@id":"https:\/\/acfija.com\/de\/schweissarbeiten-verankerungen\/#breadcrumb","itemListElement":[{"@type":"ListItem","position":1,"name":"Portada","item":"https:\/\/acfija.com\/de\/"},{"@type":"ListItem","position":2,"name":"Schwei\u00dfarbeit"}]},{"@type":"WebSite","@id":"https:\/\/acfija.com\/#website","url":"https:\/\/acfija.com\/","name":"ACFIJA","description":"Accesorios de fijaci\u00f3n","potentialAction":[{"@type":"SearchAction","target":{"@type":"EntryPoint","urlTemplate":"https:\/\/acfija.com\/?s={search_term_string}"},"query-input":{"@type":"PropertyValueSpecification","valueRequired":true,"valueName":"search_term_string"}}],"inLanguage":"de"}]}},"_links":{"self":[{"href":"https:\/\/acfija.com\/de\/wp-json\/wp\/v2\/pages\/1281","targetHints":{"allow":["GET"]}}],"collection":[{"href":"https:\/\/acfija.com\/de\/wp-json\/wp\/v2\/pages"}],"about":[{"href":"https:\/\/acfija.com\/de\/wp-json\/wp\/v2\/types\/page"}],"author":[{"embeddable":true,"href":"https:\/\/acfija.com\/de\/wp-json\/wp\/v2\/users\/1"}],"replies":[{"embeddable":true,"href":"https:\/\/acfija.com\/de\/wp-json\/wp\/v2\/comments?post=1281"}],"version-history":[{"count":3,"href":"https:\/\/acfija.com\/de\/wp-json\/wp\/v2\/pages\/1281\/revisions"}],"predecessor-version":[{"id":2684,"href":"https:\/\/acfija.com\/de\/wp-json\/wp\/v2\/pages\/1281\/revisions\/2684"}],"wp:attachment":[{"href":"https:\/\/acfija.com\/de\/wp-json\/wp\/v2\/media?parent=1281"}],"curies":[{"name":"wp","href":"https:\/\/api.w.org\/{rel}","templated":true}]}}