{"id":1293,"date":"2017-04-13T10:52:22","date_gmt":"2017-04-13T08:52:22","guid":{"rendered":"http:\/\/acfija.com\/revestimientos-refractarios\/"},"modified":"2017-08-08T17:47:45","modified_gmt":"2017-08-08T15:47:45","slug":"feuerfeste-verkleidung","status":"publish","type":"page","link":"https:\/\/acfija.com\/de\/feuerfeste-verkleidung\/","title":{"rendered":"petrochemische Industrie"},"content":{"rendered":"<p>[vc_row][vc_column width=&#8220;1\/6&#8243;][\/vc_column][vc_column width=&#8220;2\/3&#8243;][vc_column_text el_class=&#8220;tituloportada&#8220;]<\/p>\n<h2 style=\"text-align: center;\">Projekte f\u00fcr die petrochemische Industrie<\/h2>\n<p>[\/vc_column_text][\/vc_column][vc_column width=&#8220;1\/6&#8243;][\/vc_column][\/vc_row][vc_row][vc_column][vc_column_text]Bei <strong>ACFI<\/strong> sind wir Spezialisten auf dem Gebiet von regelm\u00e4\u00dfigen Wartungsarbeiten und wissen um die hohe Anforderung an die Teams und Sicherheitssysteme, welche die petrochemische Industrie \u2013 aufgrund der hohen Gefahr und Explosionsm\u00f6glichkeit in der Umgebung \u2013 voraussetzt. Deshalb sind wir in vollem Umfang geschult um ihnen die folgenden Dienstleistungen, die in Verbindung mit der Herstellung von feuerfesten Verkleidungen stehen, anzubieten:[\/vc_column_text]<div class=\"uavc-list-icon uavc-list-icon-wrapper ult-adjust-bottom-margin   \"><ul class=\"uavc-list\"><li><div class=\"uavc-list-content\" id=\"list-icon-wrap-3019\">\n<div class=\"uavc-list-icon  \" data-animation=\"\" data-animation-delay=\"03\" style=\"margin-right:10px;\"><div class=\"ult-just-icon-wrapper  \"><div class=\"align-icon\" style=\"text-align:center;\">\n<div class=\"aio-icon none \"  style=\"color:#463031;font-size:16px;display:inline-block;\">\n\t<i class=\"Defaults-stop\"><\/i>\n<\/div><\/div><\/div>\n<\/div><span  data-ultimate-target='#list-icon-wrap-3019 .uavc-list-desc'  data-responsive-json-new='{\"font-size\":\"\",\"line-height\":\"\"}'  class=\"uavc-list-desc ult-responsive\" style=\"\">Herstellung jeglichen Typs von Verankerung und\/oder Bolzen mit best\u00e4ndiger Qualit\u00e4t bei hohen Temperaturen.<\/span><\/div><\/li><li><div class=\"uavc-list-content\" id=\"list-icon-wrap-9788\">\n<div class=\"uavc-list-icon  \" data-animation=\"\" data-animation-delay=\"03\" style=\"margin-right:10px;\"><div class=\"ult-just-icon-wrapper  \"><div class=\"align-icon\" style=\"text-align:center;\">\n<div class=\"aio-icon none \"  style=\"color:#463031;font-size:16px;display:inline-block;\">\n\t<i class=\"Defaults-stop\"><\/i>\n<\/div><\/div><\/div>\n<\/div><span  data-ultimate-target='#list-icon-wrap-9788 .uavc-list-desc'  data-responsive-json-new='{\"font-size\":\"\",\"line-height\":\"\"}'  class=\"uavc-list-desc ult-responsive\" style=\"\">Verschwei\u00dfen von Verankerungen und Bolzen f\u00fcr feuerfeste Auskleidung.<\/span><\/div><\/li><li><div class=\"uavc-list-content\" id=\"list-icon-wrap-2239\">\n<div class=\"uavc-list-icon  \" data-animation=\"\" data-animation-delay=\"03\" style=\"margin-right:10px;\"><div class=\"ult-just-icon-wrapper  \"><div class=\"align-icon\" style=\"text-align:center;\">\n<div class=\"aio-icon none \"  style=\"color:#463031;font-size:16px;display:inline-block;\">\n\t<i class=\"Defaults-stop\"><\/i>\n<\/div><\/div><\/div>\n<\/div><span  data-ultimate-target='#list-icon-wrap-2239 .uavc-list-desc'  data-responsive-json-new='{\"font-size\":\"\",\"line-height\":\"\"}'  class=\"uavc-list-desc ult-responsive\" style=\"\">Schnitte und Schliffe von veralteten Verankerungen und Bolzen.<\/span><\/div><\/li><li><div class=\"uavc-list-content\" id=\"list-icon-wrap-2395\">\n<div class=\"uavc-list-icon  \" data-animation=\"\" data-animation-delay=\"03\" style=\"margin-right:10px;\"><div class=\"ult-just-icon-wrapper  \"><div class=\"align-icon\" style=\"text-align:center;\">\n<div class=\"aio-icon none \"  style=\"color:#463031;font-size:16px;display:inline-block;\">\n\t<i class=\"Defaults-stop\"><\/i>\n<\/div><\/div><\/div>\n<\/div><span  data-ultimate-target='#list-icon-wrap-2395 .uavc-list-desc'  data-responsive-json-new='{\"font-size\":\"\",\"line-height\":\"\"}'  class=\"uavc-list-desc ult-responsive\" style=\"\">Abstrahlen von Metallschrot zur Reinigung der schadhaften Metalloberfl\u00e4che.<\/span><\/div><\/li><\/ul><\/div>[vc_column_text]Wir erm\u00f6glichen alle Schwei\u00dfarbeitsverfahren und verf\u00fcgen \u00fcber zertifizierte Schwei\u00dfarbeiter gem\u00e4\u00df den EN und ASME Normen im studwelding oder hand welding.<\/p>\n<p>Wir verf\u00fcgen au\u00dferdem \u00fcber eine technische Abteilung um detaillierte Pl\u00e4ne der Verankerungsinstallation auszuarbeiten.[\/vc_column_text][\/vc_column][\/vc_row][vc_row][vc_column][rev_slider_vc alias=&#8220;industria-petroquimica&#8220;][\/vc_column][\/vc_row]<\/p>\n","protected":false},"excerpt":{"rendered":"<p>[vc_row][vc_column width=&#8220;1\/6&#8243;][\/vc_column][vc_column width=&#8220;2\/3&#8243;][vc_column_text el_class=&#8220;tituloportada&#8220;] Projekte f\u00fcr die petrochemische Industrie [\/vc_column_text][\/vc_column][vc_column width=&#8220;1\/6&#8243;][\/vc_column][\/vc_row][vc_row][vc_column][vc_column_text]Bei ACFI sind wir Spezialisten auf dem Gebiet von regelm\u00e4\u00dfigen Wartungsarbeiten und wissen um die hohe Anforderung an die Teams und Sicherheitssysteme, welche die petrochemische Industrie \u2013 aufgrund der hohen Gefahr und Explosionsm\u00f6glichkeit in der Umgebung \u2013 voraussetzt. Deshalb sind wir in vollem Umfang geschult&hellip;<\/p>\n","protected":false},"author":1,"featured_media":0,"parent":0,"menu_order":0,"comment_status":"closed","ping_status":"closed","template":"","meta":[],"class_list":["post-1293","page","type-page","status-publish","hentry","description-off"],"yoast_head":"<!-- This site is optimized with the Yoast SEO plugin v27.4 - https:\/\/yoast.com\/product\/yoast-seo-wordpress\/ -->\n<title>Feuerfeste Auskleidungen f\u00fcr die petrochemische Industrie<\/title>\n<meta name=\"description\" content=\"Schwei\u00dfarbeiten an Befestigungselementen f\u00fcr feuerfeste Auskleidungen f\u00fcr die petrochemische Industrie.\" \/>\n<meta name=\"robots\" content=\"index, follow, max-snippet:-1, max-image-preview:large, max-video-preview:-1\" \/>\n<link rel=\"canonical\" href=\"https:\/\/acfija.com\/de\/feuerfeste-verkleidung\/\" \/>\n<meta property=\"og:locale\" content=\"de_DE\" \/>\n<meta property=\"og:type\" content=\"article\" \/>\n<meta property=\"og:title\" content=\"Feuerfeste Auskleidungen f\u00fcr die petrochemische Industrie\" \/>\n<meta property=\"og:description\" content=\"Schwei\u00dfarbeiten an Befestigungselementen f\u00fcr feuerfeste Auskleidungen f\u00fcr die petrochemische Industrie.\" \/>\n<meta property=\"og:url\" content=\"https:\/\/acfija.com\/de\/feuerfeste-verkleidung\/\" \/>\n<meta property=\"og:site_name\" content=\"ACFIJA\" \/>\n<meta property=\"article:modified_time\" content=\"2017-08-08T15:47:45+00:00\" \/>\n<meta name=\"twitter:card\" content=\"summary_large_image\" \/>\n<meta name=\"twitter:label1\" content=\"Gesch\u00e4tzte Lesezeit\" \/>\n\t<meta name=\"twitter:data1\" content=\"1\u00a0Minute\" \/>\n<script type=\"application\/ld+json\" class=\"yoast-schema-graph\">{\"@context\":\"https:\\\/\\\/schema.org\",\"@graph\":[{\"@type\":\"WebPage\",\"@id\":\"https:\\\/\\\/acfija.com\\\/de\\\/feuerfeste-verkleidung\\\/\",\"url\":\"https:\\\/\\\/acfija.com\\\/de\\\/feuerfeste-verkleidung\\\/\",\"name\":\"Feuerfeste Auskleidungen f\u00fcr die petrochemische Industrie\",\"isPartOf\":{\"@id\":\"https:\\\/\\\/acfija.com\\\/#website\"},\"datePublished\":\"2017-04-13T08:52:22+00:00\",\"dateModified\":\"2017-08-08T15:47:45+00:00\",\"description\":\"Schwei\u00dfarbeiten an Befestigungselementen f\u00fcr feuerfeste Auskleidungen f\u00fcr die petrochemische Industrie.\",\"breadcrumb\":{\"@id\":\"https:\\\/\\\/acfija.com\\\/de\\\/feuerfeste-verkleidung\\\/#breadcrumb\"},\"inLanguage\":\"de\",\"potentialAction\":[{\"@type\":\"ReadAction\",\"target\":[\"https:\\\/\\\/acfija.com\\\/de\\\/feuerfeste-verkleidung\\\/\"]}]},{\"@type\":\"BreadcrumbList\",\"@id\":\"https:\\\/\\\/acfija.com\\\/de\\\/feuerfeste-verkleidung\\\/#breadcrumb\",\"itemListElement\":[{\"@type\":\"ListItem\",\"position\":1,\"name\":\"Portada\",\"item\":\"https:\\\/\\\/acfija.com\\\/de\\\/\"},{\"@type\":\"ListItem\",\"position\":2,\"name\":\"petrochemische Industrie\"}]},{\"@type\":\"WebSite\",\"@id\":\"https:\\\/\\\/acfija.com\\\/#website\",\"url\":\"https:\\\/\\\/acfija.com\\\/\",\"name\":\"ACFIJA\",\"description\":\"Accesorios de fijaci\u00f3n\",\"potentialAction\":[{\"@type\":\"SearchAction\",\"target\":{\"@type\":\"EntryPoint\",\"urlTemplate\":\"https:\\\/\\\/acfija.com\\\/?s={search_term_string}\"},\"query-input\":{\"@type\":\"PropertyValueSpecification\",\"valueRequired\":true,\"valueName\":\"search_term_string\"}}],\"inLanguage\":\"de\"}]}<\/script>\n<!-- \/ Yoast SEO plugin. -->","yoast_head_json":{"title":"Feuerfeste Auskleidungen f\u00fcr die petrochemische Industrie","description":"Schwei\u00dfarbeiten an Befestigungselementen f\u00fcr feuerfeste Auskleidungen f\u00fcr die petrochemische Industrie.","robots":{"index":"index","follow":"follow","max-snippet":"max-snippet:-1","max-image-preview":"max-image-preview:large","max-video-preview":"max-video-preview:-1"},"canonical":"https:\/\/acfija.com\/de\/feuerfeste-verkleidung\/","og_locale":"de_DE","og_type":"article","og_title":"Feuerfeste Auskleidungen f\u00fcr die petrochemische Industrie","og_description":"Schwei\u00dfarbeiten an Befestigungselementen f\u00fcr feuerfeste Auskleidungen f\u00fcr die petrochemische Industrie.","og_url":"https:\/\/acfija.com\/de\/feuerfeste-verkleidung\/","og_site_name":"ACFIJA","article_modified_time":"2017-08-08T15:47:45+00:00","twitter_card":"summary_large_image","twitter_misc":{"Gesch\u00e4tzte Lesezeit":"1\u00a0Minute"},"schema":{"@context":"https:\/\/schema.org","@graph":[{"@type":"WebPage","@id":"https:\/\/acfija.com\/de\/feuerfeste-verkleidung\/","url":"https:\/\/acfija.com\/de\/feuerfeste-verkleidung\/","name":"Feuerfeste Auskleidungen f\u00fcr die petrochemische Industrie","isPartOf":{"@id":"https:\/\/acfija.com\/#website"},"datePublished":"2017-04-13T08:52:22+00:00","dateModified":"2017-08-08T15:47:45+00:00","description":"Schwei\u00dfarbeiten an Befestigungselementen f\u00fcr feuerfeste Auskleidungen f\u00fcr die petrochemische Industrie.","breadcrumb":{"@id":"https:\/\/acfija.com\/de\/feuerfeste-verkleidung\/#breadcrumb"},"inLanguage":"de","potentialAction":[{"@type":"ReadAction","target":["https:\/\/acfija.com\/de\/feuerfeste-verkleidung\/"]}]},{"@type":"BreadcrumbList","@id":"https:\/\/acfija.com\/de\/feuerfeste-verkleidung\/#breadcrumb","itemListElement":[{"@type":"ListItem","position":1,"name":"Portada","item":"https:\/\/acfija.com\/de\/"},{"@type":"ListItem","position":2,"name":"petrochemische Industrie"}]},{"@type":"WebSite","@id":"https:\/\/acfija.com\/#website","url":"https:\/\/acfija.com\/","name":"ACFIJA","description":"Accesorios de fijaci\u00f3n","potentialAction":[{"@type":"SearchAction","target":{"@type":"EntryPoint","urlTemplate":"https:\/\/acfija.com\/?s={search_term_string}"},"query-input":{"@type":"PropertyValueSpecification","valueRequired":true,"valueName":"search_term_string"}}],"inLanguage":"de"}]}},"_links":{"self":[{"href":"https:\/\/acfija.com\/de\/wp-json\/wp\/v2\/pages\/1293","targetHints":{"allow":["GET"]}}],"collection":[{"href":"https:\/\/acfija.com\/de\/wp-json\/wp\/v2\/pages"}],"about":[{"href":"https:\/\/acfija.com\/de\/wp-json\/wp\/v2\/types\/page"}],"author":[{"embeddable":true,"href":"https:\/\/acfija.com\/de\/wp-json\/wp\/v2\/users\/1"}],"replies":[{"embeddable":true,"href":"https:\/\/acfija.com\/de\/wp-json\/wp\/v2\/comments?post=1293"}],"version-history":[{"count":2,"href":"https:\/\/acfija.com\/de\/wp-json\/wp\/v2\/pages\/1293\/revisions"}],"predecessor-version":[{"id":1295,"href":"https:\/\/acfija.com\/de\/wp-json\/wp\/v2\/pages\/1293\/revisions\/1295"}],"wp:attachment":[{"href":"https:\/\/acfija.com\/de\/wp-json\/wp\/v2\/media?parent=1293"}],"curies":[{"name":"wp","href":"https:\/\/api.w.org\/{rel}","templated":true}]}}