{"id":1296,"date":"2017-04-13T10:51:42","date_gmt":"2017-04-13T08:51:42","guid":{"rendered":"http:\/\/acfija.com\/trabajos-realizados\/"},"modified":"2017-08-08T17:47:51","modified_gmt":"2017-08-08T15:47:51","slug":"abgeschlossene-arbeiten","status":"publish","type":"page","link":"https:\/\/acfija.com\/de\/abgeschlossene-arbeiten\/","title":{"rendered":"Projekte"},"content":{"rendered":"<p>[vc_row][vc_column width=&#8220;1\/3&#8243;][\/vc_column][vc_column width=&#8220;1\/3&#8243;][vc_column_text el_class=&#8220;tituloportada&#8220;]<\/p>\n<h2 style=\"text-align: center;\"><strong>Projekte von ACFI<\/strong><\/h2>\n<p>[\/vc_column_text][\/vc_column][vc_column width=&#8220;1\/3&#8243;][\/vc_column][\/vc_row][vc_row][vc_column][vc_column_text]Bei jedem Auftrag den <strong>ACFI<\/strong> \u00fcbernimmt, verfolgen wir ein einziges Ziel: Die Exzellenz. Wir untersuchen jedes Projekt sehr gr\u00fcndlich um in jedem Fall die beste L\u00f6sung zu finden.<\/p>\n<p>Dieses Engagement erlaubt es uns unser Wissen stetig zu vergr\u00f6\u00dfern. Jedes Projekt ist ein Lernprozess, den wir sp\u00e4ter nutzen um ihn unseren Kunden als Service anzubieten.[\/vc_column_text][\/vc_column][\/vc_row][vc_row type=&#8220;vc_default&#8220; margin_top=&#8220;50&#8243; css=&#8220;.vc_custom_1492074987177{border-top-width: 2px !important;padding-top: 50px !important;border-top-color: #f18e00 !important;border-top-style: dotted !important;}&#8220;][vc_column width=&#8220;1\/4&#8243;][vc_column_text el_class=&#8220;destacadoproyectos&#8220;]<\/p>\n<p style=\"text-align: center;\">Jedes Projekt erweitert unser Know-How<\/p>\n<p>[\/vc_column_text][\/vc_column][vc_column width=&#8220;1\/4&#8243;]\n<div id=\"interactive-banner-1-wrap-5679\" class=\"ult-banner-block ult-adjust-bottom-margin ult-bb-box  banner-style11 \"   style=\"\">\n\t<img decoding=\"async\" src=\"https:\/\/acfija.com\/wp-content\/uploads\/industria-acero-acfija.jpg\" alt=\"null\">\n\t<h3  data-ultimate-target='#interactive-banner-1-wrap-5679 .bb-top-title '  data-responsive-json-new='{\"font-size\":\"\",\"line-height\":\"\"}'  class=\"title-center bb-top-title ult-responsive\" style=\"font-weight:normal;background:#463031;color:#ffffff;\">Stahlindustrie<\/h3>\n\t<div class=\"mask opaque-background\" style=\"background:rgba(70,48,49,0.4);\">\n\t\t<div  data-ultimate-target='#interactive-banner-1-wrap-5679 .bb-description'  data-responsive-json-new='{\"font-size\":\"\",\"line-height\":\"\"}'  class=\"bb-description ult-responsive\" style=\"font-weight:normal;color:#ffffff;\"><\/div>\n\t<\/div><a class=\"bb-link\" href=\"\/de\/schweissarbeit-verbindungselemente\/\" ><\/a>\n<\/div>[\/vc_column][vc_column width=&#8220;1\/4&#8243;]\n<div id=\"interactive-banner-1-wrap-1698\" class=\"ult-banner-block ult-adjust-bottom-margin ult-bb-box  banner-style11 \"   style=\"\">\n\t<img decoding=\"async\" src=\"https:\/\/acfija.com\/wp-content\/uploads\/industria-cemento-acfija.jpg\" alt=\"null\">\n\t<h3  data-ultimate-target='#interactive-banner-1-wrap-1698 .bb-top-title '  data-responsive-json-new='{\"font-size\":\"\",\"line-height\":\"\"}'  class=\"title-center bb-top-title ult-responsive\" style=\"font-weight:normal;background:#463031;color:#ffffff;\">Betonindustrie<\/h3>\n\t<div class=\"mask opaque-background\" style=\"background:rgba(70,48,49,0.4);\">\n\t\t<div  data-ultimate-target='#interactive-banner-1-wrap-1698 .bb-description'  data-responsive-json-new='{\"font-size\":\"\",\"line-height\":\"\"}'  class=\"bb-description ult-responsive\" style=\"font-weight:normal;color:#ffffff;\"><\/div>\n\t<\/div><a class=\"bb-link\" href=\"\/de\/mobile-und-feste-verankerungen\/\" ><\/a>\n<\/div>[\/vc_column][vc_column width=&#8220;1\/4&#8243;]\n<div id=\"interactive-banner-1-wrap-7560\" class=\"ult-banner-block ult-adjust-bottom-margin ult-bb-box  banner-style11 \"   style=\"\">\n\t<img decoding=\"async\" src=\"https:\/\/acfija.com\/wp-content\/uploads\/industria-papel-acfija.jpg\" alt=\"null\">\n\t<h3  data-ultimate-target='#interactive-banner-1-wrap-7560 .bb-top-title '  data-responsive-json-new='{\"font-size\":\"\",\"line-height\":\"\"}'  class=\"title-center bb-top-title ult-responsive\" style=\"font-weight:normal;background:#463031;color:#ffffff;\">Papierindustrie<\/h3>\n\t<div class=\"mask opaque-background\" style=\"background:rgba(70,48,49,0.4);\">\n\t\t<div  data-ultimate-target='#interactive-banner-1-wrap-7560 .bb-description'  data-responsive-json-new='{\"font-size\":\"\",\"line-height\":\"\"}'  class=\"bb-description ult-responsive\" style=\"font-weight:normal;color:#ffffff;\"><\/div>\n\t<\/div><a class=\"bb-link\" href=\"\/de\/kopfbolzen\/\" ><\/a>\n<\/div>[\/vc_column][\/vc_row][vc_row margin_top=&#8220;-40px&#8220;][vc_column width=&#8220;1\/4&#8243;]\n<div id=\"interactive-banner-1-wrap-6856\" class=\"ult-banner-block ult-adjust-bottom-margin ult-bb-box  banner-style11 \"   style=\"\">\n\t<img decoding=\"async\" src=\"https:\/\/acfija.com\/wp-content\/uploads\/industria-petroleo-acfija.jpg\" alt=\"null\">\n\t<h3  data-ultimate-target='#interactive-banner-1-wrap-6856 .bb-top-title '  data-responsive-json-new='{\"font-size\":\"\",\"line-height\":\"\"}'  class=\"title-center bb-top-title ult-responsive\" style=\"font-weight:normal;background:#463031;color:#ffffff;\">petrochemische Industrie<\/h3>\n\t<div class=\"mask opaque-background\" style=\"background:rgba(70,48,49,0.4);\">\n\t\t<div  data-ultimate-target='#interactive-banner-1-wrap-6856 .bb-description'  data-responsive-json-new='{\"font-size\":\"\",\"line-height\":\"\"}'  class=\"bb-description ult-responsive\" style=\"font-weight:normal;color:#ffffff;\"><\/div>\n\t<\/div><a class=\"bb-link\" href=\"\/de\/feuerfeste-verkleidung\/\" ><\/a>\n<\/div>[\/vc_column][vc_column width=&#8220;1\/4&#8243;]\n<div id=\"interactive-banner-1-wrap-8438\" class=\"ult-banner-block ult-adjust-bottom-margin ult-bb-box  banner-style11 \"   style=\"\">\n\t<img decoding=\"async\" src=\"https:\/\/acfija.com\/wp-content\/uploads\/industria-residuos-acfija.jpg\" alt=\"null\">\n\t<h3  data-ultimate-target='#interactive-banner-1-wrap-8438 .bb-top-title '  data-responsive-json-new='{\"font-size\":\"\",\"line-height\":\"\"}'  class=\"title-center bb-top-title ult-responsive\" style=\"font-weight:normal;background:#463031;color:#ffffff;\">Abfallverbrennung<\/h3>\n\t<div class=\"mask opaque-background\" style=\"background:rgba(70,48,49,0.4);\">\n\t\t<div  data-ultimate-target='#interactive-banner-1-wrap-8438 .bb-description'  data-responsive-json-new='{\"font-size\":\"\",\"line-height\":\"\"}'  class=\"bb-description ult-responsive\" style=\"font-weight:normal;color:#ffffff;\"><\/div>\n\t<\/div><a class=\"bb-link\" href=\"\/de\/bolzenschweissen\/\" ><\/a>\n<\/div>[\/vc_column][vc_column width=&#8220;1\/4&#8243;]\n<div id=\"interactive-banner-1-wrap-3857\" class=\"ult-banner-block ult-adjust-bottom-margin ult-bb-box  banner-style11 \"   style=\"\">\n\t<img decoding=\"async\" src=\"https:\/\/acfija.com\/wp-content\/uploads\/industria-termicas-acfija.jpg\" alt=\"null\">\n\t<h3  data-ultimate-target='#interactive-banner-1-wrap-3857 .bb-top-title '  data-responsive-json-new='{\"font-size\":\"\",\"line-height\":\"\"}'  class=\"title-center bb-top-title ult-responsive\" style=\"font-weight:normal;background:#463031;color:#ffffff;\">W\u00e4rmekraftwerke<\/h3>\n\t<div class=\"mask opaque-background\" style=\"background:rgba(70,48,49,0.4);\">\n\t\t<div  data-ultimate-target='#interactive-banner-1-wrap-3857 .bb-description'  data-responsive-json-new='{\"font-size\":\"\",\"line-height\":\"\"}'  class=\"bb-description ult-responsive\" style=\"font-weight:normal;color:#ffffff;\"><\/div>\n\t<\/div><a class=\"bb-link\" href=\"\/de\/kesselstifte\/\" ><\/a>\n<\/div>[\/vc_column][vc_column width=&#8220;1\/4&#8243;]\n<div id=\"interactive-banner-1-wrap-5332\" class=\"ult-banner-block ult-adjust-bottom-margin ult-bb-box  banner-style11 \"   style=\"\">\n\t<img decoding=\"async\" src=\"https:\/\/acfija.com\/wp-content\/uploads\/industria-obra-cil-acfija.jpg\" alt=\"null\">\n\t<h3  data-ultimate-target='#interactive-banner-1-wrap-5332 .bb-top-title '  data-responsive-json-new='{\"font-size\":\"\",\"line-height\":\"\"}'  class=\"title-center bb-top-title ult-responsive\" style=\"font-weight:normal;background:#463031;color:#ffffff;\">Bauingenieurwesen<\/h3>\n\t<div class=\"mask opaque-background\" style=\"background:rgba(70,48,49,0.4);\">\n\t\t<div  data-ultimate-target='#interactive-banner-1-wrap-5332 .bb-description'  data-responsive-json-new='{\"font-size\":\"\",\"line-height\":\"\"}'  class=\"bb-description ult-responsive\" style=\"font-weight:normal;color:#ffffff;\"><\/div>\n\t<\/div><a class=\"bb-link\" href=\"\/de\/bajonettstifte\/\" ><\/a>\n<\/div>[\/vc_column][\/vc_row]<\/p>\n","protected":false},"excerpt":{"rendered":"<p>[vc_row][vc_column width=&#8220;1\/3&#8243;][\/vc_column][vc_column width=&#8220;1\/3&#8243;][vc_column_text el_class=&#8220;tituloportada&#8220;] Projekte von ACFI [\/vc_column_text][\/vc_column][vc_column width=&#8220;1\/3&#8243;][\/vc_column][\/vc_row][vc_row][vc_column][vc_column_text]Bei jedem Auftrag den ACFI \u00fcbernimmt, verfolgen wir ein einziges Ziel: Die Exzellenz. Wir untersuchen jedes Projekt sehr gr\u00fcndlich um in jedem Fall die beste L\u00f6sung zu finden. Dieses Engagement erlaubt es uns unser Wissen stetig zu vergr\u00f6\u00dfern. Jedes Projekt ist ein Lernprozess, den wir sp\u00e4ter nutzen&hellip;<\/p>\n","protected":false},"author":1,"featured_media":0,"parent":0,"menu_order":0,"comment_status":"closed","ping_status":"closed","template":"","meta":[],"class_list":["post-1296","page","type-page","status-publish","hentry","description-off"],"yoast_head":"<!-- This site is optimized with the Yoast SEO plugin v27.3 - https:\/\/yoast.com\/product\/yoast-seo-wordpress\/ -->\n<title>Von dem Unternehmen ACFI durchgef\u00fchrte Arbeiten, Befestigungselemente<\/title>\n<meta name=\"description\" content=\"Projekte zur Lieferung von Befestigungs- und Schwei\u00dfsystemen f\u00fcr verschiedene Branchen.\" \/>\n<meta name=\"robots\" content=\"index, follow, max-snippet:-1, max-image-preview:large, max-video-preview:-1\" \/>\n<link rel=\"canonical\" href=\"https:\/\/acfija.com\/de\/abgeschlossene-arbeiten\/\" \/>\n<meta property=\"og:locale\" content=\"de_DE\" \/>\n<meta property=\"og:type\" content=\"article\" \/>\n<meta property=\"og:title\" content=\"Von dem Unternehmen ACFI durchgef\u00fchrte Arbeiten, Befestigungselemente\" \/>\n<meta property=\"og:description\" content=\"Projekte zur Lieferung von Befestigungs- und Schwei\u00dfsystemen f\u00fcr verschiedene Branchen.\" \/>\n<meta property=\"og:url\" content=\"https:\/\/acfija.com\/de\/abgeschlossene-arbeiten\/\" \/>\n<meta property=\"og:site_name\" content=\"ACFIJA\" \/>\n<meta property=\"article:modified_time\" content=\"2017-08-08T15:47:51+00:00\" \/>\n<meta name=\"twitter:card\" content=\"summary_large_image\" \/>\n<meta name=\"twitter:label1\" content=\"Gesch\u00e4tzte Lesezeit\" \/>\n\t<meta name=\"twitter:data1\" content=\"3\u00a0Minuten\" \/>\n<script type=\"application\/ld+json\" class=\"yoast-schema-graph\">{\"@context\":\"https:\\\/\\\/schema.org\",\"@graph\":[{\"@type\":\"WebPage\",\"@id\":\"https:\\\/\\\/acfija.com\\\/de\\\/abgeschlossene-arbeiten\\\/\",\"url\":\"https:\\\/\\\/acfija.com\\\/de\\\/abgeschlossene-arbeiten\\\/\",\"name\":\"Von dem Unternehmen ACFI durchgef\u00fchrte Arbeiten, Befestigungselemente\",\"isPartOf\":{\"@id\":\"https:\\\/\\\/acfija.com\\\/#website\"},\"datePublished\":\"2017-04-13T08:51:42+00:00\",\"dateModified\":\"2017-08-08T15:47:51+00:00\",\"description\":\"Projekte zur Lieferung von Befestigungs- und Schwei\u00dfsystemen f\u00fcr verschiedene Branchen.\",\"breadcrumb\":{\"@id\":\"https:\\\/\\\/acfija.com\\\/de\\\/abgeschlossene-arbeiten\\\/#breadcrumb\"},\"inLanguage\":\"de\",\"potentialAction\":[{\"@type\":\"ReadAction\",\"target\":[\"https:\\\/\\\/acfija.com\\\/de\\\/abgeschlossene-arbeiten\\\/\"]}]},{\"@type\":\"BreadcrumbList\",\"@id\":\"https:\\\/\\\/acfija.com\\\/de\\\/abgeschlossene-arbeiten\\\/#breadcrumb\",\"itemListElement\":[{\"@type\":\"ListItem\",\"position\":1,\"name\":\"Portada\",\"item\":\"https:\\\/\\\/acfija.com\\\/de\\\/\"},{\"@type\":\"ListItem\",\"position\":2,\"name\":\"Projekte\"}]},{\"@type\":\"WebSite\",\"@id\":\"https:\\\/\\\/acfija.com\\\/#website\",\"url\":\"https:\\\/\\\/acfija.com\\\/\",\"name\":\"ACFIJA\",\"description\":\"Accesorios de fijaci\u00f3n\",\"potentialAction\":[{\"@type\":\"SearchAction\",\"target\":{\"@type\":\"EntryPoint\",\"urlTemplate\":\"https:\\\/\\\/acfija.com\\\/?s={search_term_string}\"},\"query-input\":{\"@type\":\"PropertyValueSpecification\",\"valueRequired\":true,\"valueName\":\"search_term_string\"}}],\"inLanguage\":\"de\"}]}<\/script>\n<!-- \/ Yoast SEO plugin. -->","yoast_head_json":{"title":"Von dem Unternehmen ACFI durchgef\u00fchrte Arbeiten, Befestigungselemente","description":"Projekte zur Lieferung von Befestigungs- und Schwei\u00dfsystemen f\u00fcr verschiedene Branchen.","robots":{"index":"index","follow":"follow","max-snippet":"max-snippet:-1","max-image-preview":"max-image-preview:large","max-video-preview":"max-video-preview:-1"},"canonical":"https:\/\/acfija.com\/de\/abgeschlossene-arbeiten\/","og_locale":"de_DE","og_type":"article","og_title":"Von dem Unternehmen ACFI durchgef\u00fchrte Arbeiten, Befestigungselemente","og_description":"Projekte zur Lieferung von Befestigungs- und Schwei\u00dfsystemen f\u00fcr verschiedene Branchen.","og_url":"https:\/\/acfija.com\/de\/abgeschlossene-arbeiten\/","og_site_name":"ACFIJA","article_modified_time":"2017-08-08T15:47:51+00:00","twitter_card":"summary_large_image","twitter_misc":{"Gesch\u00e4tzte Lesezeit":"3\u00a0Minuten"},"schema":{"@context":"https:\/\/schema.org","@graph":[{"@type":"WebPage","@id":"https:\/\/acfija.com\/de\/abgeschlossene-arbeiten\/","url":"https:\/\/acfija.com\/de\/abgeschlossene-arbeiten\/","name":"Von dem Unternehmen ACFI durchgef\u00fchrte Arbeiten, Befestigungselemente","isPartOf":{"@id":"https:\/\/acfija.com\/#website"},"datePublished":"2017-04-13T08:51:42+00:00","dateModified":"2017-08-08T15:47:51+00:00","description":"Projekte zur Lieferung von Befestigungs- und Schwei\u00dfsystemen f\u00fcr verschiedene Branchen.","breadcrumb":{"@id":"https:\/\/acfija.com\/de\/abgeschlossene-arbeiten\/#breadcrumb"},"inLanguage":"de","potentialAction":[{"@type":"ReadAction","target":["https:\/\/acfija.com\/de\/abgeschlossene-arbeiten\/"]}]},{"@type":"BreadcrumbList","@id":"https:\/\/acfija.com\/de\/abgeschlossene-arbeiten\/#breadcrumb","itemListElement":[{"@type":"ListItem","position":1,"name":"Portada","item":"https:\/\/acfija.com\/de\/"},{"@type":"ListItem","position":2,"name":"Projekte"}]},{"@type":"WebSite","@id":"https:\/\/acfija.com\/#website","url":"https:\/\/acfija.com\/","name":"ACFIJA","description":"Accesorios de fijaci\u00f3n","potentialAction":[{"@type":"SearchAction","target":{"@type":"EntryPoint","urlTemplate":"https:\/\/acfija.com\/?s={search_term_string}"},"query-input":{"@type":"PropertyValueSpecification","valueRequired":true,"valueName":"search_term_string"}}],"inLanguage":"de"}]}},"_links":{"self":[{"href":"https:\/\/acfija.com\/de\/wp-json\/wp\/v2\/pages\/1296","targetHints":{"allow":["GET"]}}],"collection":[{"href":"https:\/\/acfija.com\/de\/wp-json\/wp\/v2\/pages"}],"about":[{"href":"https:\/\/acfija.com\/de\/wp-json\/wp\/v2\/types\/page"}],"author":[{"embeddable":true,"href":"https:\/\/acfija.com\/de\/wp-json\/wp\/v2\/users\/1"}],"replies":[{"embeddable":true,"href":"https:\/\/acfija.com\/de\/wp-json\/wp\/v2\/comments?post=1296"}],"version-history":[{"count":2,"href":"https:\/\/acfija.com\/de\/wp-json\/wp\/v2\/pages\/1296\/revisions"}],"predecessor-version":[{"id":1298,"href":"https:\/\/acfija.com\/de\/wp-json\/wp\/v2\/pages\/1296\/revisions\/1298"}],"wp:attachment":[{"href":"https:\/\/acfija.com\/de\/wp-json\/wp\/v2\/media?parent=1296"}],"curies":[{"name":"wp","href":"https:\/\/api.w.org\/{rel}","templated":true}]}}