{"id":1299,"date":"2017-04-13T10:51:22","date_gmt":"2017-04-13T08:51:22","guid":{"rendered":"http:\/\/acfija.com\/mensulas\/"},"modified":"2017-08-11T11:06:22","modified_gmt":"2017-08-11T09:06:22","slug":"drehclipse","status":"publish","type":"page","link":"https:\/\/acfija.com\/de\/drehclipse\/","title":{"rendered":"Konsoles"},"content":{"rendered":"<p>[vc_row type=&#8220;vc_default&#8220; css=&#8220;.vc_custom_1492599270483{margin-top: 70px !important;}&#8220;][vc_column width=&#8220;2\/3&#8243;]<div class=\"ult-spacer spacer-69d140082aac3\" data-id=\"69d140082aac3\" data-height=\"40\" data-height-mobile=\"40\" data-height-tab=\"40\" data-height-tab-portrait=\"\" data-height-mobile-landscape=\"\" style=\"clear:both;display:block;\"><\/div>[vc_column_text]Bei <strong>ACFI<\/strong> Accesorios de Fijaci\u00f3n widmen wir uns der Herstellung jeder Art von Konsoles. Unsere Konsoles werden von Lasern zugeschnitten bevor sie von Robotern verschwei\u00dft werden. Dieser Vorgang erlaubt es uns eine optimale Pr\u00e4zision in der Produktionsphase zu erreichen.<\/p>\n<p>In unserem Katalog finden sie alle Standardmodelle, die wir herstellen wieder. Uns ist es zudem m\u00f6glich, Konsoles gem\u00e4\u00df ihren gew\u00fcnschten Designs und Vorgaben nach Ma\u00df herzustellen.<\/p>\n<p>Die \u00fcbliche Dicke der Konsoles betr\u00e4gt 5, 10, 15, 20 und 30 mm.[\/vc_column_text][\/vc_column][vc_column width=&#8220;1\/3&#8243;][vc_column_text el_class=&#8220;destacadoproductos&#8220;]Wir verf\u00fcgen \u00fcber einen Lagerbestand an Rohmaterialien in folgenden Qualit\u00e4ten: 1.4845 &#8211; 1.4828 &#8211; 1.4301 &#8211; 2.4851 &#8211; 253 ma. Dies erm\u00f6glicht es uns Konsoles in k\u00fcrzester Zeit zu liefern.[\/vc_column_text][\/vc_column][\/vc_row][vc_row type=&#8220;vc_default&#8220; bg_type=&#8220;bg_color&#8220; bg_override=&#8220;full&#8220; bg_color_value=&#8220;#f1eaea&#8220; css=&#8220;.vc_custom_1492530413108{padding-top: 60px !important;padding-bottom: 100px !important;}&#8220;][vc_column][vc_row_inner][vc_column_inner width=&#8220;1\/4&#8243;][\/vc_column_inner][vc_column_inner width=&#8220;1\/2&#8243;][vc_column_text el_class=&#8220;tituloportada&#8220;]<\/p>\n<h3 style=\"text-align: center;\">Sie ben\u00f6tigen mehr Information?<\/h3>\n<p>[\/vc_column_text][\/vc_column_inner][vc_column_inner width=&#8220;1\/4&#8243;][\/vc_column_inner][\/vc_row_inner][vc_column_text]F\u00fcllen sie das Formular aus und senden Sie uns ihr Anliegen unverbindlich zu:[\/vc_column_text]\n<div class=\"wpcf7 no-js\" id=\"wpcf7-f1245-o1\" lang=\"es-ES\" dir=\"ltr\" data-wpcf7-id=\"1245\">\n<div class=\"screen-reader-response\"><p role=\"status\" aria-live=\"polite\" aria-atomic=\"true\"><\/p> <ul><\/ul><\/div>\n<form action=\"\/de\/wp-json\/wp\/v2\/pages\/1299#wpcf7-f1245-o1\" method=\"post\" class=\"wpcf7-form init\" aria-label=\"Formulario de contacto\" enctype=\"multipart\/form-data\" novalidate=\"novalidate\" data-status=\"init\">\n<fieldset class=\"hidden-fields-container\"><input type=\"hidden\" name=\"_wpcf7\" value=\"1245\" \/><input type=\"hidden\" name=\"_wpcf7_version\" value=\"6.1.5\" \/><input type=\"hidden\" name=\"_wpcf7_locale\" value=\"es_ES\" \/><input type=\"hidden\" name=\"_wpcf7_unit_tag\" value=\"wpcf7-f1245-o1\" \/><input type=\"hidden\" name=\"_wpcf7_container_post\" value=\"0\" \/><input type=\"hidden\" name=\"_wpcf7_posted_data_hash\" value=\"\" \/><input type=\"hidden\" name=\"_wpcf7_recaptcha_response\" value=\"\" \/>\n<\/fieldset>\n<div class=\"vc_col-sm-6 \">\n\t<p><span class=\"wpcf7-form-control-wrap\" data-name=\"nombre\"><input size=\"40\" maxlength=\"400\" class=\"wpcf7-form-control wpcf7-text wpcf7-validates-as-required\" aria-required=\"true\" aria-invalid=\"false\" placeholder=\"Name\" value=\"\" type=\"text\" name=\"nombre\" \/><\/span><br \/>\n<span class=\"wpcf7-form-control-wrap\" data-name=\"tel\"><input size=\"40\" maxlength=\"400\" class=\"wpcf7-form-control wpcf7-text wpcf7-validates-as-required\" aria-required=\"true\" aria-invalid=\"false\" placeholder=\"Telefon\" value=\"\" type=\"text\" name=\"tel\" \/><\/span><br \/>\n<span class=\"wpcf7-form-control-wrap\" data-name=\"your-email\"><input size=\"40\" maxlength=\"400\" class=\"wpcf7-form-control wpcf7-email wpcf7-validates-as-required wpcf7-text wpcf7-validates-as-email\" aria-required=\"true\" aria-invalid=\"false\" placeholder=\"E-Mail\" value=\"\" type=\"email\" name=\"your-email\" \/><\/span><br \/>\n<span class=\"wpcf7-form-control-wrap\" data-name=\"producto\"><input size=\"40\" maxlength=\"400\" class=\"wpcf7-form-control wpcf7-text wpcf7-validates-as-required\" aria-required=\"true\" aria-invalid=\"false\" placeholder=\"Produkt\" value=\"\" type=\"text\" name=\"producto\" \/><\/span><br \/>\n<span class=\"wpcf7-form-control-wrap\" data-name=\"material\"><input size=\"40\" maxlength=\"400\" class=\"wpcf7-form-control wpcf7-text wpcf7-validates-as-required\" aria-required=\"true\" aria-invalid=\"false\" placeholder=\"Material\" value=\"\" type=\"text\" name=\"material\" \/><\/span><br \/>\n<span class=\"wpcf7-form-control-wrap\" data-name=\"cantidad\"><input size=\"40\" maxlength=\"400\" class=\"wpcf7-form-control wpcf7-text wpcf7-validates-as-required\" aria-required=\"true\" aria-invalid=\"false\" placeholder=\"Menge\" value=\"\" type=\"text\" name=\"cantidad\" \/><\/span><br \/>\n<span class=\"wpcf7-form-control-wrap\" data-name=\"archivo\"><input size=\"40\" class=\"wpcf7-form-control wpcf7-file\" accept=\"audio\/*,video\/*,image\/*\" aria-invalid=\"false\" type=\"file\" name=\"archivo\" \/><\/span>\n\t<\/p>\n<\/div>\n<div class=\"vc_col-sm-6 \">\n\t<p><span class=\"wpcf7-form-control-wrap\" data-name=\"mensaje\"><textarea cols=\"40\" rows=\"10\" maxlength=\"2000\" class=\"wpcf7-form-control wpcf7-textarea\" aria-invalid=\"false\" placeholder=\"Nachricht\" name=\"mensaje\"><\/textarea><\/span>\n\t<\/p>\n<\/div>\n<p><span class=\"wpcf7-form-control-wrap\" data-name=\"acceptance-690\"><span class=\"wpcf7-form-control wpcf7-acceptance\"><span class=\"wpcf7-list-item\"><input type=\"checkbox\" name=\"acceptance-690\" value=\"1\" aria-invalid=\"false\" \/><\/span><\/span><\/span> Ich habe den <a href=\"\/de\/rechtshinweis\/\">Rechtshinweis<\/a> dieser Website gelesen und akzeptiere ihn.<br \/>\n<span class=\"wpcf7-form-control-wrap recaptcha\" data-name=\"recaptcha\"><span data-sitekey=\"6LeaWncrAAAAALBjVqrEsADdBHRKydOy0KTfEChi\" class=\"wpcf7-form-control wpcf7-recaptcha g-recaptcha\"><\/span>\r\n<noscript>\r\n\t<div class=\"grecaptcha-noscript\">\r\n\t\t<iframe loading=\"lazy\" src=\"https:\/\/www.google.com\/recaptcha\/api\/fallback?k=6LeaWncrAAAAALBjVqrEsADdBHRKydOy0KTfEChi\" frameborder=\"0\" scrolling=\"no\" width=\"310\" height=\"430\">\r\n\t\t<\/iframe>\r\n\t\t<textarea name=\"g-recaptcha-response\" rows=\"3\" cols=\"40\" placeholder=\"Aqu\u00ed la respuesta de reCAPTCHA\">\r\n\t\t<\/textarea>\r\n\t<\/div>\r\n<\/noscript>\r\n<\/span><br \/>\n<input class=\"wpcf7-form-control wpcf7-submit has-spinner\" id=\"formulario\" type=\"submit\" value=\"Senden\" \/>\n<\/p><input\n                    class=\"apbct_special_field apbct_email_id__wp_contact_form_7\"\n                    name=\"apbct__email_id__wp_contact_form_7\"\n                    aria-label=\"apbct__label_id__wp_contact_form_7\"\n                    type=\"text\" size=\"30\" maxlength=\"200\" autocomplete=\"off\"\n                    value=\"\"\n                \/><input type='hidden' class='wpcf7-pum' value='{\"closepopup\":false,\"closedelay\":0,\"openpopup\":false,\"openpopup_id\":0}' \/><div class=\"wpcf7-response-output\" aria-hidden=\"true\"><\/div>\n<\/form>\n<\/div>\n[\/vc_column][\/vc_row]<\/p>\n","protected":false},"excerpt":{"rendered":"<p>[vc_row type=&#8220;vc_default&#8220; css=&#8220;.vc_custom_1492599270483{margin-top: 70px !important;}&#8220;][vc_column width=&#8220;2\/3&#8243;][vc_column_text]Bei ACFI Accesorios de Fijaci\u00f3n widmen wir uns der Herstellung jeder Art von Konsoles. Unsere Konsoles werden von Lasern zugeschnitten bevor sie von Robotern verschwei\u00dft werden. Dieser Vorgang erlaubt es uns eine optimale Pr\u00e4zision in der Produktionsphase zu erreichen. In unserem Katalog finden sie alle Standardmodelle, die wir herstellen wieder.&hellip;<\/p>\n","protected":false},"author":1,"featured_media":0,"parent":0,"menu_order":0,"comment_status":"closed","ping_status":"closed","template":"","meta":[],"class_list":["post-1299","page","type-page","status-publish","hentry","description-off"],"yoast_head":"<!-- This site is optimized with the Yoast SEO plugin v27.3 - https:\/\/yoast.com\/product\/yoast-seo-wordpress\/ -->\n<title>Lasergeschnittene Konsolen. Befestigungssysteme<\/title>\n<meta name=\"description\" content=\"Hersteller von lasergeschnittenen und robotergeschwei\u00dften Konsolen (hohe Pr\u00e4zision). Befestigungssysteme f\u00fcr feuerfeste Auskleidungen.\" \/>\n<meta name=\"robots\" content=\"index, follow, max-snippet:-1, max-image-preview:large, max-video-preview:-1\" \/>\n<link rel=\"canonical\" href=\"https:\/\/acfija.com\/de\/drehclipse\/\" \/>\n<meta property=\"og:locale\" content=\"de_DE\" \/>\n<meta property=\"og:type\" content=\"article\" \/>\n<meta property=\"og:title\" content=\"Lasergeschnittene Konsolen. Befestigungssysteme\" \/>\n<meta property=\"og:description\" content=\"Hersteller von lasergeschnittenen und robotergeschwei\u00dften Konsolen (hohe Pr\u00e4zision). Befestigungssysteme f\u00fcr feuerfeste Auskleidungen.\" \/>\n<meta property=\"og:url\" content=\"https:\/\/acfija.com\/de\/drehclipse\/\" \/>\n<meta property=\"og:site_name\" content=\"ACFIJA\" \/>\n<meta property=\"article:modified_time\" content=\"2017-08-11T09:06:22+00:00\" \/>\n<meta name=\"twitter:card\" content=\"summary_large_image\" \/>\n<meta name=\"twitter:label1\" content=\"Gesch\u00e4tzte Lesezeit\" \/>\n\t<meta name=\"twitter:data1\" content=\"1\u00a0Minute\" \/>\n<script type=\"application\/ld+json\" class=\"yoast-schema-graph\">{\"@context\":\"https:\\\/\\\/schema.org\",\"@graph\":[{\"@type\":\"WebPage\",\"@id\":\"https:\\\/\\\/acfija.com\\\/de\\\/drehclipse\\\/\",\"url\":\"https:\\\/\\\/acfija.com\\\/de\\\/drehclipse\\\/\",\"name\":\"Lasergeschnittene Konsolen. Befestigungssysteme\",\"isPartOf\":{\"@id\":\"https:\\\/\\\/acfija.com\\\/#website\"},\"datePublished\":\"2017-04-13T08:51:22+00:00\",\"dateModified\":\"2017-08-11T09:06:22+00:00\",\"description\":\"Hersteller von lasergeschnittenen und robotergeschwei\u00dften Konsolen (hohe Pr\u00e4zision). Befestigungssysteme f\u00fcr feuerfeste Auskleidungen.\",\"breadcrumb\":{\"@id\":\"https:\\\/\\\/acfija.com\\\/de\\\/drehclipse\\\/#breadcrumb\"},\"inLanguage\":\"de\",\"potentialAction\":[{\"@type\":\"ReadAction\",\"target\":[\"https:\\\/\\\/acfija.com\\\/de\\\/drehclipse\\\/\"]}]},{\"@type\":\"BreadcrumbList\",\"@id\":\"https:\\\/\\\/acfija.com\\\/de\\\/drehclipse\\\/#breadcrumb\",\"itemListElement\":[{\"@type\":\"ListItem\",\"position\":1,\"name\":\"Portada\",\"item\":\"https:\\\/\\\/acfija.com\\\/de\\\/\"},{\"@type\":\"ListItem\",\"position\":2,\"name\":\"Konsoles\"}]},{\"@type\":\"WebSite\",\"@id\":\"https:\\\/\\\/acfija.com\\\/#website\",\"url\":\"https:\\\/\\\/acfija.com\\\/\",\"name\":\"ACFIJA\",\"description\":\"Accesorios de fijaci\u00f3n\",\"potentialAction\":[{\"@type\":\"SearchAction\",\"target\":{\"@type\":\"EntryPoint\",\"urlTemplate\":\"https:\\\/\\\/acfija.com\\\/?s={search_term_string}\"},\"query-input\":{\"@type\":\"PropertyValueSpecification\",\"valueRequired\":true,\"valueName\":\"search_term_string\"}}],\"inLanguage\":\"de\"}]}<\/script>\n<!-- \/ Yoast SEO plugin. -->","yoast_head_json":{"title":"Lasergeschnittene Konsolen. Befestigungssysteme","description":"Hersteller von lasergeschnittenen und robotergeschwei\u00dften Konsolen (hohe Pr\u00e4zision). Befestigungssysteme f\u00fcr feuerfeste Auskleidungen.","robots":{"index":"index","follow":"follow","max-snippet":"max-snippet:-1","max-image-preview":"max-image-preview:large","max-video-preview":"max-video-preview:-1"},"canonical":"https:\/\/acfija.com\/de\/drehclipse\/","og_locale":"de_DE","og_type":"article","og_title":"Lasergeschnittene Konsolen. Befestigungssysteme","og_description":"Hersteller von lasergeschnittenen und robotergeschwei\u00dften Konsolen (hohe Pr\u00e4zision). Befestigungssysteme f\u00fcr feuerfeste Auskleidungen.","og_url":"https:\/\/acfija.com\/de\/drehclipse\/","og_site_name":"ACFIJA","article_modified_time":"2017-08-11T09:06:22+00:00","twitter_card":"summary_large_image","twitter_misc":{"Gesch\u00e4tzte Lesezeit":"1\u00a0Minute"},"schema":{"@context":"https:\/\/schema.org","@graph":[{"@type":"WebPage","@id":"https:\/\/acfija.com\/de\/drehclipse\/","url":"https:\/\/acfija.com\/de\/drehclipse\/","name":"Lasergeschnittene Konsolen. Befestigungssysteme","isPartOf":{"@id":"https:\/\/acfija.com\/#website"},"datePublished":"2017-04-13T08:51:22+00:00","dateModified":"2017-08-11T09:06:22+00:00","description":"Hersteller von lasergeschnittenen und robotergeschwei\u00dften Konsolen (hohe Pr\u00e4zision). Befestigungssysteme f\u00fcr feuerfeste Auskleidungen.","breadcrumb":{"@id":"https:\/\/acfija.com\/de\/drehclipse\/#breadcrumb"},"inLanguage":"de","potentialAction":[{"@type":"ReadAction","target":["https:\/\/acfija.com\/de\/drehclipse\/"]}]},{"@type":"BreadcrumbList","@id":"https:\/\/acfija.com\/de\/drehclipse\/#breadcrumb","itemListElement":[{"@type":"ListItem","position":1,"name":"Portada","item":"https:\/\/acfija.com\/de\/"},{"@type":"ListItem","position":2,"name":"Konsoles"}]},{"@type":"WebSite","@id":"https:\/\/acfija.com\/#website","url":"https:\/\/acfija.com\/","name":"ACFIJA","description":"Accesorios de fijaci\u00f3n","potentialAction":[{"@type":"SearchAction","target":{"@type":"EntryPoint","urlTemplate":"https:\/\/acfija.com\/?s={search_term_string}"},"query-input":{"@type":"PropertyValueSpecification","valueRequired":true,"valueName":"search_term_string"}}],"inLanguage":"de"}]}},"_links":{"self":[{"href":"https:\/\/acfija.com\/de\/wp-json\/wp\/v2\/pages\/1299","targetHints":{"allow":["GET"]}}],"collection":[{"href":"https:\/\/acfija.com\/de\/wp-json\/wp\/v2\/pages"}],"about":[{"href":"https:\/\/acfija.com\/de\/wp-json\/wp\/v2\/types\/page"}],"author":[{"embeddable":true,"href":"https:\/\/acfija.com\/de\/wp-json\/wp\/v2\/users\/1"}],"replies":[{"embeddable":true,"href":"https:\/\/acfija.com\/de\/wp-json\/wp\/v2\/comments?post=1299"}],"version-history":[{"count":5,"href":"https:\/\/acfija.com\/de\/wp-json\/wp\/v2\/pages\/1299\/revisions"}],"predecessor-version":[{"id":1477,"href":"https:\/\/acfija.com\/de\/wp-json\/wp\/v2\/pages\/1299\/revisions\/1477"}],"wp:attachment":[{"href":"https:\/\/acfija.com\/de\/wp-json\/wp\/v2\/media?parent=1299"}],"curies":[{"name":"wp","href":"https:\/\/api.w.org\/{rel}","templated":true}]}}