{"id":1317,"date":"2017-04-13T10:46:03","date_gmt":"2017-04-13T08:46:03","guid":{"rendered":"http:\/\/acfija.com\/fabricacion-studs\/"},"modified":"2017-08-11T11:04:20","modified_gmt":"2017-08-11T09:04:20","slug":"bolzen-herstellung","status":"publish","type":"page","link":"https:\/\/acfija.com\/de\/bolzen-herstellung\/","title":{"rendered":"Stifte"},"content":{"rendered":"<p>[vc_row type=&#8220;vc_default&#8220; css=&#8220;.vc_custom_1492766469926{margin-top: 70px !important;}&#8220;][vc_column width=&#8220;1\/4&#8243;][\/vc_column][vc_column width=&#8220;1\/2&#8243;][vc_column_text el_class=&#8220;tituloportada&#8220;]<\/p>\n<h2 style=\"text-align: center;\">Herstellung von Stifte<\/h2>\n<p>[\/vc_column_text][\/vc_column][vc_column width=&#8220;1\/4&#8243;][\/vc_column][\/vc_row][vc_row type=&#8220;vc_default&#8220;][vc_column width=&#8220;2\/3&#8243;][vc_column_text]Zu der Produktpalette, die ihnen <strong>ACFI <\/strong>Accesorios de Fijaci\u00f3n anbietet, z\u00e4hlt die Herstellung von Stifte, die wir entweder gem\u00e4\u00df unserem Designkatalog produzieren oder nach Ma\u00df entsprechend dem originalen Designs des Kunden.<\/p>\n<p>Wir produzieren standartgem\u00e4\u00df jegliche Art von Bolzen, die sich in den Katalogen wiederfinden aber auch Bolzen nach dem Design unserer Kunden, feuerfest und mit gew\u00fcnschter Dicke.<\/p>\n<p>Bei den \u00fcblichen Modellen handelt es sich um 5, 6, 8, 10, 12 und 16 mm ohne Einschr\u00e4nkung hinsichtlich der L\u00e4nge und Form.<\/p>\n<p>Wir verf\u00fcgen \u00fcber einen Lagerbestand an Rohmaterialien in unterschiedlichen Qualit\u00e4ten: 253MA &#8211; 1.4301 &#8211; 1.4845 &#8211; 1.4828 &#8211; 2.4851 &#8211; 1.4742 &#8211; C.S. Dank diesem k\u00f6nnen wir unseren Kunden Bolzen innerhalb eines sehr kurzen Zeitraums anbieten.[\/vc_column_text][\/vc_column][vc_column width=&#8220;1\/3&#8243;][vc_column_text el_class=&#8220;destacadoproductos&#8220;]Unsere Verankerungen werden stets aus europ\u00e4ischen Rohmaterialien hergestellt und als 3.1. zertifiziert geliefert.[\/vc_column_text][\/vc_column][vc_column][vc_column_text]Stifte sind ein sehr \u00fcbliches Verankerungselement auf gro\u00dfen Baustellen weshalb wir uns der Anfertigung in gro\u00dfen Mengen angenommen haben und auch eine Lieferung direkt in das Land erm\u00f6glichen k\u00f6nnen, wo sich die Baustelle befindet.[\/vc_column_text][\/vc_column][\/vc_row][vc_row type=&#8220;vc_default&#8220; css=&#8220;.vc_custom_1492601753401{border-top-width: 2px !important;padding-top: 50px !important;border-top-color: #f18e00 !important;border-top-style: dotted !important;}&#8220; el_class=&#8220;cinco&#8220;][vc_column width=&#8220;1\/6&#8243; el_class=&#8220;caja&#8220;]<div id=\"ultimate-heading-401569de6a934695f\" class=\"uvc-heading ult-adjust-bottom-margin ultimate-heading-401569de6a934695f uvc-4355 \" data-hspacer=\"line_only\"  data-halign=\"center\" style=\"text-align:center\"><div class=\"uvc-main-heading ult-responsive\"  data-ultimate-target='.uvc-heading.ultimate-heading-401569de6a934695f h3'  data-responsive-json-new='{\"font-size\":\"desktop:22px;\",\"line-height\":\"desktop:32px;\"}' ><h3 style=\"font-weight:normal;\">SFG<\/h3><\/div><div class=\"uvc-heading-spacer line_only\" style=\"topheight:1px;\"><span class=\"uvc-headings-line\" style=\"border-style:dotted;border-bottom-width:1px;border-color:#f18e00;width:autopx;\"><\/span><\/div><\/div>[vc_single_image image=&#8220;507&#8243; img_size=&#8220;full&#8220; alignment=&#8220;center&#8220; css_animation=&#8220;fadeIn&#8220;][\/vc_column][vc_column width=&#8220;1\/4&#8243; el_class=&#8220;caja&#8220;]<div id=\"ultimate-heading-593069de6a93469f7\" class=\"uvc-heading ult-adjust-bottom-margin ultimate-heading-593069de6a93469f7 uvc-5846 \" data-hspacer=\"line_only\"  data-halign=\"center\" style=\"text-align:center\"><div class=\"uvc-main-heading ult-responsive\"  data-ultimate-target='.uvc-heading.ultimate-heading-593069de6a93469f7 h3'  data-responsive-json-new='{\"font-size\":\"desktop:22px;\",\"line-height\":\"desktop:32px;\"}' ><h3 style=\"font-weight:normal;\">SF<\/h3><\/div><div class=\"uvc-heading-spacer line_only\" style=\"topheight:1px;\"><span class=\"uvc-headings-line\" style=\"border-style:dotted;border-bottom-width:1px;border-color:#f18e00;width:autopx;\"><\/span><\/div><\/div>[vc_single_image image=&#8220;508&#8243; img_size=&#8220;full&#8220; alignment=&#8220;center&#8220; css_animation=&#8220;fadeIn&#8220;][\/vc_column][vc_column width=&#8220;1\/6&#8243; el_class=&#8220;caja&#8220;]<div id=\"ultimate-heading-741269de6a9346a74\" class=\"uvc-heading ult-adjust-bottom-margin ultimate-heading-741269de6a9346a74 uvc-8859 \" data-hspacer=\"line_only\"  data-halign=\"center\" style=\"text-align:center\"><div class=\"uvc-main-heading ult-responsive\"  data-ultimate-target='.uvc-heading.ultimate-heading-741269de6a9346a74 h3'  data-responsive-json-new='{\"font-size\":\"desktop:22px;\",\"line-height\":\"desktop:32px;\"}' ><h3 style=\"font-weight:normal;\">SYP <\/h3><\/div><div class=\"uvc-heading-spacer line_only\" style=\"topheight:1px;\"><span class=\"uvc-headings-line\" style=\"border-style:dotted;border-bottom-width:1px;border-color:#f18e00;width:autopx;\"><\/span><\/div><\/div>[vc_single_image image=&#8220;509&#8243; img_size=&#8220;full&#8220; alignment=&#8220;center&#8220; css_animation=&#8220;fadeIn&#8220;][\/vc_column][vc_column width=&#8220;1\/4&#8243; el_class=&#8220;caja&#8220;]<div id=\"ultimate-heading-904169de6a9346afd\" class=\"uvc-heading ult-adjust-bottom-margin ultimate-heading-904169de6a9346afd uvc-8470 \" data-hspacer=\"line_only\"  data-halign=\"center\" style=\"text-align:center\"><div class=\"uvc-main-heading ult-responsive\"  data-ultimate-target='.uvc-heading.ultimate-heading-904169de6a9346afd h3'  data-responsive-json-new='{\"font-size\":\"desktop:22px;\",\"line-height\":\"desktop:32px;\"}' ><h3 style=\"font-weight:normal;\">SYT<\/h3><\/div><div class=\"uvc-heading-spacer line_only\" style=\"topheight:1px;\"><span class=\"uvc-headings-line\" style=\"border-style:dotted;border-bottom-width:1px;border-color:#f18e00;width:autopx;\"><\/span><\/div><\/div>[vc_single_image image=&#8220;859&#8243; img_size=&#8220;full&#8220; alignment=&#8220;center&#8220; css_animation=&#8220;fadeIn&#8220;][\/vc_column][vc_column width=&#8220;1\/6&#8243; el_class=&#8220;caja&#8220;]<div id=\"ultimate-heading-726769de6a9346b68\" class=\"uvc-heading ult-adjust-bottom-margin ultimate-heading-726769de6a9346b68 uvc-4613 \" data-hspacer=\"line_only\"  data-halign=\"center\" style=\"text-align:center\"><div class=\"uvc-main-heading ult-responsive\"  data-ultimate-target='.uvc-heading.ultimate-heading-726769de6a9346b68 h3'  data-responsive-json-new='{\"font-size\":\"desktop:22px;\",\"line-height\":\"desktop:32px;\"}' ><h3 style=\"font-weight:normal;\">SYS<\/h3><\/div><div class=\"uvc-heading-spacer line_only\" style=\"topheight:1px;\"><span class=\"uvc-headings-line\" style=\"border-style:dotted;border-bottom-width:1px;border-color:#f18e00;width:autopx;\"><\/span><\/div><\/div>[vc_single_image image=&#8220;510&#8243; img_size=&#8220;full&#8220; alignment=&#8220;center&#8220; css_animation=&#8220;fadeIn&#8220;][\/vc_column][\/vc_row][vc_row type=&#8220;vc_default&#8220; css=&#8220;.vc_custom_1492601760584{margin-top: 40px !important;padding-bottom: 60px !important;}&#8220; el_class=&#8220;cinco&#8220;][vc_column width=&#8220;1\/6&#8243; el_class=&#8220;caja&#8220;]<div id=\"ultimate-heading-974669de6a9346bd4\" class=\"uvc-heading ult-adjust-bottom-margin ultimate-heading-974669de6a9346bd4 uvc-4350 \" data-hspacer=\"line_only\"  data-halign=\"center\" style=\"text-align:center\"><div class=\"uvc-main-heading ult-responsive\"  data-ultimate-target='.uvc-heading.ultimate-heading-974669de6a9346bd4 h3'  data-responsive-json-new='{\"font-size\":\"desktop:22px;\",\"line-height\":\"desktop:32px;\"}' ><h3 style=\"font-weight:normal;\">SWP<\/h3><\/div><div class=\"uvc-heading-spacer line_only\" style=\"topheight:1px;\"><span class=\"uvc-headings-line\" style=\"border-style:dotted;border-bottom-width:1px;border-color:#f18e00;width:autopx;\"><\/span><\/div><\/div>[vc_single_image image=&#8220;514&#8243; img_size=&#8220;full&#8220; alignment=&#8220;center&#8220; css_animation=&#8220;fadeIn&#8220;][\/vc_column][vc_column width=&#8220;1\/4&#8243; el_class=&#8220;caja&#8220;]<div id=\"ultimate-heading-787369de6a9346c3f\" class=\"uvc-heading ult-adjust-bottom-margin ultimate-heading-787369de6a9346c3f uvc-9788 \" data-hspacer=\"line_only\"  data-halign=\"center\" style=\"text-align:center\"><div class=\"uvc-main-heading ult-responsive\"  data-ultimate-target='.uvc-heading.ultimate-heading-787369de6a9346c3f h3'  data-responsive-json-new='{\"font-size\":\"desktop:22px;\",\"line-height\":\"desktop:32px;\"}' ><h3 style=\"font-weight:normal;\">CR<\/h3><\/div><div class=\"uvc-heading-spacer line_only\" style=\"topheight:1px;\"><span class=\"uvc-headings-line\" style=\"border-style:dotted;border-bottom-width:1px;border-color:#f18e00;width:autopx;\"><\/span><\/div><\/div>[vc_single_image image=&#8220;515&#8243; img_size=&#8220;full&#8220; alignment=&#8220;center&#8220; css_animation=&#8220;fadeIn&#8220;][\/vc_column][vc_column width=&#8220;1\/6&#8243; el_class=&#8220;caja&#8220;]<div id=\"ultimate-heading-266369de6a9346ca8\" class=\"uvc-heading ult-adjust-bottom-margin ultimate-heading-266369de6a9346ca8 uvc-4453 \" data-hspacer=\"line_only\"  data-halign=\"center\" style=\"text-align:center\"><div class=\"uvc-main-heading ult-responsive\"  data-ultimate-target='.uvc-heading.ultimate-heading-266369de6a9346ca8 h3'  data-responsive-json-new='{\"font-size\":\"desktop:22px;\",\"line-height\":\"desktop:32px;\"}' ><h3 style=\"font-weight:normal;\">KS<\/h3><\/div><div class=\"uvc-heading-spacer line_only\" style=\"topheight:1px;\"><span class=\"uvc-headings-line\" style=\"border-style:dotted;border-bottom-width:1px;border-color:#f18e00;width:autopx;\"><\/span><\/div><\/div>[vc_single_image image=&#8220;516&#8243; img_size=&#8220;full&#8220; alignment=&#8220;center&#8220; css_animation=&#8220;fadeIn&#8220;][\/vc_column][vc_column width=&#8220;1\/6&#8243; el_class=&#8220;caja&#8220;]<div id=\"ultimate-heading-40369de6a9346d13\" class=\"uvc-heading ult-adjust-bottom-margin ultimate-heading-40369de6a9346d13 uvc-7950 \" data-hspacer=\"line_only\"  data-halign=\"center\" style=\"text-align:center\"><div class=\"uvc-main-heading ult-responsive\"  data-ultimate-target='.uvc-heading.ultimate-heading-40369de6a9346d13 h3'  data-responsive-json-new='{\"font-size\":\"desktop:22px;\",\"line-height\":\"desktop:32px;\"}' ><h3 style=\"font-weight:normal;\">WS<\/h3><\/div><div class=\"uvc-heading-spacer line_only\" style=\"topheight:1px;\"><span class=\"uvc-headings-line\" style=\"border-style:dotted;border-bottom-width:1px;border-color:#f18e00;width:autopx;\"><\/span><\/div><\/div>[vc_single_image image=&#8220;518&#8243; img_size=&#8220;full&#8220; alignment=&#8220;center&#8220; css_animation=&#8220;fadeIn&#8220;][\/vc_column][vc_column width=&#8220;1\/4&#8243;][\/vc_column][\/vc_row][vc_row type=&#8220;vc_default&#8220; full_width=&#8220;stretch_row&#8220; content_placement=&#8220;middle&#8220; bg_type=&#8220;bg_color&#8220; css=&#8220;.vc_custom_1492599326227{margin-top: 30px !important;margin-bottom: 0px !important;padding-top: 20px !important;padding-bottom: 20px !important;}&#8220; bg_color_value=&#8220;#f18e00&#8243;][vc_column][vc_column_text]<\/p>\n<h2 style=\"text-align: center;\"><span style=\"color: #ffffff;\">Katalog zu Stifte herunterladen<\/span><\/h2>\n<p>[\/vc_column_text]<div class=\"text-centered\"><a href=\"\/pdf\/studs-soldar.pdf\" class=\"btn-shortcode dt-btn-l dt-btn btn-light default-btn-color default-btn-hover-color default-btn-bg-color default-btn-bg-hover-color\" target=\"_blank\" id=\"dt-btn-1\"><i class=\"fa fa-arrow-down\"><\/i><span>Herunterladen<\/span><\/a><\/div>[\/vc_column][\/vc_row][vc_row type=&#8220;vc_default&#8220; bg_type=&#8220;bg_color&#8220; bg_override=&#8220;full&#8220; bg_color_value=&#8220;#f1eaea&#8220; css=&#8220;.vc_custom_1492530413108{padding-top: 60px !important;padding-bottom: 100px !important;}&#8220;][vc_column][vc_row_inner][vc_column_inner width=&#8220;1\/4&#8243;][\/vc_column_inner][vc_column_inner width=&#8220;1\/2&#8243;][vc_column_text el_class=&#8220;tituloportada&#8220;]<\/p>\n<h3 style=\"text-align: center;\">Sie ben\u00f6tigen mehr Information?<\/h3>\n<p>[\/vc_column_text][\/vc_column_inner][vc_column_inner width=&#8220;1\/4&#8243;][\/vc_column_inner][\/vc_row_inner][vc_column_text]F\u00fcllen sie das Formular aus und senden Sie uns ihr Anliegen unverbindlich zu:[\/vc_column_text]\n<div class=\"wpcf7 no-js\" id=\"wpcf7-f1245-o1\" lang=\"es-ES\" dir=\"ltr\" data-wpcf7-id=\"1245\">\n<div class=\"screen-reader-response\"><p role=\"status\" aria-live=\"polite\" aria-atomic=\"true\"><\/p> <ul><\/ul><\/div>\n<form action=\"\/de\/wp-json\/wp\/v2\/pages\/1317#wpcf7-f1245-o1\" method=\"post\" class=\"wpcf7-form init\" aria-label=\"Formulario de contacto\" enctype=\"multipart\/form-data\" novalidate=\"novalidate\" data-status=\"init\">\n<fieldset class=\"hidden-fields-container\"><input type=\"hidden\" name=\"_wpcf7\" value=\"1245\" \/><input type=\"hidden\" name=\"_wpcf7_version\" value=\"6.1.5\" \/><input type=\"hidden\" name=\"_wpcf7_locale\" value=\"es_ES\" \/><input type=\"hidden\" name=\"_wpcf7_unit_tag\" value=\"wpcf7-f1245-o1\" \/><input type=\"hidden\" name=\"_wpcf7_container_post\" value=\"0\" \/><input type=\"hidden\" name=\"_wpcf7_posted_data_hash\" value=\"\" \/><input type=\"hidden\" name=\"_wpcf7_recaptcha_response\" value=\"\" \/>\n<\/fieldset>\n<div class=\"vc_col-sm-6 \">\n\t<p><span class=\"wpcf7-form-control-wrap\" data-name=\"nombre\"><input size=\"40\" maxlength=\"400\" class=\"wpcf7-form-control wpcf7-text wpcf7-validates-as-required\" aria-required=\"true\" aria-invalid=\"false\" placeholder=\"Name\" value=\"\" type=\"text\" name=\"nombre\" \/><\/span><br \/>\n<span class=\"wpcf7-form-control-wrap\" data-name=\"tel\"><input size=\"40\" maxlength=\"400\" class=\"wpcf7-form-control wpcf7-text wpcf7-validates-as-required\" aria-required=\"true\" aria-invalid=\"false\" placeholder=\"Telefon\" value=\"\" type=\"text\" name=\"tel\" \/><\/span><br \/>\n<span class=\"wpcf7-form-control-wrap\" data-name=\"your-email\"><input size=\"40\" maxlength=\"400\" class=\"wpcf7-form-control wpcf7-email wpcf7-validates-as-required wpcf7-text wpcf7-validates-as-email\" aria-required=\"true\" aria-invalid=\"false\" placeholder=\"E-Mail\" value=\"\" type=\"email\" name=\"your-email\" \/><\/span><br \/>\n<span class=\"wpcf7-form-control-wrap\" data-name=\"producto\"><input size=\"40\" maxlength=\"400\" class=\"wpcf7-form-control wpcf7-text wpcf7-validates-as-required\" aria-required=\"true\" aria-invalid=\"false\" placeholder=\"Produkt\" value=\"\" type=\"text\" name=\"producto\" \/><\/span><br \/>\n<span class=\"wpcf7-form-control-wrap\" data-name=\"material\"><input size=\"40\" maxlength=\"400\" class=\"wpcf7-form-control wpcf7-text wpcf7-validates-as-required\" aria-required=\"true\" aria-invalid=\"false\" placeholder=\"Material\" value=\"\" type=\"text\" name=\"material\" \/><\/span><br \/>\n<span class=\"wpcf7-form-control-wrap\" data-name=\"cantidad\"><input size=\"40\" maxlength=\"400\" class=\"wpcf7-form-control wpcf7-text wpcf7-validates-as-required\" aria-required=\"true\" aria-invalid=\"false\" placeholder=\"Menge\" value=\"\" type=\"text\" name=\"cantidad\" \/><\/span><br \/>\n<span class=\"wpcf7-form-control-wrap\" data-name=\"archivo\"><input size=\"40\" class=\"wpcf7-form-control wpcf7-file\" accept=\"audio\/*,video\/*,image\/*\" aria-invalid=\"false\" type=\"file\" name=\"archivo\" \/><\/span>\n\t<\/p>\n<\/div>\n<div class=\"vc_col-sm-6 \">\n\t<p><span class=\"wpcf7-form-control-wrap\" data-name=\"mensaje\"><textarea cols=\"40\" rows=\"10\" maxlength=\"2000\" class=\"wpcf7-form-control wpcf7-textarea\" aria-invalid=\"false\" placeholder=\"Nachricht\" name=\"mensaje\"><\/textarea><\/span>\n\t<\/p>\n<\/div>\n<p><span class=\"wpcf7-form-control-wrap\" data-name=\"acceptance-690\"><span class=\"wpcf7-form-control wpcf7-acceptance\"><span class=\"wpcf7-list-item\"><input type=\"checkbox\" name=\"acceptance-690\" value=\"1\" aria-invalid=\"false\" \/><\/span><\/span><\/span> Ich habe den <a href=\"\/de\/rechtshinweis\/\">Rechtshinweis<\/a> dieser Website gelesen und akzeptiere ihn.<br \/>\n<span class=\"wpcf7-form-control-wrap recaptcha\" data-name=\"recaptcha\"><span data-sitekey=\"6LeaWncrAAAAALBjVqrEsADdBHRKydOy0KTfEChi\" class=\"wpcf7-form-control wpcf7-recaptcha g-recaptcha\"><\/span>\r\n<noscript>\r\n\t<div class=\"grecaptcha-noscript\">\r\n\t\t<iframe loading=\"lazy\" src=\"https:\/\/www.google.com\/recaptcha\/api\/fallback?k=6LeaWncrAAAAALBjVqrEsADdBHRKydOy0KTfEChi\" frameborder=\"0\" scrolling=\"no\" width=\"310\" height=\"430\">\r\n\t\t<\/iframe>\r\n\t\t<textarea name=\"g-recaptcha-response\" rows=\"3\" cols=\"40\" placeholder=\"Aqu\u00ed la respuesta de reCAPTCHA\">\r\n\t\t<\/textarea>\r\n\t<\/div>\r\n<\/noscript>\r\n<\/span><br \/>\n<input class=\"wpcf7-form-control wpcf7-submit has-spinner\" id=\"formulario\" type=\"submit\" value=\"Senden\" \/>\n<\/p><input\n                    class=\"apbct_special_field apbct_email_id__wp_contact_form_7\"\n                    name=\"apbct__email_id__wp_contact_form_7\"\n                    aria-label=\"apbct__label_id__wp_contact_form_7\"\n                    type=\"text\" size=\"30\" maxlength=\"200\" autocomplete=\"off\"\n                    value=\"\"\n                \/><input type='hidden' class='wpcf7-pum' value='{\"closepopup\":false,\"closedelay\":0,\"openpopup\":false,\"openpopup_id\":0}' \/><div class=\"wpcf7-response-output\" aria-hidden=\"true\"><\/div>\n<\/form>\n<\/div>\n[\/vc_column][\/vc_row]<\/p>\n","protected":false},"excerpt":{"rendered":"<p>[vc_row type=&#8220;vc_default&#8220; css=&#8220;.vc_custom_1492766469926{margin-top: 70px !important;}&#8220;][vc_column width=&#8220;1\/4&#8243;][\/vc_column][vc_column width=&#8220;1\/2&#8243;][vc_column_text el_class=&#8220;tituloportada&#8220;] Herstellung von Stifte [\/vc_column_text][\/vc_column][vc_column width=&#8220;1\/4&#8243;][\/vc_column][\/vc_row][vc_row type=&#8220;vc_default&#8220;][vc_column width=&#8220;2\/3&#8243;][vc_column_text]Zu der Produktpalette, die ihnen ACFI Accesorios de Fijaci\u00f3n anbietet, z\u00e4hlt die Herstellung von Stifte, die wir entweder gem\u00e4\u00df unserem Designkatalog produzieren oder nach Ma\u00df entsprechend dem originalen Designs des Kunden. Wir produzieren standartgem\u00e4\u00df jegliche Art von Bolzen, die sich in&hellip;<\/p>\n","protected":false},"author":1,"featured_media":0,"parent":0,"menu_order":0,"comment_status":"closed","ping_status":"closed","template":"","meta":[],"class_list":["post-1317","page","type-page","status-publish","hentry","description-off"],"yoast_head":"<!-- This site is optimized with the Yoast SEO plugin v27.3 - https:\/\/yoast.com\/product\/yoast-seo-wordpress\/ -->\n<title>Herstellung von Stifte und Befestigungselementen f\u00fcr feuerfeste Werkstoffe<\/title>\n<meta name=\"description\" content=\"FHerstellung und Vertrieb von Stifte zum Schwei\u00dfen. Produktion in gro\u00dfen Mengen, entweder aus unserem Katalog oder auf individuellen Kundenwunsch.\" \/>\n<meta name=\"robots\" content=\"index, follow, max-snippet:-1, max-image-preview:large, max-video-preview:-1\" \/>\n<link rel=\"canonical\" href=\"https:\/\/acfija.com\/de\/bolzen-herstellung\/\" \/>\n<meta property=\"og:locale\" content=\"de_DE\" \/>\n<meta property=\"og:type\" content=\"article\" \/>\n<meta property=\"og:title\" content=\"Herstellung von Stifte und Befestigungselementen f\u00fcr feuerfeste Werkstoffe\" \/>\n<meta property=\"og:description\" content=\"FHerstellung und Vertrieb von Stifte zum Schwei\u00dfen. Produktion in gro\u00dfen Mengen, entweder aus unserem Katalog oder auf individuellen Kundenwunsch.\" \/>\n<meta property=\"og:url\" content=\"https:\/\/acfija.com\/de\/bolzen-herstellung\/\" \/>\n<meta property=\"og:site_name\" content=\"ACFIJA\" \/>\n<meta property=\"article:modified_time\" content=\"2017-08-11T09:04:20+00:00\" \/>\n<meta name=\"twitter:card\" content=\"summary_large_image\" \/>\n<meta name=\"twitter:label1\" content=\"Gesch\u00e4tzte Lesezeit\" \/>\n\t<meta name=\"twitter:data1\" content=\"5\u00a0Minuten\" \/>\n<script type=\"application\/ld+json\" class=\"yoast-schema-graph\">{\"@context\":\"https:\\\/\\\/schema.org\",\"@graph\":[{\"@type\":\"WebPage\",\"@id\":\"https:\\\/\\\/acfija.com\\\/de\\\/bolzen-herstellung\\\/\",\"url\":\"https:\\\/\\\/acfija.com\\\/de\\\/bolzen-herstellung\\\/\",\"name\":\"Herstellung von Stifte und Befestigungselementen f\u00fcr feuerfeste Werkstoffe\",\"isPartOf\":{\"@id\":\"https:\\\/\\\/acfija.com\\\/#website\"},\"datePublished\":\"2017-04-13T08:46:03+00:00\",\"dateModified\":\"2017-08-11T09:04:20+00:00\",\"description\":\"FHerstellung und Vertrieb von Stifte zum Schwei\u00dfen. Produktion in gro\u00dfen Mengen, entweder aus unserem Katalog oder auf individuellen Kundenwunsch.\",\"breadcrumb\":{\"@id\":\"https:\\\/\\\/acfija.com\\\/de\\\/bolzen-herstellung\\\/#breadcrumb\"},\"inLanguage\":\"de\",\"potentialAction\":[{\"@type\":\"ReadAction\",\"target\":[\"https:\\\/\\\/acfija.com\\\/de\\\/bolzen-herstellung\\\/\"]}]},{\"@type\":\"BreadcrumbList\",\"@id\":\"https:\\\/\\\/acfija.com\\\/de\\\/bolzen-herstellung\\\/#breadcrumb\",\"itemListElement\":[{\"@type\":\"ListItem\",\"position\":1,\"name\":\"Portada\",\"item\":\"https:\\\/\\\/acfija.com\\\/de\\\/\"},{\"@type\":\"ListItem\",\"position\":2,\"name\":\"Stifte\"}]},{\"@type\":\"WebSite\",\"@id\":\"https:\\\/\\\/acfija.com\\\/#website\",\"url\":\"https:\\\/\\\/acfija.com\\\/\",\"name\":\"ACFIJA\",\"description\":\"Accesorios de fijaci\u00f3n\",\"potentialAction\":[{\"@type\":\"SearchAction\",\"target\":{\"@type\":\"EntryPoint\",\"urlTemplate\":\"https:\\\/\\\/acfija.com\\\/?s={search_term_string}\"},\"query-input\":{\"@type\":\"PropertyValueSpecification\",\"valueRequired\":true,\"valueName\":\"search_term_string\"}}],\"inLanguage\":\"de\"}]}<\/script>\n<!-- \/ Yoast SEO plugin. -->","yoast_head_json":{"title":"Herstellung von Stifte und Befestigungselementen f\u00fcr feuerfeste Werkstoffe","description":"FHerstellung und Vertrieb von Stifte zum Schwei\u00dfen. Produktion in gro\u00dfen Mengen, entweder aus unserem Katalog oder auf individuellen Kundenwunsch.","robots":{"index":"index","follow":"follow","max-snippet":"max-snippet:-1","max-image-preview":"max-image-preview:large","max-video-preview":"max-video-preview:-1"},"canonical":"https:\/\/acfija.com\/de\/bolzen-herstellung\/","og_locale":"de_DE","og_type":"article","og_title":"Herstellung von Stifte und Befestigungselementen f\u00fcr feuerfeste Werkstoffe","og_description":"FHerstellung und Vertrieb von Stifte zum Schwei\u00dfen. Produktion in gro\u00dfen Mengen, entweder aus unserem Katalog oder auf individuellen Kundenwunsch.","og_url":"https:\/\/acfija.com\/de\/bolzen-herstellung\/","og_site_name":"ACFIJA","article_modified_time":"2017-08-11T09:04:20+00:00","twitter_card":"summary_large_image","twitter_misc":{"Gesch\u00e4tzte Lesezeit":"5\u00a0Minuten"},"schema":{"@context":"https:\/\/schema.org","@graph":[{"@type":"WebPage","@id":"https:\/\/acfija.com\/de\/bolzen-herstellung\/","url":"https:\/\/acfija.com\/de\/bolzen-herstellung\/","name":"Herstellung von Stifte und Befestigungselementen f\u00fcr feuerfeste Werkstoffe","isPartOf":{"@id":"https:\/\/acfija.com\/#website"},"datePublished":"2017-04-13T08:46:03+00:00","dateModified":"2017-08-11T09:04:20+00:00","description":"FHerstellung und Vertrieb von Stifte zum Schwei\u00dfen. Produktion in gro\u00dfen Mengen, entweder aus unserem Katalog oder auf individuellen Kundenwunsch.","breadcrumb":{"@id":"https:\/\/acfija.com\/de\/bolzen-herstellung\/#breadcrumb"},"inLanguage":"de","potentialAction":[{"@type":"ReadAction","target":["https:\/\/acfija.com\/de\/bolzen-herstellung\/"]}]},{"@type":"BreadcrumbList","@id":"https:\/\/acfija.com\/de\/bolzen-herstellung\/#breadcrumb","itemListElement":[{"@type":"ListItem","position":1,"name":"Portada","item":"https:\/\/acfija.com\/de\/"},{"@type":"ListItem","position":2,"name":"Stifte"}]},{"@type":"WebSite","@id":"https:\/\/acfija.com\/#website","url":"https:\/\/acfija.com\/","name":"ACFIJA","description":"Accesorios de fijaci\u00f3n","potentialAction":[{"@type":"SearchAction","target":{"@type":"EntryPoint","urlTemplate":"https:\/\/acfija.com\/?s={search_term_string}"},"query-input":{"@type":"PropertyValueSpecification","valueRequired":true,"valueName":"search_term_string"}}],"inLanguage":"de"}]}},"_links":{"self":[{"href":"https:\/\/acfija.com\/de\/wp-json\/wp\/v2\/pages\/1317","targetHints":{"allow":["GET"]}}],"collection":[{"href":"https:\/\/acfija.com\/de\/wp-json\/wp\/v2\/pages"}],"about":[{"href":"https:\/\/acfija.com\/de\/wp-json\/wp\/v2\/types\/page"}],"author":[{"embeddable":true,"href":"https:\/\/acfija.com\/de\/wp-json\/wp\/v2\/users\/1"}],"replies":[{"embeddable":true,"href":"https:\/\/acfija.com\/de\/wp-json\/wp\/v2\/comments?post=1317"}],"version-history":[{"count":4,"href":"https:\/\/acfija.com\/de\/wp-json\/wp\/v2\/pages\/1317\/revisions"}],"predecessor-version":[{"id":1466,"href":"https:\/\/acfija.com\/de\/wp-json\/wp\/v2\/pages\/1317\/revisions\/1466"}],"wp:attachment":[{"href":"https:\/\/acfija.com\/de\/wp-json\/wp\/v2\/media?parent=1317"}],"curies":[{"name":"wp","href":"https:\/\/api.w.org\/{rel}","templated":true}]}}