{"id":1320,"date":"2017-04-13T10:44:56","date_gmt":"2017-04-13T08:44:56","guid":{"rendered":"http:\/\/acfija.com\/anclajes-para-ladrillos\/"},"modified":"2017-08-09T11:04:48","modified_gmt":"2017-08-09T09:04:48","slug":"verankerungen-fuer-backsteine","status":"publish","type":"page","link":"https:\/\/acfija.com\/de\/verankerungen-fuer-backsteine\/","title":{"rendered":"Steinanker"},"content":{"rendered":"<p>[vc_row type=&#8220;vc_default&#8220; css=&#8220;.vc_custom_1492766391786{margin-top: 70px !important;}&#8220;][vc_column width=&#8220;1\/4&#8243;][\/vc_column][vc_column width=&#8220;1\/2&#8243;][vc_column_text el_class=&#8220;tituloportada&#8220;]<\/p>\n<h2 style=\"text-align: center;\">Herstellung von Steinanker<\/h2>\n<p>[\/vc_column_text][\/vc_column][vc_column width=&#8220;1\/4&#8243;][\/vc_column][\/vc_row][vc_row type=&#8220;vc_default&#8220;][vc_column width=&#8220;2\/3&#8243;][vc_column_text]Unter den Verankerungssystemen, die <strong>ACFI<\/strong> Ihnen anbietet, verstehen sich die Herstellung sowie Schwei\u00dfarbeiten von Steinanker von feuerfesten Backsteinen. Wir k\u00f6nnen mit Modellen aus unserem eigenen Katalog arbeiten oder eine Produktion nach Ma\u00df f\u00fcr Ihre Firma anbieten, indem wir vom Originaldesign abweichen und Ihnen entgegenkommen.<\/p>\n<p>Die am h\u00e4ufigsten nachgefragten Gr\u00f6\u00dfen sind 3, 4, 5, 6, und 8 mm und werden durch die gew\u00fcnschte L\u00e4nge den Formen und Dimensionen der Backsteine entsprechend angepasst.<\/p>\n<p>Wir verf\u00fcgen \u00fcber einen konstanten Lagerbestand von Rohmaterialien in unterschiedlichen Qualit\u00e4ten: 253ma \u2013 1.4301 \u2013 1.4845 \u2013 1.4828 \u2013 2.4851. Aus diesem Grund ist es ACFI m\u00f6glich, ihnen feuerfeste Backsteinverankerungen innerhalb eines sehr kurzen Zeitraums anzubieten.[\/vc_column_text][\/vc_column][vc_column width=&#8220;1\/3&#8243;][vc_column_text el_class=&#8220;destacadoproductos&#8220;]Unsere Verankerungen werden stets aus europ\u00e4ischen Rohmaterialien hergestellt und als 3.1 zertifiziert geliefert.[\/vc_column_text][\/vc_column][\/vc_row][vc_row type=&#8220;vc_default&#8220; css=&#8220;.vc_custom_1492600012472{border-top-width: 2px !important;padding-top: 50px !important;padding-bottom: 40px !important;border-top-color: #f18e00 !important;border-top-style: dotted !important;}&#8220;][vc_column width=&#8220;1\/3&#8243; el_class=&#8220;caja&#8220;]<div id=\"ultimate-heading-798769e2085123760\" class=\"uvc-heading ult-adjust-bottom-margin ultimate-heading-798769e2085123760 uvc-8352 \" data-hspacer=\"line_only\"  data-halign=\"center\" style=\"text-align:center\"><div class=\"uvc-main-heading ult-responsive\"  data-ultimate-target='.uvc-heading.ultimate-heading-798769e2085123760 h3'  data-responsive-json-new='{\"font-size\":\"desktop:22px;\",\"line-height\":\"desktop:32px;\"}' ><h3 style=\"font-weight:normal;\">BSTP1<\/h3><\/div><div class=\"uvc-heading-spacer line_only\" style=\"topheight:1px;\"><span class=\"uvc-headings-line\" style=\"border-style:dotted;border-bottom-width:1px;border-color:#f18e00;width:autopx;\"><\/span><\/div><\/div>[vc_single_image image=&#8220;501&#8243; img_size=&#8220;full&#8220; alignment=&#8220;center&#8220; css_animation=&#8220;fadeIn&#8220;][\/vc_column][vc_column width=&#8220;1\/3&#8243; el_class=&#8220;caja&#8220;]<div id=\"ultimate-heading-694769e20851237c7\" class=\"uvc-heading ult-adjust-bottom-margin ultimate-heading-694769e20851237c7 uvc-843 \" data-hspacer=\"line_only\"  data-halign=\"center\" style=\"text-align:center\"><div class=\"uvc-main-heading ult-responsive\"  data-ultimate-target='.uvc-heading.ultimate-heading-694769e20851237c7 h3'  data-responsive-json-new='{\"font-size\":\"desktop:22px;\",\"line-height\":\"desktop:32px;\"}' ><h3 style=\"font-weight:normal;\">BSTP2<\/h3><\/div><div class=\"uvc-heading-spacer line_only\" style=\"topheight:1px;\"><span class=\"uvc-headings-line\" style=\"border-style:dotted;border-bottom-width:1px;border-color:#f18e00;width:autopx;\"><\/span><\/div><\/div>[vc_single_image image=&#8220;505&#8243; img_size=&#8220;full&#8220; alignment=&#8220;center&#8220; css_animation=&#8220;fadeIn&#8220;][\/vc_column][vc_column width=&#8220;1\/3&#8243; el_class=&#8220;caja&#8220;]<div id=\"ultimate-heading-737269e2085123815\" class=\"uvc-heading ult-adjust-bottom-margin ultimate-heading-737269e2085123815 uvc-1063 \" data-hspacer=\"line_only\"  data-halign=\"center\" style=\"text-align:center\"><div class=\"uvc-main-heading ult-responsive\"  data-ultimate-target='.uvc-heading.ultimate-heading-737269e2085123815 h3'  data-responsive-json-new='{\"font-size\":\"desktop:22px;\",\"line-height\":\"desktop:32px;\"}' ><h3 style=\"font-weight:normal;\">BSTP3<\/h3><\/div><div class=\"uvc-heading-spacer line_only\" style=\"topheight:1px;\"><span class=\"uvc-headings-line\" style=\"border-style:dotted;border-bottom-width:1px;border-color:#f18e00;width:autopx;\"><\/span><\/div><\/div>[vc_single_image image=&#8220;390&#8243; img_size=&#8220;full&#8220; alignment=&#8220;center&#8220; css_animation=&#8220;fadeIn&#8220;][\/vc_column][\/vc_row][vc_row type=&#8220;vc_default&#8220; full_width=&#8220;stretch_row&#8220; content_placement=&#8220;middle&#8220; bg_type=&#8220;bg_color&#8220; css=&#8220;.vc_custom_1492599326227{margin-top: 30px !important;margin-bottom: 0px !important;padding-top: 20px !important;padding-bottom: 20px !important;}&#8220; bg_color_value=&#8220;#f18e00&#8243;][vc_column][vc_column_text]<\/p>\n<h2 style=\"text-align: center;\"><span style=\"color: #ffffff;\">Katalog zu Steinanker herunterladen<\/span><\/h2>\n<p>[\/vc_column_text]<div class=\"text-centered\"><a href=\"\/pdf\/sujeta-ladrillos.pdf\" class=\"btn-shortcode dt-btn-l dt-btn btn-light default-btn-color default-btn-hover-color default-btn-bg-color default-btn-bg-hover-color\" target=\"_blank\" id=\"dt-btn-1\"><i class=\"fa fa-arrow-down\"><\/i><span>Herunterladen<\/span><\/a><\/div>[\/vc_column][\/vc_row][vc_row type=&#8220;vc_default&#8220; bg_type=&#8220;bg_color&#8220; bg_override=&#8220;full&#8220; bg_color_value=&#8220;#f1eaea&#8220; css=&#8220;.vc_custom_1492530413108{padding-top: 60px !important;padding-bottom: 100px !important;}&#8220;][vc_column][vc_row_inner][vc_column_inner width=&#8220;1\/4&#8243;][\/vc_column_inner][vc_column_inner width=&#8220;1\/2&#8243;][vc_column_text el_class=&#8220;tituloportada&#8220;]<\/p>\n<h3 style=\"text-align: center;\">Sie ben\u00f6tigen mehr Information?<\/h3>\n<p>[\/vc_column_text][\/vc_column_inner][vc_column_inner width=&#8220;1\/4&#8243;][\/vc_column_inner][\/vc_row_inner][vc_column_text]F\u00fcllen sie das Formular aus und senden Sie uns ihr Anliegen unverbindlich zu:[\/vc_column_text]\n<div class=\"wpcf7 no-js\" id=\"wpcf7-f1245-o1\" lang=\"es-ES\" dir=\"ltr\" data-wpcf7-id=\"1245\">\n<div class=\"screen-reader-response\"><p role=\"status\" aria-live=\"polite\" aria-atomic=\"true\"><\/p> <ul><\/ul><\/div>\n<form action=\"\/de\/wp-json\/wp\/v2\/pages\/1320#wpcf7-f1245-o1\" method=\"post\" class=\"wpcf7-form init\" aria-label=\"Formulario de contacto\" enctype=\"multipart\/form-data\" novalidate=\"novalidate\" data-status=\"init\">\n<fieldset class=\"hidden-fields-container\"><input type=\"hidden\" name=\"_wpcf7\" value=\"1245\" \/><input type=\"hidden\" name=\"_wpcf7_version\" value=\"6.1.5\" \/><input type=\"hidden\" name=\"_wpcf7_locale\" value=\"es_ES\" \/><input type=\"hidden\" name=\"_wpcf7_unit_tag\" value=\"wpcf7-f1245-o1\" \/><input type=\"hidden\" name=\"_wpcf7_container_post\" value=\"0\" \/><input type=\"hidden\" name=\"_wpcf7_posted_data_hash\" value=\"\" \/><input type=\"hidden\" name=\"_wpcf7_recaptcha_response\" value=\"\" \/>\n<\/fieldset>\n<div class=\"vc_col-sm-6 \">\n\t<p><span class=\"wpcf7-form-control-wrap\" data-name=\"nombre\"><input size=\"40\" maxlength=\"400\" class=\"wpcf7-form-control wpcf7-text wpcf7-validates-as-required\" aria-required=\"true\" aria-invalid=\"false\" placeholder=\"Name\" value=\"\" type=\"text\" name=\"nombre\" \/><\/span><br \/>\n<span class=\"wpcf7-form-control-wrap\" data-name=\"tel\"><input size=\"40\" maxlength=\"400\" class=\"wpcf7-form-control wpcf7-text wpcf7-validates-as-required\" aria-required=\"true\" aria-invalid=\"false\" placeholder=\"Telefon\" value=\"\" type=\"text\" name=\"tel\" \/><\/span><br \/>\n<span class=\"wpcf7-form-control-wrap\" data-name=\"your-email\"><input size=\"40\" maxlength=\"400\" class=\"wpcf7-form-control wpcf7-email wpcf7-validates-as-required wpcf7-text wpcf7-validates-as-email\" aria-required=\"true\" aria-invalid=\"false\" placeholder=\"E-Mail\" value=\"\" type=\"email\" name=\"your-email\" \/><\/span><br \/>\n<span class=\"wpcf7-form-control-wrap\" data-name=\"producto\"><input size=\"40\" maxlength=\"400\" class=\"wpcf7-form-control wpcf7-text wpcf7-validates-as-required\" aria-required=\"true\" aria-invalid=\"false\" placeholder=\"Produkt\" value=\"\" type=\"text\" name=\"producto\" \/><\/span><br \/>\n<span class=\"wpcf7-form-control-wrap\" data-name=\"material\"><input size=\"40\" maxlength=\"400\" class=\"wpcf7-form-control wpcf7-text wpcf7-validates-as-required\" aria-required=\"true\" aria-invalid=\"false\" placeholder=\"Material\" value=\"\" type=\"text\" name=\"material\" \/><\/span><br \/>\n<span class=\"wpcf7-form-control-wrap\" data-name=\"cantidad\"><input size=\"40\" maxlength=\"400\" class=\"wpcf7-form-control wpcf7-text wpcf7-validates-as-required\" aria-required=\"true\" aria-invalid=\"false\" placeholder=\"Menge\" value=\"\" type=\"text\" name=\"cantidad\" \/><\/span><br \/>\n<span class=\"wpcf7-form-control-wrap\" data-name=\"archivo\"><input size=\"40\" class=\"wpcf7-form-control wpcf7-file\" accept=\"audio\/*,video\/*,image\/*\" aria-invalid=\"false\" type=\"file\" name=\"archivo\" \/><\/span>\n\t<\/p>\n<\/div>\n<div class=\"vc_col-sm-6 \">\n\t<p><span class=\"wpcf7-form-control-wrap\" data-name=\"mensaje\"><textarea cols=\"40\" rows=\"10\" maxlength=\"2000\" class=\"wpcf7-form-control wpcf7-textarea\" aria-invalid=\"false\" placeholder=\"Nachricht\" name=\"mensaje\"><\/textarea><\/span>\n\t<\/p>\n<\/div>\n<p><span class=\"wpcf7-form-control-wrap\" data-name=\"acceptance-690\"><span class=\"wpcf7-form-control wpcf7-acceptance\"><span class=\"wpcf7-list-item\"><input type=\"checkbox\" name=\"acceptance-690\" value=\"1\" aria-invalid=\"false\" \/><\/span><\/span><\/span> Ich habe den <a href=\"\/de\/rechtshinweis\/\">Rechtshinweis<\/a> dieser Website gelesen und akzeptiere ihn.<br \/>\n<span class=\"wpcf7-form-control-wrap recaptcha\" data-name=\"recaptcha\"><span data-sitekey=\"6LeaWncrAAAAALBjVqrEsADdBHRKydOy0KTfEChi\" class=\"wpcf7-form-control wpcf7-recaptcha g-recaptcha\"><\/span>\r\n<noscript>\r\n\t<div class=\"grecaptcha-noscript\">\r\n\t\t<iframe loading=\"lazy\" src=\"https:\/\/www.google.com\/recaptcha\/api\/fallback?k=6LeaWncrAAAAALBjVqrEsADdBHRKydOy0KTfEChi\" frameborder=\"0\" scrolling=\"no\" width=\"310\" height=\"430\">\r\n\t\t<\/iframe>\r\n\t\t<textarea name=\"g-recaptcha-response\" rows=\"3\" cols=\"40\" placeholder=\"Aqu\u00ed la respuesta de reCAPTCHA\">\r\n\t\t<\/textarea>\r\n\t<\/div>\r\n<\/noscript>\r\n<\/span><br \/>\n<input class=\"wpcf7-form-control wpcf7-submit has-spinner\" id=\"formulario\" type=\"submit\" value=\"Senden\" \/>\n<\/p><input\n                    class=\"apbct_special_field apbct_email_id__wp_contact_form_7\"\n                    name=\"apbct__email_id__wp_contact_form_7\"\n                    aria-label=\"apbct__label_id__wp_contact_form_7\"\n                    type=\"text\" size=\"30\" maxlength=\"200\" autocomplete=\"off\"\n                    value=\"\"\n                \/><input type='hidden' class='wpcf7-pum' value='{\"closepopup\":false,\"closedelay\":0,\"openpopup\":false,\"openpopup_id\":0}' \/><div class=\"wpcf7-response-output\" aria-hidden=\"true\"><\/div>\n<\/form>\n<\/div>\n[\/vc_column][\/vc_row]<\/p>\n","protected":false},"excerpt":{"rendered":"<p>[vc_row type=&#8220;vc_default&#8220; css=&#8220;.vc_custom_1492766391786{margin-top: 70px !important;}&#8220;][vc_column width=&#8220;1\/4&#8243;][\/vc_column][vc_column width=&#8220;1\/2&#8243;][vc_column_text el_class=&#8220;tituloportada&#8220;] Herstellung von Steinanker [\/vc_column_text][\/vc_column][vc_column width=&#8220;1\/4&#8243;][\/vc_column][\/vc_row][vc_row type=&#8220;vc_default&#8220;][vc_column width=&#8220;2\/3&#8243;][vc_column_text]Unter den Verankerungssystemen, die ACFI Ihnen anbietet, verstehen sich die Herstellung sowie Schwei\u00dfarbeiten von Steinanker von feuerfesten Backsteinen. Wir k\u00f6nnen mit Modellen aus unserem eigenen Katalog arbeiten oder eine Produktion nach Ma\u00df f\u00fcr Ihre Firma anbieten, indem wir vom Originaldesign abweichen&hellip;<\/p>\n","protected":false},"author":1,"featured_media":0,"parent":0,"menu_order":0,"comment_status":"closed","ping_status":"closed","template":"","meta":[],"class_list":["post-1320","page","type-page","status-publish","hentry","description-off"],"yoast_head":"<!-- This site is optimized with the Yoast SEO plugin v27.3 - https:\/\/yoast.com\/product\/yoast-seo-wordpress\/ -->\n<title>Steinanker. Herstellung von Befestigungssystemen<\/title>\n<meta name=\"description\" content=\"Produktion und Lieferung von Ziegelverankerungen zur Befestigung von Mauern. Eigener Katalog und Ma\u00dfanfertigung nach Plan.\" \/>\n<meta name=\"robots\" content=\"index, follow, max-snippet:-1, max-image-preview:large, max-video-preview:-1\" \/>\n<link rel=\"canonical\" href=\"https:\/\/acfija.com\/de\/verankerungen-fuer-backsteine\/\" \/>\n<meta property=\"og:locale\" content=\"de_DE\" \/>\n<meta property=\"og:type\" content=\"article\" \/>\n<meta property=\"og:title\" content=\"Steinanker. Herstellung von Befestigungssystemen\" \/>\n<meta property=\"og:description\" content=\"Produktion und Lieferung von Ziegelverankerungen zur Befestigung von Mauern. Eigener Katalog und Ma\u00dfanfertigung nach Plan.\" \/>\n<meta property=\"og:url\" content=\"https:\/\/acfija.com\/de\/verankerungen-fuer-backsteine\/\" \/>\n<meta property=\"og:site_name\" content=\"ACFIJA\" \/>\n<meta property=\"article:modified_time\" content=\"2017-08-09T09:04:48+00:00\" \/>\n<meta name=\"twitter:card\" content=\"summary_large_image\" \/>\n<meta name=\"twitter:label1\" content=\"Gesch\u00e4tzte Lesezeit\" \/>\n\t<meta name=\"twitter:data1\" content=\"3\u00a0Minuten\" \/>\n<script type=\"application\/ld+json\" class=\"yoast-schema-graph\">{\"@context\":\"https:\\\/\\\/schema.org\",\"@graph\":[{\"@type\":\"WebPage\",\"@id\":\"https:\\\/\\\/acfija.com\\\/de\\\/verankerungen-fuer-backsteine\\\/\",\"url\":\"https:\\\/\\\/acfija.com\\\/de\\\/verankerungen-fuer-backsteine\\\/\",\"name\":\"Steinanker. Herstellung von Befestigungssystemen\",\"isPartOf\":{\"@id\":\"https:\\\/\\\/acfija.com\\\/#website\"},\"datePublished\":\"2017-04-13T08:44:56+00:00\",\"dateModified\":\"2017-08-09T09:04:48+00:00\",\"description\":\"Produktion und Lieferung von Ziegelverankerungen zur Befestigung von Mauern. Eigener Katalog und Ma\u00dfanfertigung nach Plan.\",\"breadcrumb\":{\"@id\":\"https:\\\/\\\/acfija.com\\\/de\\\/verankerungen-fuer-backsteine\\\/#breadcrumb\"},\"inLanguage\":\"de\",\"potentialAction\":[{\"@type\":\"ReadAction\",\"target\":[\"https:\\\/\\\/acfija.com\\\/de\\\/verankerungen-fuer-backsteine\\\/\"]}]},{\"@type\":\"BreadcrumbList\",\"@id\":\"https:\\\/\\\/acfija.com\\\/de\\\/verankerungen-fuer-backsteine\\\/#breadcrumb\",\"itemListElement\":[{\"@type\":\"ListItem\",\"position\":1,\"name\":\"Portada\",\"item\":\"https:\\\/\\\/acfija.com\\\/de\\\/\"},{\"@type\":\"ListItem\",\"position\":2,\"name\":\"Steinanker\"}]},{\"@type\":\"WebSite\",\"@id\":\"https:\\\/\\\/acfija.com\\\/#website\",\"url\":\"https:\\\/\\\/acfija.com\\\/\",\"name\":\"ACFIJA\",\"description\":\"Accesorios de fijaci\u00f3n\",\"potentialAction\":[{\"@type\":\"SearchAction\",\"target\":{\"@type\":\"EntryPoint\",\"urlTemplate\":\"https:\\\/\\\/acfija.com\\\/?s={search_term_string}\"},\"query-input\":{\"@type\":\"PropertyValueSpecification\",\"valueRequired\":true,\"valueName\":\"search_term_string\"}}],\"inLanguage\":\"de\"}]}<\/script>\n<!-- \/ Yoast SEO plugin. -->","yoast_head_json":{"title":"Steinanker. Herstellung von Befestigungssystemen","description":"Produktion und Lieferung von Ziegelverankerungen zur Befestigung von Mauern. Eigener Katalog und Ma\u00dfanfertigung nach Plan.","robots":{"index":"index","follow":"follow","max-snippet":"max-snippet:-1","max-image-preview":"max-image-preview:large","max-video-preview":"max-video-preview:-1"},"canonical":"https:\/\/acfija.com\/de\/verankerungen-fuer-backsteine\/","og_locale":"de_DE","og_type":"article","og_title":"Steinanker. Herstellung von Befestigungssystemen","og_description":"Produktion und Lieferung von Ziegelverankerungen zur Befestigung von Mauern. Eigener Katalog und Ma\u00dfanfertigung nach Plan.","og_url":"https:\/\/acfija.com\/de\/verankerungen-fuer-backsteine\/","og_site_name":"ACFIJA","article_modified_time":"2017-08-09T09:04:48+00:00","twitter_card":"summary_large_image","twitter_misc":{"Gesch\u00e4tzte Lesezeit":"3\u00a0Minuten"},"schema":{"@context":"https:\/\/schema.org","@graph":[{"@type":"WebPage","@id":"https:\/\/acfija.com\/de\/verankerungen-fuer-backsteine\/","url":"https:\/\/acfija.com\/de\/verankerungen-fuer-backsteine\/","name":"Steinanker. Herstellung von Befestigungssystemen","isPartOf":{"@id":"https:\/\/acfija.com\/#website"},"datePublished":"2017-04-13T08:44:56+00:00","dateModified":"2017-08-09T09:04:48+00:00","description":"Produktion und Lieferung von Ziegelverankerungen zur Befestigung von Mauern. Eigener Katalog und Ma\u00dfanfertigung nach Plan.","breadcrumb":{"@id":"https:\/\/acfija.com\/de\/verankerungen-fuer-backsteine\/#breadcrumb"},"inLanguage":"de","potentialAction":[{"@type":"ReadAction","target":["https:\/\/acfija.com\/de\/verankerungen-fuer-backsteine\/"]}]},{"@type":"BreadcrumbList","@id":"https:\/\/acfija.com\/de\/verankerungen-fuer-backsteine\/#breadcrumb","itemListElement":[{"@type":"ListItem","position":1,"name":"Portada","item":"https:\/\/acfija.com\/de\/"},{"@type":"ListItem","position":2,"name":"Steinanker"}]},{"@type":"WebSite","@id":"https:\/\/acfija.com\/#website","url":"https:\/\/acfija.com\/","name":"ACFIJA","description":"Accesorios de fijaci\u00f3n","potentialAction":[{"@type":"SearchAction","target":{"@type":"EntryPoint","urlTemplate":"https:\/\/acfija.com\/?s={search_term_string}"},"query-input":{"@type":"PropertyValueSpecification","valueRequired":true,"valueName":"search_term_string"}}],"inLanguage":"de"}]}},"_links":{"self":[{"href":"https:\/\/acfija.com\/de\/wp-json\/wp\/v2\/pages\/1320","targetHints":{"allow":["GET"]}}],"collection":[{"href":"https:\/\/acfija.com\/de\/wp-json\/wp\/v2\/pages"}],"about":[{"href":"https:\/\/acfija.com\/de\/wp-json\/wp\/v2\/types\/page"}],"author":[{"embeddable":true,"href":"https:\/\/acfija.com\/de\/wp-json\/wp\/v2\/users\/1"}],"replies":[{"embeddable":true,"href":"https:\/\/acfija.com\/de\/wp-json\/wp\/v2\/comments?post=1320"}],"version-history":[{"count":4,"href":"https:\/\/acfija.com\/de\/wp-json\/wp\/v2\/pages\/1320\/revisions"}],"predecessor-version":[{"id":1465,"href":"https:\/\/acfija.com\/de\/wp-json\/wp\/v2\/pages\/1320\/revisions\/1465"}],"wp:attachment":[{"href":"https:\/\/acfija.com\/de\/wp-json\/wp\/v2\/media?parent=1320"}],"curies":[{"name":"wp","href":"https:\/\/api.w.org\/{rel}","templated":true}]}}