{"id":1326,"date":"2017-04-13T10:43:53","date_gmt":"2017-04-13T08:43:53","guid":{"rendered":"http:\/\/acfija.com\/anclajes-para-refractario\/"},"modified":"2017-08-08T17:47:46","modified_gmt":"2017-08-08T15:47:46","slug":"feuerfeste-verankerungen","status":"publish","type":"page","link":"https:\/\/acfija.com\/de\/feuerfeste-verankerungen\/","title":{"rendered":"Produkte"},"content":{"rendered":"<p>[vc_row type=&#8220;vc_default&#8220; css=&#8220;.vc_custom_1492529555969{margin-top: 70px !important;padding-top: 40px !important;padding-bottom: 80px !important;}&#8220;][vc_column][vc_column_text el_class=&#8220;bannerdestacado &#8222;]<\/p>\n<h2 class=\"tituloproductos\">Herstellung von feuerfesten Verankerungssystemen<\/h2>\n<p>Neben unserem breiten Produktkatalog fabrizieren wir auch Verankerungen nach Ma\u00df, seien es eigene vom Kunden erstellte oder von unserem Ingenieurb\u00fcro entwickelte Designs um Ihren speziellen W\u00fcnschen nachkommen zu k\u00f6nnen.[\/vc_column_text][\/vc_column][\/vc_row][vc_row type=&#8220;vc_default&#8220; full_width=&#8220;stretch_row&#8220; bg_type=&#8220;image&#8220; parallax_style=&#8220;vcpb-default&#8220; bg_image_new=&#8220;id^742|url^http:\/\/acfija.pruebasweb.com.es\/wp-content\/uploads\/parallax-productos-acfija.jpg|caption^null|alt^null|title^parallax-productos-acfija|description^null&#8220; bg_override=&#8220;ex-full&#8220; css=&#8220;.vc_custom_1492765027743{padding-top: 60px !important;padding-bottom: 80px !important;}&#8220;][vc_column el_class=&#8220;fondoparallax&#8220;][vc_row_inner][vc_column_inner width=&#8220;1\/2&#8243;][vc_column_text el_class=&#8220;blanco&#8220; css=&#8220;.vc_custom_1502098940344{margin-top: 0px !important;margin-bottom: 0px !important;}&#8220;]Wir sind Spezialisten in der Herstellung von Befestigungselementen und feuerfest beschichteten Verankerungssystemen sowohl im kalten als auch hei\u00dfen Fertigungsprozess.<\/p>\n<p>Wir k\u00f6nnen unsere Produkte in einem breiten Spektrum an Materialien herstellen: Mit Kohlenstoffstahl, Edelstahl, Inconel, Avesta 253MA, etc., decken wir jeglichen Bedarf.[\/vc_column_text][\/vc_column_inner][vc_column_inner width=&#8220;1\/2&#8243;][vc_column_text el_class=&#8220;blanco&#8220;]Unsere Verankerungssysteme f\u00fcr feuerfeste Auskleidungen werden in Europa aus Rohmaterialien bester Qualit\u00e4t produziert und als 3.1. zertifiziert geliefert.<\/p>\n<p>Dank unserer gro\u00dfen Produktionskapazit\u00e4t ist es uns m\u00f6glich, kurze und pr\u00e4zise Lieferzeiten einzuhalten.[\/vc_column_text][\/vc_column_inner][vc_column_inner]<div class=\"ult-spacer spacer-69f22b90703b8\" data-id=\"69f22b90703b8\" data-height=\"35\" data-height-mobile=\"35\" data-height-tab=\"35\" data-height-tab-portrait=\"\" data-height-mobile-landscape=\"\" style=\"clear:both;display:block;\"><\/div>[vc_column_text]<\/p>\n<p style=\"text-align: center;\"><span class=\"anuncioproductos\">Auf dieser Website k\u00f6nnen Sie die unterschiedlichen Kataloge der Verankerungen, Bolzen und Keramikwaren auf die wir zur\u00fcckgreifen herunterladen.<\/span><\/p>\n<p>[\/vc_column_text][\/vc_column_inner][\/vc_row_inner][\/vc_column][\/vc_row][vc_row type=&#8220;vc_default&#8220; css=&#8220;.vc_custom_1492530550169{margin-top: 60px !important;}&#8220;][vc_column width=&#8220;1\/4&#8243; el_class=&#8220;caja&#8220;]<div id=\"ultimate-heading-482969f22b907046e\" class=\"uvc-heading ult-adjust-bottom-margin ultimate-heading-482969f22b907046e uvc-1957 \" data-hspacer=\"line_only\"  data-halign=\"center\" style=\"text-align:center\"><div class=\"uvc-main-heading ult-responsive\"  data-ultimate-target='.uvc-heading.ultimate-heading-482969f22b907046e h3'  data-responsive-json-new='{\"font-size\":\"desktop:22px;\",\"line-height\":\"desktop:32px;\"}' ><h3 style=\"font-weight:normal;\">Verankerungen <strong>Y<\/strong> Platine<\/h3><\/div><div class=\"uvc-heading-spacer line_only\" style=\"topheight:1px;\"><span class=\"uvc-headings-line\" style=\"border-style:dotted;border-bottom-width:1px;border-color:#f18e00;width:autopx;\"><\/span><\/div><\/div>[vc_single_image image=&#8220;293&#8243; img_size=&#8220;full&#8220; alignment=&#8220;center&#8220; css_animation=&#8220;fadeIn&#8220;][vc_column_text]<\/p>\n<p style=\"text-align: center;\"><a class=\"button\" href=\"\/?page_id=1323\">Mehr Information<\/a><\/p>\n<p>[\/vc_column_text][\/vc_column][vc_column width=&#8220;1\/4&#8243; el_class=&#8220;caja&#8220;]<div id=\"ultimate-heading-334269f22b90704f2\" class=\"uvc-heading ult-adjust-bottom-margin ultimate-heading-334269f22b90704f2 uvc-2943 \" data-hspacer=\"line_only\"  data-halign=\"center\" style=\"text-align:center\"><div class=\"uvc-main-heading ult-responsive\"  data-ultimate-target='.uvc-heading.ultimate-heading-334269f22b90704f2 h3'  data-responsive-json-new='{\"font-size\":\"desktop:19px;\",\"line-height\":\"desktop:32px;\"}' ><h3 style=\"font-weight:normal;\">Verankerungen zur Backsteinbefestigung<\/h3><\/div><div class=\"uvc-heading-spacer line_only\" style=\"topheight:1px;\"><span class=\"uvc-headings-line\" style=\"border-style:dotted;border-bottom-width:1px;border-color:#f18e00;width:autopx;\"><\/span><\/div><\/div>[vc_single_image image=&#8220;336&#8243; img_size=&#8220;full&#8220; alignment=&#8220;center&#8220; css_animation=&#8220;fadeIn&#8220;][vc_column_text]<\/p>\n<p style=\"text-align: center;\"><a class=\"button\" href=\"\/?page_id=1320\">Mehr Information<\/a><\/p>\n<p>[\/vc_column_text][\/vc_column][vc_column width=&#8220;1\/4&#8243; el_class=&#8220;caja&#8220;]<div id=\"ultimate-heading-590869f22b9070562\" class=\"uvc-heading ult-adjust-bottom-margin ultimate-heading-590869f22b9070562 uvc-1470 \" data-hspacer=\"line_only\"  data-halign=\"center\" style=\"text-align:center\"><div class=\"uvc-main-heading ult-responsive\"  data-ultimate-target='.uvc-heading.ultimate-heading-590869f22b9070562 h3'  data-responsive-json-new='{\"font-size\":\"desktop:19px;\",\"line-height\":\"desktop:32px;\"}' ><h3 style=\"font-weight:normal;\">Bolzen<\/h3><\/div><div class=\"uvc-heading-spacer line_only\" style=\"topheight:1px;\"><span class=\"uvc-headings-line\" style=\"border-style:dotted;border-bottom-width:1px;border-color:#f18e00;width:autopx;\"><\/span><\/div><\/div>[vc_single_image image=&#8220;509&#8243; img_size=&#8220;full&#8220; alignment=&#8220;center&#8220; css_animation=&#8220;fadeIn&#8220;][vc_column_text]<\/p>\n<p style=\"text-align: center;\"><a class=\"button\" href=\"\/?page_id=1317\">Mehr Information<\/a><\/p>\n<p>[\/vc_column_text][\/vc_column][vc_column width=&#8220;1\/4&#8243; el_class=&#8220;caja&#8220;]<div id=\"ultimate-heading-921369f22b90705d0\" class=\"uvc-heading ult-adjust-bottom-margin ultimate-heading-921369f22b90705d0 uvc-4432 \" data-hspacer=\"line_only\"  data-halign=\"center\" style=\"text-align:center\"><div class=\"uvc-main-heading ult-responsive\"  data-ultimate-target='.uvc-heading.ultimate-heading-921369f22b90705d0 h3'  data-responsive-json-new='{\"font-size\":\"desktop:19px;\",\"line-height\":\"desktop:32px;\"}' ><h3 style=\"font-weight:normal;\">Ferrules und Plastic Caps<\/h3><\/div><div class=\"uvc-heading-spacer line_only\" style=\"topheight:1px;\"><span class=\"uvc-headings-line\" style=\"border-style:dotted;border-bottom-width:1px;border-color:#f18e00;width:autopx;\"><\/span><\/div><\/div>[vc_single_image image=&#8220;340&#8243; img_size=&#8220;full&#8220; alignment=&#8220;center&#8220; css_animation=&#8220;fadeIn&#8220;][vc_column_text]<\/p>\n<p style=\"text-align: center;\"><a class=\"button\" href=\"\/?page_id=1314\">Mehr Information<\/a><\/p>\n<p>[\/vc_column_text][\/vc_column][\/vc_row][vc_row type=&#8220;vc_default&#8220; css=&#8220;.vc_custom_1492530560076{margin-top: 40px !important;padding-bottom: 60px !important;}&#8220;][vc_column width=&#8220;1\/4&#8243; el_class=&#8220;caja&#8220;]<div class=\"ult-spacer spacer-69f22b9070626\" data-id=\"69f22b9070626\" data-height=\"35\" data-height-mobile=\"35\" data-height-tab=\"35\" data-height-tab-portrait=\"\" data-height-mobile-landscape=\"\" style=\"clear:both;display:block;\"><\/div><div id=\"ultimate-heading-503669f22b9070683\" class=\"uvc-heading ult-adjust-bottom-margin ultimate-heading-503669f22b9070683 uvc-7501 \" data-hspacer=\"line_only\"  data-halign=\"center\" style=\"text-align:center\"><div class=\"uvc-main-heading ult-responsive\"  data-ultimate-target='.uvc-heading.ultimate-heading-503669f22b9070683 h3'  data-responsive-json-new='{\"font-size\":\"desktop:19px;\",\"line-height\":\"desktop:32px;\"}' ><h3 style=\"font-weight:normal;\">Keramikfaserverankerung<\/h3><\/div><div class=\"uvc-heading-spacer line_only\" style=\"topheight:1px;\"><span class=\"uvc-headings-line\" style=\"border-style:dotted;border-bottom-width:1px;border-color:#f18e00;width:autopx;\"><\/span><\/div><\/div>[vc_single_image image=&#8220;980&#8243; img_size=&#8220;full&#8220; alignment=&#8220;center&#8220; css_animation=&#8220;fadeIn&#8220;][vc_column_text]<\/p>\n<p style=\"text-align: center;\"><a class=\"button\" href=\"\/?page_id=1311\">Mehr Information<\/a><\/p>\n<p>[\/vc_column_text][\/vc_column][vc_column width=&#8220;1\/4&#8243; el_class=&#8220;caja&#8220;]<div class=\"ult-spacer spacer-69f22b90706ef\" data-id=\"69f22b90706ef\" data-height=\"35\" data-height-mobile=\"35\" data-height-tab=\"35\" data-height-tab-portrait=\"\" data-height-mobile-landscape=\"\" style=\"clear:both;display:block;\"><\/div><div id=\"ultimate-heading-73269f22b9070747\" class=\"uvc-heading ult-adjust-bottom-margin ultimate-heading-73269f22b9070747 uvc-2734 \" data-hspacer=\"line_only\"  data-halign=\"center\" style=\"text-align:center\"><div class=\"uvc-main-heading ult-responsive\"  data-ultimate-target='.uvc-heading.ultimate-heading-73269f22b9070747 h3'  data-responsive-json-new='{\"font-size\":\"desktop:19px;\",\"line-height\":\"desktop:32px;\"}' ><h3 style=\"font-weight:normal;\">Isolierbolzen<\/h3><\/div><div class=\"uvc-heading-spacer line_only\" style=\"topheight:1px;\"><span class=\"uvc-headings-line\" style=\"border-style:dotted;border-bottom-width:1px;border-color:#f18e00;width:autopx;\"><\/span><\/div><\/div>[vc_single_image image=&#8220;349&#8243; img_size=&#8220;full&#8220; alignment=&#8220;center&#8220; css_animation=&#8220;fadeIn&#8220;][vc_column_text]<\/p>\n<p style=\"text-align: center;\"><a class=\"button\" href=\"\/?page_id=1308\">Mehr Information<\/a><\/p>\n<p>[\/vc_column_text][\/vc_column][vc_column width=&#8220;1\/4&#8243; el_class=&#8220;caja&#8220;]<div class=\"ult-spacer spacer-69f22b907079f\" data-id=\"69f22b907079f\" data-height=\"35\" data-height-mobile=\"35\" data-height-tab=\"35\" data-height-tab-portrait=\"\" data-height-mobile-landscape=\"\" style=\"clear:both;display:block;\"><\/div><div id=\"ultimate-heading-741269f22b90707f9\" class=\"uvc-heading ult-adjust-bottom-margin ultimate-heading-741269f22b90707f9 uvc-2297 \" data-hspacer=\"line_only\"  data-halign=\"center\" style=\"text-align:center\"><div class=\"uvc-main-heading ult-responsive\"  data-ultimate-target='.uvc-heading.ultimate-heading-741269f22b90707f9 h3'  data-responsive-json-new='{\"font-size\":\"desktop:19px;\",\"line-height\":\"desktop:32px;\"}' ><h3 style=\"font-weight:normal;\">Verankerungen in Ankerform<\/h3><\/div><div class=\"uvc-heading-spacer line_only\" style=\"topheight:1px;\"><span class=\"uvc-headings-line\" style=\"border-style:dotted;border-bottom-width:1px;border-color:#f18e00;width:autopx;\"><\/span><\/div><\/div>[vc_single_image image=&#8220;351&#8243; img_size=&#8220;full&#8220; alignment=&#8220;center&#8220; css_animation=&#8220;fadeIn&#8220;][vc_column_text]<\/p>\n<p style=\"text-align: center;\"><a class=\"button\" href=\"\/?page_id=1305\">Mehr Information<\/a><\/p>\n<p>[\/vc_column_text][\/vc_column][vc_column width=&#8220;1\/4&#8243; el_class=&#8220;caja&#8220;]<div class=\"ult-spacer spacer-69f22b907084e\" data-id=\"69f22b907084e\" data-height=\"35\" data-height-mobile=\"35\" data-height-tab=\"35\" data-height-tab-portrait=\"\" data-height-mobile-landscape=\"\" style=\"clear:both;display:block;\"><\/div><div id=\"ultimate-heading-166269f22b90708a5\" class=\"uvc-heading ult-adjust-bottom-margin ultimate-heading-166269f22b90708a5 uvc-6245 \" data-hspacer=\"line_only\"  data-halign=\"center\" style=\"text-align:center\"><div class=\"uvc-main-heading ult-responsive\"  data-ultimate-target='.uvc-heading.ultimate-heading-166269f22b90708a5 h3'  data-responsive-json-new='{\"font-size\":\"desktop:19px;\",\"line-height\":\"desktop:32px;\"}' ><h3 style=\"font-weight:normal;\">Fiberfix-Stifte<\/h3><\/div><div class=\"uvc-heading-spacer line_only\" style=\"topheight:1px;\"><span class=\"uvc-headings-line\" style=\"border-style:dotted;border-bottom-width:1px;border-color:#f18e00;width:autopx;\"><\/span><\/div><\/div>[vc_single_image image=&#8220;593&#8243; img_size=&#8220;full&#8220; alignment=&#8220;center&#8220; css_animation=&#8220;fadeIn&#8220;][vc_column_text]<\/p>\n<p style=\"text-align: center;\"><a class=\"button\" href=\"\/?page_id=1302\">Mehr Information<\/a><\/p>\n<p>[\/vc_column_text][\/vc_column][\/vc_row][vc_row type=&#8220;vc_default&#8220; bg_type=&#8220;bg_color&#8220; bg_override=&#8220;full&#8220; bg_color_value=&#8220;#f1eaea&#8220; css=&#8220;.vc_custom_1492530413108{padding-top: 60px !important;padding-bottom: 100px !important;}&#8220;][vc_column][vc_row_inner][vc_column_inner width=&#8220;1\/3&#8243;][\/vc_column_inner][vc_column_inner width=&#8220;1\/3&#8243;][vc_column_text el_class=&#8220;tituloportada&#8220;]<\/p>\n<h3>M\u00f6chten sie mehr erfahren?<\/h3>\n<p>[\/vc_column_text][\/vc_column_inner][vc_column_inner width=&#8220;1\/3&#8243;][\/vc_column_inner][\/vc_row_inner][vc_column_text]F\u00fcllen sie das Formular aus und senden Sie uns ihr Anliegen unverbindlich zu:[\/vc_column_text]\n<div class=\"wpcf7 no-js\" id=\"wpcf7-f1245-o1\" lang=\"es-ES\" dir=\"ltr\" data-wpcf7-id=\"1245\">\n<div class=\"screen-reader-response\"><p role=\"status\" aria-live=\"polite\" aria-atomic=\"true\"><\/p> <ul><\/ul><\/div>\n<form action=\"\/de\/wp-json\/wp\/v2\/pages\/1326#wpcf7-f1245-o1\" method=\"post\" class=\"wpcf7-form init\" aria-label=\"Formulario de contacto\" enctype=\"multipart\/form-data\" novalidate=\"novalidate\" data-status=\"init\">\n<fieldset class=\"hidden-fields-container\"><input type=\"hidden\" name=\"_wpcf7\" value=\"1245\" \/><input type=\"hidden\" name=\"_wpcf7_version\" value=\"6.1.5\" \/><input type=\"hidden\" name=\"_wpcf7_locale\" value=\"es_ES\" \/><input type=\"hidden\" name=\"_wpcf7_unit_tag\" value=\"wpcf7-f1245-o1\" \/><input type=\"hidden\" name=\"_wpcf7_container_post\" value=\"0\" \/><input type=\"hidden\" name=\"_wpcf7_posted_data_hash\" value=\"\" \/><input type=\"hidden\" name=\"_wpcf7_recaptcha_response\" value=\"\" \/>\n<\/fieldset>\n<div class=\"vc_col-sm-6 \">\n\t<p><span class=\"wpcf7-form-control-wrap\" data-name=\"nombre\"><input size=\"40\" maxlength=\"400\" class=\"wpcf7-form-control wpcf7-text wpcf7-validates-as-required\" aria-required=\"true\" aria-invalid=\"false\" placeholder=\"Name\" value=\"\" type=\"text\" name=\"nombre\" \/><\/span><br \/>\n<span class=\"wpcf7-form-control-wrap\" data-name=\"tel\"><input size=\"40\" maxlength=\"400\" class=\"wpcf7-form-control wpcf7-text wpcf7-validates-as-required\" aria-required=\"true\" aria-invalid=\"false\" placeholder=\"Telefon\" value=\"\" type=\"text\" name=\"tel\" \/><\/span><br \/>\n<span class=\"wpcf7-form-control-wrap\" data-name=\"your-email\"><input size=\"40\" maxlength=\"400\" class=\"wpcf7-form-control wpcf7-email wpcf7-validates-as-required wpcf7-text wpcf7-validates-as-email\" aria-required=\"true\" aria-invalid=\"false\" placeholder=\"E-Mail\" value=\"\" type=\"email\" name=\"your-email\" \/><\/span><br \/>\n<span class=\"wpcf7-form-control-wrap\" data-name=\"producto\"><input size=\"40\" maxlength=\"400\" class=\"wpcf7-form-control wpcf7-text wpcf7-validates-as-required\" aria-required=\"true\" aria-invalid=\"false\" placeholder=\"Produkt\" value=\"\" type=\"text\" name=\"producto\" \/><\/span><br \/>\n<span class=\"wpcf7-form-control-wrap\" data-name=\"material\"><input size=\"40\" maxlength=\"400\" class=\"wpcf7-form-control wpcf7-text wpcf7-validates-as-required\" aria-required=\"true\" aria-invalid=\"false\" placeholder=\"Material\" value=\"\" type=\"text\" name=\"material\" \/><\/span><br \/>\n<span class=\"wpcf7-form-control-wrap\" data-name=\"cantidad\"><input size=\"40\" maxlength=\"400\" class=\"wpcf7-form-control wpcf7-text wpcf7-validates-as-required\" aria-required=\"true\" aria-invalid=\"false\" placeholder=\"Menge\" value=\"\" type=\"text\" name=\"cantidad\" \/><\/span><br \/>\n<span class=\"wpcf7-form-control-wrap\" data-name=\"archivo\"><input size=\"40\" class=\"wpcf7-form-control wpcf7-file\" accept=\"audio\/*,video\/*,image\/*\" aria-invalid=\"false\" type=\"file\" name=\"archivo\" \/><\/span>\n\t<\/p>\n<\/div>\n<div class=\"vc_col-sm-6 \">\n\t<p><span class=\"wpcf7-form-control-wrap\" data-name=\"mensaje\"><textarea cols=\"40\" rows=\"10\" maxlength=\"2000\" class=\"wpcf7-form-control wpcf7-textarea\" aria-invalid=\"false\" placeholder=\"Nachricht\" name=\"mensaje\"><\/textarea><\/span>\n\t<\/p>\n<\/div>\n<p><span class=\"wpcf7-form-control-wrap\" data-name=\"acceptance-690\"><span class=\"wpcf7-form-control wpcf7-acceptance\"><span class=\"wpcf7-list-item\"><input type=\"checkbox\" name=\"acceptance-690\" value=\"1\" aria-invalid=\"false\" \/><\/span><\/span><\/span> Ich habe den <a href=\"\/de\/rechtshinweis\/\">Rechtshinweis<\/a> dieser Website gelesen und akzeptiere ihn.<br \/>\n<span class=\"wpcf7-form-control-wrap recaptcha\" data-name=\"recaptcha\"><span data-sitekey=\"6LeaWncrAAAAALBjVqrEsADdBHRKydOy0KTfEChi\" class=\"wpcf7-form-control wpcf7-recaptcha g-recaptcha\"><\/span>\r\n<noscript>\r\n\t<div class=\"grecaptcha-noscript\">\r\n\t\t<iframe loading=\"lazy\" src=\"https:\/\/www.google.com\/recaptcha\/api\/fallback?k=6LeaWncrAAAAALBjVqrEsADdBHRKydOy0KTfEChi\" frameborder=\"0\" scrolling=\"no\" width=\"310\" height=\"430\">\r\n\t\t<\/iframe>\r\n\t\t<textarea name=\"g-recaptcha-response\" rows=\"3\" cols=\"40\" placeholder=\"Aqu\u00ed la respuesta de reCAPTCHA\">\r\n\t\t<\/textarea>\r\n\t<\/div>\r\n<\/noscript>\r\n<\/span><br \/>\n<input class=\"wpcf7-form-control wpcf7-submit has-spinner\" id=\"formulario\" type=\"submit\" value=\"Senden\" \/>\n<\/p><input\n                    class=\"apbct_special_field apbct_email_id__wp_contact_form_7\"\n                    name=\"apbct__email_id__wp_contact_form_7\"\n                    aria-label=\"apbct__label_id__wp_contact_form_7\"\n                    type=\"text\" size=\"30\" maxlength=\"200\" autocomplete=\"off\"\n                    value=\"\"\n                \/><input type='hidden' class='wpcf7-pum' value='{\"closepopup\":false,\"closedelay\":0,\"openpopup\":false,\"openpopup_id\":0}' \/><div class=\"wpcf7-response-output\" aria-hidden=\"true\"><\/div>\n<\/form>\n<\/div>\n[\/vc_column][\/vc_row]<\/p>\n","protected":false},"excerpt":{"rendered":"<p>[vc_row type=&#8220;vc_default&#8220; css=&#8220;.vc_custom_1492529555969{margin-top: 70px !important;padding-top: 40px !important;padding-bottom: 80px !important;}&#8220;][vc_column][vc_column_text el_class=&#8220;bannerdestacado &#8222;] Herstellung von feuerfesten Verankerungssystemen Neben unserem breiten Produktkatalog fabrizieren wir auch Verankerungen nach Ma\u00df, seien es eigene vom Kunden erstellte oder von unserem Ingenieurb\u00fcro entwickelte Designs um Ihren speziellen W\u00fcnschen nachkommen zu k\u00f6nnen.[\/vc_column_text][\/vc_column][\/vc_row][vc_row type=&#8220;vc_default&#8220; full_width=&#8220;stretch_row&#8220; bg_type=&#8220;image&#8220; parallax_style=&#8220;vcpb-default&#8220; bg_image_new=&#8220;id^742|url^http:\/\/acfija.pruebasweb.com.es\/wp-content\/uploads\/parallax-productos-acfija.jpg|caption^null|alt^null|title^parallax-productos-acfija|description^null&#8220; bg_override=&#8220;ex-full&#8220; css=&#8220;.vc_custom_1492765027743{padding-top: 60px !important;padding-bottom: 80px !important;}&#8220;][vc_column&hellip;<\/p>\n","protected":false},"author":1,"featured_media":0,"parent":0,"menu_order":0,"comment_status":"closed","ping_status":"closed","template":"","meta":[],"class_list":["post-1326","page","type-page","status-publish","hentry","description-off"],"yoast_head":"<!-- This site is optimized with the Yoast SEO plugin v27.5 - https:\/\/yoast.com\/product\/yoast-seo-wordpress\/ -->\n<title>Verankerungen f\u00fcr feuerfeste Werkstoffe \u2013 Herstellung von Befestigungssystemen<\/title>\n<meta name=\"description\" content=\"Wir fertigen jedes beliebige Befestigungselement f\u00fcr feuerfeste Auskleidungen, entweder aus dem eigenen Katalog oder nach Ma\u00df, aus C-Stahl, Edelstahl, Inconel...\" \/>\n<meta name=\"robots\" content=\"index, follow, max-snippet:-1, max-image-preview:large, max-video-preview:-1\" \/>\n<link rel=\"canonical\" href=\"https:\/\/acfija.com\/de\/feuerfeste-verankerungen\/\" \/>\n<meta property=\"og:locale\" content=\"de_DE\" \/>\n<meta property=\"og:type\" content=\"article\" \/>\n<meta property=\"og:title\" content=\"Verankerungen f\u00fcr feuerfeste Werkstoffe \u2013 Herstellung von Befestigungssystemen\" \/>\n<meta property=\"og:description\" content=\"Wir fertigen jedes beliebige Befestigungselement f\u00fcr feuerfeste Auskleidungen, entweder aus dem eigenen Katalog oder nach Ma\u00df, aus C-Stahl, Edelstahl, Inconel...\" \/>\n<meta property=\"og:url\" content=\"https:\/\/acfija.com\/de\/feuerfeste-verankerungen\/\" \/>\n<meta property=\"og:site_name\" content=\"ACFIJA\" \/>\n<meta property=\"article:modified_time\" content=\"2017-08-08T15:47:46+00:00\" \/>\n<meta name=\"twitter:card\" content=\"summary_large_image\" \/>\n<meta name=\"twitter:label1\" content=\"Gesch\u00e4tzte Lesezeit\" \/>\n\t<meta name=\"twitter:data1\" content=\"5\u00a0Minuten\" \/>\n<script type=\"application\/ld+json\" class=\"yoast-schema-graph\">{\"@context\":\"https:\\\/\\\/schema.org\",\"@graph\":[{\"@type\":\"WebPage\",\"@id\":\"https:\\\/\\\/acfija.com\\\/de\\\/feuerfeste-verankerungen\\\/\",\"url\":\"https:\\\/\\\/acfija.com\\\/de\\\/feuerfeste-verankerungen\\\/\",\"name\":\"Verankerungen f\u00fcr feuerfeste Werkstoffe \u2013 Herstellung von Befestigungssystemen\",\"isPartOf\":{\"@id\":\"https:\\\/\\\/acfija.com\\\/#website\"},\"datePublished\":\"2017-04-13T08:43:53+00:00\",\"dateModified\":\"2017-08-08T15:47:46+00:00\",\"description\":\"Wir fertigen jedes beliebige Befestigungselement f\u00fcr feuerfeste Auskleidungen, entweder aus dem eigenen Katalog oder nach Ma\u00df, aus C-Stahl, Edelstahl, Inconel...\",\"breadcrumb\":{\"@id\":\"https:\\\/\\\/acfija.com\\\/de\\\/feuerfeste-verankerungen\\\/#breadcrumb\"},\"inLanguage\":\"de\",\"potentialAction\":[{\"@type\":\"ReadAction\",\"target\":[\"https:\\\/\\\/acfija.com\\\/de\\\/feuerfeste-verankerungen\\\/\"]}]},{\"@type\":\"BreadcrumbList\",\"@id\":\"https:\\\/\\\/acfija.com\\\/de\\\/feuerfeste-verankerungen\\\/#breadcrumb\",\"itemListElement\":[{\"@type\":\"ListItem\",\"position\":1,\"name\":\"Portada\",\"item\":\"https:\\\/\\\/acfija.com\\\/de\\\/\"},{\"@type\":\"ListItem\",\"position\":2,\"name\":\"Produkte\"}]},{\"@type\":\"WebSite\",\"@id\":\"https:\\\/\\\/acfija.com\\\/#website\",\"url\":\"https:\\\/\\\/acfija.com\\\/\",\"name\":\"ACFIJA\",\"description\":\"Accesorios de fijaci\u00f3n\",\"potentialAction\":[{\"@type\":\"SearchAction\",\"target\":{\"@type\":\"EntryPoint\",\"urlTemplate\":\"https:\\\/\\\/acfija.com\\\/?s={search_term_string}\"},\"query-input\":{\"@type\":\"PropertyValueSpecification\",\"valueRequired\":true,\"valueName\":\"search_term_string\"}}],\"inLanguage\":\"de\"}]}<\/script>\n<!-- \/ Yoast SEO plugin. -->","yoast_head_json":{"title":"Verankerungen f\u00fcr feuerfeste Werkstoffe \u2013 Herstellung von Befestigungssystemen","description":"Wir fertigen jedes beliebige Befestigungselement f\u00fcr feuerfeste Auskleidungen, entweder aus dem eigenen Katalog oder nach Ma\u00df, aus C-Stahl, Edelstahl, Inconel...","robots":{"index":"index","follow":"follow","max-snippet":"max-snippet:-1","max-image-preview":"max-image-preview:large","max-video-preview":"max-video-preview:-1"},"canonical":"https:\/\/acfija.com\/de\/feuerfeste-verankerungen\/","og_locale":"de_DE","og_type":"article","og_title":"Verankerungen f\u00fcr feuerfeste Werkstoffe \u2013 Herstellung von Befestigungssystemen","og_description":"Wir fertigen jedes beliebige Befestigungselement f\u00fcr feuerfeste Auskleidungen, entweder aus dem eigenen Katalog oder nach Ma\u00df, aus C-Stahl, Edelstahl, Inconel...","og_url":"https:\/\/acfija.com\/de\/feuerfeste-verankerungen\/","og_site_name":"ACFIJA","article_modified_time":"2017-08-08T15:47:46+00:00","twitter_card":"summary_large_image","twitter_misc":{"Gesch\u00e4tzte Lesezeit":"5\u00a0Minuten"},"schema":{"@context":"https:\/\/schema.org","@graph":[{"@type":"WebPage","@id":"https:\/\/acfija.com\/de\/feuerfeste-verankerungen\/","url":"https:\/\/acfija.com\/de\/feuerfeste-verankerungen\/","name":"Verankerungen f\u00fcr feuerfeste Werkstoffe \u2013 Herstellung von Befestigungssystemen","isPartOf":{"@id":"https:\/\/acfija.com\/#website"},"datePublished":"2017-04-13T08:43:53+00:00","dateModified":"2017-08-08T15:47:46+00:00","description":"Wir fertigen jedes beliebige Befestigungselement f\u00fcr feuerfeste Auskleidungen, entweder aus dem eigenen Katalog oder nach Ma\u00df, aus C-Stahl, Edelstahl, Inconel...","breadcrumb":{"@id":"https:\/\/acfija.com\/de\/feuerfeste-verankerungen\/#breadcrumb"},"inLanguage":"de","potentialAction":[{"@type":"ReadAction","target":["https:\/\/acfija.com\/de\/feuerfeste-verankerungen\/"]}]},{"@type":"BreadcrumbList","@id":"https:\/\/acfija.com\/de\/feuerfeste-verankerungen\/#breadcrumb","itemListElement":[{"@type":"ListItem","position":1,"name":"Portada","item":"https:\/\/acfija.com\/de\/"},{"@type":"ListItem","position":2,"name":"Produkte"}]},{"@type":"WebSite","@id":"https:\/\/acfija.com\/#website","url":"https:\/\/acfija.com\/","name":"ACFIJA","description":"Accesorios de fijaci\u00f3n","potentialAction":[{"@type":"SearchAction","target":{"@type":"EntryPoint","urlTemplate":"https:\/\/acfija.com\/?s={search_term_string}"},"query-input":{"@type":"PropertyValueSpecification","valueRequired":true,"valueName":"search_term_string"}}],"inLanguage":"de"}]}},"_links":{"self":[{"href":"https:\/\/acfija.com\/de\/wp-json\/wp\/v2\/pages\/1326","targetHints":{"allow":["GET"]}}],"collection":[{"href":"https:\/\/acfija.com\/de\/wp-json\/wp\/v2\/pages"}],"about":[{"href":"https:\/\/acfija.com\/de\/wp-json\/wp\/v2\/types\/page"}],"author":[{"embeddable":true,"href":"https:\/\/acfija.com\/de\/wp-json\/wp\/v2\/users\/1"}],"replies":[{"embeddable":true,"href":"https:\/\/acfija.com\/de\/wp-json\/wp\/v2\/comments?post=1326"}],"version-history":[{"count":5,"href":"https:\/\/acfija.com\/de\/wp-json\/wp\/v2\/pages\/1326\/revisions"}],"predecessor-version":[{"id":1440,"href":"https:\/\/acfija.com\/de\/wp-json\/wp\/v2\/pages\/1326\/revisions\/1440"}],"wp:attachment":[{"href":"https:\/\/acfija.com\/de\/wp-json\/wp\/v2\/media?parent=1326"}],"curies":[{"name":"wp","href":"https:\/\/api.w.org\/{rel}","templated":true}]}}