{"id":1329,"date":"2016-05-10T03:48:21","date_gmt":"2016-05-10T01:48:21","guid":{"rendered":"http:\/\/acfija.com\/home\/"},"modified":"2017-08-09T12:39:01","modified_gmt":"2017-08-09T10:39:01","slug":"home","status":"publish","type":"page","link":"https:\/\/acfija.com\/de\/","title":{"rendered":"Home"},"content":{"rendered":"<p>[vc_row][vc_column width=&#8220;1\/3&#8243;]<div class=\"aio-icon-component    style_3\"><a class=\"aio-icon-box-link\" href=\"\/de\/befestigungszubehoer\/\" ><div id=\"Info-box-wrap-4918\" class=\"aio-icon-box top-icon\" style=\"\"  ><div class=\"aio-icon-top\"><div class=\"ult-just-icon-wrapper  \"><div class=\"align-icon\" style=\"text-align:center;\">\n<div class=\"aio-icon-img \" style=\"font-size:363px;display:inline-block;\" data-animation=\"fadeInUp\" data-animation-delay=\"03\">\n\t<img decoding=\"async\" class=\"img-icon\" alt=\"null\" src=\"https:\/\/acfija.com\/wp-content\/uploads\/productos.jpg\"\/>\n<\/div><\/div><\/div><\/div><div class=\"aio-icon-header\" ><h3 class=\"aio-icon-title ult-responsive\"  data-ultimate-target='#Info-box-wrap-4918 .aio-icon-title'  data-responsive-json-new='{\"font-size\":\"\",\"line-height\":\"\"}'  style=\"color:#ffffff;\">Befestigungszubeh\u00f6r<\/h3><\/div> <!-- header --><div class=\"aio-icon-description ult-responsive\"  data-ultimate-target='#Info-box-wrap-4918 .aio-icon-description'  data-responsive-json-new='{\"font-size\":\"\",\"line-height\":\"\"}'  style=\"\">Ihr Anbieter f\u00fcr Befestigungselemente und Anpassung feuerfester Auskleidung.<\/div> <!-- description --><\/div> <!-- aio-icon-box --><\/a><\/div> <!-- aio-icon-component -->[\/vc_column][vc_column width=&#8220;1\/3&#8243;][vc_column_text el_class=&#8220;tituloportada&#8220;]<\/p>\n<h3>Unsere Produkte<\/h3>\n<p>[\/vc_column_text]<a href=\"\/de\/verankerungen-und-platine\/\" class=\"btn-shortcode dt-btn-m dt-btn default-btn-color default-btn-hover-color default-btn-bg-color default-btn-bg-hover-color ico-right-side\" id=\"dt-btn-1\"><span>Flachanker<\/span><i class=\"fa icon-right-bold\"><\/i><\/a><a href=\"\/de\/verankerungen-fuer-backsteine\/\" class=\"btn-shortcode dt-btn-m dt-btn default-btn-color default-btn-hover-color default-btn-bg-color default-btn-bg-hover-color ico-right-side\" id=\"dt-btn-2\"><span>Steinanker<\/span><i class=\"fa icon-right-bold\"><\/i><\/a><a href=\"\/de\/verankerungen-in-ankerform\/\" class=\"btn-shortcode dt-btn-m dt-btn default-btn-color default-btn-hover-color default-btn-bg-color default-btn-bg-hover-color ico-right-side\" id=\"dt-btn-3\"><span>Verankerungen in Wellenanker<\/span><i class=\"fa icon-right-bold\"><\/i><\/a><a href=\"\/de\/keramik-cuplocks\/\" class=\"btn-shortcode dt-btn-m dt-btn default-btn-color default-btn-hover-color default-btn-bg-color default-btn-bg-hover-color ico-right-side\" id=\"dt-btn-4\"><span>Befestigungszubeh\u00f6r<\/span><i class=\"fa icon-right-bold\"><\/i><\/a><a href=\"\/de\/ferrules-plastic-caps\/\" class=\"btn-shortcode dt-btn-m dt-btn default-btn-color default-btn-hover-color default-btn-bg-color default-btn-bg-hover-color ico-right-side\" id=\"dt-btn-5\"><span>Schwei\u00dfzubeh\u00f6r<\/span><i class=\"fa icon-right-bold\"><\/i><\/a><a href=\"\/de\/bolzen-herstellung\/\" class=\"btn-shortcode dt-btn-m dt-btn default-btn-color default-btn-hover-color default-btn-bg-color default-btn-bg-hover-color ico-right-side\" id=\"dt-btn-6\"><span>Stifte<\/span><i class=\"fa icon-right-bold\"><\/i><\/a><a href=\"\/de\/isolierbolzen\/\" class=\"btn-shortcode dt-btn-m dt-btn default-btn-color default-btn-hover-color default-btn-bg-color default-btn-bg-hover-color ico-right-side\" id=\"dt-btn-7\"><span>Isolierstifte<\/span><i class=\"fa icon-right-bold\"><\/i><\/a><a href=\"\/de\/fiberfix-stifte\/\" class=\"btn-shortcode dt-btn-m dt-btn default-btn-color default-btn-hover-color default-btn-bg-color default-btn-bg-hover-color ico-right-side\" id=\"dt-btn-8\"><span>Fiberfix und Gewindestifte<\/span><i class=\"fa icon-right-bold\"><\/i><\/a><a href=\"\/de\/drehclipse\/\" class=\"btn-shortcode dt-btn-m dt-btn default-btn-color default-btn-hover-color default-btn-bg-color default-btn-bg-hover-color ico-right-side\" id=\"dt-btn-9\"><span>Konsoles<\/span><i class=\"fa icon-right-bold\"><\/i><\/a>[\/vc_column][vc_column width=&#8220;1\/3&#8243;]<div class=\"aio-icon-component    style_3\"><a class=\"aio-icon-box-link\" href=\"\/de\/schweissarbeiten-verankerungen\/\" ><div id=\"Info-box-wrap-9128\" class=\"aio-icon-box top-icon\" style=\"\"  ><div class=\"aio-icon-top\"><div class=\"ult-just-icon-wrapper  \"><div class=\"align-icon\" style=\"text-align:center;\">\n<div class=\"aio-icon-img \" style=\"font-size:363px;display:inline-block;\" data-animation=\"fadeInUp\" data-animation-delay=\"03\">\n\t<img decoding=\"async\" class=\"img-icon\" alt=\"null\" src=\"https:\/\/acfija.com\/wp-content\/uploads\/soldadura.jpg\"\/>\n<\/div><\/div><\/div><\/div><div class=\"aio-icon-header\" ><h3 class=\"aio-icon-title ult-responsive\"  data-ultimate-target='#Info-box-wrap-9128 .aio-icon-title'  data-responsive-json-new='{\"font-size\":\"\",\"line-height\":\"\"}'  style=\"color:#ffffff;\">Schwei\u00dfarbeiten<\/h3><\/div> <!-- header --><div class=\"aio-icon-description ult-responsive\"  data-ultimate-target='#Info-box-wrap-9128 .aio-icon-description'  data-responsive-json-new='{\"font-size\":\"\",\"line-height\":\"\"}'  style=\"\">Wir bieten Ihnen einen Rundum-Service an Angebot &amp; Lichtbogenschwei\u00dfverfahren.<\/div> <!-- description --><\/div> <!-- aio-icon-box --><\/a><\/div> <!-- aio-icon-component -->[\/vc_column][\/vc_row][vc_row type=&#8220;vc_default&#8220; full_width=&#8220;stretch_row&#8220; content_placement=&#8220;middle&#8220; bg_type=&#8220;bg_color&#8220; css=&#8220;.vc_custom_1489076521584{margin-top: 30px !important;margin-bottom: 30px !important;padding-top: 20px !important;padding-bottom: 20px !important;}&#8220; bg_color_value=&#8220;#f18e00&#8243;][vc_column][vc_column_text]<\/p>\n<h1 style=\"text-align: center;\"><span style=\"color: #ffffff;\">Verankerungen und Bolzen f\u00fcr feuerfeste Beschichtung<\/span><\/h1>\n<p>[\/vc_column_text][\/vc_column][\/vc_row][vc_row margin_bottom=&#8220;50&#8243; css=&#8220;.vc_custom_1489403331300{margin-bottom: 30px !important;}&#8220;][vc_column width=&#8220;1\/2&#8243;][vc_column_text]ACFI bietet Ihnen einen <strong>Rundum-Service an Angebot und Schwei\u00dfarbeiten f\u00fcr Befestigungszubeh\u00f6r mit feuerfester Beschichtung<\/strong>. Ein zug\u00e4ngliches, flexibles und schnelles Unternehmen, das sich bei ihren Gro\u00dfprojekten stets als ihr Partner versteht.<\/p>\n<h4>Genau wie Sie, setzen auch wir auf Qualit\u00e4t:<\/h4>\n<p>Alle unsere Materialien kommen aus Europa (durch CE gekennzeichnet) und sind zertifiziert.<br \/>\nSchwei\u00dfarbeitsverfahren und zertifizierte Fachkr\u00e4fte gem\u00e4\u00df EN und ASME.<\/p>\n<p>&nbsp;<\/p>\n<p style=\"text-align: center;\"><a class=\"button\" href=\"\/?page_id=213\">Entdecke unser Unternehmen<\/a><\/p>\n<p>[\/vc_column_text][\/vc_column][vc_column width=&#8220;1\/2&#8243;][vc_single_image image=&#8220;72&#8243; img_size=&#8220;full&#8220; alignment=&#8220;center&#8220; css_animation=&#8220;slideInRight&#8220;][\/vc_column][\/vc_row][vc_row type=&#8220;vc_default&#8220; margin_top=&#8220;50&#8243; css=&#8220;.vc_custom_1492074987177{border-top-width: 2px !important;padding-top: 50px !important;border-top-color: #f18e00 !important;border-top-style: dotted !important;}&#8220;][vc_column width=&#8220;1\/4&#8243;][vc_column_text el_class=&#8220;destacado&#8220;]Jedes Projekt vergr\u00f6\u00dfert unser Wissen um Ihnen damit einen Service anbieten zu k\u00f6nnen, der ihren W\u00fcnschen entspricht.[\/vc_column_text][\/vc_column][vc_column width=&#8220;1\/4&#8243;]\n<div id=\"interactive-banner-1-wrap-5597\" class=\"ult-banner-block ult-adjust-bottom-margin ult-bb-box  banner-style11 \"   style=\"\">\n\t<img decoding=\"async\" src=\"https:\/\/acfija.com\/wp-content\/uploads\/industria-acero-acfija.jpg\" alt=\"null\">\n\t<h3  data-ultimate-target='#interactive-banner-1-wrap-5597 .bb-top-title '  data-responsive-json-new='{\"font-size\":\"\",\"line-height\":\"\"}'  class=\"title-center bb-top-title ult-responsive\" style=\"font-weight:normal;background:#463031;color:#ffffff;\">Stahlindustrie<\/h3>\n\t<div class=\"mask opaque-background\" style=\"background:rgba(70,48,49,0.4);\">\n\t\t<div  data-ultimate-target='#interactive-banner-1-wrap-5597 .bb-description'  data-responsive-json-new='{\"font-size\":\"\",\"line-height\":\"\"}'  class=\"bb-description ult-responsive\" style=\"font-weight:normal;color:#ffffff;\"><\/div>\n\t<\/div><a class=\"bb-link\" href=\"\/de\/schweissarbeit-verbindungselemente\/\" ><\/a>\n<\/div>[\/vc_column][vc_column width=&#8220;1\/4&#8243;]\n<div id=\"interactive-banner-1-wrap-7772\" class=\"ult-banner-block ult-adjust-bottom-margin ult-bb-box  banner-style11 \"   style=\"\">\n\t<img decoding=\"async\" src=\"https:\/\/acfija.com\/wp-content\/uploads\/industria-cemento-acfija.jpg\" alt=\"null\">\n\t<h3  data-ultimate-target='#interactive-banner-1-wrap-7772 .bb-top-title '  data-responsive-json-new='{\"font-size\":\"\",\"line-height\":\"\"}'  class=\"title-center bb-top-title ult-responsive\" style=\"font-weight:normal;background:#463031;color:#ffffff;\">Zementindustrie<\/h3>\n\t<div class=\"mask opaque-background\" style=\"background:rgba(70,48,49,0.4);\">\n\t\t<div  data-ultimate-target='#interactive-banner-1-wrap-7772 .bb-description'  data-responsive-json-new='{\"font-size\":\"\",\"line-height\":\"\"}'  class=\"bb-description ult-responsive\" style=\"font-weight:normal;color:#ffffff;\"><\/div>\n\t<\/div><a class=\"bb-link\" href=\"\/de\/mobile-und-feste-verankerungen\/\" ><\/a>\n<\/div>[\/vc_column][vc_column width=&#8220;1\/4&#8243;]\n<div id=\"interactive-banner-1-wrap-1448\" class=\"ult-banner-block ult-adjust-bottom-margin ult-bb-box  banner-style11 \"   style=\"\">\n\t<img decoding=\"async\" src=\"https:\/\/acfija.com\/wp-content\/uploads\/industria-papel-acfija.jpg\" alt=\"null\">\n\t<h3  data-ultimate-target='#interactive-banner-1-wrap-1448 .bb-top-title '  data-responsive-json-new='{\"font-size\":\"\",\"line-height\":\"\"}'  class=\"title-center bb-top-title ult-responsive\" style=\"font-weight:normal;background:#463031;color:#ffffff;\">Papierindustrie<\/h3>\n\t<div class=\"mask opaque-background\" style=\"background:rgba(70,48,49,0.4);\">\n\t\t<div  data-ultimate-target='#interactive-banner-1-wrap-1448 .bb-description'  data-responsive-json-new='{\"font-size\":\"\",\"line-height\":\"\"}'  class=\"bb-description ult-responsive\" style=\"font-weight:normal;color:#ffffff;\"><\/div>\n\t<\/div><a class=\"bb-link\" href=\"\/de\/kopfbolzen\/\" ><\/a>\n<\/div>[\/vc_column][\/vc_row][vc_row margin_top=&#8220;-40px&#8220;][vc_column width=&#8220;1\/4&#8243;]\n<div id=\"interactive-banner-1-wrap-8047\" class=\"ult-banner-block ult-adjust-bottom-margin ult-bb-box  banner-style11 \"   style=\"\">\n\t<img decoding=\"async\" src=\"https:\/\/acfija.com\/wp-content\/uploads\/industria-petroleo-acfija.jpg\" alt=\"null\">\n\t<h3  data-ultimate-target='#interactive-banner-1-wrap-8047 .bb-top-title '  data-responsive-json-new='{\"font-size\":\"\",\"line-height\":\"\"}'  class=\"title-center bb-top-title ult-responsive\" style=\"font-weight:normal;background:#463031;color:#ffffff;\">Petrochemische Industrie<\/h3>\n\t<div class=\"mask opaque-background\" style=\"background:rgba(70,48,49,0.4);\">\n\t\t<div  data-ultimate-target='#interactive-banner-1-wrap-8047 .bb-description'  data-responsive-json-new='{\"font-size\":\"\",\"line-height\":\"\"}'  class=\"bb-description ult-responsive\" style=\"font-weight:normal;color:#ffffff;\"><\/div>\n\t<\/div><a class=\"bb-link\" href=\"\/de\/feuerfeste-verkleidung\/\" ><\/a>\n<\/div>[\/vc_column][vc_column width=&#8220;1\/4&#8243;]\n<div id=\"interactive-banner-1-wrap-8938\" class=\"ult-banner-block ult-adjust-bottom-margin ult-bb-box  banner-style11 \"   style=\"\">\n\t<img decoding=\"async\" src=\"https:\/\/acfija.com\/wp-content\/uploads\/industria-residuos-acfija.jpg\" alt=\"null\">\n\t<h3  data-ultimate-target='#interactive-banner-1-wrap-8938 .bb-top-title '  data-responsive-json-new='{\"font-size\":\"\",\"line-height\":\"\"}'  class=\"title-center bb-top-title ult-responsive\" style=\"font-weight:normal;background:#463031;color:#ffffff;\">Abfallverbrennung<\/h3>\n\t<div class=\"mask opaque-background\" style=\"background:rgba(70,48,49,0.4);\">\n\t\t<div  data-ultimate-target='#interactive-banner-1-wrap-8938 .bb-description'  data-responsive-json-new='{\"font-size\":\"\",\"line-height\":\"\"}'  class=\"bb-description ult-responsive\" style=\"font-weight:normal;color:#ffffff;\"><\/div>\n\t<\/div><a class=\"bb-link\" href=\"\/de\/bolzenschweissen\/\" ><\/a>\n<\/div>[\/vc_column][vc_column width=&#8220;1\/4&#8243;]\n<div id=\"interactive-banner-1-wrap-9597\" class=\"ult-banner-block ult-adjust-bottom-margin ult-bb-box  banner-style11 \"   style=\"\">\n\t<img decoding=\"async\" src=\"https:\/\/acfija.com\/wp-content\/uploads\/industria-termicas-acfija.jpg\" alt=\"null\">\n\t<h3  data-ultimate-target='#interactive-banner-1-wrap-9597 .bb-top-title '  data-responsive-json-new='{\"font-size\":\"\",\"line-height\":\"\"}'  class=\"title-center bb-top-title ult-responsive\" style=\"font-weight:normal;background:#463031;color:#ffffff;\">W\u00e4rmekraftwerke<\/h3>\n\t<div class=\"mask opaque-background\" style=\"background:rgba(70,48,49,0.4);\">\n\t\t<div  data-ultimate-target='#interactive-banner-1-wrap-9597 .bb-description'  data-responsive-json-new='{\"font-size\":\"\",\"line-height\":\"\"}'  class=\"bb-description ult-responsive\" style=\"font-weight:normal;color:#ffffff;\"><\/div>\n\t<\/div><a class=\"bb-link\" href=\"\/de\/kesselstifte\/\" ><\/a>\n<\/div>[\/vc_column][vc_column width=&#8220;1\/4&#8243;]\n<div id=\"interactive-banner-1-wrap-8294\" class=\"ult-banner-block ult-adjust-bottom-margin ult-bb-box  banner-style11 \"   style=\"\">\n\t<img decoding=\"async\" src=\"https:\/\/acfija.com\/wp-content\/uploads\/industria-obra-cil-acfija.jpg\" alt=\"null\">\n\t<h3  data-ultimate-target='#interactive-banner-1-wrap-8294 .bb-top-title '  data-responsive-json-new='{\"font-size\":\"\",\"line-height\":\"\"}'  class=\"title-center bb-top-title ult-responsive\" style=\"font-weight:normal;background:#463031;color:#ffffff;\">Bauingenieurwesen<\/h3>\n\t<div class=\"mask opaque-background\" style=\"background:rgba(70,48,49,0.4);\">\n\t\t<div  data-ultimate-target='#interactive-banner-1-wrap-8294 .bb-description'  data-responsive-json-new='{\"font-size\":\"\",\"line-height\":\"\"}'  class=\"bb-description ult-responsive\" style=\"font-weight:normal;color:#ffffff;\"><\/div>\n\t<\/div><a class=\"bb-link\" href=\"\/de\/bajonettstifte\/\" ><\/a>\n<\/div>[\/vc_column][\/vc_row]<\/p>\n","protected":false},"excerpt":{"rendered":"<p>[vc_row][vc_column width=&#8220;1\/3&#8243;][\/vc_column][vc_column width=&#8220;1\/3&#8243;][vc_column_text el_class=&#8220;tituloportada&#8220;] Unsere Produkte [\/vc_column_text][\/vc_column][vc_column width=&#8220;1\/3&#8243;][\/vc_column][\/vc_row][vc_row type=&#8220;vc_default&#8220; full_width=&#8220;stretch_row&#8220; content_placement=&#8220;middle&#8220; bg_type=&#8220;bg_color&#8220; css=&#8220;.vc_custom_1489076521584{margin-top: 30px !important;margin-bottom: 30px !important;padding-top: 20px !important;padding-bottom: 20px !important;}&#8220; bg_color_value=&#8220;#f18e00&#8243;][vc_column][vc_column_text] Verankerungen und Bolzen f\u00fcr feuerfeste Beschichtung [\/vc_column_text][\/vc_column][\/vc_row][vc_row margin_bottom=&#8220;50&#8243; css=&#8220;.vc_custom_1489403331300{margin-bottom: 30px !important;}&#8220;][vc_column width=&#8220;1\/2&#8243;][vc_column_text]ACFI bietet Ihnen einen Rundum-Service an Angebot und Schwei\u00dfarbeiten f\u00fcr Befestigungszubeh\u00f6r mit feuerfester Beschichtung. Ein zug\u00e4ngliches, flexibles und schnelles Unternehmen, das sich&hellip;<\/p>\n","protected":false},"author":1,"featured_media":0,"parent":0,"menu_order":0,"comment_status":"closed","ping_status":"closed","template":"","meta":[],"class_list":["post-1329","page","type-page","status-publish","hentry","description-off"],"yoast_head":"<!-- This site is optimized with the Yoast SEO plugin v27.4 - https:\/\/yoast.com\/product\/yoast-seo-wordpress\/ -->\n<title>Verankerungen und Bolzen f\u00fcr feuerfeste Auskleidungen ACFI<\/title>\n<meta name=\"description\" content=\"Herstellung und Schwei\u00dfen von Befestigungs- und Verbindungszubeh\u00f6r f\u00fcr feuerfeste Auskleidungen.\" \/>\n<meta name=\"robots\" content=\"index, follow, max-snippet:-1, max-image-preview:large, max-video-preview:-1\" \/>\n<link rel=\"canonical\" href=\"https:\/\/acfija.com\/de\/\" \/>\n<meta property=\"og:locale\" content=\"de_DE\" \/>\n<meta property=\"og:type\" content=\"article\" \/>\n<meta property=\"og:title\" content=\"Verankerungen und Bolzen f\u00fcr feuerfeste Auskleidungen ACFI\" \/>\n<meta property=\"og:description\" content=\"Herstellung und Schwei\u00dfen von Befestigungs- und Verbindungszubeh\u00f6r f\u00fcr feuerfeste Auskleidungen.\" \/>\n<meta property=\"og:url\" content=\"https:\/\/acfija.com\/de\/\" \/>\n<meta property=\"og:site_name\" content=\"ACFIJA\" \/>\n<meta property=\"article:modified_time\" content=\"2017-08-09T10:39:01+00:00\" \/>\n<meta name=\"twitter:card\" content=\"summary_large_image\" \/>\n<meta name=\"twitter:label1\" content=\"Gesch\u00e4tzte Lesezeit\" \/>\n\t<meta name=\"twitter:data1\" content=\"5\u00a0Minuten\" \/>\n<script type=\"application\/ld+json\" class=\"yoast-schema-graph\">{\"@context\":\"https:\\\/\\\/schema.org\",\"@graph\":[{\"@type\":\"WebPage\",\"@id\":\"https:\\\/\\\/acfija.com\\\/de\\\/\",\"url\":\"https:\\\/\\\/acfija.com\\\/de\\\/\",\"name\":\"Verankerungen und Bolzen f\u00fcr feuerfeste Auskleidungen ACFI\",\"isPartOf\":{\"@id\":\"https:\\\/\\\/acfija.com\\\/#website\"},\"datePublished\":\"2016-05-10T01:48:21+00:00\",\"dateModified\":\"2017-08-09T10:39:01+00:00\",\"description\":\"Herstellung und Schwei\u00dfen von Befestigungs- und Verbindungszubeh\u00f6r f\u00fcr feuerfeste Auskleidungen.\",\"breadcrumb\":{\"@id\":\"https:\\\/\\\/acfija.com\\\/de\\\/#breadcrumb\"},\"inLanguage\":\"de\",\"potentialAction\":[{\"@type\":\"ReadAction\",\"target\":[\"https:\\\/\\\/acfija.com\\\/de\\\/\"]}]},{\"@type\":\"BreadcrumbList\",\"@id\":\"https:\\\/\\\/acfija.com\\\/de\\\/#breadcrumb\",\"itemListElement\":[{\"@type\":\"ListItem\",\"position\":1,\"name\":\"Portada\",\"item\":\"https:\\\/\\\/acfija.com\\\/de\\\/\"},{\"@type\":\"ListItem\",\"position\":2,\"name\":\"Home\"}]},{\"@type\":\"WebSite\",\"@id\":\"https:\\\/\\\/acfija.com\\\/#website\",\"url\":\"https:\\\/\\\/acfija.com\\\/\",\"name\":\"ACFIJA\",\"description\":\"Accesorios de fijaci\u00f3n\",\"potentialAction\":[{\"@type\":\"SearchAction\",\"target\":{\"@type\":\"EntryPoint\",\"urlTemplate\":\"https:\\\/\\\/acfija.com\\\/?s={search_term_string}\"},\"query-input\":{\"@type\":\"PropertyValueSpecification\",\"valueRequired\":true,\"valueName\":\"search_term_string\"}}],\"inLanguage\":\"de\"}]}<\/script>\n<!-- \/ Yoast SEO plugin. -->","yoast_head_json":{"title":"Verankerungen und Bolzen f\u00fcr feuerfeste Auskleidungen ACFI","description":"Herstellung und Schwei\u00dfen von Befestigungs- und Verbindungszubeh\u00f6r f\u00fcr feuerfeste Auskleidungen.","robots":{"index":"index","follow":"follow","max-snippet":"max-snippet:-1","max-image-preview":"max-image-preview:large","max-video-preview":"max-video-preview:-1"},"canonical":"https:\/\/acfija.com\/de\/","og_locale":"de_DE","og_type":"article","og_title":"Verankerungen und Bolzen f\u00fcr feuerfeste Auskleidungen ACFI","og_description":"Herstellung und Schwei\u00dfen von Befestigungs- und Verbindungszubeh\u00f6r f\u00fcr feuerfeste Auskleidungen.","og_url":"https:\/\/acfija.com\/de\/","og_site_name":"ACFIJA","article_modified_time":"2017-08-09T10:39:01+00:00","twitter_card":"summary_large_image","twitter_misc":{"Gesch\u00e4tzte Lesezeit":"5\u00a0Minuten"},"schema":{"@context":"https:\/\/schema.org","@graph":[{"@type":"WebPage","@id":"https:\/\/acfija.com\/de\/","url":"https:\/\/acfija.com\/de\/","name":"Verankerungen und Bolzen f\u00fcr feuerfeste Auskleidungen ACFI","isPartOf":{"@id":"https:\/\/acfija.com\/#website"},"datePublished":"2016-05-10T01:48:21+00:00","dateModified":"2017-08-09T10:39:01+00:00","description":"Herstellung und Schwei\u00dfen von Befestigungs- und Verbindungszubeh\u00f6r f\u00fcr feuerfeste Auskleidungen.","breadcrumb":{"@id":"https:\/\/acfija.com\/de\/#breadcrumb"},"inLanguage":"de","potentialAction":[{"@type":"ReadAction","target":["https:\/\/acfija.com\/de\/"]}]},{"@type":"BreadcrumbList","@id":"https:\/\/acfija.com\/de\/#breadcrumb","itemListElement":[{"@type":"ListItem","position":1,"name":"Portada","item":"https:\/\/acfija.com\/de\/"},{"@type":"ListItem","position":2,"name":"Home"}]},{"@type":"WebSite","@id":"https:\/\/acfija.com\/#website","url":"https:\/\/acfija.com\/","name":"ACFIJA","description":"Accesorios de fijaci\u00f3n","potentialAction":[{"@type":"SearchAction","target":{"@type":"EntryPoint","urlTemplate":"https:\/\/acfija.com\/?s={search_term_string}"},"query-input":{"@type":"PropertyValueSpecification","valueRequired":true,"valueName":"search_term_string"}}],"inLanguage":"de"}]}},"_links":{"self":[{"href":"https:\/\/acfija.com\/de\/wp-json\/wp\/v2\/pages\/1329","targetHints":{"allow":["GET"]}}],"collection":[{"href":"https:\/\/acfija.com\/de\/wp-json\/wp\/v2\/pages"}],"about":[{"href":"https:\/\/acfija.com\/de\/wp-json\/wp\/v2\/types\/page"}],"author":[{"embeddable":true,"href":"https:\/\/acfija.com\/de\/wp-json\/wp\/v2\/users\/1"}],"replies":[{"embeddable":true,"href":"https:\/\/acfija.com\/de\/wp-json\/wp\/v2\/comments?post=1329"}],"version-history":[{"count":7,"href":"https:\/\/acfija.com\/de\/wp-json\/wp\/v2\/pages\/1329\/revisions"}],"predecessor-version":[{"id":1479,"href":"https:\/\/acfija.com\/de\/wp-json\/wp\/v2\/pages\/1329\/revisions\/1479"}],"wp:attachment":[{"href":"https:\/\/acfija.com\/de\/wp-json\/wp\/v2\/media?parent=1329"}],"curies":[{"name":"wp","href":"https:\/\/api.w.org\/{rel}","templated":true}]}}