{"id":1528,"date":"2023-02-24T13:28:57","date_gmt":"2023-02-24T12:28:57","guid":{"rendered":"http:\/\/acfija.com\/?page_id=1528"},"modified":"2026-01-19T15:12:44","modified_gmt":"2026-01-19T14:12:44","slug":"acfi","status":"publish","type":"page","link":"https:\/\/acfija.com\/de\/acfi\/","title":{"rendered":"Acfi"},"content":{"rendered":"<p>[vc_row type=&#8220;vc_default&#8220; css=&#8220;.vc_custom_1492770493199{margin-top: 70px !important;}&#8220;][vc_column][vc_column_text el_class=&#8220;banneracfi&#8220;]<\/p>\n<h2 class=\"tituloproductos\">Anker, Bolzen und Verankerungssysteme<\/h2>\n<p>F\u00fcr ihre Sicherheit und ihr Vertrauen, erlangte ACFI die wichtigsten europ\u00e4ischen Qualit\u00e4tszertifikate<\/p>\n<div class=\"text-centered\"><a id=\"dt-btn-1\" class=\"btn-shortcode dt-btn-l dt-btn btn-light default-btn-color default-btn-hover-color default-btn-bg-color default-btn-bg-hover-color ripple\" style=\"-webkit-tap-highlight-color: rgba(0, 0, 0, 0);\" href=\"\/pdf\/CERT_9001_DE_2026.pdf\" target=\"_blank\" rel=\"noopener noreferrer\"><span class=\"text-wrap\" style=\"position: relative; z-index: 2;\"><i class=\"fa fa-arrow-down\"><\/i>Herunterladen<\/span><\/a><\/div>\n<p>[\/vc_column_text][\/vc_column][\/vc_row][vc_row type=&#8220;vc_default&#8220; full_width=&#8220;stretch_row&#8220; bg_type=&#8220;bg_color&#8220; css=&#8220;.vc_custom_1492771035233{margin-top: 30px !important;margin-bottom: 0px !important;padding-top: 20px !important;padding-bottom: 20px !important;}&#8220; bg_color_value=&#8220;#f18e00&#8243;][vc_column][vc_column_text]<strong>ACFI<\/strong> ist ihr Partner bei der Herstellung von feuerfester Auskleidung. Wir sind ein Unternehmen, das sich einem globalen Service verschrieben hat: Wir fabrizieren und liefern das Befestigungszubeh\u00f6r &amp; wir sind verantwortlich f\u00fcr Schwei\u00dfarbeiten und andere dazugeh\u00f6rige Dienstleistungen w\u00e4hrend der Durchf\u00fchrung auf der Baustelle.<\/p>\n<p class=\"diferentes\">Was unterscheidet uns?<\/p>\n<p>[\/vc_column_text][\/vc_column][\/vc_row][vc_row type=&#8220;vc_default&#8220; equal_height=&#8220;yes&#8220; bg_type=&#8220;image&#8220; parallax_style=&#8220;vcpb-default&#8220; css=&#8220;.vc_custom_1492774952845{margin-top: 40px !important;margin-bottom: 40px !important;}&#8220;][vc_column width=&#8220;1\/2&#8243;][vc_column_text]Bei <strong>ACFI Accesorios de Fijaci\u00f3n<\/strong> haben wir erkannt, dass das Image unserer Angestellten, letztlich das unseres Unternehmens ist. Sie sind die Gesichter unseres Unternehmens, diejenigen die uns auf dem Gebiet repr\u00e4sentieren und sind gleichzeitig der wichtigste Ansprechpartner bei der Durchf\u00fchrung von Auftr\u00e4gen. Deshalb achten wir sehr genau auf ihre Auswahl und Ausbildung.<\/p>\n<p>Wir w\u00e4hlen Spezialisten, die sich mit den gleichen menschlichen Werten identifizieren, die wir verteidigen, damit sie auf der Arbeit ihre Aufgaben mit Verantwortung und Einbeziehung der gesamten Arbeitsgruppe erf\u00fcllen.<\/p>\n<p>Unsere Angestellten sind sich dar\u00fcber bewusst, dass ihre Arbeit Teil eines gro\u00dfen Ganzen ist und sie effizient sein sollten, damit auch der Rest des Prozesses effizient ablaufen kann.<\/p>\n<p><strong>Die Fortbildung ist ein weiterer Wert, der in unserer Belegschaft heraussticht<\/strong>. Die Entwicklung des technischen Fortschritts, den wir in diesem Sektor erleben sowie die Wichtigkeit um die Sicherheitsprotokolle, sind zwei Faktoren die uns Tag f\u00fcr Tag besch\u00e4ftigen und eine st\u00e4ndige Reflexion der Spezialisten erfordert.[\/vc_column_text][\/vc_column][vc_column width=&#8220;1\/2&#8243;]\n<div id=\"interactive-banner-1-wrap-7736\" class=\"ult-banner-block ult-adjust-bottom-margin ult-bb-none  banner-style01 \"   style=\"\">\n\t<img decoding=\"async\" src=\"https:\/\/acfija.com\/wp-content\/uploads\/acfi-profesionales.jpg\" alt=\"null\">\n\t<h3  data-ultimate-target='#interactive-banner-1-wrap-7736 .bb-top-title '  data-responsive-json-new='{\"font-size\":\"\",\"line-height\":\"\"}'  class=\"title-center bb-top-title ult-responsive\" style=\"font-weight:normal;background:#463031;color:#ffffff;\">Fachwissen \u2013 Ein Team von qualifizierten Spezialisten zu ihren Diensten<\/h3>\n\t<div class=\"mask opaque-background\" style=\"background:rgba(70,48,49,0.4);\">\n\t\t<div  data-ultimate-target='#interactive-banner-1-wrap-7736 .bb-description'  data-responsive-json-new='{\"font-size\":\"\",\"line-height\":\"\"}'  class=\"bb-description ult-responsive\" style=\"font-weight:normal;color:#ffffff;\"><\/div>\n\t<\/div>\n<\/div>[\/vc_column][\/vc_row][vc_row][vc_column][vc_separator color=&#8220;orange&#8220; style=&#8220;dotted&#8220; border_width=&#8220;2&#8243;][\/vc_column][\/vc_row][vc_row type=&#8220;vc_default&#8220; equal_height=&#8220;yes&#8220; bg_type=&#8220;image&#8220; parallax_style=&#8220;vcpb-default&#8220; css=&#8220;.vc_custom_1492775071165{margin-top: 40px !important;margin-bottom: 40px !important;}&#8220;][vc_column width=&#8220;1\/2&#8243;]\n<div id=\"interactive-banner-1-wrap-5558\" class=\"ult-banner-block ult-adjust-bottom-margin ult-bb-none  banner-style01 \"   style=\"\">\n\t<img decoding=\"async\" src=\"https:\/\/acfija.com\/wp-content\/uploads\/acfi-soldadura.jpg\" alt=\"null\">\n\t<h3  data-ultimate-target='#interactive-banner-1-wrap-5558 .bb-top-title '  data-responsive-json-new='{\"font-size\":\"\",\"line-height\":\"\"}'  class=\"title-center bb-top-title ult-responsive\" style=\"font-weight:normal;background:#463031;color:#ffffff;\">Beteiligung \u2013 Exzellenz in jedem Projekt<\/h3>\n\t<div class=\"mask opaque-background\" style=\"background:rgba(70,48,49,0.4);\">\n\t\t<div  data-ultimate-target='#interactive-banner-1-wrap-5558 .bb-description'  data-responsive-json-new='{\"font-size\":\"\",\"line-height\":\"\"}'  class=\"bb-description ult-responsive\" style=\"font-weight:normal;color:#ffffff;\"><\/div>\n\t<\/div>\n<\/div>[\/vc_column][vc_column width=&#8220;1\/2&#8243;][vc_column_text]Seit dem Beginn 1996 gilt unsere Marke <strong>ACFI<\/strong> als ein Synonym f\u00fcr Produkt und Servicequalit\u00e4t. Dies wurde nur aufgrund der genauen Analyse jedes Projekts sowie der starken Kundenorientierung erm\u00f6glicht und verhalf zu einem exzellenten Ergebnis.<\/p>\n<p>Wir sind ein Familienunternehmen, das flexibel, schnell und direkt agiert und immer mit dem Kunden zusammenarbeitet.<\/p>\n<p><strong>Wir sind mit der Norm DIN EN ISO 9001 zertifiziert, das ein qualitativ hochwertiges Verwaltungssystem garantiert<\/strong>.<\/p>\n<p>Dank dieser Entwicklung gelten wir <strong>als ein f\u00fchrendes Unternehmen im Sektor der Schwei\u00dfarbeiten mittels studwelding und der Herstellung jeglicher Art von Bolzen und Verankerungen f\u00fcr feuerfeste Verkleidung<\/strong>.[\/vc_column_text][\/vc_column][\/vc_row][vc_row][vc_column][vc_separator color=&#8220;orange&#8220; style=&#8220;dotted&#8220; border_width=&#8220;2&#8243;][\/vc_column][\/vc_row][vc_row type=&#8220;vc_default&#8220; equal_height=&#8220;yes&#8220; bg_type=&#8220;image&#8220; parallax_style=&#8220;vcpb-default&#8220; css=&#8220;.vc_custom_1492775071165{margin-top: 40px !important;margin-bottom: 40px !important;}&#8220;][vc_column width=&#8220;1\/2&#8243;][vc_column_text]Durch die Einf\u00fchrung dieser Schwei\u00dfmethoden gilt <strong>ACFI Accesorios de Fijaci\u00f3n<\/strong> als Flaggschiff in Spanien. Die ersten zu sein, die diese Technologie anbieten hat uns gro\u00dfes Ansehen eingebracht &#8211; das sich von Projekt zu Projekt vergr\u00f6\u00dfert \u2013 und unsere Sichtweise im Unternehmen bestimmt.<\/p>\n<p><strong>F\u00fcr uns ist die Investition in Innovation fundamental um Technologien und hochmoderne Bauverfahren inkorporieren zu k\u00f6nnen<\/strong>. Dies erm\u00f6glicht es uns moderne L\u00f6sungsans\u00e4tze angesichts immer neueren Herausforderungen anzubieten.<\/p>\n<p>Die Baubranche befindet sich in permanenter Entwicklung und die Techniken wechseln st\u00e4ndig. Deshalb ist es unerl\u00e4sslich, dass wir als Unternehmen uns ebenfalls entwickeln und uns mit den neuesten technologischen Fortschritten identifizieren und diese inkorporieren.<\/p>\n<p>Die M\u00f6glichkeit mit internationalen Partnern in ganz Europa zu arbeiten erm\u00f6glicht es uns, einer der ersten zu sein, der es mit diesen Ver\u00e4nderungen aufnimmt und von dieser Erfahrung zehren kann.[\/vc_column_text][\/vc_column][vc_column width=&#8220;1\/2&#8243;]\n<div id=\"interactive-banner-1-wrap-1662\" class=\"ult-banner-block ult-adjust-bottom-margin ult-bb-none  banner-style01 \"   style=\"\">\n\t<img decoding=\"async\" src=\"https:\/\/acfija.com\/wp-content\/uploads\/acfi-acero.jpg\" alt=\"null\">\n\t<h3  data-ultimate-target='#interactive-banner-1-wrap-1662 .bb-top-title '  data-responsive-json-new='{\"font-size\":\"\",\"line-height\":\"\"}'  class=\"title-center bb-top-title ult-responsive\" style=\"font-weight:normal;background:#463031;color:#ffffff;\">Erfahrung \u2013 Flaggschiff Unternehmen im Bereich des Lichtbogenschwei\u00dfverfahrens<\/h3>\n\t<div class=\"mask opaque-background\" style=\"background:rgba(70,48,49,0.4);\">\n\t\t<div  data-ultimate-target='#interactive-banner-1-wrap-1662 .bb-description'  data-responsive-json-new='{\"font-size\":\"\",\"line-height\":\"\"}'  class=\"bb-description ult-responsive\" style=\"font-weight:normal;color:#ffffff;\"><\/div>\n\t<\/div>\n<\/div>[\/vc_column][\/vc_row][vc_row][vc_column][vc_separator color=&#8220;orange&#8220; style=&#8220;dotted&#8220; border_width=&#8220;2&#8243;][\/vc_column][\/vc_row][vc_row type=&#8220;vc_default&#8220; equal_height=&#8220;yes&#8220; bg_type=&#8220;image&#8220; parallax_style=&#8220;vcpb-default&#8220; css=&#8220;.vc_custom_1492775071165{margin-top: 40px !important;margin-bottom: 40px !important;}&#8220;][vc_column width=&#8220;1\/2&#8243;]\n<div id=\"interactive-banner-1-wrap-9251\" class=\"ult-banner-block ult-adjust-bottom-margin ult-bb-none  banner-style01 \"   style=\"\">\n\t<img decoding=\"async\" src=\"https:\/\/acfija.com\/wp-content\/uploads\/acfi-experiencia.jpg\" alt=\"null\">\n\t<h3  data-ultimate-target='#interactive-banner-1-wrap-9251 .bb-top-title '  data-responsive-json-new='{\"font-size\":\"\",\"line-height\":\"\"}'  class=\"title-center bb-top-title ult-responsive\" style=\"font-weight:normal;background:#463031;color:#ffffff;\">F\u00e4higkeit \u2013 Ihr Partner bei Projekten mit ernsten Herausforderungen<\/h3>\n\t<div class=\"mask opaque-background\" style=\"background:rgba(70,48,49,0.4);\">\n\t\t<div  data-ultimate-target='#interactive-banner-1-wrap-9251 .bb-description'  data-responsive-json-new='{\"font-size\":\"\",\"line-height\":\"\"}'  class=\"bb-description ult-responsive\" style=\"font-weight:normal;color:#ffffff;\"><\/div>\n\t<\/div>\n<\/div>[\/vc_column][vc_column width=&#8220;1\/2&#8243;][vc_column_text]Der Werdegang von <strong>zwei Arbeitsdekaden hat uns dazu gef\u00fchrt ein humanes und technisch versiertes Tam zu schaffen<\/strong>, weshalb es uns m\u00f6glich ist sowohl verschiedene Projekte gleichzeitig auszuf\u00fchren als auch Projekte mit ernsten Herausforderungen zu meistern.<\/p>\n<p>Unsere Erfahrung erm\u00f6glicht es uns Variablen, die Einfluss auf die L\u00f6sung eines Projekts \u00fcben k\u00f6nnen vorauszusehen und zu erkennen.<\/p>\n<p>Unser breiter Katalog von Ankern und Verankerungssystemen erm\u00f6glicht es uns stets die beste L\u00f6sung f\u00fcr ihre Bed\u00fcrfnisse zu finden.<\/p>\n<p>Die Bauunternehmer vertrauen bei komplexen Projekten auf <strong>ACFI<\/strong> aufgrund der Qualit\u00e4tssicherheit, die sich in der angepassten Lieferfrist, in angemessenen Kostenvoranschl\u00e4gen und in der F\u00e4higkeit, immer eine L\u00f6sung f\u00fcr jegliche Bed\u00fcrfnisse zu finden, widerspiegelt.[\/vc_column_text][\/vc_column][\/vc_row][vc_row][vc_column][vc_separator color=&#8220;orange&#8220; style=&#8220;dotted&#8220; border_width=&#8220;2&#8243;][\/vc_column][\/vc_row][vc_row type=&#8220;vc_default&#8220; equal_height=&#8220;yes&#8220; bg_type=&#8220;image&#8220; parallax_style=&#8220;vcpb-default&#8220; css=&#8220;.vc_custom_1492775071165{margin-top: 40px !important;margin-bottom: 40px !important;}&#8220;][vc_column width=&#8220;1\/2&#8243;][vc_column_text]Unser Unternehmen verf\u00fcgt \u00fcber Infrastruktur um internationale Projekte an jedem Ort der Welt angehen zu k\u00f6nnen. Unternehmen in ganz Europa, S\u00fcdamerika und Asien k\u00f6nnen dies best\u00e4tigen.[\/vc_column_text][vc_column_text el_class=&#8220;destacadonoticias&#8220;]Aktuell stellen wir Befestigungszubeh\u00f6r f\u00fcr Unternehmen weltweit zur Verf\u00fcgung und f\u00fchren in ganz Europa Schwei\u00dfarbeiten mit gro\u00dfer Flexibilit\u00e4t und Effizienz aus.[\/vc_column_text][\/vc_column][vc_column width=&#8220;1\/2&#8243;]\n<div id=\"interactive-banner-1-wrap-8946\" class=\"ult-banner-block ult-adjust-bottom-margin ult-bb-none  banner-style01 \"   style=\"\">\n\t<img decoding=\"async\" src=\"https:\/\/acfija.com\/wp-content\/uploads\/acfi-internacional.jpg\" alt=\"null\">\n\t<h3  data-ultimate-target='#interactive-banner-1-wrap-8946 .bb-top-title '  data-responsive-json-new='{\"font-size\":\"\",\"line-height\":\"\"}'  class=\"title-center bb-top-title ult-responsive\" style=\"font-weight:normal;background:#463031;color:#ffffff;\">Verf\u00fcgbarkeit \u2013 Unternehmen mit internationaler Ausrichtung<\/h3>\n\t<div class=\"mask opaque-background\" style=\"background:rgba(70,48,49,0.4);\">\n\t\t<div  data-ultimate-target='#interactive-banner-1-wrap-8946 .bb-description'  data-responsive-json-new='{\"font-size\":\"\",\"line-height\":\"\"}'  class=\"bb-description ult-responsive\" style=\"font-weight:normal;color:#ffffff;\"><\/div>\n\t<\/div>\n<\/div>[\/vc_column][\/vc_row][vc_row][vc_column][vc_separator color=&#8220;orange&#8220; style=&#8220;dotted&#8220; border_width=&#8220;2&#8243;][\/vc_column][\/vc_row][vc_row type=&#8220;vc_default&#8220; equal_height=&#8220;yes&#8220; bg_type=&#8220;image&#8220; parallax_style=&#8220;vcpb-default&#8220; css=&#8220;.vc_custom_1492775071165{margin-top: 40px !important;margin-bottom: 40px !important;}&#8220;][vc_column width=&#8220;1\/2&#8243;]\n<div id=\"interactive-banner-1-wrap-1337\" class=\"ult-banner-block ult-adjust-bottom-margin ult-bb-none  banner-style01 \"   style=\"\">\n\t<img decoding=\"async\" src=\"https:\/\/acfija.com\/wp-content\/uploads\/acfi-medio-ambiente.jpg\" alt=\"null\">\n\t<h3  data-ultimate-target='#interactive-banner-1-wrap-1337 .bb-top-title '  data-responsive-json-new='{\"font-size\":\"\",\"line-height\":\"\"}'  class=\"title-center bb-top-title ult-responsive\" style=\"font-weight:normal;background:#463031;color:#ffffff;\">Verantwortung \u2013 Wir reduzieren die Auswirkungen um die Umwelt zu sch\u00fctzen<\/h3>\n\t<div class=\"mask opaque-background\" style=\"background:rgba(70,48,49,0.4);\">\n\t\t<div  data-ultimate-target='#interactive-banner-1-wrap-1337 .bb-description'  data-responsive-json-new='{\"font-size\":\"\",\"line-height\":\"\"}'  class=\"bb-description ult-responsive\" style=\"font-weight:normal;color:#ffffff;\"><\/div>\n\t<\/div>\n<\/div>[\/vc_column][vc_column width=&#8220;1\/2&#8243;][vc_column_text]<strong>ACFI Accesorios de Fijaci\u00f3n<\/strong> ber\u00fccksichtigt die Auswirkungen, die unsere Aktivit\u00e4ten auf lokale Gemeinden, Umwelt und Gesellschaft im Allgemeinen generieren. Deshalb fokussieren wir uns bei jedem Projekt darauf, den Modus zu optimieren und die Bauverfahren, die wir durchf\u00fchren zu rationalisieren.<\/p>\n<p>Unser Ziel ist <strong>es die sozialen Kosten und den \u00f6kologischen Fu\u00dfabdruck<\/strong> unserer Arbeit zu verringern und wir sind uns dar\u00fcber bewusst, dass in der Bauindustrie noch gro\u00dfe Fortschritte geleistet werden k\u00f6nnen.<\/p>\n<p>In jedem Projekt ist eine Studie dar\u00fcber mitinbegriffen, wie der geringste Einfluss au\u00dferhalb der Baustelle erreicht werden kann. In diese, Bereich ist unsere f\u00fcr Abf\u00e4lle verantwortliche Verwaltung zust\u00e4ndig und besetzt einen wichtigen Teil unserer Arbeit.<\/p>\n<p>Das Recycling des Fahrzeugbestands und die richtige Instandhaltung der Werkzeuge, damit diese in perfekten Konditionen vorliegen, sind ebenfalls kleine aber effiziente M\u00f6glichkeiten um eine Ressourcenverschwendung zu verhindern.[\/vc_column_text][\/vc_column][\/vc_row][vc_row type=&#8220;vc_default&#8220; css=&#8220;.vc_custom_1492775640252{padding-bottom: 70px !important;}&#8220;][vc_column][vc_column_text el_class=&#8220;bannerdestacado&#8220;]Als Ergebnis unseres Engagements mit der Umweltverwaltung und der sozialen Verantwortung erzielten wir die wichtigsten europ\u00e4ischen Zertifikate im Bausektor.[\/vc_column_text][\/vc_column][\/vc_row]<\/p>\n","protected":false},"excerpt":{"rendered":"<p>[vc_row type=&#8220;vc_default&#8220; css=&#8220;.vc_custom_1492770493199{margin-top: 70px !important;}&#8220;][vc_column][vc_column_text el_class=&#8220;banneracfi&#8220;] Anker, Bolzen und Verankerungssysteme F\u00fcr ihre Sicherheit und ihr Vertrauen, erlangte ACFI die wichtigsten europ\u00e4ischen Qualit\u00e4tszertifikate Herunterladen [\/vc_column_text][\/vc_column][\/vc_row][vc_row type=&#8220;vc_default&#8220; full_width=&#8220;stretch_row&#8220; bg_type=&#8220;bg_color&#8220; css=&#8220;.vc_custom_1492771035233{margin-top: 30px !important;margin-bottom: 0px !important;padding-top: 20px !important;padding-bottom: 20px !important;}&#8220; bg_color_value=&#8220;#f18e00&#8243;][vc_column][vc_column_text]ACFI ist ihr Partner bei der Herstellung von feuerfester Auskleidung. Wir sind ein Unternehmen, das sich einem globalen Service&hellip;<\/p>\n","protected":false},"author":1,"featured_media":0,"parent":0,"menu_order":0,"comment_status":"closed","ping_status":"closed","template":"","meta":[],"class_list":["post-1528","page","type-page","status-publish","hentry","description-off"],"yoast_head":"<!-- This site is optimized with the Yoast SEO plugin v27.3 - https:\/\/yoast.com\/product\/yoast-seo-wordpress\/ -->\n<title>Schwei\u00dfen von Bolzen f\u00fcr W\u00e4rmekraftwerke<\/title>\n<meta name=\"description\" content=\"Hersteller- und Vertriebsunternehmen von Befestigungssystemen (Bolzen und Verankerungen) f\u00fcr die Fertigung feuerfester Auskleidungen.\" \/>\n<meta name=\"robots\" content=\"index, follow, max-snippet:-1, max-image-preview:large, max-video-preview:-1\" \/>\n<link rel=\"canonical\" href=\"https:\/\/acfija.com\/de\/acfi\/\" \/>\n<meta property=\"og:locale\" content=\"de_DE\" \/>\n<meta property=\"og:type\" content=\"article\" \/>\n<meta property=\"og:title\" content=\"Schwei\u00dfen von Bolzen f\u00fcr W\u00e4rmekraftwerke\" \/>\n<meta property=\"og:description\" content=\"Hersteller- und Vertriebsunternehmen von Befestigungssystemen (Bolzen und Verankerungen) f\u00fcr die Fertigung feuerfester Auskleidungen.\" \/>\n<meta property=\"og:url\" content=\"https:\/\/acfija.com\/de\/acfi\/\" \/>\n<meta property=\"og:site_name\" content=\"ACFIJA\" \/>\n<meta property=\"article:modified_time\" content=\"2026-01-19T14:12:44+00:00\" \/>\n<meta name=\"twitter:card\" content=\"summary_large_image\" \/>\n<meta name=\"twitter:label1\" content=\"Gesch\u00e4tzte Lesezeit\" \/>\n\t<meta name=\"twitter:data1\" content=\"4\u00a0Minuten\" \/>\n<script type=\"application\/ld+json\" class=\"yoast-schema-graph\">{\"@context\":\"https:\\\/\\\/schema.org\",\"@graph\":[{\"@type\":\"WebPage\",\"@id\":\"https:\\\/\\\/acfija.com\\\/de\\\/acfi\\\/\",\"url\":\"https:\\\/\\\/acfija.com\\\/de\\\/acfi\\\/\",\"name\":\"Schwei\u00dfen von Bolzen f\u00fcr W\u00e4rmekraftwerke\",\"isPartOf\":{\"@id\":\"https:\\\/\\\/acfija.com\\\/#website\"},\"datePublished\":\"2023-02-24T12:28:57+00:00\",\"dateModified\":\"2026-01-19T14:12:44+00:00\",\"description\":\"Hersteller- und Vertriebsunternehmen von Befestigungssystemen (Bolzen und Verankerungen) f\u00fcr die Fertigung feuerfester Auskleidungen.\",\"breadcrumb\":{\"@id\":\"https:\\\/\\\/acfija.com\\\/de\\\/acfi\\\/#breadcrumb\"},\"inLanguage\":\"de\",\"potentialAction\":[{\"@type\":\"ReadAction\",\"target\":[\"https:\\\/\\\/acfija.com\\\/de\\\/acfi\\\/\"]}]},{\"@type\":\"BreadcrumbList\",\"@id\":\"https:\\\/\\\/acfija.com\\\/de\\\/acfi\\\/#breadcrumb\",\"itemListElement\":[{\"@type\":\"ListItem\",\"position\":1,\"name\":\"Portada\",\"item\":\"https:\\\/\\\/acfija.com\\\/de\\\/\"},{\"@type\":\"ListItem\",\"position\":2,\"name\":\"Acfi\"}]},{\"@type\":\"WebSite\",\"@id\":\"https:\\\/\\\/acfija.com\\\/#website\",\"url\":\"https:\\\/\\\/acfija.com\\\/\",\"name\":\"ACFIJA\",\"description\":\"Accesorios de fijaci\u00f3n\",\"potentialAction\":[{\"@type\":\"SearchAction\",\"target\":{\"@type\":\"EntryPoint\",\"urlTemplate\":\"https:\\\/\\\/acfija.com\\\/?s={search_term_string}\"},\"query-input\":{\"@type\":\"PropertyValueSpecification\",\"valueRequired\":true,\"valueName\":\"search_term_string\"}}],\"inLanguage\":\"de\"}]}<\/script>\n<!-- \/ Yoast SEO plugin. -->","yoast_head_json":{"title":"Schwei\u00dfen von Bolzen f\u00fcr W\u00e4rmekraftwerke","description":"Hersteller- und Vertriebsunternehmen von Befestigungssystemen (Bolzen und Verankerungen) f\u00fcr die Fertigung feuerfester Auskleidungen.","robots":{"index":"index","follow":"follow","max-snippet":"max-snippet:-1","max-image-preview":"max-image-preview:large","max-video-preview":"max-video-preview:-1"},"canonical":"https:\/\/acfija.com\/de\/acfi\/","og_locale":"de_DE","og_type":"article","og_title":"Schwei\u00dfen von Bolzen f\u00fcr W\u00e4rmekraftwerke","og_description":"Hersteller- und Vertriebsunternehmen von Befestigungssystemen (Bolzen und Verankerungen) f\u00fcr die Fertigung feuerfester Auskleidungen.","og_url":"https:\/\/acfija.com\/de\/acfi\/","og_site_name":"ACFIJA","article_modified_time":"2026-01-19T14:12:44+00:00","twitter_card":"summary_large_image","twitter_misc":{"Gesch\u00e4tzte Lesezeit":"4\u00a0Minuten"},"schema":{"@context":"https:\/\/schema.org","@graph":[{"@type":"WebPage","@id":"https:\/\/acfija.com\/de\/acfi\/","url":"https:\/\/acfija.com\/de\/acfi\/","name":"Schwei\u00dfen von Bolzen f\u00fcr W\u00e4rmekraftwerke","isPartOf":{"@id":"https:\/\/acfija.com\/#website"},"datePublished":"2023-02-24T12:28:57+00:00","dateModified":"2026-01-19T14:12:44+00:00","description":"Hersteller- und Vertriebsunternehmen von Befestigungssystemen (Bolzen und Verankerungen) f\u00fcr die Fertigung feuerfester Auskleidungen.","breadcrumb":{"@id":"https:\/\/acfija.com\/de\/acfi\/#breadcrumb"},"inLanguage":"de","potentialAction":[{"@type":"ReadAction","target":["https:\/\/acfija.com\/de\/acfi\/"]}]},{"@type":"BreadcrumbList","@id":"https:\/\/acfija.com\/de\/acfi\/#breadcrumb","itemListElement":[{"@type":"ListItem","position":1,"name":"Portada","item":"https:\/\/acfija.com\/de\/"},{"@type":"ListItem","position":2,"name":"Acfi"}]},{"@type":"WebSite","@id":"https:\/\/acfija.com\/#website","url":"https:\/\/acfija.com\/","name":"ACFIJA","description":"Accesorios de fijaci\u00f3n","potentialAction":[{"@type":"SearchAction","target":{"@type":"EntryPoint","urlTemplate":"https:\/\/acfija.com\/?s={search_term_string}"},"query-input":{"@type":"PropertyValueSpecification","valueRequired":true,"valueName":"search_term_string"}}],"inLanguage":"de"}]}},"_links":{"self":[{"href":"https:\/\/acfija.com\/de\/wp-json\/wp\/v2\/pages\/1528","targetHints":{"allow":["GET"]}}],"collection":[{"href":"https:\/\/acfija.com\/de\/wp-json\/wp\/v2\/pages"}],"about":[{"href":"https:\/\/acfija.com\/de\/wp-json\/wp\/v2\/types\/page"}],"author":[{"embeddable":true,"href":"https:\/\/acfija.com\/de\/wp-json\/wp\/v2\/users\/1"}],"replies":[{"embeddable":true,"href":"https:\/\/acfija.com\/de\/wp-json\/wp\/v2\/comments?post=1528"}],"version-history":[{"count":4,"href":"https:\/\/acfija.com\/de\/wp-json\/wp\/v2\/pages\/1528\/revisions"}],"predecessor-version":[{"id":8223,"href":"https:\/\/acfija.com\/de\/wp-json\/wp\/v2\/pages\/1528\/revisions\/8223"}],"wp:attachment":[{"href":"https:\/\/acfija.com\/de\/wp-json\/wp\/v2\/media?parent=1528"}],"curies":[{"name":"wp","href":"https:\/\/api.w.org\/{rel}","templated":true}]}}