{"id":2324,"date":"2021-05-03T17:30:49","date_gmt":"2021-05-03T15:30:49","guid":{"rendered":"http:\/\/acfija.com\/?page_id=2324"},"modified":"2021-05-03T17:30:49","modified_gmt":"2021-05-03T15:30:49","slug":"leichter-kesselbau","status":"publish","type":"page","link":"https:\/\/acfija.com\/de\/leichter-kesselbau\/","title":{"rendered":"Leichter Kesselbau"},"content":{"rendered":"<p>[vc_row margin_top=&#8220;30px&#8220; margin_bottom=&#8220;30px&#8220;][vc_column width=&#8220;1\/6&#8243;][\/vc_column][vc_column width=&#8220;2\/3&#8243;][vc_column_text el_class=&#8220;tituloportada&#8220;]<\/p>\n<h2 style=\"text-align: center;\">Herstellung von Formen f\u00fcr feuerfeste Auskleidungen<\/h2>\n<p>[\/vc_column_text][\/vc_column][vc_column width=&#8220;1\/6&#8243;][\/vc_column][\/vc_row][vc_row][vc_column width=&#8220;1\/3&#8243;][vc_column_text el_class=&#8220;justificado&#8220;]<strong>ACFI<\/strong> bietet jegliche Art von Dienstleistung im Bereich des leichten Kesselbaus, insbesondere die Herstellung von ma\u00dfgefertigten Formen f\u00fcr feuerfeste Auskleidungen. Wir verf\u00fcgen \u00fcber unsere eigene hausinterne Engineering-Abteilung, und auch \u00fcber die erforderlichen Produktionsmittel, um Ihr Projekt nach Ma\u00df, auszuf\u00fchren.<\/p>\n<h5>Produkte:<\/h5>\n<p>[\/vc_column_text]<div class=\"uavc-list-icon uavc-list-icon-wrapper ult-adjust-bottom-margin   \"><ul class=\"uavc-list\"><li><div class=\"uavc-list-content\" id=\"list-icon-wrap-4623\">\n<div class=\"uavc-list-icon  \" data-animation=\"\" data-animation-delay=\"03\" style=\"margin-right:10px;\"><div class=\"ult-just-icon-wrapper  \"><div class=\"align-icon\" style=\"text-align:center;\">\n<div class=\"aio-icon none \"  style=\"color:#463031;font-size:16px;display:inline-block;\">\n\t<i class=\"Defaults-stop\"><\/i>\n<\/div><\/div><\/div>\n<\/div><span  data-ultimate-target='#list-icon-wrap-4623 .uavc-list-desc'  data-responsive-json-new='{\"font-size\":\"desktop:14px;\",\"line-height\":\"desktop:26px;\"}'  class=\"uavc-list-desc ult-responsive\" style=\"\">Leichter und mittelschwerer Kesselbau aus rostfreiem Stahl und Kohlenstoffstahl.<\/span><\/div><\/li><li><div class=\"uavc-list-content\" id=\"list-icon-wrap-3073\">\n<div class=\"uavc-list-icon  \" data-animation=\"\" data-animation-delay=\"03\" style=\"margin-right:10px;\"><div class=\"ult-just-icon-wrapper  \"><div class=\"align-icon\" style=\"text-align:center;\">\n<div class=\"aio-icon none \"  style=\"color:#463031;font-size:16px;display:inline-block;\">\n\t<i class=\"Defaults-stop\"><\/i>\n<\/div><\/div><\/div>\n<\/div><span  data-ultimate-target='#list-icon-wrap-3073 .uavc-list-desc'  data-responsive-json-new='{\"font-size\":\"desktop:14px;\",\"line-height\":\"desktop:26px;\"}'  class=\"uavc-list-desc ult-responsive\" style=\"\">Bau von abnehmbaren Metallformen f\u00fcr feuerfeste Auskleidungen.<\/span><\/div><\/li><li><div class=\"uavc-list-content\" id=\"list-icon-wrap-5391\">\n<div class=\"uavc-list-icon  \" data-animation=\"\" data-animation-delay=\"03\" style=\"margin-right:10px;\"><div class=\"ult-just-icon-wrapper  \"><div class=\"align-icon\" style=\"text-align:center;\">\n<div class=\"aio-icon none \"  style=\"color:#463031;font-size:16px;display:inline-block;\">\n\t<i class=\"Defaults-stop\"><\/i>\n<\/div><\/div><\/div>\n<\/div><span  data-ultimate-target='#list-icon-wrap-5391 .uavc-list-desc'  data-responsive-json-new='{\"font-size\":\"desktop:14px;\",\"line-height\":\"desktop:26px;\"}'  class=\"uavc-list-desc ult-responsive\" style=\"\">Ausfahrbare Spie\u00dfe.<\/span><\/div><\/li><li><div class=\"uavc-list-content\" id=\"list-icon-wrap-1384\">\n<div class=\"uavc-list-icon  \" data-animation=\"\" data-animation-delay=\"03\" style=\"margin-right:10px;\"><div class=\"ult-just-icon-wrapper  \"><div class=\"align-icon\" style=\"text-align:center;\">\n<div class=\"aio-icon none \"  style=\"color:#463031;font-size:16px;display:inline-block;\">\n\t<i class=\"Defaults-stop\"><\/i>\n<\/div><\/div><\/div>\n<\/div><span  data-ultimate-target='#list-icon-wrap-1384 .uavc-list-desc'  data-responsive-json-new='{\"font-size\":\"desktop:14px;\",\"line-height\":\"desktop:26px;\"}'  class=\"uavc-list-desc ult-responsive\" style=\"\">Metallfliesen.<\/span><\/div><\/li><\/ul><\/div>[\/vc_column][vc_column width=&#8220;2\/3&#8243;]<div id=\"ult-carousel-144161625269e16c262e986\" class=\"ult-carousel-wrapper   ult_horizontal\" data-gutter=\"15\" data-rtl=\"false\" ><div class=\"ult-carousel-148623471669e16c262e883 \" >[vc_single_image image=&#8220;2377&#8243; img_size=&#8220;full&#8220; alignment=&#8220;center&#8220;][vc_single_image image=&#8220;2373&#8243; img_size=&#8220;full&#8220; alignment=&#8220;center&#8220;][vc_single_image image=&#8220;2337&#8243; img_size=&#8220;full&#8220; alignment=&#8220;center&#8220;][vc_single_image image=&#8220;2365&#8243; img_size=&#8220;full&#8220; alignment=&#8220;center&#8220;][vc_single_image image=&#8220;2381&#8243; img_size=&#8220;full&#8220; alignment=&#8220;center&#8220;][vc_single_image image=&#8220;2353&#8243; img_size=&#8220;full&#8220; alignment=&#8220;center&#8220;][vc_single_image image=&#8220;2361&#8243; img_size=&#8220;full&#8220; alignment=&#8220;center&#8220;][vc_single_image image=&#8220;2349&#8243; img_size=&#8220;full&#8220; alignment=&#8220;center&#8220;][vc_single_image image=&#8220;2341&#8243; img_size=&#8220;full&#8220; alignment=&#8220;center&#8220;][vc_single_image image=&#8220;2333&#8243; img_size=&#8220;full&#8220; alignment=&#8220;center&#8220;][vc_single_image image=&#8220;2369&#8243; img_size=&#8220;full&#8220; alignment=&#8220;center&#8220;][vc_single_image image=&#8220;2357&#8243; img_size=&#8220;full&#8220; alignment=&#8220;center&#8220;]<\/div><\/div>\t\t\t<script type=\"text\/javascript\">\n\t\t\t\tjQuery(document).ready(function ($) {\n\t\t\t\t\tif( typeof jQuery('.ult-carousel-148623471669e16c262e883').slick == \"function\"){\n\t\t\t\t\t\t$('.ult-carousel-148623471669e16c262e883').slick({dots: true,autoplay: true,autoplaySpeed: 5000,speed: 300,infinite: true,arrows: true,nextArrow: '<button type=\"button\" role=\"button\" aria-label=\"Next\" style=\"color:#333333; font-size:20px;\" class=\"slick-next default\"><i class=\"ultsl-arrow-right4\"><\/i><\/button>',prevArrow: '<button type=\"button\" role=\"button\" aria-label=\"Previous\" style=\"color:#333333; font-size:20px;\" class=\"slick-prev default\"><i class=\"ultsl-arrow-left4\"><\/i><\/button>',slidesToScroll:1,slidesToShow:1,swipe: true,draggable: true,touchMove: true,pauseOnHover: true,pauseOnFocus: false,responsive: [\n\t\t\t\t\t\t\t{\n\t\t\t\t\t\t\t  breakpoint: 1026,\n\t\t\t\t\t\t\t  settings: {\n\t\t\t\t\t\t\t\tslidesToShow: 1,\n\t\t\t\t\t\t\t\tslidesToScroll: 1,  \n\t\t\t\t\t\t\t  }\n\t\t\t\t\t\t\t},\n\t\t\t\t\t\t\t{\n\t\t\t\t\t\t\t  breakpoint: 1025,\n\t\t\t\t\t\t\t  settings: {\n\t\t\t\t\t\t\t\tslidesToShow: 1,\n\t\t\t\t\t\t\t\tslidesToScroll: 1\n\t\t\t\t\t\t\t  }\n\t\t\t\t\t\t\t},\n\t\t\t\t\t\t\t{\n\t\t\t\t\t\t\t  breakpoint: 760,\n\t\t\t\t\t\t\t  settings: {\n\t\t\t\t\t\t\t\tslidesToShow: 1,\n\t\t\t\t\t\t\t\tslidesToScroll: 1\n\t\t\t\t\t\t\t  }\n\t\t\t\t\t\t\t}\n\t\t\t\t\t\t],pauseOnDotsHover: true,customPaging: function(slider, i) {\n                   return '<i type=\"button\" style= \"color:#333333;\" class=\"ultsl-record\" data-role=\"none\"><\/i>';\n                },});\n\t\t\t\t\t}\n\t\t\t\t});\n\t\t\t<\/script>\n\t\t\t[\/vc_column][\/vc_row]<\/p>\n","protected":false},"excerpt":{"rendered":"<p>[vc_row margin_top=&#8220;30px&#8220; margin_bottom=&#8220;30px&#8220;][vc_column width=&#8220;1\/6&#8243;][\/vc_column][vc_column width=&#8220;2\/3&#8243;][vc_column_text el_class=&#8220;tituloportada&#8220;] Herstellung von Formen f\u00fcr feuerfeste Auskleidungen [\/vc_column_text][\/vc_column][vc_column width=&#8220;1\/6&#8243;][\/vc_column][\/vc_row][vc_row][vc_column width=&#8220;1\/3&#8243;][vc_column_text el_class=&#8220;justificado&#8220;]ACFI bietet jegliche Art von Dienstleistung im Bereich des leichten Kesselbaus, insbesondere die Herstellung von ma\u00dfgefertigten Formen f\u00fcr feuerfeste Auskleidungen. Wir verf\u00fcgen \u00fcber unsere eigene hausinterne Engineering-Abteilung, und auch \u00fcber die erforderlichen Produktionsmittel, um Ihr Projekt nach Ma\u00df, auszuf\u00fchren. Produkte:&hellip;<\/p>\n","protected":false},"author":1,"featured_media":0,"parent":0,"menu_order":0,"comment_status":"closed","ping_status":"closed","template":"","meta":[],"class_list":["post-2324","page","type-page","status-publish","hentry","description-off"],"yoast_head":"<!-- This site is optimized with the Yoast SEO plugin v27.3 - https:\/\/yoast.com\/product\/yoast-seo-wordpress\/ -->\n<title>Leichter Kesselbau. Hersteller von ma\u00dfgefertigten Formen aus feuerfestem Beton.<\/title>\n<meta name=\"description\" content=\"Wir bieten jegliche Art von Dienstleistung im Bereich des leichten Kesselbaus, insbesondere die Herstellung von ma\u00dfgefertigten Formen f\u00fcr feuerfeste Auskleidungen. Eigenes Engineering und Produktion.\" \/>\n<meta name=\"robots\" content=\"index, follow, max-snippet:-1, max-image-preview:large, max-video-preview:-1\" \/>\n<link rel=\"canonical\" href=\"https:\/\/acfija.com\/de\/leichter-kesselbau\/\" \/>\n<meta property=\"og:locale\" content=\"de_DE\" \/>\n<meta property=\"og:type\" content=\"article\" \/>\n<meta property=\"og:title\" content=\"Leichter Kesselbau. Hersteller von ma\u00dfgefertigten Formen aus feuerfestem Beton.\" \/>\n<meta property=\"og:description\" content=\"Wir bieten jegliche Art von Dienstleistung im Bereich des leichten Kesselbaus, insbesondere die Herstellung von ma\u00dfgefertigten Formen f\u00fcr feuerfeste Auskleidungen. Eigenes Engineering und Produktion.\" \/>\n<meta property=\"og:url\" content=\"https:\/\/acfija.com\/de\/leichter-kesselbau\/\" \/>\n<meta property=\"og:site_name\" content=\"ACFIJA\" \/>\n<meta name=\"twitter:card\" content=\"summary_large_image\" \/>\n<meta name=\"twitter:label1\" content=\"Gesch\u00e4tzte Lesezeit\" \/>\n\t<meta name=\"twitter:data1\" content=\"2\u00a0Minuten\" \/>\n<script type=\"application\/ld+json\" class=\"yoast-schema-graph\">{\"@context\":\"https:\\\/\\\/schema.org\",\"@graph\":[{\"@type\":\"WebPage\",\"@id\":\"https:\\\/\\\/acfija.com\\\/de\\\/leichter-kesselbau\\\/\",\"url\":\"https:\\\/\\\/acfija.com\\\/de\\\/leichter-kesselbau\\\/\",\"name\":\"Leichter Kesselbau. Hersteller von ma\u00dfgefertigten Formen aus feuerfestem Beton.\",\"isPartOf\":{\"@id\":\"https:\\\/\\\/acfija.com\\\/#website\"},\"datePublished\":\"2021-05-03T15:30:49+00:00\",\"description\":\"Wir bieten jegliche Art von Dienstleistung im Bereich des leichten Kesselbaus, insbesondere die Herstellung von ma\u00dfgefertigten Formen f\u00fcr feuerfeste Auskleidungen. Eigenes Engineering und Produktion.\",\"breadcrumb\":{\"@id\":\"https:\\\/\\\/acfija.com\\\/de\\\/leichter-kesselbau\\\/#breadcrumb\"},\"inLanguage\":\"de\",\"potentialAction\":[{\"@type\":\"ReadAction\",\"target\":[\"https:\\\/\\\/acfija.com\\\/de\\\/leichter-kesselbau\\\/\"]}]},{\"@type\":\"BreadcrumbList\",\"@id\":\"https:\\\/\\\/acfija.com\\\/de\\\/leichter-kesselbau\\\/#breadcrumb\",\"itemListElement\":[{\"@type\":\"ListItem\",\"position\":1,\"name\":\"Portada\",\"item\":\"https:\\\/\\\/acfija.com\\\/de\\\/\"},{\"@type\":\"ListItem\",\"position\":2,\"name\":\"Leichter Kesselbau\"}]},{\"@type\":\"WebSite\",\"@id\":\"https:\\\/\\\/acfija.com\\\/#website\",\"url\":\"https:\\\/\\\/acfija.com\\\/\",\"name\":\"ACFIJA\",\"description\":\"Accesorios de fijaci\u00f3n\",\"potentialAction\":[{\"@type\":\"SearchAction\",\"target\":{\"@type\":\"EntryPoint\",\"urlTemplate\":\"https:\\\/\\\/acfija.com\\\/?s={search_term_string}\"},\"query-input\":{\"@type\":\"PropertyValueSpecification\",\"valueRequired\":true,\"valueName\":\"search_term_string\"}}],\"inLanguage\":\"de\"}]}<\/script>\n<!-- \/ Yoast SEO plugin. -->","yoast_head_json":{"title":"Leichter Kesselbau. Hersteller von ma\u00dfgefertigten Formen aus feuerfestem Beton.","description":"Wir bieten jegliche Art von Dienstleistung im Bereich des leichten Kesselbaus, insbesondere die Herstellung von ma\u00dfgefertigten Formen f\u00fcr feuerfeste Auskleidungen. Eigenes Engineering und Produktion.","robots":{"index":"index","follow":"follow","max-snippet":"max-snippet:-1","max-image-preview":"max-image-preview:large","max-video-preview":"max-video-preview:-1"},"canonical":"https:\/\/acfija.com\/de\/leichter-kesselbau\/","og_locale":"de_DE","og_type":"article","og_title":"Leichter Kesselbau. Hersteller von ma\u00dfgefertigten Formen aus feuerfestem Beton.","og_description":"Wir bieten jegliche Art von Dienstleistung im Bereich des leichten Kesselbaus, insbesondere die Herstellung von ma\u00dfgefertigten Formen f\u00fcr feuerfeste Auskleidungen. Eigenes Engineering und Produktion.","og_url":"https:\/\/acfija.com\/de\/leichter-kesselbau\/","og_site_name":"ACFIJA","twitter_card":"summary_large_image","twitter_misc":{"Gesch\u00e4tzte Lesezeit":"2\u00a0Minuten"},"schema":{"@context":"https:\/\/schema.org","@graph":[{"@type":"WebPage","@id":"https:\/\/acfija.com\/de\/leichter-kesselbau\/","url":"https:\/\/acfija.com\/de\/leichter-kesselbau\/","name":"Leichter Kesselbau. Hersteller von ma\u00dfgefertigten Formen aus feuerfestem Beton.","isPartOf":{"@id":"https:\/\/acfija.com\/#website"},"datePublished":"2021-05-03T15:30:49+00:00","description":"Wir bieten jegliche Art von Dienstleistung im Bereich des leichten Kesselbaus, insbesondere die Herstellung von ma\u00dfgefertigten Formen f\u00fcr feuerfeste Auskleidungen. Eigenes Engineering und Produktion.","breadcrumb":{"@id":"https:\/\/acfija.com\/de\/leichter-kesselbau\/#breadcrumb"},"inLanguage":"de","potentialAction":[{"@type":"ReadAction","target":["https:\/\/acfija.com\/de\/leichter-kesselbau\/"]}]},{"@type":"BreadcrumbList","@id":"https:\/\/acfija.com\/de\/leichter-kesselbau\/#breadcrumb","itemListElement":[{"@type":"ListItem","position":1,"name":"Portada","item":"https:\/\/acfija.com\/de\/"},{"@type":"ListItem","position":2,"name":"Leichter Kesselbau"}]},{"@type":"WebSite","@id":"https:\/\/acfija.com\/#website","url":"https:\/\/acfija.com\/","name":"ACFIJA","description":"Accesorios de fijaci\u00f3n","potentialAction":[{"@type":"SearchAction","target":{"@type":"EntryPoint","urlTemplate":"https:\/\/acfija.com\/?s={search_term_string}"},"query-input":{"@type":"PropertyValueSpecification","valueRequired":true,"valueName":"search_term_string"}}],"inLanguage":"de"}]}},"_links":{"self":[{"href":"https:\/\/acfija.com\/de\/wp-json\/wp\/v2\/pages\/2324","targetHints":{"allow":["GET"]}}],"collection":[{"href":"https:\/\/acfija.com\/de\/wp-json\/wp\/v2\/pages"}],"about":[{"href":"https:\/\/acfija.com\/de\/wp-json\/wp\/v2\/types\/page"}],"author":[{"embeddable":true,"href":"https:\/\/acfija.com\/de\/wp-json\/wp\/v2\/users\/1"}],"replies":[{"embeddable":true,"href":"https:\/\/acfija.com\/de\/wp-json\/wp\/v2\/comments?post=2324"}],"version-history":[{"count":2,"href":"https:\/\/acfija.com\/de\/wp-json\/wp\/v2\/pages\/2324\/revisions"}],"predecessor-version":[{"id":2440,"href":"https:\/\/acfija.com\/de\/wp-json\/wp\/v2\/pages\/2324\/revisions\/2440"}],"wp:attachment":[{"href":"https:\/\/acfija.com\/de\/wp-json\/wp\/v2\/media?parent=2324"}],"curies":[{"name":"wp","href":"https:\/\/api.w.org\/{rel}","templated":true}]}}