{"id":1174,"date":"2017-04-13T10:49:59","date_gmt":"2017-04-13T08:49:59","guid":{"rendered":"http:\/\/acfija.com\/studs-para-aislamiento\/"},"modified":"2017-08-08T18:01:46","modified_gmt":"2017-08-08T16:01:46","slug":"perni-per-isolamento","status":"publish","type":"page","link":"https:\/\/acfija.com\/it\/perni-per-isolamento\/","title":{"rendered":"Perni isolamento"},"content":{"rendered":"<p>[vc_row type=&#8221;vc_default&#8221; css=&#8221;.vc_custom_1492766825151{margin-top: 70px !important;}&#8221;][vc_column width=&#8221;1\/4&#8243;][\/vc_column][vc_column width=&#8221;1\/2&#8243;][vc_column_text el_class=&#8221;tituloportada&#8221;]<\/p>\n<h2 style=\"text-align: center;\">Produzione di perni di fissaggio per isolamento<\/h2>\n<p>[\/vc_column_text][\/vc_column][vc_column width=&#8221;1\/4&#8243;][\/vc_column][\/vc_row][vc_row type=&#8221;vc_default&#8221;][vc_column width=&#8221;2\/3&#8243;]<div class=\"ult-spacer spacer-69df0f633ad1f\" data-id=\"69df0f633ad1f\" data-height=\"30\" data-height-mobile=\"30\" data-height-tab=\"30\" data-height-tab-portrait=\"\" data-height-mobile-landscape=\"\" style=\"clear:both;display:block;\"><\/div>[vc_column_text]Produciamo qualsiasi tipo di perno di fissaggio per isolamento. Nel nostro catalogo troverete una vasta gamma di modelli standard, ma possiamo realizzare qualunque tipo di perno per isolamento con misure personalizzate, per adattarsi allo spessore della fibra ceramica necessaria.<\/p>\n<p>Le misure standard sono solitamente da 3, 4, 5, 6 e 8 mm, senza limiti di lunghezza e forma.<\/p>\n<p>Nei nostri magazzini disponiamo sempre di materie prime delle qualit\u00e0 pi\u00f9 richieste: 253MA &#8211; 1.4301 &#8211; 1.4845 &#8211; 1.4828 &#8211; 2.4851 &#8211; 1.4742 &#8211; C.S. Perci\u00f2 possiamo fornire perni di fissaggio per isolamento in tempi brevi. [\/vc_column_text][\/vc_column][vc_column width=&#8221;1\/3&#8243;][vc_column_text el_class=&#8221;destacadoproductos&#8221;]I nostri prodotti vengono sempre realizzati con materie prime europee e consegnati muniti di certificato 3.1.[\/vc_column_text][\/vc_column][\/vc_row][vc_row type=&#8221;vc_default&#8221; css=&#8221;.vc_custom_1492596230531{border-top-width: 2px !important;padding-top: 50px !important;border-top-color: #f18e00 !important;border-top-style: dotted !important;}&#8221;][vc_column width=&#8221;1\/4&#8243; el_class=&#8221;caja&#8221;]<div id=\"ultimate-heading-954269df0f633ad93\" class=\"uvc-heading ult-adjust-bottom-margin ultimate-heading-954269df0f633ad93 uvc-550 \" data-hspacer=\"line_only\"  data-halign=\"center\" style=\"text-align:center\"><div class=\"uvc-main-heading ult-responsive\"  data-ultimate-target='.uvc-heading.ultimate-heading-954269df0f633ad93 h3'  data-responsive-json-new='{\"font-size\":\"desktop:22px;\",\"line-height\":\"desktop:32px;\"}' ><h3 style=\"font-weight:normal;\">ISA<\/h3><\/div><div class=\"uvc-heading-spacer line_only\" style=\"topheight:1px;\"><span class=\"uvc-headings-line\" style=\"border-style:dotted;border-bottom-width:1px;border-color:#f18e00;width:autopx;\"><\/span><\/div><\/div><div class=\"ult-spacer spacer-69df0f633ade1\" data-id=\"69df0f633ade1\" data-height=\"20\" data-height-mobile=\"20\" data-height-tab=\"20\" data-height-tab-portrait=\"\" data-height-mobile-landscape=\"\" style=\"clear:both;display:block;\"><\/div>[vc_single_image image=&#8221;522&#8243; img_size=&#8221;full&#8221; alignment=&#8221;center&#8221; css_animation=&#8221;fadeIn&#8221;][\/vc_column][vc_column width=&#8221;1\/4&#8243; el_class=&#8221;caja&#8221;]<div id=\"ultimate-heading-850969df0f633ae29\" class=\"uvc-heading ult-adjust-bottom-margin ultimate-heading-850969df0f633ae29 uvc-5904 \" data-hspacer=\"line_only\"  data-halign=\"center\" style=\"text-align:center\"><div class=\"uvc-main-heading ult-responsive\"  data-ultimate-target='.uvc-heading.ultimate-heading-850969df0f633ae29 h3'  data-responsive-json-new='{\"font-size\":\"desktop:22px;\",\"line-height\":\"desktop:32px;\"}' ><h3 style=\"font-weight:normal;\">ISB<\/h3><\/div><div class=\"uvc-heading-spacer line_only\" style=\"topheight:1px;\"><span class=\"uvc-headings-line\" style=\"border-style:dotted;border-bottom-width:1px;border-color:#f18e00;width:autopx;\"><\/span><\/div><\/div><div class=\"ult-spacer spacer-69df0f633ae64\" data-id=\"69df0f633ae64\" data-height=\"20\" data-height-mobile=\"20\" data-height-tab=\"20\" data-height-tab-portrait=\"\" data-height-mobile-landscape=\"\" style=\"clear:both;display:block;\"><\/div>[vc_single_image image=&#8221;521&#8243; img_size=&#8221;full&#8221; alignment=&#8221;center&#8221; css_animation=&#8221;fadeIn&#8221;][\/vc_column][vc_column width=&#8221;1\/4&#8243; el_class=&#8221;caja&#8221;]<div id=\"ultimate-heading-947669df0f633ae9f\" class=\"uvc-heading ult-adjust-bottom-margin ultimate-heading-947669df0f633ae9f uvc-802 \" data-hspacer=\"line_only\"  data-halign=\"center\" style=\"text-align:center\"><div class=\"uvc-main-heading ult-responsive\"  data-ultimate-target='.uvc-heading.ultimate-heading-947669df0f633ae9f h3'  data-responsive-json-new='{\"font-size\":\"desktop:22px;\",\"line-height\":\"desktop:32px;\"}' ><h3 style=\"font-weight:normal;\">ISH<\/h3><\/div><div class=\"uvc-heading-spacer line_only\" style=\"topheight:1px;\"><span class=\"uvc-headings-line\" style=\"border-style:dotted;border-bottom-width:1px;border-color:#f18e00;width:autopx;\"><\/span><\/div><\/div><div class=\"ult-spacer spacer-69df0f633aed5\" data-id=\"69df0f633aed5\" data-height=\"20\" data-height-mobile=\"20\" data-height-tab=\"20\" data-height-tab-portrait=\"\" data-height-mobile-landscape=\"\" style=\"clear:both;display:block;\"><\/div>[vc_single_image image=&#8221;524&#8243; img_size=&#8221;full&#8221; alignment=&#8221;center&#8221; css_animation=&#8221;fadeIn&#8221;][\/vc_column][vc_column width=&#8221;1\/4&#8243; el_class=&#8221;caja&#8221;]<div id=\"ultimate-heading-35269df0f633af0e\" class=\"uvc-heading ult-adjust-bottom-margin ultimate-heading-35269df0f633af0e uvc-8338 \" data-hspacer=\"line_only\"  data-halign=\"center\" style=\"text-align:center\"><div class=\"uvc-main-heading ult-responsive\"  data-ultimate-target='.uvc-heading.ultimate-heading-35269df0f633af0e h3'  data-responsive-json-new='{\"font-size\":\"desktop:22px;\",\"line-height\":\"desktop:32px;\"}' ><h3 style=\"font-weight:normal;\">VBS<\/h3><\/div><div class=\"uvc-heading-spacer line_only\" style=\"topheight:1px;\"><span class=\"uvc-headings-line\" style=\"border-style:dotted;border-bottom-width:1px;border-color:#f18e00;width:autopx;\"><\/span><\/div><\/div><div class=\"ult-spacer spacer-69df0f633af5c\" data-id=\"69df0f633af5c\" data-height=\"20\" data-height-mobile=\"20\" data-height-tab=\"20\" data-height-tab-portrait=\"\" data-height-mobile-landscape=\"\" style=\"clear:both;display:block;\"><\/div>[vc_single_image image=&#8221;523&#8243; img_size=&#8221;full&#8221; alignment=&#8221;center&#8221; css_animation=&#8221;fadeIn&#8221;][\/vc_column][\/vc_row][vc_row type=&#8221;vc_default&#8221; full_width=&#8221;stretch_row&#8221; content_placement=&#8221;middle&#8221; bg_type=&#8221;bg_color&#8221; css=&#8221;.vc_custom_1492599326227{margin-top: 30px !important;margin-bottom: 0px !important;padding-top: 20px !important;padding-bottom: 20px !important;}&#8221; bg_color_value=&#8221;#f18e00&#8243;][vc_column][vc_column_text]<\/p>\n<h2 style=\"text-align: center;\"><span style=\"color: #ffffff;\">Scarica il catalogo dei perni di fissaggio per isolamento<\/span><\/h2>\n<p>[\/vc_column_text]<div class=\"text-centered\"><a href=\"\/pdf\/studs-aislamiento.pdf\" class=\"btn-shortcode dt-btn-l dt-btn btn-light default-btn-color default-btn-hover-color default-btn-bg-color default-btn-bg-hover-color\" target=\"_blank\" id=\"dt-btn-1\"><i class=\"fa fa-arrow-down\"><\/i><span>Scarica<\/span><\/a><\/div>[\/vc_column][\/vc_row][vc_row type=&#8221;vc_default&#8221; bg_type=&#8221;bg_color&#8221; bg_override=&#8221;full&#8221; bg_color_value=&#8221;#f1eaea&#8221; css=&#8221;.vc_custom_1492530413108{padding-top: 60px !important;padding-bottom: 100px !important;}&#8221;][vc_column][vc_row_inner][vc_column_inner width=&#8221;1\/4&#8243;][\/vc_column_inner][vc_column_inner width=&#8221;1\/2&#8243;][vc_column_text el_class=&#8221;tituloportada&#8221;]<\/p>\n<h3 style=\"text-align: center;\">Hai bisogno di ulteriori informazioni?<\/h3>\n<p>[\/vc_column_text][\/vc_column_inner][vc_column_inner width=&#8221;1\/4&#8243;][\/vc_column_inner][\/vc_row_inner][vc_column_text]Compila i seguenti campi per inviarci la tua richiesta senza alcun impegno:[\/vc_column_text]\n<div class=\"wpcf7 no-js\" id=\"wpcf7-f1156-o1\" lang=\"es-ES\" dir=\"ltr\" data-wpcf7-id=\"1156\">\n<div class=\"screen-reader-response\"><p role=\"status\" aria-live=\"polite\" aria-atomic=\"true\"><\/p> <ul><\/ul><\/div>\n<form action=\"\/it\/wp-json\/wp\/v2\/pages\/1174#wpcf7-f1156-o1\" method=\"post\" class=\"wpcf7-form init\" aria-label=\"Formulario de contacto\" enctype=\"multipart\/form-data\" novalidate=\"novalidate\" data-status=\"init\">\n<fieldset class=\"hidden-fields-container\"><input type=\"hidden\" name=\"_wpcf7\" value=\"1156\" \/><input type=\"hidden\" name=\"_wpcf7_version\" value=\"6.1.5\" \/><input type=\"hidden\" name=\"_wpcf7_locale\" value=\"es_ES\" \/><input type=\"hidden\" name=\"_wpcf7_unit_tag\" value=\"wpcf7-f1156-o1\" \/><input type=\"hidden\" name=\"_wpcf7_container_post\" value=\"0\" \/><input type=\"hidden\" name=\"_wpcf7_posted_data_hash\" value=\"\" \/><input type=\"hidden\" name=\"_wpcf7_recaptcha_response\" value=\"\" \/>\n<\/fieldset>\n<div class=\"vc_col-sm-6 \">\n\t<p><span class=\"wpcf7-form-control-wrap\" data-name=\"nombre\"><input size=\"40\" maxlength=\"400\" class=\"wpcf7-form-control wpcf7-text wpcf7-validates-as-required\" aria-required=\"true\" aria-invalid=\"false\" placeholder=\"Nome\" value=\"\" type=\"text\" name=\"nombre\" \/><\/span><br \/>\n<span class=\"wpcf7-form-control-wrap\" data-name=\"tel\"><input size=\"40\" maxlength=\"400\" class=\"wpcf7-form-control wpcf7-text wpcf7-validates-as-required\" aria-required=\"true\" aria-invalid=\"false\" placeholder=\"Telefono\" value=\"\" type=\"text\" name=\"tel\" \/><\/span><br \/>\n<span class=\"wpcf7-form-control-wrap\" data-name=\"your-email\"><input size=\"40\" maxlength=\"400\" class=\"wpcf7-form-control wpcf7-email wpcf7-validates-as-required wpcf7-text wpcf7-validates-as-email\" aria-required=\"true\" aria-invalid=\"false\" placeholder=\"E-mail\" value=\"\" type=\"email\" name=\"your-email\" \/><\/span><br \/>\n<span class=\"wpcf7-form-control-wrap\" data-name=\"producto\"><input size=\"40\" maxlength=\"400\" class=\"wpcf7-form-control wpcf7-text wpcf7-validates-as-required\" aria-required=\"true\" aria-invalid=\"false\" placeholder=\"Prodotto\" value=\"\" type=\"text\" name=\"producto\" \/><\/span><br \/>\n<span class=\"wpcf7-form-control-wrap\" data-name=\"material\"><input size=\"40\" maxlength=\"400\" class=\"wpcf7-form-control wpcf7-text wpcf7-validates-as-required\" aria-required=\"true\" aria-invalid=\"false\" placeholder=\"Materiale\" value=\"\" type=\"text\" name=\"material\" \/><\/span><br \/>\n<span class=\"wpcf7-form-control-wrap\" data-name=\"cantidad\"><input size=\"40\" maxlength=\"400\" class=\"wpcf7-form-control wpcf7-text wpcf7-validates-as-required\" aria-required=\"true\" aria-invalid=\"false\" placeholder=\"Quantit\u00e0\" value=\"\" type=\"text\" name=\"cantidad\" \/><\/span><br \/>\n<span class=\"wpcf7-form-control-wrap\" data-name=\"archivo\"><input size=\"40\" class=\"wpcf7-form-control wpcf7-file\" accept=\"audio\/*,video\/*,image\/*\" aria-invalid=\"false\" type=\"file\" name=\"archivo\" \/><\/span>\n\t<\/p>\n<\/div>\n<div class=\"vc_col-sm-6 \">\n\t<p><span class=\"wpcf7-form-control-wrap\" data-name=\"mensaje\"><textarea cols=\"40\" rows=\"10\" maxlength=\"2000\" class=\"wpcf7-form-control wpcf7-textarea\" aria-invalid=\"false\" placeholder=\"Messaggio\" name=\"mensaje\"><\/textarea><\/span>\n\t<\/p>\n<\/div>\n<p><span class=\"wpcf7-form-control-wrap\" data-name=\"acceptance-690\"><span class=\"wpcf7-form-control wpcf7-acceptance\"><span class=\"wpcf7-list-item\"><input type=\"checkbox\" name=\"acceptance-690\" value=\"1\" aria-invalid=\"false\" \/><\/span><\/span><\/span> Dichiaro di aver letto e accettato le <a href=\"\/it\/note-legali\/\">note legali<\/a> del sito.<br \/>\n<span class=\"wpcf7-form-control-wrap recaptcha\" data-name=\"recaptcha\"><span data-sitekey=\"6LeaWncrAAAAALBjVqrEsADdBHRKydOy0KTfEChi\" class=\"wpcf7-form-control wpcf7-recaptcha g-recaptcha\"><\/span>\r\n<noscript>\r\n\t<div class=\"grecaptcha-noscript\">\r\n\t\t<iframe loading=\"lazy\" src=\"https:\/\/www.google.com\/recaptcha\/api\/fallback?k=6LeaWncrAAAAALBjVqrEsADdBHRKydOy0KTfEChi\" frameborder=\"0\" scrolling=\"no\" width=\"310\" height=\"430\">\r\n\t\t<\/iframe>\r\n\t\t<textarea name=\"g-recaptcha-response\" rows=\"3\" cols=\"40\" placeholder=\"Aqu\u00ed la respuesta de reCAPTCHA\">\r\n\t\t<\/textarea>\r\n\t<\/div>\r\n<\/noscript>\r\n<\/span><br \/>\n<input class=\"wpcf7-form-control wpcf7-submit has-spinner\" id=\"formulario\" type=\"submit\" value=\"Invia\" \/>\n<\/p><input\n                    class=\"apbct_special_field apbct_email_id__wp_contact_form_7\"\n                    name=\"apbct__email_id__wp_contact_form_7\"\n                    aria-label=\"apbct__label_id__wp_contact_form_7\"\n                    type=\"text\" size=\"30\" maxlength=\"200\" autocomplete=\"off\"\n                    value=\"\"\n                \/><input type='hidden' class='wpcf7-pum' value='{\"closepopup\":false,\"closedelay\":0,\"openpopup\":false,\"openpopup_id\":0}' \/><div class=\"wpcf7-response-output\" aria-hidden=\"true\"><\/div>\n<\/form>\n<\/div>\n[\/vc_column][\/vc_row]<\/p>\n","protected":false},"excerpt":{"rendered":"<p>[vc_row type=&#8221;vc_default&#8221; css=&#8221;.vc_custom_1492766825151{margin-top: 70px !important;}&#8221;][vc_column width=&#8221;1\/4&#8243;][\/vc_column][vc_column width=&#8221;1\/2&#8243;][vc_column_text el_class=&#8221;tituloportada&#8221;] Produzione di perni di fissaggio per isolamento [\/vc_column_text][\/vc_column][vc_column width=&#8221;1\/4&#8243;][\/vc_column][\/vc_row][vc_row type=&#8221;vc_default&#8221;][vc_column width=&#8221;2\/3&#8243;][vc_column_text]Produciamo qualsiasi tipo di perno di fissaggio per isolamento. Nel nostro catalogo troverete una vasta gamma di modelli standard, ma possiamo realizzare qualunque tipo di perno per isolamento con misure personalizzate, per adattarsi allo spessore della fibra&hellip;<\/p>\n","protected":false},"author":1,"featured_media":0,"parent":0,"menu_order":0,"comment_status":"closed","ping_status":"closed","template":"","meta":[],"class_list":["post-1174","page","type-page","status-publish","hentry","description-off"],"yoast_head":"<!-- This site is optimized with the Yoast SEO plugin v27.3 - https:\/\/yoast.com\/product\/yoast-seo-wordpress\/ -->\n<title>Perni per isolamento. Produttori di sistemi di fissaggio<\/title>\n<meta name=\"description\" content=\"Perni per isolamento con certificato 3.1. Produttori di elementi di fissaggio per rivestimenti refrattari.\" \/>\n<meta name=\"robots\" content=\"index, follow, max-snippet:-1, max-image-preview:large, max-video-preview:-1\" \/>\n<link rel=\"canonical\" href=\"https:\/\/acfija.com\/it\/perni-per-isolamento\/\" \/>\n<meta property=\"og:locale\" content=\"it_IT\" \/>\n<meta property=\"og:type\" content=\"article\" \/>\n<meta property=\"og:title\" content=\"Perni per isolamento. Produttori di sistemi di fissaggio\" \/>\n<meta property=\"og:description\" content=\"Perni per isolamento con certificato 3.1. Produttori di elementi di fissaggio per rivestimenti refrattari.\" \/>\n<meta property=\"og:url\" content=\"https:\/\/acfija.com\/it\/perni-per-isolamento\/\" \/>\n<meta property=\"og:site_name\" content=\"ACFIJA\" \/>\n<meta property=\"article:modified_time\" content=\"2017-08-08T16:01:46+00:00\" \/>\n<meta name=\"twitter:card\" content=\"summary_large_image\" \/>\n<meta name=\"twitter:label1\" content=\"Tempo di lettura stimato\" \/>\n\t<meta name=\"twitter:data1\" content=\"3 minuti\" \/>\n<script type=\"application\/ld+json\" class=\"yoast-schema-graph\">{\"@context\":\"https:\\\/\\\/schema.org\",\"@graph\":[{\"@type\":\"WebPage\",\"@id\":\"https:\\\/\\\/acfija.com\\\/it\\\/perni-per-isolamento\\\/\",\"url\":\"https:\\\/\\\/acfija.com\\\/it\\\/perni-per-isolamento\\\/\",\"name\":\"Perni per isolamento. Produttori di sistemi di fissaggio\",\"isPartOf\":{\"@id\":\"https:\\\/\\\/acfija.com\\\/#website\"},\"datePublished\":\"2017-04-13T08:49:59+00:00\",\"dateModified\":\"2017-08-08T16:01:46+00:00\",\"description\":\"Perni per isolamento con certificato 3.1. Produttori di elementi di fissaggio per rivestimenti refrattari.\",\"breadcrumb\":{\"@id\":\"https:\\\/\\\/acfija.com\\\/it\\\/perni-per-isolamento\\\/#breadcrumb\"},\"inLanguage\":\"it-IT\",\"potentialAction\":[{\"@type\":\"ReadAction\",\"target\":[\"https:\\\/\\\/acfija.com\\\/it\\\/perni-per-isolamento\\\/\"]}]},{\"@type\":\"BreadcrumbList\",\"@id\":\"https:\\\/\\\/acfija.com\\\/it\\\/perni-per-isolamento\\\/#breadcrumb\",\"itemListElement\":[{\"@type\":\"ListItem\",\"position\":1,\"name\":\"Portada\",\"item\":\"https:\\\/\\\/acfija.com\\\/it\\\/\"},{\"@type\":\"ListItem\",\"position\":2,\"name\":\"Perni isolamento\"}]},{\"@type\":\"WebSite\",\"@id\":\"https:\\\/\\\/acfija.com\\\/#website\",\"url\":\"https:\\\/\\\/acfija.com\\\/\",\"name\":\"ACFIJA\",\"description\":\"Accesorios de fijaci\u00f3n\",\"potentialAction\":[{\"@type\":\"SearchAction\",\"target\":{\"@type\":\"EntryPoint\",\"urlTemplate\":\"https:\\\/\\\/acfija.com\\\/?s={search_term_string}\"},\"query-input\":{\"@type\":\"PropertyValueSpecification\",\"valueRequired\":true,\"valueName\":\"search_term_string\"}}],\"inLanguage\":\"it-IT\"}]}<\/script>\n<!-- \/ Yoast SEO plugin. -->","yoast_head_json":{"title":"Perni per isolamento. Produttori di sistemi di fissaggio","description":"Perni per isolamento con certificato 3.1. Produttori di elementi di fissaggio per rivestimenti refrattari.","robots":{"index":"index","follow":"follow","max-snippet":"max-snippet:-1","max-image-preview":"max-image-preview:large","max-video-preview":"max-video-preview:-1"},"canonical":"https:\/\/acfija.com\/it\/perni-per-isolamento\/","og_locale":"it_IT","og_type":"article","og_title":"Perni per isolamento. Produttori di sistemi di fissaggio","og_description":"Perni per isolamento con certificato 3.1. Produttori di elementi di fissaggio per rivestimenti refrattari.","og_url":"https:\/\/acfija.com\/it\/perni-per-isolamento\/","og_site_name":"ACFIJA","article_modified_time":"2017-08-08T16:01:46+00:00","twitter_card":"summary_large_image","twitter_misc":{"Tempo di lettura stimato":"3 minuti"},"schema":{"@context":"https:\/\/schema.org","@graph":[{"@type":"WebPage","@id":"https:\/\/acfija.com\/it\/perni-per-isolamento\/","url":"https:\/\/acfija.com\/it\/perni-per-isolamento\/","name":"Perni per isolamento. Produttori di sistemi di fissaggio","isPartOf":{"@id":"https:\/\/acfija.com\/#website"},"datePublished":"2017-04-13T08:49:59+00:00","dateModified":"2017-08-08T16:01:46+00:00","description":"Perni per isolamento con certificato 3.1. Produttori di elementi di fissaggio per rivestimenti refrattari.","breadcrumb":{"@id":"https:\/\/acfija.com\/it\/perni-per-isolamento\/#breadcrumb"},"inLanguage":"it-IT","potentialAction":[{"@type":"ReadAction","target":["https:\/\/acfija.com\/it\/perni-per-isolamento\/"]}]},{"@type":"BreadcrumbList","@id":"https:\/\/acfija.com\/it\/perni-per-isolamento\/#breadcrumb","itemListElement":[{"@type":"ListItem","position":1,"name":"Portada","item":"https:\/\/acfija.com\/it\/"},{"@type":"ListItem","position":2,"name":"Perni isolamento"}]},{"@type":"WebSite","@id":"https:\/\/acfija.com\/#website","url":"https:\/\/acfija.com\/","name":"ACFIJA","description":"Accesorios de fijaci\u00f3n","potentialAction":[{"@type":"SearchAction","target":{"@type":"EntryPoint","urlTemplate":"https:\/\/acfija.com\/?s={search_term_string}"},"query-input":{"@type":"PropertyValueSpecification","valueRequired":true,"valueName":"search_term_string"}}],"inLanguage":"it-IT"}]}},"_links":{"self":[{"href":"https:\/\/acfija.com\/it\/wp-json\/wp\/v2\/pages\/1174","targetHints":{"allow":["GET"]}}],"collection":[{"href":"https:\/\/acfija.com\/it\/wp-json\/wp\/v2\/pages"}],"about":[{"href":"https:\/\/acfija.com\/it\/wp-json\/wp\/v2\/types\/page"}],"author":[{"embeddable":true,"href":"https:\/\/acfija.com\/it\/wp-json\/wp\/v2\/users\/1"}],"replies":[{"embeddable":true,"href":"https:\/\/acfija.com\/it\/wp-json\/wp\/v2\/comments?post=1174"}],"version-history":[{"count":3,"href":"https:\/\/acfija.com\/it\/wp-json\/wp\/v2\/pages\/1174\/revisions"}],"predecessor-version":[{"id":1451,"href":"https:\/\/acfija.com\/it\/wp-json\/wp\/v2\/pages\/1174\/revisions\/1451"}],"wp:attachment":[{"href":"https:\/\/acfija.com\/it\/wp-json\/wp\/v2\/media?parent=1174"}],"curies":[{"name":"wp","href":"https:\/\/api.w.org\/{rel}","templated":true}]}}