{"id":1186,"date":"2017-04-13T10:51:42","date_gmt":"2017-04-13T08:51:42","guid":{"rendered":"http:\/\/acfija.com\/trabajos-realizados\/"},"modified":"2017-08-08T18:00:30","modified_gmt":"2017-08-08T16:00:30","slug":"lavori-realizzati","status":"publish","type":"page","link":"https:\/\/acfija.com\/it\/lavori-realizzati\/","title":{"rendered":"Progetti"},"content":{"rendered":"<p>[vc_row][vc_column width=&#8221;1\/3&#8243;][\/vc_column][vc_column width=&#8221;1\/3&#8243;][vc_column_text el_class=&#8221;tituloportada&#8221;]<\/p>\n<h2 style=\"text-align: center;\"><strong>Progetti di ACFI<\/strong><\/h2>\n<p>[\/vc_column_text][\/vc_column][vc_column width=&#8221;1\/3&#8243;][\/vc_column][\/vc_row][vc_row][vc_column][vc_column_text]In ogni lavoro realizzato da <strong>ACFI <\/strong>l&#8217;unico obiettivo che si persegue \u00e8 l&#8217;eccellenza. Studiamo ogni progetto scrupolosamente, per trovare la migliore soluzione possibile.<\/p>\n<p>\u00c8 proprio questo che ci permette di ampliare le nostre conoscenze costantemente. Ogni progetto \u00e8 per noi un insegnamento che successivamente mettiamo al servizio dei nostri clienti.<br \/>\n[\/vc_column_text][\/vc_column][\/vc_row][vc_row type=&#8221;vc_default&#8221; margin_top=&#8221;50&#8243; css=&#8221;.vc_custom_1492074987177{border-top-width: 2px !important;padding-top: 50px !important;border-top-color: #f18e00 !important;border-top-style: dotted !important;}&#8221;][vc_column width=&#8221;1\/4&#8243;][vc_column_text el_class=&#8221;destacadoproyectos&#8221;]<\/p>\n<p style=\"text-align: center;\">Ogni progetto aumenta il nostro know-how<\/p>\n<p>[\/vc_column_text][\/vc_column][vc_column width=&#8221;1\/4&#8243;]\n<div id=\"interactive-banner-1-wrap-2618\" class=\"ult-banner-block ult-adjust-bottom-margin ult-bb-box  banner-style11 \"   style=\"\">\n\t<img decoding=\"async\" src=\"https:\/\/acfija.com\/wp-content\/uploads\/industria-acero-acfija.jpg\" alt=\"null\">\n\t<h3  data-ultimate-target='#interactive-banner-1-wrap-2618 .bb-top-title '  data-responsive-json-new='{\"font-size\":\"\",\"line-height\":\"\"}'  class=\"title-center bb-top-title ult-responsive\" style=\"font-weight:normal;background:#463031;color:#ffffff;\">Industria siderurgica<\/h3>\n\t<div class=\"mask opaque-background\" style=\"background:rgba(70,48,49,0.4);\">\n\t\t<div  data-ultimate-target='#interactive-banner-1-wrap-2618 .bb-description'  data-responsive-json-new='{\"font-size\":\"\",\"line-height\":\"\"}'  class=\"bb-description ult-responsive\" style=\"font-weight:normal;color:#ffffff;\"><\/div>\n\t<\/div><a class=\"bb-link\" href=\"\/it\/saldatura-connettori\" ><\/a>\n<\/div>[\/vc_column][vc_column width=&#8221;1\/4&#8243;]\n<div id=\"interactive-banner-1-wrap-5847\" class=\"ult-banner-block ult-adjust-bottom-margin ult-bb-box  banner-style11 \"   style=\"\">\n\t<img decoding=\"async\" src=\"https:\/\/acfija.com\/wp-content\/uploads\/industria-cemento-acfija.jpg\" alt=\"null\">\n\t<h3  data-ultimate-target='#interactive-banner-1-wrap-5847 .bb-top-title '  data-responsive-json-new='{\"font-size\":\"\",\"line-height\":\"\"}'  class=\"title-center bb-top-title ult-responsive\" style=\"font-weight:normal;background:#463031;color:#ffffff;\">Industria cementifera<\/h3>\n\t<div class=\"mask opaque-background\" style=\"background:rgba(70,48,49,0.4);\">\n\t\t<div  data-ultimate-target='#interactive-banner-1-wrap-5847 .bb-description'  data-responsive-json-new='{\"font-size\":\"\",\"line-height\":\"\"}'  class=\"bb-description ult-responsive\" style=\"font-weight:normal;color:#ffffff;\"><\/div>\n\t<\/div><a class=\"bb-link\" href=\"\/it\/ancoraggi-mobili-fissi\/\" ><\/a>\n<\/div>[\/vc_column][vc_column width=&#8221;1\/4&#8243;]\n<div id=\"interactive-banner-1-wrap-6739\" class=\"ult-banner-block ult-adjust-bottom-margin ult-bb-box  banner-style11 \"   style=\"\">\n\t<img decoding=\"async\" src=\"https:\/\/acfija.com\/wp-content\/uploads\/industria-papel-acfija.jpg\" alt=\"null\">\n\t<h3  data-ultimate-target='#interactive-banner-1-wrap-6739 .bb-top-title '  data-responsive-json-new='{\"font-size\":\"\",\"line-height\":\"\"}'  class=\"title-center bb-top-title ult-responsive\" style=\"font-weight:normal;background:#463031;color:#ffffff;\">Industria della carta<\/h3>\n\t<div class=\"mask opaque-background\" style=\"background:rgba(70,48,49,0.4);\">\n\t\t<div  data-ultimate-target='#interactive-banner-1-wrap-6739 .bb-description'  data-responsive-json-new='{\"font-size\":\"\",\"line-height\":\"\"}'  class=\"bb-description ult-responsive\" style=\"font-weight:normal;color:#ffffff;\"><\/div>\n\t<\/div><a class=\"bb-link\" href=\"\/it\/perni-connettori\/\" ><\/a>\n<\/div>[\/vc_column][\/vc_row][vc_row margin_top=&#8221;-40px&#8221;][vc_column width=&#8221;1\/4&#8243;]\n<div id=\"interactive-banner-1-wrap-6213\" class=\"ult-banner-block ult-adjust-bottom-margin ult-bb-box  banner-style11 \"   style=\"\">\n\t<img decoding=\"async\" src=\"https:\/\/acfija.com\/wp-content\/uploads\/industria-petroleo-acfija.jpg\" alt=\"null\">\n\t<h3  data-ultimate-target='#interactive-banner-1-wrap-6213 .bb-top-title '  data-responsive-json-new='{\"font-size\":\"\",\"line-height\":\"\"}'  class=\"title-center bb-top-title ult-responsive\" style=\"font-weight:normal;background:#463031;color:#ffffff;\">Industria petrolchimica<\/h3>\n\t<div class=\"mask opaque-background\" style=\"background:rgba(70,48,49,0.4);\">\n\t\t<div  data-ultimate-target='#interactive-banner-1-wrap-6213 .bb-description'  data-responsive-json-new='{\"font-size\":\"\",\"line-height\":\"\"}'  class=\"bb-description ult-responsive\" style=\"font-weight:normal;color:#ffffff;\"><\/div>\n\t<\/div><a class=\"bb-link\" href=\"\/it\/rivestimenti-refrattari\/\" ><\/a>\n<\/div>[\/vc_column][vc_column width=&#8221;1\/4&#8243;]\n<div id=\"interactive-banner-1-wrap-5165\" class=\"ult-banner-block ult-adjust-bottom-margin ult-bb-box  banner-style11 \"   style=\"\">\n\t<img decoding=\"async\" src=\"https:\/\/acfija.com\/wp-content\/uploads\/industria-residuos-acfija.jpg\" alt=\"null\">\n\t<h3  data-ultimate-target='#interactive-banner-1-wrap-5165 .bb-top-title '  data-responsive-json-new='{\"font-size\":\"\",\"line-height\":\"\"}'  class=\"title-center bb-top-title ult-responsive\" style=\"font-weight:normal;background:#463031;color:#ffffff;\">Incenerimento di rifiuti<\/h3>\n\t<div class=\"mask opaque-background\" style=\"background:rgba(70,48,49,0.4);\">\n\t\t<div  data-ultimate-target='#interactive-banner-1-wrap-5165 .bb-description'  data-responsive-json-new='{\"font-size\":\"\",\"line-height\":\"\"}'  class=\"bb-description ult-responsive\" style=\"font-weight:normal;color:#ffffff;\"><\/div>\n\t<\/div><a class=\"bb-link\" href=\"\/it\/saldatura-di-perni\/\" ><\/a>\n<\/div>[\/vc_column][vc_column width=&#8221;1\/4&#8243;]\n<div id=\"interactive-banner-1-wrap-9861\" class=\"ult-banner-block ult-adjust-bottom-margin ult-bb-box  banner-style11 \"   style=\"\">\n\t<img decoding=\"async\" src=\"https:\/\/acfija.com\/wp-content\/uploads\/industria-termicas-acfija.jpg\" alt=\"null\">\n\t<h3  data-ultimate-target='#interactive-banner-1-wrap-9861 .bb-top-title '  data-responsive-json-new='{\"font-size\":\"\",\"line-height\":\"\"}'  class=\"title-center bb-top-title ult-responsive\" style=\"font-weight:normal;background:#463031;color:#ffffff;\">Centrali termiche<\/h3>\n\t<div class=\"mask opaque-background\" style=\"background:rgba(70,48,49,0.4);\">\n\t\t<div  data-ultimate-target='#interactive-banner-1-wrap-9861 .bb-description'  data-responsive-json-new='{\"font-size\":\"\",\"line-height\":\"\"}'  class=\"bb-description ult-responsive\" style=\"font-weight:normal;color:#ffffff;\"><\/div>\n\t<\/div><a class=\"bb-link\" href=\"\/it\/saldatura-naselli\/\" ><\/a>\n<\/div>[\/vc_column][vc_column width=&#8221;1\/4&#8243;]\n<div id=\"interactive-banner-1-wrap-6664\" class=\"ult-banner-block ult-adjust-bottom-margin ult-bb-box  banner-style11 \"   style=\"\">\n\t<img decoding=\"async\" src=\"https:\/\/acfija.com\/wp-content\/uploads\/industria-obra-cil-acfija.jpg\" alt=\"null\">\n\t<h3  data-ultimate-target='#interactive-banner-1-wrap-6664 .bb-top-title '  data-responsive-json-new='{\"font-size\":\"\",\"line-height\":\"\"}'  class=\"title-center bb-top-title ult-responsive\" style=\"font-weight:normal;background:#463031;color:#ffffff;\">Ingegneria civile<\/h3>\n\t<div class=\"mask opaque-background\" style=\"background:rgba(70,48,49,0.4);\">\n\t\t<div  data-ultimate-target='#interactive-banner-1-wrap-6664 .bb-description'  data-responsive-json-new='{\"font-size\":\"\",\"line-height\":\"\"}'  class=\"bb-description ult-responsive\" style=\"font-weight:normal;color:#ffffff;\"><\/div>\n\t<\/div><a class=\"bb-link\" href=\"\/it\/saldatura-perni\/\" ><\/a>\n<\/div>[\/vc_column][\/vc_row]<\/p>\n","protected":false},"excerpt":{"rendered":"<p>[vc_row][vc_column width=&#8221;1\/3&#8243;][\/vc_column][vc_column width=&#8221;1\/3&#8243;][vc_column_text el_class=&#8221;tituloportada&#8221;] Progetti di ACFI [\/vc_column_text][\/vc_column][vc_column width=&#8221;1\/3&#8243;][\/vc_column][\/vc_row][vc_row][vc_column][vc_column_text]In ogni lavoro realizzato da ACFI l&#8217;unico obiettivo che si persegue \u00e8 l&#8217;eccellenza. Studiamo ogni progetto scrupolosamente, per trovare la migliore soluzione possibile. \u00c8 proprio questo che ci permette di ampliare le nostre conoscenze costantemente. Ogni progetto \u00e8 per noi un insegnamento che successivamente mettiamo al servizio&hellip;<\/p>\n","protected":false},"author":1,"featured_media":0,"parent":0,"menu_order":0,"comment_status":"closed","ping_status":"closed","template":"","meta":[],"class_list":["post-1186","page","type-page","status-publish","hentry","description-off"],"yoast_head":"<!-- This site is optimized with the Yoast SEO plugin v27.3 - https:\/\/yoast.com\/product\/yoast-seo-wordpress\/ -->\n<title>Lavori realizzati da ACFI, elementi di fissaggio<\/title>\n<meta name=\"description\" content=\"Servizi di fornitura di sistemi di fissaggio e saldatura per diversi settori industriali.\" \/>\n<meta name=\"robots\" content=\"index, follow, max-snippet:-1, max-image-preview:large, max-video-preview:-1\" \/>\n<link rel=\"canonical\" href=\"https:\/\/acfija.com\/it\/lavori-realizzati\/\" \/>\n<meta property=\"og:locale\" content=\"it_IT\" \/>\n<meta property=\"og:type\" content=\"article\" \/>\n<meta property=\"og:title\" content=\"Lavori realizzati da ACFI, elementi di fissaggio\" \/>\n<meta property=\"og:description\" content=\"Servizi di fornitura di sistemi di fissaggio e saldatura per diversi settori industriali.\" \/>\n<meta property=\"og:url\" content=\"https:\/\/acfija.com\/it\/lavori-realizzati\/\" \/>\n<meta property=\"og:site_name\" content=\"ACFIJA\" \/>\n<meta property=\"article:modified_time\" content=\"2017-08-08T16:00:30+00:00\" \/>\n<meta name=\"twitter:card\" content=\"summary_large_image\" \/>\n<meta name=\"twitter:label1\" content=\"Tempo di lettura stimato\" \/>\n\t<meta name=\"twitter:data1\" content=\"3 minuti\" \/>\n<script type=\"application\/ld+json\" class=\"yoast-schema-graph\">{\"@context\":\"https:\\\/\\\/schema.org\",\"@graph\":[{\"@type\":\"WebPage\",\"@id\":\"https:\\\/\\\/acfija.com\\\/it\\\/lavori-realizzati\\\/\",\"url\":\"https:\\\/\\\/acfija.com\\\/it\\\/lavori-realizzati\\\/\",\"name\":\"Lavori realizzati da ACFI, elementi di fissaggio\",\"isPartOf\":{\"@id\":\"https:\\\/\\\/acfija.com\\\/#website\"},\"datePublished\":\"2017-04-13T08:51:42+00:00\",\"dateModified\":\"2017-08-08T16:00:30+00:00\",\"description\":\"Servizi di fornitura di sistemi di fissaggio e saldatura per diversi settori industriali.\",\"breadcrumb\":{\"@id\":\"https:\\\/\\\/acfija.com\\\/it\\\/lavori-realizzati\\\/#breadcrumb\"},\"inLanguage\":\"it-IT\",\"potentialAction\":[{\"@type\":\"ReadAction\",\"target\":[\"https:\\\/\\\/acfija.com\\\/it\\\/lavori-realizzati\\\/\"]}]},{\"@type\":\"BreadcrumbList\",\"@id\":\"https:\\\/\\\/acfija.com\\\/it\\\/lavori-realizzati\\\/#breadcrumb\",\"itemListElement\":[{\"@type\":\"ListItem\",\"position\":1,\"name\":\"Portada\",\"item\":\"https:\\\/\\\/acfija.com\\\/it\\\/\"},{\"@type\":\"ListItem\",\"position\":2,\"name\":\"Progetti\"}]},{\"@type\":\"WebSite\",\"@id\":\"https:\\\/\\\/acfija.com\\\/#website\",\"url\":\"https:\\\/\\\/acfija.com\\\/\",\"name\":\"ACFIJA\",\"description\":\"Accesorios de fijaci\u00f3n\",\"potentialAction\":[{\"@type\":\"SearchAction\",\"target\":{\"@type\":\"EntryPoint\",\"urlTemplate\":\"https:\\\/\\\/acfija.com\\\/?s={search_term_string}\"},\"query-input\":{\"@type\":\"PropertyValueSpecification\",\"valueRequired\":true,\"valueName\":\"search_term_string\"}}],\"inLanguage\":\"it-IT\"}]}<\/script>\n<!-- \/ Yoast SEO plugin. -->","yoast_head_json":{"title":"Lavori realizzati da ACFI, elementi di fissaggio","description":"Servizi di fornitura di sistemi di fissaggio e saldatura per diversi settori industriali.","robots":{"index":"index","follow":"follow","max-snippet":"max-snippet:-1","max-image-preview":"max-image-preview:large","max-video-preview":"max-video-preview:-1"},"canonical":"https:\/\/acfija.com\/it\/lavori-realizzati\/","og_locale":"it_IT","og_type":"article","og_title":"Lavori realizzati da ACFI, elementi di fissaggio","og_description":"Servizi di fornitura di sistemi di fissaggio e saldatura per diversi settori industriali.","og_url":"https:\/\/acfija.com\/it\/lavori-realizzati\/","og_site_name":"ACFIJA","article_modified_time":"2017-08-08T16:00:30+00:00","twitter_card":"summary_large_image","twitter_misc":{"Tempo di lettura stimato":"3 minuti"},"schema":{"@context":"https:\/\/schema.org","@graph":[{"@type":"WebPage","@id":"https:\/\/acfija.com\/it\/lavori-realizzati\/","url":"https:\/\/acfija.com\/it\/lavori-realizzati\/","name":"Lavori realizzati da ACFI, elementi di fissaggio","isPartOf":{"@id":"https:\/\/acfija.com\/#website"},"datePublished":"2017-04-13T08:51:42+00:00","dateModified":"2017-08-08T16:00:30+00:00","description":"Servizi di fornitura di sistemi di fissaggio e saldatura per diversi settori industriali.","breadcrumb":{"@id":"https:\/\/acfija.com\/it\/lavori-realizzati\/#breadcrumb"},"inLanguage":"it-IT","potentialAction":[{"@type":"ReadAction","target":["https:\/\/acfija.com\/it\/lavori-realizzati\/"]}]},{"@type":"BreadcrumbList","@id":"https:\/\/acfija.com\/it\/lavori-realizzati\/#breadcrumb","itemListElement":[{"@type":"ListItem","position":1,"name":"Portada","item":"https:\/\/acfija.com\/it\/"},{"@type":"ListItem","position":2,"name":"Progetti"}]},{"@type":"WebSite","@id":"https:\/\/acfija.com\/#website","url":"https:\/\/acfija.com\/","name":"ACFIJA","description":"Accesorios de fijaci\u00f3n","potentialAction":[{"@type":"SearchAction","target":{"@type":"EntryPoint","urlTemplate":"https:\/\/acfija.com\/?s={search_term_string}"},"query-input":{"@type":"PropertyValueSpecification","valueRequired":true,"valueName":"search_term_string"}}],"inLanguage":"it-IT"}]}},"_links":{"self":[{"href":"https:\/\/acfija.com\/it\/wp-json\/wp\/v2\/pages\/1186","targetHints":{"allow":["GET"]}}],"collection":[{"href":"https:\/\/acfija.com\/it\/wp-json\/wp\/v2\/pages"}],"about":[{"href":"https:\/\/acfija.com\/it\/wp-json\/wp\/v2\/types\/page"}],"author":[{"embeddable":true,"href":"https:\/\/acfija.com\/it\/wp-json\/wp\/v2\/users\/1"}],"replies":[{"embeddable":true,"href":"https:\/\/acfija.com\/it\/wp-json\/wp\/v2\/comments?post=1186"}],"version-history":[{"count":4,"href":"https:\/\/acfija.com\/it\/wp-json\/wp\/v2\/pages\/1186\/revisions"}],"predecessor-version":[{"id":1460,"href":"https:\/\/acfija.com\/it\/wp-json\/wp\/v2\/pages\/1186\/revisions\/1460"}],"wp:attachment":[{"href":"https:\/\/acfija.com\/it\/wp-json\/wp\/v2\/media?parent=1186"}],"curies":[{"name":"wp","href":"https:\/\/api.w.org\/{rel}","templated":true}]}}