{"id":1200,"date":"2017-04-13T10:57:02","date_gmt":"2017-04-13T08:57:02","guid":{"rendered":"http:\/\/acfija.com\/soldadura-anclajes\/"},"modified":"2021-10-06T15:50:59","modified_gmt":"2021-10-06T13:50:59","slug":"saldatura-ancoraggi","status":"publish","type":"page","link":"https:\/\/acfija.com\/it\/saldatura-ancoraggi\/","title":{"rendered":"Saldatura"},"content":{"rendered":"<p>[vc_row][vc_column width=&#8221;1\/6&#8243;][\/vc_column][vc_column width=&#8221;2\/3&#8243;][vc_column_text el_class=&#8221;tituloportada&#8221;]<\/p>\n<h2 style=\"text-align: center;\">Saldatura ad arco<\/h2>\n<p>[\/vc_column_text][\/vc_column][vc_column width=&#8221;1\/6&#8243;][\/vc_column][\/vc_row][vc_row][vc_column][vc_column_text]La <strong>saldatura ad arco<\/strong> \u00e8 un tipo di saldatura che utilizziamo spesso nel nostro lavoro. Questa tecnica fornisce saldature di ancoraggi molto resistenti, in tempi d&#8217;esecuzione ridotti. Per questo, \u00e8 ottima per utilizzi nei casi di grande sollecitazione meccanica: fissaggio di rivestimenti refrattari, strutture metalliche, costruzione di ponti, elementi forgiati collaboranti, ecc.[\/vc_column_text][vc_column_text]Il procedimento consiste nello stabilire, tra l&#8217;ancoraggio e il pezzo base, un intenso arco elettrico che fonde le superfici di contatto. Alla fine dell&#8217;arco, l&#8217;ancoraggio \u00e8 spinto nel bagno di fusione mediante un meccanismo creato dalla pistola saldatrice che li solidifica, saldando l&#8217;uno all&#8217;altro. La durata dell&#8217; arco elettrico va da 0,1 a 1 secondo: un tempo di saldatura breve che favorisce un&#8217;elevata produttivit\u00e0.<\/p>\n<p>Nell&#8217;attimo in cui il bagno di saldatura rimane fuso, viene protetto dall&#8217;influenza atmosferica tramite una ferula ceramica o un flusso di gas inerte, creando un cordone di saldatura pulito e uniforme.<\/p>\n<p>L&#8217;estremit\u00e0 dell&#8217;ancoraggio da saldare viene preparata in modo da consentire all&#8217;arco elettrico di stabilirsi facilmente e in maniera uniforme. La preparazione avviene tramite la sabbiatura della zona dell&#8217;estremit\u00e0 mediante sfera d&#8217;alluminio o alluminio spray, a seconda del diametro dell&#8217;ancoraggio.<\/p>\n<p><strong>Nei casi in cui non fosse possibile eseguire questo tipo di saldatura, la nostra azienda pu\u00f2 realizzare lavori di saldatura a elettrodo rivestito, MIG o TIG; ci\u00f2 ci permette di scegliere sempre la soluzione pi\u00f9 adatta alle vostre esigenze<\/strong>.[\/vc_column_text][\/vc_column][vc_column width=&#8221;1\/2&#8243;][\/vc_column][vc_column width=&#8221;1\/2&#8243;][\/vc_column][\/vc_row]<\/p>\n","protected":false},"excerpt":{"rendered":"<p>[vc_row][vc_column width=&#8221;1\/6&#8243;][\/vc_column][vc_column width=&#8221;2\/3&#8243;][vc_column_text el_class=&#8221;tituloportada&#8221;] Saldatura ad arco [\/vc_column_text][\/vc_column][vc_column width=&#8221;1\/6&#8243;][\/vc_column][\/vc_row][vc_row][vc_column][vc_column_text]La saldatura ad arco \u00e8 un tipo di saldatura che utilizziamo spesso nel nostro lavoro. Questa tecnica fornisce saldature di ancoraggi molto resistenti, in tempi d&#8217;esecuzione ridotti. Per questo, \u00e8 ottima per utilizzi nei casi di grande sollecitazione meccanica: fissaggio di rivestimenti refrattari, strutture metalliche, costruzione di&hellip;<\/p>\n","protected":false},"author":1,"featured_media":0,"parent":0,"menu_order":0,"comment_status":"closed","ping_status":"closed","template":"","meta":[],"class_list":["post-1200","page","type-page","status-publish","hentry","description-off"],"yoast_head":"<!-- This site is optimized with the Yoast SEO plugin v27.3 - https:\/\/yoast.com\/product\/yoast-seo-wordpress\/ -->\n<title>Saldatura di ancoraggi e perni per rivestimento refrattario<\/title>\n<meta name=\"description\" content=\"Servizi di saldatura ad arco e saldatura a mano di ancoraggi e perni per rivestimenti refrattari. Saldatura ad arco.\" \/>\n<meta name=\"robots\" content=\"index, follow, max-snippet:-1, max-image-preview:large, max-video-preview:-1\" \/>\n<link rel=\"canonical\" href=\"https:\/\/acfija.com\/it\/saldatura-ancoraggi\/\" \/>\n<meta property=\"og:locale\" content=\"it_IT\" \/>\n<meta property=\"og:type\" content=\"article\" \/>\n<meta property=\"og:title\" content=\"Saldatura di ancoraggi e perni per rivestimento refrattario\" \/>\n<meta property=\"og:description\" content=\"Servizi di saldatura ad arco e saldatura a mano di ancoraggi e perni per rivestimenti refrattari. Saldatura ad arco.\" \/>\n<meta property=\"og:url\" content=\"https:\/\/acfija.com\/it\/saldatura-ancoraggi\/\" \/>\n<meta property=\"og:site_name\" content=\"ACFIJA\" \/>\n<meta property=\"article:modified_time\" content=\"2021-10-06T13:50:59+00:00\" \/>\n<meta name=\"twitter:card\" content=\"summary_large_image\" \/>\n<meta name=\"twitter:label1\" content=\"Tempo di lettura stimato\" \/>\n\t<meta name=\"twitter:data1\" content=\"1 minuto\" \/>\n<script type=\"application\/ld+json\" class=\"yoast-schema-graph\">{\"@context\":\"https:\\\/\\\/schema.org\",\"@graph\":[{\"@type\":\"WebPage\",\"@id\":\"https:\\\/\\\/acfija.com\\\/it\\\/saldatura-ancoraggi\\\/\",\"url\":\"https:\\\/\\\/acfija.com\\\/it\\\/saldatura-ancoraggi\\\/\",\"name\":\"Saldatura di ancoraggi e perni per rivestimento refrattario\",\"isPartOf\":{\"@id\":\"https:\\\/\\\/acfija.com\\\/#website\"},\"datePublished\":\"2017-04-13T08:57:02+00:00\",\"dateModified\":\"2021-10-06T13:50:59+00:00\",\"description\":\"Servizi di saldatura ad arco e saldatura a mano di ancoraggi e perni per rivestimenti refrattari. Saldatura ad arco.\",\"breadcrumb\":{\"@id\":\"https:\\\/\\\/acfija.com\\\/it\\\/saldatura-ancoraggi\\\/#breadcrumb\"},\"inLanguage\":\"it-IT\",\"potentialAction\":[{\"@type\":\"ReadAction\",\"target\":[\"https:\\\/\\\/acfija.com\\\/it\\\/saldatura-ancoraggi\\\/\"]}]},{\"@type\":\"BreadcrumbList\",\"@id\":\"https:\\\/\\\/acfija.com\\\/it\\\/saldatura-ancoraggi\\\/#breadcrumb\",\"itemListElement\":[{\"@type\":\"ListItem\",\"position\":1,\"name\":\"Portada\",\"item\":\"https:\\\/\\\/acfija.com\\\/it\\\/\"},{\"@type\":\"ListItem\",\"position\":2,\"name\":\"Saldatura\"}]},{\"@type\":\"WebSite\",\"@id\":\"https:\\\/\\\/acfija.com\\\/#website\",\"url\":\"https:\\\/\\\/acfija.com\\\/\",\"name\":\"ACFIJA\",\"description\":\"Accesorios de fijaci\u00f3n\",\"potentialAction\":[{\"@type\":\"SearchAction\",\"target\":{\"@type\":\"EntryPoint\",\"urlTemplate\":\"https:\\\/\\\/acfija.com\\\/?s={search_term_string}\"},\"query-input\":{\"@type\":\"PropertyValueSpecification\",\"valueRequired\":true,\"valueName\":\"search_term_string\"}}],\"inLanguage\":\"it-IT\"}]}<\/script>\n<!-- \/ Yoast SEO plugin. -->","yoast_head_json":{"title":"Saldatura di ancoraggi e perni per rivestimento refrattario","description":"Servizi di saldatura ad arco e saldatura a mano di ancoraggi e perni per rivestimenti refrattari. Saldatura ad arco.","robots":{"index":"index","follow":"follow","max-snippet":"max-snippet:-1","max-image-preview":"max-image-preview:large","max-video-preview":"max-video-preview:-1"},"canonical":"https:\/\/acfija.com\/it\/saldatura-ancoraggi\/","og_locale":"it_IT","og_type":"article","og_title":"Saldatura di ancoraggi e perni per rivestimento refrattario","og_description":"Servizi di saldatura ad arco e saldatura a mano di ancoraggi e perni per rivestimenti refrattari. Saldatura ad arco.","og_url":"https:\/\/acfija.com\/it\/saldatura-ancoraggi\/","og_site_name":"ACFIJA","article_modified_time":"2021-10-06T13:50:59+00:00","twitter_card":"summary_large_image","twitter_misc":{"Tempo di lettura stimato":"1 minuto"},"schema":{"@context":"https:\/\/schema.org","@graph":[{"@type":"WebPage","@id":"https:\/\/acfija.com\/it\/saldatura-ancoraggi\/","url":"https:\/\/acfija.com\/it\/saldatura-ancoraggi\/","name":"Saldatura di ancoraggi e perni per rivestimento refrattario","isPartOf":{"@id":"https:\/\/acfija.com\/#website"},"datePublished":"2017-04-13T08:57:02+00:00","dateModified":"2021-10-06T13:50:59+00:00","description":"Servizi di saldatura ad arco e saldatura a mano di ancoraggi e perni per rivestimenti refrattari. Saldatura ad arco.","breadcrumb":{"@id":"https:\/\/acfija.com\/it\/saldatura-ancoraggi\/#breadcrumb"},"inLanguage":"it-IT","potentialAction":[{"@type":"ReadAction","target":["https:\/\/acfija.com\/it\/saldatura-ancoraggi\/"]}]},{"@type":"BreadcrumbList","@id":"https:\/\/acfija.com\/it\/saldatura-ancoraggi\/#breadcrumb","itemListElement":[{"@type":"ListItem","position":1,"name":"Portada","item":"https:\/\/acfija.com\/it\/"},{"@type":"ListItem","position":2,"name":"Saldatura"}]},{"@type":"WebSite","@id":"https:\/\/acfija.com\/#website","url":"https:\/\/acfija.com\/","name":"ACFIJA","description":"Accesorios de fijaci\u00f3n","potentialAction":[{"@type":"SearchAction","target":{"@type":"EntryPoint","urlTemplate":"https:\/\/acfija.com\/?s={search_term_string}"},"query-input":{"@type":"PropertyValueSpecification","valueRequired":true,"valueName":"search_term_string"}}],"inLanguage":"it-IT"}]}},"_links":{"self":[{"href":"https:\/\/acfija.com\/it\/wp-json\/wp\/v2\/pages\/1200","targetHints":{"allow":["GET"]}}],"collection":[{"href":"https:\/\/acfija.com\/it\/wp-json\/wp\/v2\/pages"}],"about":[{"href":"https:\/\/acfija.com\/it\/wp-json\/wp\/v2\/types\/page"}],"author":[{"embeddable":true,"href":"https:\/\/acfija.com\/it\/wp-json\/wp\/v2\/users\/1"}],"replies":[{"embeddable":true,"href":"https:\/\/acfija.com\/it\/wp-json\/wp\/v2\/comments?post=1200"}],"version-history":[{"count":3,"href":"https:\/\/acfija.com\/it\/wp-json\/wp\/v2\/pages\/1200\/revisions"}],"predecessor-version":[{"id":2685,"href":"https:\/\/acfija.com\/it\/wp-json\/wp\/v2\/pages\/1200\/revisions\/2685"}],"wp:attachment":[{"href":"https:\/\/acfija.com\/it\/wp-json\/wp\/v2\/media?parent=1200"}],"curies":[{"name":"wp","href":"https:\/\/api.w.org\/{rel}","templated":true}]}}