{"id":1209,"date":"2017-04-13T10:58:35","date_gmt":"2017-04-13T08:58:35","guid":{"rendered":"http:\/\/acfija.com\/anclajes-studs\/"},"modified":"2024-05-23T11:45:14","modified_gmt":"2024-05-23T09:45:14","slug":"ancoraggi-perni","status":"publish","type":"page","link":"https:\/\/acfija.com\/it\/ancoraggi-perni\/","title":{"rendered":"Attualit\u00e0"},"content":{"rendered":"<p>[vc_row][vc_column][vc_column_text el_class=&#8221;tituloportada&#8221;]<\/p>\n<h2 style=\"text-align: center;\">Notizie e attualit\u00e0<\/h2>\n<p>[\/vc_column_text][\/vc_column][\/vc_row][vc_row][vc_column]<style type=\"text\/css\" data-type=\"the7_shortcodes-inline-css\">.blog-shortcode.blog-list-shortcode-id-1.content-bg-on.classic-layout-list article {\n  background: #ffffff;\n  -webkit-box-shadow: none;\n  box-shadow: none;\n}\n.blog-shortcode.blog-list-shortcode-id-1.dividers-on.classic-layout-list article {\n  margin-top: 50px;\n  padding-top: 0;\n  border-color: ;\n}\n.blog-shortcode.blog-list-shortcode-id-1.dividers-on.classic-layout-list article:first-of-type {\n  margin-top: 0;\n  padding-top: 0;\n}\n.blog-shortcode.blog-list-shortcode-id-1.classic-layout-list.mode-list .post-thumbnail-wrap {\n  width: 75%;\n}\n.blog-shortcode.blog-list-shortcode-id-1.classic-layout-list.mode-list .post-entry-content {\n  width: calc(100% - 75%);\n}\n.blog-shortcode.blog-list-shortcode-id-1.classic-layout-list.mode-list .no-img .post-entry-content {\n  width: 100%;\n}\n.blog-shortcode.blog-list-shortcode-id-1.side-overlap-layout-list .post-thumbnail-wrap {\n  width: 75%;\n}\n.blog-shortcode.blog-list-shortcode-id-1.side-overlap-layout-list .post-entry-content {\n  width: calc(100% - 75% + 150px);\n  margin-top: 50px;\n}\n.blog-shortcode.blog-list-shortcode-id-1.side-overlap-layout-list .no-img .post-entry-content {\n  width: 100%;\n  margin-top: 0;\n}\n.blog-shortcode.blog-list-shortcode-id-1.side-overlap-layout-list .project-odd .post-entry-content {\n  margin-left: -150px;\n}\n.rtl .blog-shortcode.blog-list-shortcode-id-1.side-overlap-layout-list .project-odd .post-entry-content {\n  margin-right: -150px;\n  margin-left: 0;\n}\n.blog-shortcode.blog-list-shortcode-id-1.side-overlap-layout-list .no-img.project-odd .post-entry-content {\n  margin-left: 0;\n}\n.rtl .blog-shortcode.blog-list-shortcode-id-1.side-overlap-layout-list .no-img.project-odd .post-entry-content {\n  margin-right: 0;\n  margin-left: 0;\n}\n.blog-shortcode.blog-list-shortcode-id-1.side-overlap-layout-list .project-even .post-entry-content {\n  margin-right: -150px;\n}\n.rtl .blog-shortcode.blog-list-shortcode-id-1.side-overlap-layout-list .project-even .post-entry-content {\n  margin-left: -150px;\n  margin-right: 0;\n}\n.blog-shortcode.blog-list-shortcode-id-1.side-overlap-layout-list .no-img.project-even .post-entry-content {\n  margin-right: 0;\n}\n.rtl .blog-shortcode.blog-list-shortcode-id-1.side-overlap-layout-list .no-img.project-even .post-entry-content {\n  margin-left: 0;\n  margin-right: 0;\n}\n@media screen and (max-width: 768px) {\n  #page .blog-shortcode.blog-list-shortcode-id-1.side-overlap-layout-list .project-odd .post-entry-content {\n    left: 0;\n  }\n  #page .blog-shortcode.blog-list-shortcode-id-1.side-overlap-layout-list .project-even .post-entry-content {\n    right: 0;\n  }\n}\n.blog-shortcode.blog-list-shortcode-id-1.bottom-overlap-layout-list .post-entry-content {\n  margin-top: -50px;\n  width: ;\n}\n.blog-shortcode.blog-list-shortcode-id-1.bottom-overlap-layout-list:not(.mode-list) .no-img .post-entry-content {\n  margin-top: 0;\n  width: 100%;\n}\n.blog-shortcode.blog-list-shortcode-id-1.bottom-overlap-layout-list.mode-list .no-img .post-entry-content {\n  margin-top: 0;\n}\n.blog-shortcode.blog-list-shortcode-id-1.centered-layout-list article {\n  padding: 25px 30px 30px 30px;\n}\n.blog-shortcode.blog-list-shortcode-id-1.content-bg-on.centered-layout-list article {\n  background: #ffffff;\n  -webkit-box-shadow: none;\n  box-shadow: none;\n}\n.blog-shortcode.blog-list-shortcode-id-1.dividers-on.centered-layout-list article {\n  padding-top: 25px;\n  margin-top: 50px;\n}\n.blog-shortcode.blog-list-shortcode-id-1.dividers-on.centered-layout-list article:first-of-type {\n  margin-top: 0;\n  padding-top: 25px;\n}\n.blog-shortcode.blog-list-shortcode-id-1.centered-layout-list .post-entry-title-content {\n  width: ;\n}\n.blog-shortcode.blog-list-shortcode-id-1.centered-layout-list .post-entry-content {\n  width: ;\n}\n.blog-shortcode.blog-list-shortcode-id-1.centered-layout-list.dividers-on .post-entry-content:after {\n  width: calc( - 30px - 30px);\n  background: ;\n}\n#page .blog-shortcode.blog-list-shortcode-id-1.content-bg-on.gradient-overlap-layout-list .post-entry-content {\n  background: linear-gradient(to bottom,#ffffff,#ffffff) no-repeat 0px 150px;\n}\n#page .blog-shortcode.blog-list-shortcode-id-1.content-bg-on.gradient-overlap-layout-list .post-entry-content:before {\n  background: #ffffff;\n  background: -moz-linear-gradient(top,rgba(255,255,255,0) 0%,rgba(255,255,255,0.9) 64%,#ffffff 83%,#ffffff 100%);\n  background: -webkit-linear-gradient(top,rgba(255,255,255,0) 0%,rgba(255,255,255,0.9) 64%,#ffffff 83%,#ffffff 100%);\n  background: linear-gradient(to bottom,rgba(255,255,255,0) 0%,rgba(255,255,255,0.9) 64%,#ffffff 83%,#ffffff 100%);\n}\n#page .blog-shortcode.blog-list-shortcode-id-1.content-bg-on.gradient-overlap-layout-list .no-img .post-entry-content {\n  background: #ffffff;\n  padding: 30px 30px 30px 30px;\n}\n#page .blog-shortcode.blog-list-shortcode-id-1.content-bg-on.gradient-overlap-layout-list .no-img .post-entry-content:before {\n  display: none;\n}\n#page .blog-shortcode.blog-list-shortcode-id-1.gradient-overlay-layout-list .post-entry-content {\n  background: #ffffff;\n  top: 20px;\n  right: 20px;\n  bottom: 20px;\n  left: 20px;\n}\n.blog-shortcode.blog-list-shortcode-id-1.gradient-overlay-layout-list .post-head-wrapper,\n.blog-shortcode.blog-list-shortcode-id-1.gradient-overlay-layout-list .post-entry-wrapper {\n  right: 30px;\n  left: 30px;\n}\n#page .blog-shortcode.blog-list-shortcode-id-1.content-rollover-layout-list .post-entry-content {\n  background: none;\n  padding: 0;\n}\n.blog-shortcode.blog-list-shortcode-id-1.content-rollover-layout-list .post-entry-content:before {\n  background: #ffffff;\n  background: -moz-linear-gradient(top,rgba(255,255,255,0) 0%,#ffffff 65%,#ffffff 100%);\n  background: -webkit-linear-gradient(top,rgba(255,255,255,0) 0%,#ffffff 65%,#ffffff 100%);\n  background: linear-gradient(to bottom,rgba(255,255,255,0) 0%,#ffffff 65%,#ffffff 100%);\n}\n.blog-shortcode.blog-list-shortcode-id-1.content-rollover-layout-list .post-entry-wrapper {\n  padding: 25px 30px 30px 30px;\n}\n.blog-shortcode.blog-list-shortcode-id-1.content-rollover-layout-list .post-entry-wrapper {\n  bottom: -15px;\n}\n.blog-shortcode.blog-list-shortcode-id-1.content-rollover-layout-list.meta-info-off .post-entry-wrapper {\n  bottom: -5px;\n}\n.blog-shortcode.blog-list-shortcode-id-1.content-rollover-layout-list article:not(.description-off) .post-entry-wrapper {\n  bottom: -20px;\n}\n.blog-shortcode.blog-list-shortcode-id-1.content-rollover-layout-list:not(.disable-layout-hover) article:hover .post-entry-wrapper {\n  bottom: 0;\n}\n.blog-shortcode.blog-list-shortcode-id-1 .paginator {\n  margin-top: 50px;\n}\n.blog-shortcode.blog-list-shortcode-id-1 .filter a,\n.blog-shortcode.blog-list-shortcode-id-1 .filter a * {\n  color: ;\n}\n.blog-shortcode.blog-list-shortcode-id-1 .paginator:not(.paginator-more-button) a,\n.blog-shortcode.blog-list-shortcode-id-1 .paginator:not(.paginator-more-button) a * {\n  color: ;\n}\n.blog-shortcode.blog-list-shortcode-id-1 .filter-bg-decoration .filter-categories a.act {\n  color: #fff;\n}\n.blog-shortcode.blog-list-shortcode-id-1:not(.mode-masonry) article {\n  margin-top: 50px;\n}\n.blog-shortcode.blog-list-shortcode-id-1:not(.mode-masonry) article:first-of-type,\n.blog-shortcode.blog-list-shortcode-id-1:not(.mode-masonry) article.visible.first {\n  margin-top: 0;\n}\n.blog-shortcode.blog-list-shortcode-id-1.dividers-on:not(.mode-masonry) article {\n  margin-top: 0;\n  padding-top: 50px;\n}\n.blog-shortcode.blog-list-shortcode-id-1.dividers-on:not(.mode-masonry) article:first-of-type,\n.blog-shortcode.blog-list-shortcode-id-1.dividers-on:not(.mode-masonry) article.visible.first {\n  margin-top: 0;\n  padding-top: 0;\n}\n.blog-shortcode.blog-list-shortcode-id-1 .post-thumbnail-wrap {\n  padding: 0px 0px 0px 0px;\n}\n.blog-shortcode.blog-list-shortcode-id-1 .fancy-date a {\n  background: #ffffff;\n  -webkit-box-shadow: none;\n  box-shadow: none;\n}\n.blog-shortcode.blog-list-shortcode-id-1 .fancy-date a * {\n  color: #2d2d2d;\n}\n.blog-shortcode.blog-list-shortcode-id-1 .entry-title,\n.blog-shortcode.blog-list-shortcode-id-1.owl-carousel .entry-title {\n  margin-bottom: 5px;\n  font-size: 18px;\n  line-height: 27px;\n  font-style: ;\n  font-weight: ;\n  text-transform: ;\n}\n.blog-shortcode.blog-list-shortcode-id-1 .entry-meta {\n  margin-bottom: 15px;\n}\n.blog-shortcode.blog-list-shortcode-id-1 .entry-meta * {\n  font-style: ;\n  font-weight: ;\n  text-transform: ;\n}\n.blog-shortcode.blog-list-shortcode-id-1 .portfolio-categories {\n  margin-bottom: 15px;\n}\n.blog-shortcode.blog-list-shortcode-id-1 .portfolio-categories * {\n  -webkit-text-fill-color: ;\n}\n.blog-shortcode.blog-list-shortcode-id-1 .entry-excerpt {\n  margin-bottom: 5px;\n  font-style: ;\n  font-weight: ;\n  text-transform: ;\n}\n.blog-shortcode.blog-list-shortcode-id-1:not(.centered-layout-list) .post-entry-content {\n  padding: 25px 30px 30px 30px;\n}\n.blog-shortcode.blog-list-shortcode-id-1:not(.centered-layout-list):not(.content-bg-on):not(.mode-list) .no-img .post-entry-content {\n  padding: 0;\n}\n.blog-shortcode.blog-list-shortcode-id-1.content-bg-on:not(.classic-layout-list):not(.centered-layout-list) .post-entry-content {\n  background: #ffffff;\n  -webkit-box-shadow: none;\n  box-shadow: none;\n}\n@media screen and (max-width: 768px) {\n  .blog-shortcode.blog-list-shortcode-id-1 article {\n    -webkit-flex-flow: column nowrap;\n    -moz-flex-flow: column nowrap;\n    -ms-flex-flow: column nowrap;\n    flex-flow: column nowrap;\n    margin-top: 20px;\n  }\n  .blog-shortcode.blog-list-shortcode-id-1.dividers-on article {\n    border: none;\n  }\n  .blog-shortcode.blog-list-shortcode-id-1.content-bg-on.centered-layout-list article {\n    padding: 0;\n  }\n  .blog-shortcode.blog-list-shortcode-id-1.blog-shortcode.dividers-on article,\n  .blog-shortcode.blog-list-shortcode-id-1.dividers-on.classic-layout-list article {\n    margin-top: 20px;\n    padding: 0;\n  }\n  .blog-shortcode.blog-list-shortcode-id-1.blog-shortcode.dividers-on article:first-of-type,\n  .blog-shortcode.blog-list-shortcode-id-1.dividers-on.classic-layout-list article:first-of-type {\n    padding: 0;\n  }\n  #page .blog-shortcode.blog-list-shortcode-id-1 .post-thumbnail-wrap,\n  #page .blog-shortcode.blog-list-shortcode-id-1 .post-entry-content {\n    width: 100%;\n    margin: 0;\n    top: 0;\n  }\n  #page .blog-shortcode.blog-list-shortcode-id-1 .post-thumbnail-wrap {\n    padding: 0;\n  }\n  #page .blog-shortcode.blog-list-shortcode-id-1 .post-entry-content:after {\n    display: none;\n  }\n  #page .blog-shortcode.blog-list-shortcode-id-1 .project-even .post-thumbnail-wrap,\n  #page .blog-shortcode.blog-list-shortcode-id-1.centered-layout-list .post-thumbnail-wrap {\n    -webkit-order: 0;\n    -moz-order: 0;\n    -ms-flex-order: 0;\n    order: 0;\n  }\n  #page .blog-shortcode.blog-list-shortcode-id-1.centered-layout-list .post-entry-title-content {\n    -webkit-order: 1;\n    -moz-order: 1;\n    -ms-flex-order: 1;\n    order: 1;\n    width: 100%;\n    padding: 20px 20px 0;\n  }\n  #page .blog-shortcode.blog-list-shortcode-id-1.centered-layout-list .post-entry-content {\n    -webkit-order: 2;\n    -moz-order: 2;\n    -ms-flex-order: 2;\n    order: 2;\n    padding-top: 0;\n  }\n  #page .blog-shortcode.blog-list-shortcode-id-1 .fancy-categories {\n    top: 10px;\n    left: 10px;\n  }\n  #page .blog-shortcode.blog-list-shortcode-id-1 .fancy-date a {\n    top: 10px;\n    right: 10px;\n    left: auto;\n  }\n  #page .blog-shortcode.blog-list-shortcode-id-1 .post-entry-content {\n    padding: 20px;\n  }\n  #page .blog-shortcode.blog-list-shortcode-id-1 .entry-title {\n    margin: 3px 0 5px;\n    font-size: 20px;\n    font-size: 18px;\n    line-height: 26px;\n  }\n  #page .blog-shortcode.blog-list-shortcode-id-1 .entry-meta {\n    margin: 5px 0 5px;\n  }\n  #page .blog-shortcode.blog-list-shortcode-id-1 .entry-excerpt {\n    margin: 15px 0 0;\n  }\n  #page .blog-shortcode.blog-list-shortcode-id-1 .post-details {\n    margin: 5px 0 10px;\n  }\n  #page .blog-shortcode.blog-list-shortcode-id-1 .post-details.details-type-link {\n    margin-bottom: 2px;\n  }\n}\n<\/style><div class=\"articles-list blog-shortcode mode-list blog-list-shortcode-id-1 side-overlap-layout-list content-bg-on jquery-filter scale-img loading-effect-fade-in\" data-cur-page=\"1\" data-post-limit=\"6\" data-pagination-mode=\"load-more\"><article class=\"post project-odd visible post-3885 type-post status-publish format-standard has-post-thumbnail hentry category-attualita category-15 description-off\" data-name=\"ACFI esporr\u00e0 alla fiera ThermProcess 2023 a D\u00fcsseldorf\" data-date=\"2023-04-13T18:07:01+02:00\">\n\n<div class=\"post-thumbnail-wrap\">\n\t<div class=\"post-thumbnail\">\n\n\t\t\n\t\t\n\t\t<a href=\"https:\/\/acfija.com\/it\/acfi-esporra-alla-fiera-thermprocess-2023-a-dusseldorf\/\" class=\"post-thumbnail-rollover layzr-bg\" ><img loading=\"lazy\" decoding=\"async\" class=\"blog-thumb-lazy-load preload-me\" src=\"data:image\/svg+xml;charset=utf-8,%3Csvg xmlns%3D'http%3A%2F%2Fwww.w3.org%2F2000%2Fsvg' viewBox%3D'0 0 609 406'%2F%3E\" data-src=\"https:\/\/acfija.com\/wp-content\/uploads\/acfi-expondra-en-la-feria-thermprocess-2023-en-dusseldorf.jpg\" data-srcset=\"https:\/\/acfija.com\/wp-content\/uploads\/acfi-expondra-en-la-feria-thermprocess-2023-en-dusseldorf.jpg 609w\" alt=\"ACFI expondr\u00e1 en la feria ThermProcess 2023 en D\u00fcsseldorf\" title=\"acfi-expondra-en-la-feria-thermprocess-2023-en-dusseldorf\" width=\"609\" height=\"406\"  \/><\/a>\n\t<\/div>\n<\/div>\n\n\n<div class=\"post-entry-content\">\n\n\t<h3 class=\"entry-title\">\n\t\t<a href=\"https:\/\/acfija.com\/it\/acfi-esporra-alla-fiera-thermprocess-2023-a-dusseldorf\/\" title=\"ACFI esporr\u00e0 alla fiera ThermProcess 2023 a D\u00fcsseldorf\" rel=\"bookmark\">ACFI esporr\u00e0 alla fiera ThermProcess 2023 a D\u00fcsseldorf<\/a>\n\t<\/h3>\n\n\t\n\t<div class=\"entry-excerpt\"><p>[vc_row][vc_column][\/vc_column][\/vc_row][vc_row][vc_column width=&#8221;1\/2&#8243; css=&#8221;.vc_custom_1679575298057{margin-top: -50px !important;}&#8221;][vc_column_text css=&#8221;.vc_custom_1681401861224{margin-top: 100px !important;}&#8221;]Si avvicina l&#8217;appuntamento con la fiera Thermprocess 2023. L&#8217;evento si terr\u00e0 dal 12 al 16 giugno nella citt\u00e0 tedesca di D\u00fcsseldorf. Questa 13 a edizione sar\u00e0 molto significativa per noi, poich\u00e9 l&#8217;ACFI ha deciso di allestire uno stand.[\/vc_column_text][\/vc_column][vc_column width=&#8221;1\/2&#8243;][vc_single_image image=&#8221;3758&#8243; img_size=&#8221;full&#8221; alignment=&#8221;center&#8221;][\/vc_column][\/vc_row][vc_row][vc_column][vc_column_text]Thermprocess \u00e8 la fiera internazionale pi\u00f9 importante&hellip;<\/p>\n<\/div>\n\t<a href=\"https:\/\/acfija.com\/it\/acfi-esporra-alla-fiera-thermprocess-2023-a-dusseldorf\/\" class=\"post-details details-type-link\" rel=\"nofollow\">Per saperne di pi\u00f9<i class=\"fa fa-caret-right\" aria-hidden=\"true\"><\/i><\/a>\n\t\n<\/div><\/article><article class=\"post project-even visible post-1872 type-post status-publish format-standard has-post-thumbnail hentry category-attualita category-15 description-off\" data-name=\"ACFI continua a funzionare\" data-date=\"2020-03-26T09:34:50+01:00\">\n\n<div class=\"post-thumbnail-wrap\">\n\t<div class=\"post-thumbnail\">\n\n\t\t\n\t\t\n\t\t<a href=\"https:\/\/acfija.com\/it\/acfi-continua-a-funzionare\/\" class=\"post-thumbnail-rollover layzr-bg\" ><img loading=\"lazy\" decoding=\"async\" class=\"blog-thumb-lazy-load preload-me\" src=\"data:image\/svg+xml;charset=utf-8,%3Csvg xmlns%3D'http%3A%2F%2Fwww.w3.org%2F2000%2Fsvg' viewBox%3D'0 0 609 406'%2F%3E\" data-src=\"https:\/\/acfija.com\/wp-content\/uploads\/acfi-continua-a-su-disposicion-portada.jpg\" data-srcset=\"https:\/\/acfija.com\/wp-content\/uploads\/acfi-continua-a-su-disposicion-portada.jpg 609w\" alt=\"ACFI continua a funzionare\" title=\"ACFI continua a funzionare\" width=\"609\" height=\"406\"  \/><\/a>\n\t<\/div>\n<\/div>\n\n\n<div class=\"post-entry-content\">\n\n\t<h3 class=\"entry-title\">\n\t\t<a href=\"https:\/\/acfija.com\/it\/acfi-continua-a-funzionare\/\" title=\"ACFI continua a funzionare\" rel=\"bookmark\">ACFI continua a funzionare<\/a>\n\t<\/h3>\n\n\t\n\t<div class=\"entry-excerpt\"><p>[vc_row][vc_column][vc_single_image image=&#8221;1853&#8243; img_size=&#8221;full&#8221; alignment=&#8221;center&#8221;][\/vc_column][\/vc_row][vc_row][vc_column][vc_column_text]Gentile cliente\/ collaboratore, ACFI ha implementato misure per proteggere dipendenti e collaboratori da COVID 19 seguendo le raccomandazioni del Ministero della Salute, attivando protocolli di lavoro. La nostra azienda sta adottando tutte le misure necessarie per affrontare la situazione di crisi, dando la massima priorit\u00e0 alla salute e alla sicurezza per proteggere&hellip;<\/p>\n<\/div>\n\t<a href=\"https:\/\/acfija.com\/it\/acfi-continua-a-funzionare\/\" class=\"post-details details-type-link\" rel=\"nofollow\">Per saperne di pi\u00f9<i class=\"fa fa-caret-right\" aria-hidden=\"true\"><\/i><\/a>\n\t\n<\/div><\/article><article class=\"post project-odd visible post-1391 type-post status-publish format-standard has-post-thumbnail hentry category-attualita category-15 description-off\" data-name=\"Le particolari esigenze dell&#8217;industria petrolchimica\" data-date=\"2017-04-18T13:06:17+02:00\">\n\n<div class=\"post-thumbnail-wrap\">\n\t<div class=\"post-thumbnail\">\n\n\t\t\n\t\t\n\t\t<a href=\"https:\/\/acfija.com\/it\/le-particolari-esigenze-dellindustria-petrolchimica\/\" class=\"post-thumbnail-rollover layzr-bg\" ><img loading=\"lazy\" decoding=\"async\" class=\"blog-thumb-lazy-load preload-me\" src=\"data:image\/svg+xml;charset=utf-8,%3Csvg xmlns%3D'http%3A%2F%2Fwww.w3.org%2F2000%2Fsvg' viewBox%3D'0 0 799 533'%2F%3E\" data-src=\"https:\/\/acfija.com\/wp-content\/uploads\/industria-quimica-acfija-noticia.jpg\" data-srcset=\"https:\/\/acfija.com\/wp-content\/uploads\/industria-quimica-acfija-noticia.jpg 799w\" alt=\"\" title=\"Anclajes y studs para revestimientos refractarios ACFI\" width=\"799\" height=\"533\"  \/><\/a>\n\t<\/div>\n<\/div>\n\n\n<div class=\"post-entry-content\">\n\n\t<h3 class=\"entry-title\">\n\t\t<a href=\"https:\/\/acfija.com\/it\/le-particolari-esigenze-dellindustria-petrolchimica\/\" title=\"Le particolari esigenze dell&#8217;industria petrolchimica\" rel=\"bookmark\">Le particolari esigenze dell&#8217;industria petrolchimica<\/a>\n\t<\/h3>\n\n\t\n\t<div class=\"entry-excerpt\"><p>Le aziende del settore dell&#8217;industria petrolchimica partono da due premesse: un ambiente pericoloso ed elevate temperature. Al momento di costruire i rivestimenti refrattari per questo settore bisogna partire proprio da questi requisiti. Che soluzioni pu\u00f2 offrire loro ACFI Sistemi di fissaggio?<\/p>\n<\/div>\n\t<a href=\"https:\/\/acfija.com\/it\/le-particolari-esigenze-dellindustria-petrolchimica\/\" class=\"post-details details-type-link\" rel=\"nofollow\">Per saperne di pi\u00f9<i class=\"fa fa-caret-right\" aria-hidden=\"true\"><\/i><\/a>\n\t\n<\/div><\/article><div class=\"paginator paginator-more-button\">\n\t\t\t\t<a class=\"button-load-more\" href=\"javascript:void(0);\" data-dt-page=\"1\" ><span class=\"stick\"><\/span><span class=\"stick\"><\/span><span class=\"stick\"><\/span><span class=\"button-caption\">Carica ancora<\/span><\/a>\n\t\t\t<\/div><\/div>[\/vc_column][\/vc_row]<\/p>\n","protected":false},"excerpt":{"rendered":"<p>[vc_row][vc_column][vc_column_text el_class=&#8221;tituloportada&#8221;] Notizie e attualit\u00e0 [\/vc_column_text][\/vc_column][\/vc_row][vc_row][vc_column][\/vc_column][\/vc_row]<\/p>\n","protected":false},"author":1,"featured_media":0,"parent":0,"menu_order":0,"comment_status":"closed","ping_status":"closed","template":"","meta":[],"class_list":["post-1209","page","type-page","status-publish","hentry","description-off"],"yoast_head":"<!-- This site is optimized with the Yoast SEO plugin v27.3 - https:\/\/yoast.com\/product\/yoast-seo-wordpress\/ -->\n<title>Ancoraggi e perni per rivestimenti refrattari. Notizie<\/title>\n<meta name=\"description\" content=\"Articoli di opinione e consigli su elementi di fissaggio per rivestimenti refrattari. Specialisti in ancoraggi e perni.\" \/>\n<meta name=\"robots\" content=\"index, follow, max-snippet:-1, max-image-preview:large, max-video-preview:-1\" \/>\n<link rel=\"canonical\" href=\"https:\/\/acfija.com\/it\/ancoraggi-perni\/\" \/>\n<meta property=\"og:locale\" content=\"it_IT\" \/>\n<meta property=\"og:type\" content=\"article\" \/>\n<meta property=\"og:title\" content=\"Ancoraggi e perni per rivestimenti refrattari. Notizie\" \/>\n<meta property=\"og:description\" content=\"Articoli di opinione e consigli su elementi di fissaggio per rivestimenti refrattari. Specialisti in ancoraggi e perni.\" \/>\n<meta property=\"og:url\" content=\"https:\/\/acfija.com\/it\/ancoraggi-perni\/\" \/>\n<meta property=\"og:site_name\" content=\"ACFIJA\" \/>\n<meta property=\"article:modified_time\" content=\"2024-05-23T09:45:14+00:00\" \/>\n<meta name=\"twitter:card\" content=\"summary_large_image\" \/>\n<meta name=\"twitter:label1\" content=\"Tempo di lettura stimato\" \/>\n\t<meta name=\"twitter:data1\" content=\"1 minuto\" \/>\n<script type=\"application\/ld+json\" class=\"yoast-schema-graph\">{\"@context\":\"https:\\\/\\\/schema.org\",\"@graph\":[{\"@type\":\"WebPage\",\"@id\":\"https:\\\/\\\/acfija.com\\\/it\\\/ancoraggi-perni\\\/\",\"url\":\"https:\\\/\\\/acfija.com\\\/it\\\/ancoraggi-perni\\\/\",\"name\":\"Ancoraggi e perni per rivestimenti refrattari. Notizie\",\"isPartOf\":{\"@id\":\"https:\\\/\\\/acfija.com\\\/#website\"},\"datePublished\":\"2017-04-13T08:58:35+00:00\",\"dateModified\":\"2024-05-23T09:45:14+00:00\",\"description\":\"Articoli di opinione e consigli su elementi di fissaggio per rivestimenti refrattari. Specialisti in ancoraggi e perni.\",\"breadcrumb\":{\"@id\":\"https:\\\/\\\/acfija.com\\\/it\\\/ancoraggi-perni\\\/#breadcrumb\"},\"inLanguage\":\"it-IT\",\"potentialAction\":[{\"@type\":\"ReadAction\",\"target\":[\"https:\\\/\\\/acfija.com\\\/it\\\/ancoraggi-perni\\\/\"]}]},{\"@type\":\"BreadcrumbList\",\"@id\":\"https:\\\/\\\/acfija.com\\\/it\\\/ancoraggi-perni\\\/#breadcrumb\",\"itemListElement\":[{\"@type\":\"ListItem\",\"position\":1,\"name\":\"Portada\",\"item\":\"https:\\\/\\\/acfija.com\\\/it\\\/\"},{\"@type\":\"ListItem\",\"position\":2,\"name\":\"Attualit\u00e0\"}]},{\"@type\":\"WebSite\",\"@id\":\"https:\\\/\\\/acfija.com\\\/#website\",\"url\":\"https:\\\/\\\/acfija.com\\\/\",\"name\":\"ACFIJA\",\"description\":\"Accesorios de fijaci\u00f3n\",\"potentialAction\":[{\"@type\":\"SearchAction\",\"target\":{\"@type\":\"EntryPoint\",\"urlTemplate\":\"https:\\\/\\\/acfija.com\\\/?s={search_term_string}\"},\"query-input\":{\"@type\":\"PropertyValueSpecification\",\"valueRequired\":true,\"valueName\":\"search_term_string\"}}],\"inLanguage\":\"it-IT\"}]}<\/script>\n<!-- \/ Yoast SEO plugin. -->","yoast_head_json":{"title":"Ancoraggi e perni per rivestimenti refrattari. Notizie","description":"Articoli di opinione e consigli su elementi di fissaggio per rivestimenti refrattari. Specialisti in ancoraggi e perni.","robots":{"index":"index","follow":"follow","max-snippet":"max-snippet:-1","max-image-preview":"max-image-preview:large","max-video-preview":"max-video-preview:-1"},"canonical":"https:\/\/acfija.com\/it\/ancoraggi-perni\/","og_locale":"it_IT","og_type":"article","og_title":"Ancoraggi e perni per rivestimenti refrattari. Notizie","og_description":"Articoli di opinione e consigli su elementi di fissaggio per rivestimenti refrattari. Specialisti in ancoraggi e perni.","og_url":"https:\/\/acfija.com\/it\/ancoraggi-perni\/","og_site_name":"ACFIJA","article_modified_time":"2024-05-23T09:45:14+00:00","twitter_card":"summary_large_image","twitter_misc":{"Tempo di lettura stimato":"1 minuto"},"schema":{"@context":"https:\/\/schema.org","@graph":[{"@type":"WebPage","@id":"https:\/\/acfija.com\/it\/ancoraggi-perni\/","url":"https:\/\/acfija.com\/it\/ancoraggi-perni\/","name":"Ancoraggi e perni per rivestimenti refrattari. Notizie","isPartOf":{"@id":"https:\/\/acfija.com\/#website"},"datePublished":"2017-04-13T08:58:35+00:00","dateModified":"2024-05-23T09:45:14+00:00","description":"Articoli di opinione e consigli su elementi di fissaggio per rivestimenti refrattari. Specialisti in ancoraggi e perni.","breadcrumb":{"@id":"https:\/\/acfija.com\/it\/ancoraggi-perni\/#breadcrumb"},"inLanguage":"it-IT","potentialAction":[{"@type":"ReadAction","target":["https:\/\/acfija.com\/it\/ancoraggi-perni\/"]}]},{"@type":"BreadcrumbList","@id":"https:\/\/acfija.com\/it\/ancoraggi-perni\/#breadcrumb","itemListElement":[{"@type":"ListItem","position":1,"name":"Portada","item":"https:\/\/acfija.com\/it\/"},{"@type":"ListItem","position":2,"name":"Attualit\u00e0"}]},{"@type":"WebSite","@id":"https:\/\/acfija.com\/#website","url":"https:\/\/acfija.com\/","name":"ACFIJA","description":"Accesorios de fijaci\u00f3n","potentialAction":[{"@type":"SearchAction","target":{"@type":"EntryPoint","urlTemplate":"https:\/\/acfija.com\/?s={search_term_string}"},"query-input":{"@type":"PropertyValueSpecification","valueRequired":true,"valueName":"search_term_string"}}],"inLanguage":"it-IT"}]}},"_links":{"self":[{"href":"https:\/\/acfija.com\/it\/wp-json\/wp\/v2\/pages\/1209","targetHints":{"allow":["GET"]}}],"collection":[{"href":"https:\/\/acfija.com\/it\/wp-json\/wp\/v2\/pages"}],"about":[{"href":"https:\/\/acfija.com\/it\/wp-json\/wp\/v2\/types\/page"}],"author":[{"embeddable":true,"href":"https:\/\/acfija.com\/it\/wp-json\/wp\/v2\/users\/1"}],"replies":[{"embeddable":true,"href":"https:\/\/acfija.com\/it\/wp-json\/wp\/v2\/comments?post=1209"}],"version-history":[{"count":5,"href":"https:\/\/acfija.com\/it\/wp-json\/wp\/v2\/pages\/1209\/revisions"}],"predecessor-version":[{"id":4838,"href":"https:\/\/acfija.com\/it\/wp-json\/wp\/v2\/pages\/1209\/revisions\/4838"}],"wp:attachment":[{"href":"https:\/\/acfija.com\/it\/wp-json\/wp\/v2\/media?parent=1209"}],"curies":[{"name":"wp","href":"https:\/\/api.w.org\/{rel}","templated":true}]}}