{"id":1226,"date":"2017-04-21T14:31:50","date_gmt":"2017-04-21T12:31:50","guid":{"rendered":"http:\/\/acfija.com\/aviso-legal\/"},"modified":"2017-08-08T18:01:27","modified_gmt":"2017-08-08T16:01:27","slug":"note-legali","status":"publish","type":"page","link":"https:\/\/acfija.com\/it\/note-legali\/","title":{"rendered":"Note legali"},"content":{"rendered":"<p>[vc_row][vc_column][vc_column_text]<\/p>\n<p style=\"text-align: justify;\">In osservanza della Legge 34\/2002 in materia di servizi della Societ\u00e0 dell\u2019Informazione e commercio elettronico della Spagna, vi informiamo che questo sito web \u00e8 di propriet\u00e0 di Accesorios de Fijaci\u00f3n, S.L. con partita IVA B61119764, iscritta nel Registro Mercantile di Barcellona. Tomo 29.218, Foglio 1, Pagina B-153167.<\/p>\n<p style=\"text-align: justify;\">Questo sito \u00e8 regolato dalla normativa vigente in Spagna, e rimangono sottoposti ad essa sia gli utenti nazionali sia quelli stranieri che fanno uso del sito.<\/p>\n<p style=\"text-align: justify;\">L\u2019accesso al nostro sito in quanto UTENTE \u00e8 gratuito ed \u00e8 subordinato a previa lettura e accettazione integrale, esplicita e incondizionata delle presenti CONDIZIONI GENERALI D\u2019USO vigenti al momento dell\u2019accesso, che preghiamo di leggere attentamente. L\u2019UTENTE, al momento dell\u2019utilizzo del nostro sito web, dei suoi contenuti o servizi, accetta e si sottopone pienamente alle condizioni generali d\u2019uso dello stesso. Se l\u2019UTENTE non fosse d\u2019accordo con le presenti condizioni, dovr\u00e0 astenersi dall\u2019utilizzo di questo sito o dall&#8217;agire per mezzo di esso.<\/p>\n<p style=\"text-align: justify;\">Ci riserviamo il diritto di modificare in qualsiasi momento la grafica e la configurazione del sito, ampliare o ridurre i servizi, compresa l&#8217;eliminazione dello stesso, cos\u00ec come anche i servizi e contenuti offerti, e tutto ci\u00f2 in modo unilaterale e senza alcun preavviso.<\/p>\n<p><strong>A. PROPRIET\u00c0 INTELLETTUALE<\/strong><\/p>\n<p style=\"text-align: justify;\">Tutti i contenuti, documenti, immagini e codici sorgente sono propriet\u00e0 di Accesorios de Fijaci\u00f3n, S.L. o di chi legittimamente disponga dei diritti relativi e sono tutelati dai diritti di Propriet\u00e0 Intellettuale e Industriale.<\/p>\n<p style=\"text-align: justify;\">L\u2019UTENTE ha solo diritto a un uso privato degli stessi, senza scopi di lucro, eccetto in caso di consenso scritto da parte di Accesorios de Fijaci\u00f3n, S.L. e\/o del titolare dei diritti, che d\u00e0 il diritto alla modifica, la riproduzione, lo sfruttamento economico, la distribuzione del sito o qualsiasi altro diritto appartenente al titolare.<\/p>\n<p style=\"text-align: justify;\">La fornitura da parte nostra del link al sito non conferisce nessun diritto sul medesimo e ha l\u2019unica funzione di permettere l&#8217;accesso al nostro sito web. E&#8217; vietata, in altri siti web, qualsiasi riproduzione totale o parziale delle immagini e\/o contenuti del nostro sito web. Analogamente, la sola fornitura del link al nostro sito non conferisce diritto a considerarsi collaboratore o socio dell&#8217;azienda Accesorios de Fijaci\u00f3n, S.L<\/p>\n<p style=\"text-align: justify;\">E&#8217; assolutamente vietata l&#8217;imitazione, sia totale che parziale, del nostro sito web.<\/p>\n<p><strong>B. CONDIZIONI D&#8217;ACCESSO<\/strong><\/p>\n<p style=\"text-align: justify;\">L&#8217;accesso al nostro sito \u00e8 gratuito e non richiede n\u00e9 iscrizione n\u00e9 registrazione. Tuttavia, Accesorios de Fijaci\u00f3n, S.L. si riserva il diritto di offrire servizi che richiedano precedente registrazione dell&#8217;UTENTE. In tal caso, questi servizi risulteranno ben in evidenza sul sito e saranno accompagnati da facili istruzioni per poter effettuare la registrazione.<\/p>\n<p style=\"text-align: justify;\">L&#8217;UTENTE deve usufruire del sito nel rispetto del buon senso, delle norme di ordine pubblico e delle presenti Condizioni Generali d&#8217;uso. L&#8217;accesso al sito viene effettuato sotto l\u2019unica e sola responsabilit\u00e0 dell&#8217;UTENTE, che risponder\u00e0 di qualsiasi danno arrecato nei confronti di terzi o dell&#8217;azienda stessa.<\/p>\n<p style=\"text-align: justify;\">All&#8217;UTENTE \u00e8 espressamente proibito l&#8217;utilizzo e l&#8217;ottenimento dei servizi contenuti e offerti sul presente sito attraverso procedure diverse da quelle stipulate nelle presenti condizioni d&#8217;uso ed, eventualmente, nelle condizioni particolari che regolano la fornitura di un determinato servizio.<\/p>\n<p style=\"text-align: justify;\">Tenendo conto dell&#8217;impossibilit\u00e0 di operare un controllo sulle informazioni, contenuti e servizi presenti in altri siti accessibili tramite i link messi a disposizione dal nostro sito, comunichiamo che Accesorios de Fijaci\u00f3n, S.L. \u00e8 sollevata da qualsiasi responsabilit\u00e0 per ogni tipo di danno che dovesse derivare dall&#8217;utilizzo dei suddetti siti da parte dell&#8217;UTENTE. Accesorios de Fijaci\u00f3n, S.L. si riserva il diritto di avviare le opportune azioni legali nei confronti degli UTENTI che violino le presenti condizioni generali d&#8217;uso, e l&#8217;UTENTE accetta che il mancato avvio delle stesse non costituisce una rinuncia formale, poich\u00e9 esse restano vigenti fino ai termini di prescrizione delle violazioni.<\/p>\n<p><strong>C. PROTEZIONE DEI DATI PERSONALI<\/strong><\/p>\n<p style=\"text-align: justify;\">La confidenzialit\u00e0, il segreto professionale e la sicurezza sono valori fondamentali per Accesorios de Fijaci\u00f3n, S.L., che si impegna a garantire la privacy dell&#8217;UTENTE in qualunque momento e per qualunque interazione con esso. Accesorios de Fijaci\u00f3n, S.L.si impegna inoltre a non ricavare informazioni non necessarie relative all\u2019UTENTE, e a trattare con la dovuta cura le informazioni personali che l&#8217;UTENTE pu\u00f2 fornire attraverso il presente sito.<\/p>\n<p style=\"text-align: justify;\">Come definito dalla Legge Organica 15\/1999 sulla Protezione dei Dati di Carattere Personale (LOPD) e dal Regio Decreto-legge 1720\/2007 di sviluppo della LOPD, vi informiamo che l&#8217;utilizzo di determinati servizi sul presente sito prevede che siano forniti dati personali tramite un modulo di registrazione o l&#8217;invio di una e-mail, e che essi siano soggetti a trattamento e inclusione nei database di Accesorios de Fijaci\u00f3n, S.L., gestore e responsabile degli stessi. L&#8217;invio dei dati personali costituisce esplicito consenso al trattamento degli stessi, per quanto revocabile e senza effetto retroattivo.<\/p>\n<p style=\"text-align: justify;\">Inoltre informiamo che tutti i nostri documenti sono legalmente iscritti nel Registro Generale dei dati personali dell&#8217;Agenzia spagnola per la protezione dei dati; informiamo anche che, per salvaguardare la sicurezza dei dati personali, verranno applicate le misure di sicurezza tecniche e organizzative prescritte nel Regio Decreto 1720\/2007, che regola la normativa sulle misure di sicurezza dei documenti che contengano dati di natura personale.<\/p>\n<p><strong>USO DEI DATI PERSONALI<\/strong><\/p>\n<p style=\"text-align: justify;\">I dati da noi richiesti sono appropriati, pertinenti e strettamente necessari alla finalit\u00e0 per la quale vengono forniti, in nessun caso si verr\u00e0 obbligati a fornirli. Analogamente, ci certificano che i dati a noi forniti sono esatti e pertinenti alla finalit\u00e0 per la quale li richiediamo. Il presente sito raccoglie i dati personali mediante diversi moduli da compilare e attraverso le e-mail ricevute dove si pu\u00f2 richiedere qualsiasi tipo di informazione o chiarimento, e persino farci pervenire il proprio curriculum vitae. L&#8217;invio degli stessi autorizza a inserirli nei documenti aziendali corrispondenti, se Accesorios de Fijaci\u00f3n, S.L. lo ritiene opportuno, e questi verranno trattati secondo le presenti politiche di privacy. I dati verranno inclusi all&#8217;interno dei nostri database amministrativi.<\/p>\n<p style=\"text-align: justify;\">Accesorios de Fijaci\u00f3n, S.L., si riserva la facolt\u00e0 di inserire o meno i dati personali ricevuti all&#8217;interno dei propri database.<\/p>\n<p><strong>DIRITTO DI ACCESSO, RETTIFICA, CANCELLAZIONE DEI PROPRI DATI PERSONALI<\/strong><\/p>\n<p style=\"text-align: justify;\">Ci si pu\u00f2 opporre in qualsiasi momento all&#8217;invio di e-mail commerciali, oltre a poter esercitare il diritto di accesso, rettifica e cancellazione in termini stabiliti legalmente, rivolgendosi a: Accesorios de Fijaci\u00f3n, S.L.<\/p>\n<p><strong>COMUNICAZIONE DEI DATI<\/strong><\/p>\n<p style=\"text-align: justify;\">Accesorios de Fijaci\u00f3n, S.L. informa che i dati sensibili dell&#8217;utente vengono trattati in modo riservato e utilizzati esclusivamente all&#8217;interno dell&#8217;azienda per le finalit\u00e0 indicate. Pertanto, non cediamo n\u00e9 comunichiamo i dati a terzi, fatta eccezione per casi in cui \u00e8 legalmente previsto, o in seguito a esplicita autorizzazione dell&#8217;UTENTE<\/p>\n<p><strong>SICUREZZA DEI DATI PERSONALI<\/strong><\/p>\n<p style=\"text-align: justify;\">Con l&#8217;obiettivo di salvaguardare la sicurezza dei dati personali, informiamo che Accesorios de Fijaci\u00f3n, S.L. adotta tutte le misure di tipo tecnico e organizzativo necessarie a garantire la protezione dei dati personali forniti dalla manomissione, perdita o tentativi di accesso non autorizzato, in osservanza del Regio Decreto 1720\/2007 che regola la normativa sulle misure di sicurezza dei documenti che contengano dati di natura personale.<\/p>\n<p><strong>AGGIORNAMENTO DEI DATI<\/strong><\/p>\n<p style=\"text-align: justify;\">E&#8217; importante, onde consentire il mantenimento dei dati personali aggiornati, informarci nel caso questi subissero eventuali modifiche. In caso contrario, non rispondiamo della veridicit\u00e0 degli stessi.<\/p>\n<p style=\"text-align: justify;\">Nel caso in cui non vengano espressamente cancellati i propri dati personali dai nostri database, continueremo a ritenere che l&#8217;utente sia interessato a figurare negli stessi fino a che Accesorios de Fijaci\u00f3n, S.L. lo ritenga opportuno e purch\u00e9 sia utile alla finalit\u00e0 per la quale sono stati richiesti. Accesorios de Fijaci\u00f3n, S.L. non \u00e8 responsabile della politica della privacy che riguarda i dati personali forniti a terzi per mezzo dei link presenti sul nostro sito.<\/p>\n<p style=\"text-align: justify;\">Accesorios de Fijaci\u00f3n, S.L. pu\u00f2 modificare le presenti politiche di privacy per adattarle a eventuali modifiche apportate al proprio sito, che siano modifiche legislative o giurisprudenziali sui dati personali che si presentano, perci\u00f2 esige che venga presa visione delle politiche ogni qual volta si forniscono i propri dati sensibili attraverso il presente sito web.<\/p>\n<p><strong>D. RESPONSABILIT\u00c0<\/strong><\/p>\n<p style=\"text-align: justify;\">Mettendo a disposizione dell&#8217;UTENTE questo sito web intendiamo offrire una serie di contenuti e servizi di qualit\u00e0, prestando la dovuta attenzione sia nella fornitura sia nei mezzi tecnologici utilizzati. Nonostante ci\u00f2, non risponderemo della presenza di virus e altri elementi che possano in qualche modo danneggiare il sistema informatico dell&#8217;UTENTE.<\/p>\n<p style=\"text-align: justify;\">All&#8217;UTENTE \u00e8 vietata qualsiasi tipo di azione che produca un sovraccarico all&#8217;interno dei nostri sistemi informatici, nonch\u00e9 l&#8217;introduzione di virus, l\u2019installazione di software che alterino il normale funzionamento del nostro sito web o che possano danneggiare i nostri sistemi informatici.<\/p>\n<p style=\"text-align: justify;\">L&#8217;UTENTE si assume ogni responsabilit\u00e0 derivata dall&#8217;utilizzo del sito, essendo l&#8217;unico responsabile delle conseguenze dirette e indirette che possono verificarsi, inclusi, in forma enunciativa e non limitativa, gli esiti negativi di natura economica, tecnica e\/o giuridica, oltre alla delusione delle aspettative create dal presente sito, obbligando l&#8217;UTENTE a sollevare Accesorios de Fijaci\u00f3n, S.L. da qualsiasi reclamo, diretto e indiretto, derivato da tali questioni.<\/p>\n<p style=\"text-align: justify;\">Accesorios de Fijaci\u00f3n, S.L. \u00e8 sollevato dalla responsabilit\u00e0 di qualsiasi reclamo riguardo ai diritti di propriet\u00e0 intellettuale degli articoli e delle immagini pubblicate sul sito, oltre a non garantire l\u2019esattezza, veridicit\u00e0 e validit\u00e0 dei contenuti del presente sito web, siano essi di propriet\u00e0 dell&#8217;azienda, di terzi o di altri siti, risultando quindi totalmente sollevato da ogni responsabilit\u00e0 derivata dall&#8217;utilizzo degli stessi.<\/p>\n<p style=\"text-align: justify;\">Accesorios de Fijaci\u00f3n, S.L. \u00e8 sollevato da ogni responsabilit\u00e0 derivata da qualsiasi reclamo, incluso il pagamento di onorari ad avvocati, per querele e reclami provenienti da terzi per inosservanza da parte dell&#8217;UTENTE delle nostre condizioni d&#8217;uso, d&#8217;accesso e della politica di privacy, o per qualunque altra denuncia per inosservanza della normativa in vigore.<\/p>\n<p style=\"text-align: justify;\">L&#8217;UTENTE dichiara di aver compreso tutte le informazioni riguardanti le condizioni generali d&#8217;uso del presente sito, e che sono sufficienti a evitare errori nell&#8217;utilizzo dello stesso e, per tanto, le accetta integralmente ed esplicitamente.<\/p>\n<p style=\"text-align: justify;\">L&#8217;UTENTE \u00e8 pienamente cosciente che la mera navigazione sul presente sito, cos\u00ec come l&#8217;utilizzo dei suoi servizi, implica il consenso delle precedenti condizioni d&#8217;uso.<\/p>\n<p style=\"text-align: justify;\">Tutto ci\u00f2 che riguarda il presente sito web, \u00e8 regolato dalle leggi vigenti in territorio spagnolo. In caso di discrepanze o diverse interpretazioni delle parti in relazione al contenuto del sito, tutte le parti in causa si sottopongono, con espressa rinuncia a qualsiasi altra giurisdizione competente, ai Tribunali di Barcellona.<\/p>\n<p><strong>E. GOOGLE ANALYTICS<\/strong><\/p>\n<p style=\"text-align: justify;\">Questo sito web utilizza Google Analytics, un servizio web di Google, Inc., la cui sede principale \u00e8 ubicata in: 1600 Amphitheatre Parkway, Mountain View (California), CA 94043, Stati Uniti (\u201cGoogle\u201d).<\/p>\n<p style=\"text-align: justify;\">Google Analytics usa i \u201ccookie\u201d, file di testo presenti nel proprio computer che aiutano il sito web a effettuare analisi ed elaborare statistiche sull&#8217;utilizzo del sito da parte degli utenti.<\/p>\n<p style=\"text-align: justify;\">Le informazioni generate dai cookie sull&#8217;utilizzo del sito (tra cui l&#8217;indirizzo IP) sono trasmesse direttamente da Google e archiviate nei loro server statunitensi.<\/p>\n<p style=\"text-align: justify;\">Google user\u00e0 queste informazioni per nostro conto allo scopo di tracciare ed esaminare il vostro utilizzo del sito web, compilare report sulle attivit\u00e0 del sito e fornire altri servizi relativi alle attivit\u00e0 del sito web e all\u2019utilizzo di Internet.<\/p>\n<p style=\"text-align: justify;\">Google potr\u00e0 trasmettere a terzi le informazioni ricavate se dovesse essere previsto dalla legislazione, o nel caso in cui i suddetti terzi elaborino le informazioni per conto di Google.<\/p>\n<p style=\"text-align: justify;\">Google non assocer\u00e0 il vostro indirizzo IP ad altri dati di cui dispone.<\/p>\n<p style=\"text-align: justify;\">Questo sito web pu\u00f2 far uso di &#8220;tracking tags\u201d in determinate sezioni del sito per l&#8217;ottimizzazione di campagne di marketing, senza appropriarsi in nessun caso dei dati sensibili dell&#8217;utente.<\/p>\n<p style=\"text-align: justify;\">L&#8217;UTENTE pu\u00f2 rifiutare il trattamento dei dati o delle informazioni disattivando l&#8217;opzione &#8220;uso dei cookie&#8221; nella configurazione del proprio browser; tuttavia, cos\u00ec facendo non sar\u00e0 in grado di usufruire delle complete funzionalit\u00e0 del sito. Con l&#8217;utilizzo del presente sito l&#8217;UTENTE consente il trattamento delle informazioni da parte di Google nella forma e per le finalit\u00e0 precedentemente indicate.<\/p>\n<p>[\/vc_column_text][\/vc_column][\/vc_row]<\/p>\n","protected":false},"excerpt":{"rendered":"<p>[vc_row][vc_column][vc_column_text] In osservanza della Legge 34\/2002 in materia di servizi della Societ\u00e0 dell\u2019Informazione e commercio elettronico della Spagna, vi informiamo che questo sito web \u00e8 di propriet\u00e0 di Accesorios de Fijaci\u00f3n, S.L. con partita IVA B61119764, iscritta nel Registro Mercantile di Barcellona. Tomo 29.218, Foglio 1, Pagina B-153167. Questo sito \u00e8 regolato dalla normativa vigente&hellip;<\/p>\n","protected":false},"author":1,"featured_media":0,"parent":0,"menu_order":0,"comment_status":"closed","ping_status":"closed","template":"","meta":[],"class_list":["post-1226","page","type-page","status-publish","hentry","description-off"],"yoast_head":"<!-- This site is optimized with the Yoast SEO plugin v27.3 - https:\/\/yoast.com\/product\/yoast-seo-wordpress\/ -->\n<title>Note legali di ACFI Sistemi di fissaggio, ancoraggi e perni<\/title>\n<meta name=\"description\" content=\"Azienda specializzata in produzione e saldatura di accessori di fissaggio, ancoraggi e perni. Informativa sulla Legge organica di protezione dei dati di carattere personale (LOPD), Legge sui servizi delle societ\u00e0 dell\u2019informazione e del commercio elettronico (LSSICE) e Legge sull&#039;uso dei cookie.\" \/>\n<meta name=\"robots\" content=\"index, follow, max-snippet:-1, max-image-preview:large, max-video-preview:-1\" \/>\n<link rel=\"canonical\" href=\"https:\/\/acfija.com\/it\/note-legali\/\" \/>\n<meta property=\"og:locale\" content=\"it_IT\" \/>\n<meta property=\"og:type\" content=\"article\" \/>\n<meta property=\"og:title\" content=\"Note legali di ACFI Sistemi di fissaggio, ancoraggi e perni\" \/>\n<meta property=\"og:description\" content=\"Azienda specializzata in produzione e saldatura di accessori di fissaggio, ancoraggi e perni. Informativa sulla Legge organica di protezione dei dati di carattere personale (LOPD), Legge sui servizi delle societ\u00e0 dell\u2019informazione e del commercio elettronico (LSSICE) e Legge sull&#039;uso dei cookie.\" \/>\n<meta property=\"og:url\" content=\"https:\/\/acfija.com\/it\/note-legali\/\" \/>\n<meta property=\"og:site_name\" content=\"ACFIJA\" \/>\n<meta property=\"article:modified_time\" content=\"2017-08-08T16:01:27+00:00\" \/>\n<meta name=\"twitter:card\" content=\"summary_large_image\" \/>\n<meta name=\"twitter:label1\" content=\"Tempo di lettura stimato\" \/>\n\t<meta name=\"twitter:data1\" content=\"10 minuti\" \/>\n<script type=\"application\/ld+json\" class=\"yoast-schema-graph\">{\"@context\":\"https:\\\/\\\/schema.org\",\"@graph\":[{\"@type\":\"WebPage\",\"@id\":\"https:\\\/\\\/acfija.com\\\/it\\\/note-legali\\\/\",\"url\":\"https:\\\/\\\/acfija.com\\\/it\\\/note-legali\\\/\",\"name\":\"Note legali di ACFI Sistemi di fissaggio, ancoraggi e perni\",\"isPartOf\":{\"@id\":\"https:\\\/\\\/acfija.com\\\/#website\"},\"datePublished\":\"2017-04-21T12:31:50+00:00\",\"dateModified\":\"2017-08-08T16:01:27+00:00\",\"description\":\"Azienda specializzata in produzione e saldatura di accessori di fissaggio, ancoraggi e perni. Informativa sulla Legge organica di protezione dei dati di carattere personale (LOPD), Legge sui servizi delle societ\u00e0 dell\u2019informazione e del commercio elettronico (LSSICE) e Legge sull'uso dei cookie.\",\"breadcrumb\":{\"@id\":\"https:\\\/\\\/acfija.com\\\/it\\\/note-legali\\\/#breadcrumb\"},\"inLanguage\":\"it-IT\",\"potentialAction\":[{\"@type\":\"ReadAction\",\"target\":[\"https:\\\/\\\/acfija.com\\\/it\\\/note-legali\\\/\"]}]},{\"@type\":\"BreadcrumbList\",\"@id\":\"https:\\\/\\\/acfija.com\\\/it\\\/note-legali\\\/#breadcrumb\",\"itemListElement\":[{\"@type\":\"ListItem\",\"position\":1,\"name\":\"Portada\",\"item\":\"https:\\\/\\\/acfija.com\\\/it\\\/\"},{\"@type\":\"ListItem\",\"position\":2,\"name\":\"Note legali\"}]},{\"@type\":\"WebSite\",\"@id\":\"https:\\\/\\\/acfija.com\\\/#website\",\"url\":\"https:\\\/\\\/acfija.com\\\/\",\"name\":\"ACFIJA\",\"description\":\"Accesorios de fijaci\u00f3n\",\"potentialAction\":[{\"@type\":\"SearchAction\",\"target\":{\"@type\":\"EntryPoint\",\"urlTemplate\":\"https:\\\/\\\/acfija.com\\\/?s={search_term_string}\"},\"query-input\":{\"@type\":\"PropertyValueSpecification\",\"valueRequired\":true,\"valueName\":\"search_term_string\"}}],\"inLanguage\":\"it-IT\"}]}<\/script>\n<!-- \/ Yoast SEO plugin. -->","yoast_head_json":{"title":"Note legali di ACFI Sistemi di fissaggio, ancoraggi e perni","description":"Azienda specializzata in produzione e saldatura di accessori di fissaggio, ancoraggi e perni. Informativa sulla Legge organica di protezione dei dati di carattere personale (LOPD), Legge sui servizi delle societ\u00e0 dell\u2019informazione e del commercio elettronico (LSSICE) e Legge sull'uso dei cookie.","robots":{"index":"index","follow":"follow","max-snippet":"max-snippet:-1","max-image-preview":"max-image-preview:large","max-video-preview":"max-video-preview:-1"},"canonical":"https:\/\/acfija.com\/it\/note-legali\/","og_locale":"it_IT","og_type":"article","og_title":"Note legali di ACFI Sistemi di fissaggio, ancoraggi e perni","og_description":"Azienda specializzata in produzione e saldatura di accessori di fissaggio, ancoraggi e perni. Informativa sulla Legge organica di protezione dei dati di carattere personale (LOPD), Legge sui servizi delle societ\u00e0 dell\u2019informazione e del commercio elettronico (LSSICE) e Legge sull'uso dei cookie.","og_url":"https:\/\/acfija.com\/it\/note-legali\/","og_site_name":"ACFIJA","article_modified_time":"2017-08-08T16:01:27+00:00","twitter_card":"summary_large_image","twitter_misc":{"Tempo di lettura stimato":"10 minuti"},"schema":{"@context":"https:\/\/schema.org","@graph":[{"@type":"WebPage","@id":"https:\/\/acfija.com\/it\/note-legali\/","url":"https:\/\/acfija.com\/it\/note-legali\/","name":"Note legali di ACFI Sistemi di fissaggio, ancoraggi e perni","isPartOf":{"@id":"https:\/\/acfija.com\/#website"},"datePublished":"2017-04-21T12:31:50+00:00","dateModified":"2017-08-08T16:01:27+00:00","description":"Azienda specializzata in produzione e saldatura di accessori di fissaggio, ancoraggi e perni. Informativa sulla Legge organica di protezione dei dati di carattere personale (LOPD), Legge sui servizi delle societ\u00e0 dell\u2019informazione e del commercio elettronico (LSSICE) e Legge sull'uso dei cookie.","breadcrumb":{"@id":"https:\/\/acfija.com\/it\/note-legali\/#breadcrumb"},"inLanguage":"it-IT","potentialAction":[{"@type":"ReadAction","target":["https:\/\/acfija.com\/it\/note-legali\/"]}]},{"@type":"BreadcrumbList","@id":"https:\/\/acfija.com\/it\/note-legali\/#breadcrumb","itemListElement":[{"@type":"ListItem","position":1,"name":"Portada","item":"https:\/\/acfija.com\/it\/"},{"@type":"ListItem","position":2,"name":"Note legali"}]},{"@type":"WebSite","@id":"https:\/\/acfija.com\/#website","url":"https:\/\/acfija.com\/","name":"ACFIJA","description":"Accesorios de fijaci\u00f3n","potentialAction":[{"@type":"SearchAction","target":{"@type":"EntryPoint","urlTemplate":"https:\/\/acfija.com\/?s={search_term_string}"},"query-input":{"@type":"PropertyValueSpecification","valueRequired":true,"valueName":"search_term_string"}}],"inLanguage":"it-IT"}]}},"_links":{"self":[{"href":"https:\/\/acfija.com\/it\/wp-json\/wp\/v2\/pages\/1226","targetHints":{"allow":["GET"]}}],"collection":[{"href":"https:\/\/acfija.com\/it\/wp-json\/wp\/v2\/pages"}],"about":[{"href":"https:\/\/acfija.com\/it\/wp-json\/wp\/v2\/types\/page"}],"author":[{"embeddable":true,"href":"https:\/\/acfija.com\/it\/wp-json\/wp\/v2\/users\/1"}],"replies":[{"embeddable":true,"href":"https:\/\/acfija.com\/it\/wp-json\/wp\/v2\/comments?post=1226"}],"version-history":[{"count":1,"href":"https:\/\/acfija.com\/it\/wp-json\/wp\/v2\/pages\/1226\/revisions"}],"predecessor-version":[{"id":1228,"href":"https:\/\/acfija.com\/it\/wp-json\/wp\/v2\/pages\/1226\/revisions\/1228"}],"wp:attachment":[{"href":"https:\/\/acfija.com\/it\/wp-json\/wp\/v2\/media?parent=1226"}],"curies":[{"name":"wp","href":"https:\/\/api.w.org\/{rel}","templated":true}]}}