{"id":1530,"date":"2024-02-13T09:33:52","date_gmt":"2024-02-13T08:33:52","guid":{"rendered":"http:\/\/acfija.com\/?page_id=1530"},"modified":"2026-01-19T15:16:40","modified_gmt":"2026-01-19T14:16:40","slug":"acfi","status":"publish","type":"page","link":"https:\/\/acfija.com\/it\/acfi\/","title":{"rendered":"Acfi"},"content":{"rendered":"<p>[vc_row type=&#8221;vc_default&#8221; css=&#8221;.vc_custom_1492770493199{margin-top: 70px !important;}&#8221;][vc_column][vc_column_text el_class=&#8221;banneracfi&#8221;]<\/p>\n<h2 class=\"tituloproductos\">Ancoraggi, perni e sistemi di fissaggio<\/h2>\n<p>Per garantire sicurezza e fiducia, ACFI ha ottenuto le principali certificazioni europee di qualit\u00e0<\/p>\n<div class=\"text-centered\"><a id=\"dt-btn-1\" class=\"btn-shortcode dt-btn-l dt-btn btn-light default-btn-color default-btn-hover-color default-btn-bg-color default-btn-bg-hover-color ripple\" style=\"-webkit-tap-highlight-color: rgba(0, 0, 0, 0);\" href=\"\/pdf\/CERT_9001_EN_2026.pdf\" target=\"_blank\" rel=\"noopener noreferrer\"><span class=\"text-wrap\" style=\"position: relative; z-index: 2;\"><i class=\"fa fa-arrow-down\"><\/i>Scarica<\/span><\/a><\/div>\n<p>[\/vc_column_text][\/vc_column][\/vc_row][vc_row type=&#8221;vc_default&#8221; full_width=&#8221;stretch_row&#8221; bg_type=&#8221;bg_color&#8221; css=&#8221;.vc_custom_1492771035233{margin-top: 30px !important;margin-bottom: 0px !important;padding-top: 20px !important;padding-bottom: 20px !important;}&#8221; bg_color_value=&#8221;#f18e00&#8243;][vc_column][vc_column_text]<strong>ACFI<\/strong> \u00e8 il vostro miglior alleato nella costruzione di rivestimenti refrattari. Siamo un\u2019azienda che fornisce un servizio a 360\u00ba: produciamo e forniamo elementi di fissaggio, ci occupiamo della saldatura e altri servizi affini durante l\u2019esecuzione dei lavori.<\/p>\n<p class=\"diferentes\">In cosa ci distinguiamo?<\/p>\n<p>[\/vc_column_text][\/vc_column][\/vc_row][vc_row type=&#8221;vc_default&#8221; equal_height=&#8221;yes&#8221; bg_type=&#8221;image&#8221; parallax_style=&#8221;vcpb-default&#8221; css=&#8221;.vc_custom_1492774952845{margin-top: 40px !important;margin-bottom: 40px !important;}&#8221;][vc_column width=&#8221;1\/2&#8243;][vc_column_text]Noi di <strong>ACFI Sistemi di fissaggio<\/strong> sappiamo che la nostra immagine \u00e8 quella dei nostri operatori, poich\u00e9 rappresentano fisicamente l\u2019azienda sul luogo di intervento e costituiscono i principali interlocutori con la direzione lavori. Per questo, ci occupiamo con molta attenzione della loro selezione e formazione.<\/p>\n<p>Scegliamo professionisti del settore che si identificano con i valori umani che noi stessi difendiamo affinch\u00e9, una volta messi all\u2019opera, svolgano le loro mansioni con responsabilit\u00e0 e impegno all\u2019interno del team di lavoro.<\/p>\n<p>I nostri operatori sono coscienti del fatto che il loro lavoro \u00e8 parte di un meccanismo pi\u00f9 grande e che devono essere efficienti per permettere al resto delle procedure di essere eseguite in maniera ottimale.<\/p>\n<p><strong>La formazione continua \u00e8 un altro degli aspetti da mettere in luce all\u2019interno della nostra organizzazione<\/strong>. I continui progressi nella tecnologia del nostro settore e l\u2019importanza dell\u2019aggiornamento dei protocolli di sicurezza sono due elementi che fanno parte della nostra quotidianit\u00e0 e che richiedono un aggiornamento professionale costante.[\/vc_column_text][\/vc_column][vc_column width=&#8221;1\/2&#8243;]\n<div id=\"interactive-banner-1-wrap-2687\" class=\"ult-banner-block ult-adjust-bottom-margin ult-bb-none  banner-style01 \"   style=\"\">\n\t<img decoding=\"async\" src=\"https:\/\/acfija.com\/wp-content\/uploads\/acfi-profesionales.jpg\" alt=\"null\">\n\t<h3  data-ultimate-target='#interactive-banner-1-wrap-2687 .bb-top-title '  data-responsive-json-new='{\"font-size\":\"\",\"line-height\":\"\"}'  class=\"title-center bb-top-title ult-responsive\" style=\"font-weight:normal;background:#463031;color:#ffffff;\">Preparazione - Una squadra di professionisti qualificati al vostro servizio<\/h3>\n\t<div class=\"mask opaque-background\" style=\"background:rgba(70,48,49,0.4);\">\n\t\t<div  data-ultimate-target='#interactive-banner-1-wrap-2687 .bb-description'  data-responsive-json-new='{\"font-size\":\"\",\"line-height\":\"\"}'  class=\"bb-description ult-responsive\" style=\"font-weight:normal;color:#ffffff;\"><\/div>\n\t<\/div>\n<\/div>[\/vc_column][\/vc_row][vc_row][vc_column][vc_separator color=&#8221;orange&#8221; style=&#8221;dotted&#8221; border_width=&#8221;2&#8243;][\/vc_column][\/vc_row][vc_row type=&#8221;vc_default&#8221; equal_height=&#8221;yes&#8221; bg_type=&#8221;image&#8221; parallax_style=&#8221;vcpb-default&#8221; css=&#8221;.vc_custom_1492775071165{margin-top: 40px !important;margin-bottom: 40px !important;}&#8221;][vc_column width=&#8221;1\/2&#8243;]\n<div id=\"interactive-banner-1-wrap-1970\" class=\"ult-banner-block ult-adjust-bottom-margin ult-bb-none  banner-style01 \"   style=\"\">\n\t<img decoding=\"async\" src=\"https:\/\/acfija.com\/wp-content\/uploads\/acfi-soldadura.jpg\" alt=\"null\">\n\t<h3  data-ultimate-target='#interactive-banner-1-wrap-1970 .bb-top-title '  data-responsive-json-new='{\"font-size\":\"\",\"line-height\":\"\"}'  class=\"title-center bb-top-title ult-responsive\" style=\"font-weight:normal;background:#463031;color:#ffffff;\">Impegno \u2013 L\u2019eccellenza in ogni lavoro eseguito<\/h3>\n\t<div class=\"mask opaque-background\" style=\"background:rgba(70,48,49,0.4);\">\n\t\t<div  data-ultimate-target='#interactive-banner-1-wrap-1970 .bb-description'  data-responsive-json-new='{\"font-size\":\"\",\"line-height\":\"\"}'  class=\"bb-description ult-responsive\" style=\"font-weight:normal;color:#ffffff;\"><\/div>\n\t<\/div>\n<\/div>[\/vc_column][vc_column width=&#8221;1\/2&#8243;][vc_column_text]Fin dalla sua fondazione nel 1996, il marchio <strong>ACFI<\/strong> \u00e8 sinonimo di qualit\u00e0 di prodotti e servizi. Ci\u00f2 \u00e8 stato ottenuto con lo studio attento di ogni progetto di cui ci occupiamo e con l\u2019orientamento alle necessit\u00e0 del cliente per ottenere risultati eccellenti.<\/p>\n<p>Siamo un\u2019azienda a conduzione familiare che risponde in maniera rapida, flessibile e diretta a qualunque esigenza, lavorando sempre a contatto con il cliente.<\/p>\n<p><strong>Siamo certificati in accordo con la norma DIN EN ISO 9001, che garantisce sistemi di qualit\u00e0 nella gestione aziendale<\/strong>.<\/p>\n<p>Grazie a tutto ci\u00f2, siamo un\u2019<strong>azienda leader in materia di saldature ad arco e nella produzione di qualsiasi tipo di perni e ancoraggi per rivestimenti refrattari<\/strong>.[\/vc_column_text][\/vc_column][\/vc_row][vc_row][vc_column][vc_separator color=&#8221;orange&#8221; style=&#8221;dotted&#8221; border_width=&#8221;2&#8243;][\/vc_column][\/vc_row][vc_row type=&#8221;vc_default&#8221; equal_height=&#8221;yes&#8221; bg_type=&#8221;image&#8221; parallax_style=&#8221;vcpb-default&#8221; css=&#8221;.vc_custom_1492775071165{margin-top: 40px !important;margin-bottom: 40px !important;}&#8221;][vc_column width=&#8221;1\/2&#8243;][vc_column_text]<strong>ACFI Sistemi di fissaggio<\/strong> \u00e8 l\u2019azienda pioniera in Spagna per quanto riguarda questo metodo di saldatura; essere stati i primi a offrire questo servizio ci ha fatto guadagnare molta esperienza (che cresce lavoro dopo lavoro) e ha definito la nostra visione aziendale personale.<\/p>\n<p><strong>\u00c8 fondamentale per noi investire sull\u2019innovazione tecnologica, per poter introdurre attrezzature sempre pi\u00f9 innovative e le procedure pi\u00f9 all\u2019avanguardia<\/strong>. Questo ci permette di far fronte a ogni nuova sfida che ci si presenta.<\/p>\n<p>Il settore edilizio \u00e8 in continua evoluzione e le tecniche cambiano costantemente. Por questa ragione, \u00e8 indispensabile che anche le aziende si evolvano, individuando e introducendo gli ultimi progressi della tecnologia.<\/p>\n<p>La possibilit\u00e0 di collaborare con partner provenienti da tutta Europa ci permette di essere i primi a conoscere le novit\u00e0 del settore, oltre a trarne profitto dal punto di vista dell\u2019esperienza sul campo.[\/vc_column_text][\/vc_column][vc_column width=&#8221;1\/2&#8243;]\n<div id=\"interactive-banner-1-wrap-9786\" class=\"ult-banner-block ult-adjust-bottom-margin ult-bb-none  banner-style01 \"   style=\"\">\n\t<img decoding=\"async\" src=\"https:\/\/acfija.com\/wp-content\/uploads\/acfi-acero.jpg\" alt=\"null\">\n\t<h3  data-ultimate-target='#interactive-banner-1-wrap-9786 .bb-top-title '  data-responsive-json-new='{\"font-size\":\"\",\"line-height\":\"\"}'  class=\"title-center bb-top-title ult-responsive\" style=\"font-weight:normal;background:#463031;color:#ffffff;\">Esperienza \u2013 Azienda leader nella saldatura ad arco<\/h3>\n\t<div class=\"mask opaque-background\" style=\"background:rgba(70,48,49,0.4);\">\n\t\t<div  data-ultimate-target='#interactive-banner-1-wrap-9786 .bb-description'  data-responsive-json-new='{\"font-size\":\"\",\"line-height\":\"\"}'  class=\"bb-description ult-responsive\" style=\"font-weight:normal;color:#ffffff;\"><\/div>\n\t<\/div>\n<\/div>[\/vc_column][\/vc_row][vc_row][vc_column][vc_separator color=&#8221;orange&#8221; style=&#8221;dotted&#8221; border_width=&#8221;2&#8243;][\/vc_column][\/vc_row][vc_row type=&#8221;vc_default&#8221; equal_height=&#8221;yes&#8221; bg_type=&#8221;image&#8221; parallax_style=&#8221;vcpb-default&#8221; css=&#8221;.vc_custom_1492775071165{margin-top: 40px !important;margin-bottom: 40px !important;}&#8221;][vc_column width=&#8221;1\/2&#8243;]\n<div id=\"interactive-banner-1-wrap-7340\" class=\"ult-banner-block ult-adjust-bottom-margin ult-bb-none  banner-style01 \"   style=\"\">\n\t<img decoding=\"async\" src=\"https:\/\/acfija.com\/wp-content\/uploads\/acfi-experiencia.jpg\" alt=\"null\">\n\t<h3  data-ultimate-target='#interactive-banner-1-wrap-7340 .bb-top-title '  data-responsive-json-new='{\"font-size\":\"\",\"line-height\":\"\"}'  class=\"title-center bb-top-title ult-responsive\" style=\"font-weight:normal;background:#463031;color:#ffffff;\">Capacit\u00e0 \u2013 il vostro alleato nei progetti di grande portata<\/h3>\n\t<div class=\"mask opaque-background\" style=\"background:rgba(70,48,49,0.4);\">\n\t\t<div  data-ultimate-target='#interactive-banner-1-wrap-7340 .bb-description'  data-responsive-json-new='{\"font-size\":\"\",\"line-height\":\"\"}'  class=\"bb-description ult-responsive\" style=\"font-weight:normal;color:#ffffff;\"><\/div>\n\t<\/div>\n<\/div>[\/vc_column][vc_column width=&#8221;1\/2&#8243;][vc_column_text]In <strong>vent\u2019anni di lavoro, siamo riusciti a creare un team di grande valore tecnico e umano<\/strong>, perci\u00f2 siamo in grado di gestire diversi progetti simultaneamente e lavori di grande portata.<\/p>\n<p>La nostra esperienza sul campo ci permette di essere a conoscenza e prevedere le variabili che possono pregiudicare la buona riuscita di un lavoro.<\/p>\n<p>I nostri ampi cataloghi di ancoraggi e sistemi di fissaggio ci permettono di trovare sempre una soluzione che si adatta a ogni tipo di necessit\u00e0.<\/p>\n<p>Le imprese di costruzione fanno affidamento su <strong>ACFI<\/strong> per i loro progetti pi\u00f9 complessi in seguito alla qualit\u00e0 del lavoro ottenuto; ci\u00f2 trova riscontro in tempi di consegna adeguati, in preventivi ragionevoli e nel trovare sempre la soluzione pi\u00f9 adatta alle loro necessit\u00e0.[\/vc_column_text][\/vc_column][\/vc_row][vc_row][vc_column][vc_separator color=&#8221;orange&#8221; style=&#8221;dotted&#8221; border_width=&#8221;2&#8243;][\/vc_column][\/vc_row][vc_row type=&#8221;vc_default&#8221; equal_height=&#8221;yes&#8221; bg_type=&#8221;image&#8221; parallax_style=&#8221;vcpb-default&#8221; css=&#8221;.vc_custom_1492775071165{margin-top: 40px !important;margin-bottom: 40px !important;}&#8221;][vc_column width=&#8221;1\/2&#8243;][vc_column_text]La nostra azienda dispone di infrastrutture che consentono di mettere in atto progetti internazionali in qualsiasi parte del mondo. Aziende in tutta Europa, Sud America e Asia possono gi\u00e0 testimoniarlo.[\/vc_column_text][vc_column_text el_class=&#8221;destacadonoticias&#8221;]Attualmente, forniamo sistemi di fissaggio ad aziende in tutto il mondo e realizziamo servizi di saldatura in tutta Europa con grande flessibilit\u00e0 ed efficacia.[\/vc_column_text][\/vc_column][vc_column width=&#8221;1\/2&#8243;]\n<div id=\"interactive-banner-1-wrap-6793\" class=\"ult-banner-block ult-adjust-bottom-margin ult-bb-none  banner-style01 \"   style=\"\">\n\t<img decoding=\"async\" src=\"https:\/\/acfija.com\/wp-content\/uploads\/acfi-internacional.jpg\" alt=\"null\">\n\t<h3  data-ultimate-target='#interactive-banner-1-wrap-6793 .bb-top-title '  data-responsive-json-new='{\"font-size\":\"\",\"line-height\":\"\"}'  class=\"title-center bb-top-title ult-responsive\" style=\"font-weight:normal;background:#463031;color:#ffffff;\">Disponibilit\u00e0 - Azienda con proiezione internazionale<\/h3>\n\t<div class=\"mask opaque-background\" style=\"background:rgba(70,48,49,0.4);\">\n\t\t<div  data-ultimate-target='#interactive-banner-1-wrap-6793 .bb-description'  data-responsive-json-new='{\"font-size\":\"\",\"line-height\":\"\"}'  class=\"bb-description ult-responsive\" style=\"font-weight:normal;color:#ffffff;\"><\/div>\n\t<\/div>\n<\/div>[\/vc_column][\/vc_row][vc_row][vc_column][vc_separator color=&#8221;orange&#8221; style=&#8221;dotted&#8221; border_width=&#8221;2&#8243;][\/vc_column][\/vc_row][vc_row type=&#8221;vc_default&#8221; equal_height=&#8221;yes&#8221; bg_type=&#8221;image&#8221; parallax_style=&#8221;vcpb-default&#8221; css=&#8221;.vc_custom_1492775071165{margin-top: 40px !important;margin-bottom: 40px !important;}&#8221;][vc_column width=&#8221;1\/2&#8243;]\n<div id=\"interactive-banner-1-wrap-4686\" class=\"ult-banner-block ult-adjust-bottom-margin ult-bb-none  banner-style01 \"   style=\"\">\n\t<img decoding=\"async\" src=\"https:\/\/acfija.com\/wp-content\/uploads\/acfi-medio-ambiente.jpg\" alt=\"null\">\n\t<h3  data-ultimate-target='#interactive-banner-1-wrap-4686 .bb-top-title '  data-responsive-json-new='{\"font-size\":\"\",\"line-height\":\"\"}'  class=\"title-center bb-top-title ult-responsive\" style=\"font-weight:normal;background:#463031;color:#ffffff;\">Responsabilit\u00e0 \u2013 Minimizziamo l\u2019impatto sull\u2019ambiente<\/h3>\n\t<div class=\"mask opaque-background\" style=\"background:rgba(70,48,49,0.4);\">\n\t\t<div  data-ultimate-target='#interactive-banner-1-wrap-4686 .bb-description'  data-responsive-json-new='{\"font-size\":\"\",\"line-height\":\"\"}'  class=\"bb-description ult-responsive\" style=\"font-weight:normal;color:#ffffff;\"><\/div>\n\t<\/div>\n<\/div>[\/vc_column][vc_column width=&#8221;1\/2&#8243;][vc_column_text]Noi di <strong>ACFI Sistemi di fissaggio<\/strong> teniamo conto dell\u2019impatto che i nostri interventi generano sulle comunit\u00e0 locali, l\u2019ambiente e la societ\u00e0 in generale. Per questo, ci concentriamo su ogni progetto cercando di trovare il modo di ottimizzare e semplificare le procedure.<\/p>\n<p>Il nostro obiettivo \u00e8 quello di <strong>minimizzare il costo sociale e l\u2019impatto ambientale<\/strong> dei nostri lavori, tuttavia siamo coscienti del fatto che l\u2019edilizia pu\u00f2 fare ancora molti passi in avanti da questo punto di vista.<\/p>\n<p>In ogni progetto viene incluso uno studio su come generare il minor impatto ambientale al di fuori dei lavori. In questo senso, un\u2019amministrazione responsabile dei rifiuti \u00e8 una parte importante del nostro lavoro.<\/p>\n<p>Il riciclaggio del parco macchine e il corretto mantenimento delle attrezzature per tenerle in condizioni ottimali sono modi semplici ma efficaci di evitare sprechi di risorse.[\/vc_column_text][\/vc_column][\/vc_row][vc_row type=&#8221;vc_default&#8221; css=&#8221;.vc_custom_1492775640252{padding-bottom: 70px !important;}&#8221;][vc_column][vc_column_text el_class=&#8221;bannerdestacado&#8221;]Come risultato del nostro impegno nella gestione ambientale e nell\u2019impegno sociale, abbiamo ottenuto le principali certificazioni europee nel settore edile.[\/vc_column_text][\/vc_column][\/vc_row]<\/p>\n","protected":false},"excerpt":{"rendered":"<p>[vc_row type=&#8221;vc_default&#8221; css=&#8221;.vc_custom_1492770493199{margin-top: 70px !important;}&#8221;][vc_column][vc_column_text el_class=&#8221;banneracfi&#8221;] Ancoraggi, perni e sistemi di fissaggio Per garantire sicurezza e fiducia, ACFI ha ottenuto le principali certificazioni europee di qualit\u00e0 Scarica [\/vc_column_text][\/vc_column][\/vc_row][vc_row type=&#8221;vc_default&#8221; full_width=&#8221;stretch_row&#8221; bg_type=&#8221;bg_color&#8221; css=&#8221;.vc_custom_1492771035233{margin-top: 30px !important;margin-bottom: 0px !important;padding-top: 20px !important;padding-bottom: 20px !important;}&#8221; bg_color_value=&#8221;#f18e00&#8243;][vc_column][vc_column_text]ACFI \u00e8 il vostro miglior alleato nella costruzione di rivestimenti refrattari. Siamo un\u2019azienda che fornisce&hellip;<\/p>\n","protected":false},"author":1,"featured_media":0,"parent":0,"menu_order":0,"comment_status":"closed","ping_status":"closed","template":"","meta":[],"class_list":["post-1530","page","type-page","status-publish","hentry","description-off"],"yoast_head":"<!-- This site is optimized with the Yoast SEO plugin v27.3 - https:\/\/yoast.com\/product\/yoast-seo-wordpress\/ -->\n<title>Saldatura di naselli per le centrali termiche<\/title>\n<meta name=\"description\" content=\"Azienda specializzata nella produzione e distribuzione di sistemi di fissaggio (perni e ancoraggi) per la realizzazione di rivestimenti refrattari.\" \/>\n<meta name=\"robots\" content=\"index, follow, max-snippet:-1, max-image-preview:large, max-video-preview:-1\" \/>\n<link rel=\"canonical\" href=\"https:\/\/acfija.com\/it\/acfi\/\" \/>\n<meta property=\"og:locale\" content=\"it_IT\" \/>\n<meta property=\"og:type\" content=\"article\" \/>\n<meta property=\"og:title\" content=\"Saldatura di naselli per le centrali termiche\" \/>\n<meta property=\"og:description\" content=\"Azienda specializzata nella produzione e distribuzione di sistemi di fissaggio (perni e ancoraggi) per la realizzazione di rivestimenti refrattari.\" \/>\n<meta property=\"og:url\" content=\"https:\/\/acfija.com\/it\/acfi\/\" \/>\n<meta property=\"og:site_name\" content=\"ACFIJA\" \/>\n<meta property=\"article:modified_time\" content=\"2026-01-19T14:16:40+00:00\" \/>\n<meta name=\"twitter:card\" content=\"summary_large_image\" \/>\n<meta name=\"twitter:label1\" content=\"Tempo di lettura stimato\" \/>\n\t<meta name=\"twitter:data1\" content=\"5 minuti\" \/>\n<script type=\"application\/ld+json\" class=\"yoast-schema-graph\">{\"@context\":\"https:\\\/\\\/schema.org\",\"@graph\":[{\"@type\":\"WebPage\",\"@id\":\"https:\\\/\\\/acfija.com\\\/it\\\/acfi\\\/\",\"url\":\"https:\\\/\\\/acfija.com\\\/it\\\/acfi\\\/\",\"name\":\"Saldatura di naselli per le centrali termiche\",\"isPartOf\":{\"@id\":\"https:\\\/\\\/acfija.com\\\/#website\"},\"datePublished\":\"2024-02-13T08:33:52+00:00\",\"dateModified\":\"2026-01-19T14:16:40+00:00\",\"description\":\"Azienda specializzata nella produzione e distribuzione di sistemi di fissaggio (perni e ancoraggi) per la realizzazione di rivestimenti refrattari.\",\"breadcrumb\":{\"@id\":\"https:\\\/\\\/acfija.com\\\/it\\\/acfi\\\/#breadcrumb\"},\"inLanguage\":\"it-IT\",\"potentialAction\":[{\"@type\":\"ReadAction\",\"target\":[\"https:\\\/\\\/acfija.com\\\/it\\\/acfi\\\/\"]}]},{\"@type\":\"BreadcrumbList\",\"@id\":\"https:\\\/\\\/acfija.com\\\/it\\\/acfi\\\/#breadcrumb\",\"itemListElement\":[{\"@type\":\"ListItem\",\"position\":1,\"name\":\"Portada\",\"item\":\"https:\\\/\\\/acfija.com\\\/it\\\/\"},{\"@type\":\"ListItem\",\"position\":2,\"name\":\"Acfi\"}]},{\"@type\":\"WebSite\",\"@id\":\"https:\\\/\\\/acfija.com\\\/#website\",\"url\":\"https:\\\/\\\/acfija.com\\\/\",\"name\":\"ACFIJA\",\"description\":\"Accesorios de fijaci\u00f3n\",\"potentialAction\":[{\"@type\":\"SearchAction\",\"target\":{\"@type\":\"EntryPoint\",\"urlTemplate\":\"https:\\\/\\\/acfija.com\\\/?s={search_term_string}\"},\"query-input\":{\"@type\":\"PropertyValueSpecification\",\"valueRequired\":true,\"valueName\":\"search_term_string\"}}],\"inLanguage\":\"it-IT\"}]}<\/script>\n<!-- \/ Yoast SEO plugin. -->","yoast_head_json":{"title":"Saldatura di naselli per le centrali termiche","description":"Azienda specializzata nella produzione e distribuzione di sistemi di fissaggio (perni e ancoraggi) per la realizzazione di rivestimenti refrattari.","robots":{"index":"index","follow":"follow","max-snippet":"max-snippet:-1","max-image-preview":"max-image-preview:large","max-video-preview":"max-video-preview:-1"},"canonical":"https:\/\/acfija.com\/it\/acfi\/","og_locale":"it_IT","og_type":"article","og_title":"Saldatura di naselli per le centrali termiche","og_description":"Azienda specializzata nella produzione e distribuzione di sistemi di fissaggio (perni e ancoraggi) per la realizzazione di rivestimenti refrattari.","og_url":"https:\/\/acfija.com\/it\/acfi\/","og_site_name":"ACFIJA","article_modified_time":"2026-01-19T14:16:40+00:00","twitter_card":"summary_large_image","twitter_misc":{"Tempo di lettura stimato":"5 minuti"},"schema":{"@context":"https:\/\/schema.org","@graph":[{"@type":"WebPage","@id":"https:\/\/acfija.com\/it\/acfi\/","url":"https:\/\/acfija.com\/it\/acfi\/","name":"Saldatura di naselli per le centrali termiche","isPartOf":{"@id":"https:\/\/acfija.com\/#website"},"datePublished":"2024-02-13T08:33:52+00:00","dateModified":"2026-01-19T14:16:40+00:00","description":"Azienda specializzata nella produzione e distribuzione di sistemi di fissaggio (perni e ancoraggi) per la realizzazione di rivestimenti refrattari.","breadcrumb":{"@id":"https:\/\/acfija.com\/it\/acfi\/#breadcrumb"},"inLanguage":"it-IT","potentialAction":[{"@type":"ReadAction","target":["https:\/\/acfija.com\/it\/acfi\/"]}]},{"@type":"BreadcrumbList","@id":"https:\/\/acfija.com\/it\/acfi\/#breadcrumb","itemListElement":[{"@type":"ListItem","position":1,"name":"Portada","item":"https:\/\/acfija.com\/it\/"},{"@type":"ListItem","position":2,"name":"Acfi"}]},{"@type":"WebSite","@id":"https:\/\/acfija.com\/#website","url":"https:\/\/acfija.com\/","name":"ACFIJA","description":"Accesorios de fijaci\u00f3n","potentialAction":[{"@type":"SearchAction","target":{"@type":"EntryPoint","urlTemplate":"https:\/\/acfija.com\/?s={search_term_string}"},"query-input":{"@type":"PropertyValueSpecification","valueRequired":true,"valueName":"search_term_string"}}],"inLanguage":"it-IT"}]}},"_links":{"self":[{"href":"https:\/\/acfija.com\/it\/wp-json\/wp\/v2\/pages\/1530","targetHints":{"allow":["GET"]}}],"collection":[{"href":"https:\/\/acfija.com\/it\/wp-json\/wp\/v2\/pages"}],"about":[{"href":"https:\/\/acfija.com\/it\/wp-json\/wp\/v2\/types\/page"}],"author":[{"embeddable":true,"href":"https:\/\/acfija.com\/it\/wp-json\/wp\/v2\/users\/1"}],"replies":[{"embeddable":true,"href":"https:\/\/acfija.com\/it\/wp-json\/wp\/v2\/comments?post=1530"}],"version-history":[{"count":2,"href":"https:\/\/acfija.com\/it\/wp-json\/wp\/v2\/pages\/1530\/revisions"}],"predecessor-version":[{"id":8224,"href":"https:\/\/acfija.com\/it\/wp-json\/wp\/v2\/pages\/1530\/revisions\/8224"}],"wp:attachment":[{"href":"https:\/\/acfija.com\/it\/wp-json\/wp\/v2\/media?parent=1530"}],"curies":[{"name":"wp","href":"https:\/\/api.w.org\/{rel}","templated":true}]}}